{"id":775,"date":"2024-10-16T15:31:48","date_gmt":"2024-10-16T13:31:48","guid":{"rendered":"https:\/\/lpsc-wordpress.in2p3.fr\/?page_id=775"},"modified":"2024-10-16T15:31:48","modified_gmt":"2024-10-16T13:31:48","slug":"atlas-copy-8-copy","status":"publish","type":"page","link":"https:\/\/lpsc-wordpress.in2p3.fr\/?page_id=775","title":{"rendered":"Documentation"},"content":{"rendered":"\n\n\t\t\t\t<img loading=\"lazy\" decoding=\"async\" src=\"https:\/\/lpsc-wordpress.in2p3.fr\/wp-content\/uploads\/2024\/10\/doc.png\" alt=\"doc\" itemprop=\"image\" height=\"801\" width=\"1281\" title=\"doc\" onerror=\"this.style.display='none'\"  \/>\n<h2>\n\t\tDocumentation\n\t<\/h2>\n\t<p>Les principales missions du service sont la gestion des ressources documentaires (nouvelles acquisitions et gestion du fonds, gestion des abonnements et des acc\u00e8s aux p\u00e9riodiques), la fourniture des documents non disponibles \u00e0 la biblioth\u00e8que ainsi que le recensement des publications et communications des personnels du laboratoire.<\/p>\n\t\t\t\tPr\u00e9sentation\n\t\t\t\t\t\t\tPr\u00e9sentation\n\t\t\t\t<p>Principales th\u00e9matiques de la biblioth\u00e8que: acc\u00e9l\u00e9rateurs, astrophysique, cosmologie, d\u00e9tecteurs de rayonnement, \u00e9nergie nucl\u00e9aire, \u00e9lectromagn\u00e9tisme, gravitation, math\u00e9matiques, math\u00e9matiques pour la physique, m\u00e9canique quantique, m\u00e9thodes num\u00e9riques, physique atomique et mol\u00e9culaire, physique des particules, physique nucl\u00e9aire, physique statistique, physique des r\u00e9acteurs,\u00a0plasmas, radioprotection, rayonnement, relativit\u00e9, statistiques et probabilit\u00e9s, th\u00e9orie quantique des champs.<\/p>\n<p>\u00a0<\/p>\n<p>Public: chercheurs, enseignants-chercheurs, doctorants, personnels&#8230; du LPSC.<\/p>\n<p>\u00a0<\/p>\n<p>Service de Pr\u00eat entre biblioth\u00e8ques (cf. <a href=\"https:\/\/lpsc.in2p3.fr\/index.php\/fr\/services\/documentation\/contact-adresse-acces\" target=\"_self\" rel=\"noopener\">contact<\/a>)<\/p>\n\n","protected":false},"excerpt":{"rendered":"<p>Documentation Les principales missions du service sont la gestion des ressources documentaires (nouvelles acquisitions et gestion du fonds, gestion des abonnements et des acc\u00e8s aux p\u00e9riodiques), la fourniture des documents non disponibles \u00e0 la biblioth\u00e8que ainsi que le recensement des publications et communications des personnels du laboratoire. Pr\u00e9sentation Pr\u00e9sentation Principales th\u00e9matiques de la biblioth\u00e8que: acc\u00e9l\u00e9rateurs,&hellip;<\/p>\n","protected":false},"author":4,"featured_media":0,"parent":0,"menu_order":0,"comment_status":"closed","ping_status":"closed","template":"","meta":{"footnotes":""},"class_list":["post-775","page","type-page","status-publish","hentry"],"_links":{"self":[{"href":"https:\/\/lpsc-wordpress.in2p3.fr\/index.php?rest_route=\/wp\/v2\/pages\/775","targetHints":{"allow":["GET"]}}],"collection":[{"href":"https:\/\/lpsc-wordpress.in2p3.fr\/index.php?rest_route=\/wp\/v2\/pages"}],"about":[{"href":"https:\/\/lpsc-wordpress.in2p3.fr\/index.php?rest_route=\/wp\/v2\/types\/page"}],"author":[{"embeddable":true,"href":"https:\/\/lpsc-wordpress.in2p3.fr\/index.php?rest_route=\/wp\/v2\/users\/4"}],"replies":[{"embeddable":true,"href":"https:\/\/lpsc-wordpress.in2p3.fr\/index.php?rest_route=%2Fwp%2Fv2%2Fcomments&post=775"}],"version-history":[{"count":2,"href":"https:\/\/lpsc-wordpress.in2p3.fr\/index.php?rest_route=\/wp\/v2\/pages\/775\/revisions"}],"predecessor-version":[{"id":1319,"href":"https:\/\/lpsc-wordpress.in2p3.fr\/index.php?rest_route=\/wp\/v2\/pages\/775\/revisions\/1319"}],"wp:attachment":[{"href":"https:\/\/lpsc-wordpress.in2p3.fr\/index.php?rest_route=%2Fwp%2Fv2%2Fmedia&parent=775"}],"curies":[{"name":"wp","href":"https:\/\/api.w.org\/{rel}","templated":true}]}}