{"id":582,"date":"2024-04-11T16:37:54","date_gmt":"2024-04-11T14:37:54","guid":{"rendered":"https:\/\/lpsc-wordpress.in2p3.fr\/?page_id=582"},"modified":"2024-12-04T10:28:16","modified_gmt":"2024-12-04T09:28:16","slug":"developpement-technologique","status":"publish","type":"page","link":"https:\/\/lpsc-wordpress.in2p3.fr\/?page_id=582","title":{"rendered":"D\u00e9veloppement technologique"},"content":{"rendered":"\n\n\t\t\t\t<img loading=\"lazy\" decoding=\"async\" src=\"https:\/\/lpsc-wordpress.in2p3.fr\/wp-content\/uploads\/2024\/04\/modane.png\" alt=\"modane\" itemprop=\"image\" height=\"800\" width=\"1280\" title=\"modane\" onerror=\"this.style.display='none'\"  \/>\n<h2>\n\t\tTechnical developpement\n\t<\/h2>\n\t\t\t\tRADON abatement system\n\t\t\t\tHPGe gamma Spectroscopy\n\t\t\t\t\t\t\tRADON abatement system\n\t\t\t\t<p>Avec une roche dont l&rsquo;activit\u00e9 moyenne est d&rsquo;environ 10 Bq\/kg et une ventilation de 5000 m3\/h, la concentration en Rn au LSM est d&rsquo;environ 15 Bq\/m3. De 2004 \u00e0 2014, une usine anti-radon d\u00e9velopp\u00e9e par ATEKO (R\u00e9publique tch\u00e8que) a fonctionn\u00e9 au LSM. Le d\u00e9bit d&rsquo;air \u00e9tait de 120 m3\/h et la concentration en radon en sortie, de 10 \u00e0 15 mBq\/m3. \u00c0 court terme, le LSM pr\u00e9voit l&rsquo;installation d&rsquo;une nouvelle usine anti-radon, compos\u00e9e d&rsquo;une colonne de 650 kg de charbon actif \u00e0 -50\u00b0C. Une premi\u00e8re version du syst\u00e8me sera mise en service en janvier 2025 avec les \u00e9quipements livr\u00e9s par ATEKO. A terme, l&rsquo;objectif est d&rsquo;atteindre un d\u00e9bit d&rsquo;air d&rsquo;environ 250 m3\/h pour une concentration en radon r\u00e9duite \u00e0 10 mBq\/m3. Cette installation est indispensable pour les exp\u00e9riences en cours install\u00e9es au laboratoire souterrain, afin de garantir une faible concentration de Rn dans l&rsquo;air autour des d\u00e9tecteurs. Elle permettra \u00e9galement de r\u00e9aliser le montage des prochaines exp\u00e9riences dans un environnement \u00e0 concentration faible en Rn.<\/p>\n<p>\u00a0<\/p>\n<p>Bien que la mesure du radon soit g\u00e9n\u00e9ralement peu sensible \u00e0 la radioactivit\u00e9 externe, en particulier pour les d\u00e9tecteurs \u00e0 diffusion \u00e9lectrostatique, une mesure extr\u00eamement sensible pourrait b\u00e9n\u00e9ficier de l&rsquo;environnement \u00e0 tr\u00e8s faible bruit de fond du LSM, \u00e0 la fois en termes de r\u00e9duction du bruit de fond et d&rsquo;optimisation de l&rsquo;efficacit\u00e9. Le d\u00e9veloppement de la m\u00e9trologie du radon en sous-sol au LSM est essentiel, et sera explor\u00e9 prochainement.<\/p>\n\t\t\t\t\t\t\tHPGe gamma Spectroscopy\n\t\t\t\t<p>Le LSM h\u00e9berge un ensemble de d\u00e9tecteurs en germanium hyper pur (HPGe) pour les mesures de spectroscopie gamma pour la caract\u00e9risation des mat\u00e9riaux utilis\u00e9s pour les exp\u00e9riences de physique souterraine (cibles de d\u00e9tection et mat\u00e9riaux de blindage), d&rsquo;\u00e9chantillons environnementaux, de volcanologie et de s\u00e9diments. Ces derni\u00e8res mesures sont r\u00e9alis\u00e9es au travers de collaborations avec les instituts IRSN, INEE et INSU.<\/p>\n<p>L&rsquo;optimisation de l&rsquo;implantation des d\u00e9tecteurs Germanium de la plateforme de spectrom\u00e9trie gamma du LSM via le projet PARTAGe est necessaire afin de pouvoir accueillir 22 au lieu des 16 d\u00e9tecteurs dans une surface r\u00e9duite. Ce projet, financ\u00e9 par l&rsquo;IDEX, l&rsquo;UGA, la r\u00e9gion AURA, le d\u00e9partement de Savoie et TELT (Tunnel Euroalpin Lyon Turin) \u00e0 travers la \u00ab\u00a0D\u00e9marche Grand Chantier\u00a0\u00bb a d\u00e9marr\u00e9 en 2019 apr\u00e8s quelques ann\u00e9es de pr\u00e9paration. Le principe de PARTAGe est de disposer les d\u00e9tecteurs \u00ab\u00a0en ligne\u00a0\u00bb dans deux blindages commun afin d&rsquo;optimiser l&rsquo;espace et la quantit\u00e9 de plomb utilis\u00e9e. En juin 2022, les modules constituant la premi\u00e8re ligne de 16 d\u00e9tecteurs \u00ab\u00a0standards\u00a0\u00bb ont tous \u00e9t\u00e9 livr\u00e9s et install\u00e9s au LSM.<\/p>\n<p>La deuxi\u00e8me ligne de 6 d\u00e9tecteurs est dans l&rsquo;attente de la livraison du blindage interne en plomb arch\u00e9ologique, attendue en janvier 2025.<\/p>\n<p>De plus, le LSM organise et accueille une r\u00e9union annuelle avec la communaut\u00e9 des utilisateurs Germanium dans un processus d&rsquo;am\u00e9lioration continue des mesures.<\/p>\n<p>Afin d&rsquo;\u00e9tendre les mesures de faible bruit de fond aux caract\u00e9risations des alphas de surface, le LSM r\u00e9alise depuis l&rsquo;\u00e9t\u00e9 2024 la mise en service d&rsquo;un compteur alpha XIA UltraLo-1800, en vue d&rsquo;une installation en souterrain \u00e0 l&rsquo;\u00e9t\u00e9 2025.<\/p>\n\n","protected":false},"excerpt":{"rendered":"<p>Technical developpement RADON abatement system HPGe gamma Spectroscopy RADON abatement system Avec une roche dont l&rsquo;activit\u00e9 moyenne est d&rsquo;environ 10 Bq\/kg et une ventilation de 5000 m3\/h, la concentration en Rn au LSM est d&rsquo;environ 15 Bq\/m3. De 2004 \u00e0 2014, une usine anti-radon d\u00e9velopp\u00e9e par ATEKO (R\u00e9publique tch\u00e8que) a fonctionn\u00e9 au LSM. Le d\u00e9bit&hellip;<\/p>\n","protected":false},"author":2,"featured_media":0,"parent":0,"menu_order":0,"comment_status":"closed","ping_status":"closed","template":"","meta":{"footnotes":""},"class_list":["post-582","page","type-page","status-publish","hentry"],"_links":{"self":[{"href":"https:\/\/lpsc-wordpress.in2p3.fr\/index.php?rest_route=\/wp\/v2\/pages\/582","targetHints":{"allow":["GET"]}}],"collection":[{"href":"https:\/\/lpsc-wordpress.in2p3.fr\/index.php?rest_route=\/wp\/v2\/pages"}],"about":[{"href":"https:\/\/lpsc-wordpress.in2p3.fr\/index.php?rest_route=\/wp\/v2\/types\/page"}],"author":[{"embeddable":true,"href":"https:\/\/lpsc-wordpress.in2p3.fr\/index.php?rest_route=\/wp\/v2\/users\/2"}],"replies":[{"embeddable":true,"href":"https:\/\/lpsc-wordpress.in2p3.fr\/index.php?rest_route=%2Fwp%2Fv2%2Fcomments&post=582"}],"version-history":[{"count":10,"href":"https:\/\/lpsc-wordpress.in2p3.fr\/index.php?rest_route=\/wp\/v2\/pages\/582\/revisions"}],"predecessor-version":[{"id":2122,"href":"https:\/\/lpsc-wordpress.in2p3.fr\/index.php?rest_route=\/wp\/v2\/pages\/582\/revisions\/2122"}],"wp:attachment":[{"href":"https:\/\/lpsc-wordpress.in2p3.fr\/index.php?rest_route=%2Fwp%2Fv2%2Fmedia&parent=582"}],"curies":[{"name":"wp","href":"https:\/\/api.w.org\/{rel}","templated":true}]}}