{"id":568,"date":"2024-04-11T14:58:03","date_gmt":"2024-04-11T12:58:03","guid":{"rendered":"https:\/\/lpsc-wordpress.in2p3.fr\/?page_id=568"},"modified":"2025-09-26T08:50:32","modified_gmt":"2025-09-26T06:50:32","slug":"organisation-lsm","status":"publish","type":"page","link":"https:\/\/lpsc-wordpress.in2p3.fr\/?page_id=568","title":{"rendered":"The Laboratory"},"content":{"rendered":"\n\n\t\t\t\t<img decoding=\"async\" src=\"https:\/\/lpsc-wordpress.in2p3.fr\/wp-content\/uploads\/2024\/04\/modane.png\" alt=\"modane\" itemprop=\"image\" height=\"800\" width=\"1280\" title=\"modane\" onerror=\"this.style.display='none'\" loading=\"lazy\" \/>\n<h2>\n\t\t\tThe lab\t<\/h2>\n\t<p>Cr\u00e9\u00e9 en 1981, le Laboratoire Souterrain de Modane (LSM) est le laboratoire souterrain le plus profond d&rsquo;Europe soutenu par le CNRS\/IN2P3 et l&rsquo;Universit\u00e9 Grenoble-Alpes. Le LSM est une plateforme nationale fran\u00e7aise de l&rsquo;IN2P3 rattach\u00e9e au Laboratoire de Physique Subatomique et Cosmologie (LPSC) de Grenoble depuis 2019 d\u00e9di\u00e9e au d\u00e9veloppement des programmes d&rsquo;astroparticules et de physique nucl\u00e9aire. Le LSM est un laboratoire souterrain d&rsquo;acc\u00e8s facile, permettant un programme scientifique de classe mondiale actuellement ax\u00e9 sur les neutrinos et la mati\u00e8re noire, mais qui s&rsquo;\u00e9tend pour inclure une base scientifique plus large<\/p>\n\t<p><img loading=\"lazy\" decoding=\"async\" src=\"https:\/\/lpsc-wordpress.in2p3.fr\/wp-content\/uploads\/2024\/04\/organization-300x188.png\" alt=\"\" width=\"431\" height=\"270\" \/><\/p>\n<p><strong>Mission<\/strong><\/p>\n<p>Prot\u00e9g\u00e9 par 1700 m de roches, au milieu du tunnel autoroutier du Fr\u00e9jus, le LSM offre un environnement exp\u00e9rimental caract\u00e9ris\u00e9 par l&rsquo;un des plus faibles taux de radioactivit\u00e9 naturelle au monde. Ces conditions uniques permettent aux exp\u00e9riences scientifiques h\u00e9berg\u00e9es de rechercher des ph\u00e9nom\u00e8nes physiques extr\u00eamement rares. Ce site souterrain regroupe deux installations : une plateforme d&rsquo;accueil d&rsquo;exp\u00e9riences scientifiques, d\u00e9finies dans le cadre de collaborations internationales, qui occupe environ 400 m<sup>2<\/sup> au sol ; et une plateforme technologique de spectroscopie gamma de 50 m<sup>2<\/sup>, principalement d\u00e9di\u00e9e \u00e0 l&rsquo;\u00e9tude et \u00e0 la validation des mat\u00e9riaux d&rsquo;ultra basse radioactivit\u00e9 qui doivent \u00eatre mis en \u0153uvre dans la construction des exp\u00e9riences de recherche fondamentale parall\u00e8lement aux activit\u00e9s de recherche en g\u00e9osciences et en biologie. Le LSM accueille des exp\u00e9riences de physique fondamentale dans les domaines de la d\u00e9tection directe de la mati\u00e8re noire et de la d\u00e9termination de la nature du neutrino, enjeux scientifiques majeurs de la communaut\u00e9 internationale pour les prochaines ann\u00e9es. Il est \u00e9galement ouvert aux communaut\u00e9s des g\u00e9osciences et de la biologie, qui trouvent au LSM une plateforme unique pour les mesures d&rsquo;identification et de datation (g\u00e9osciences, chrono-sciences) et pour l&rsquo;\u00e9tude du comportement cellulaire dans un environnement d&rsquo;ultra-basse radioactivit\u00e9 (conservation de cellules souches, effets de faibles doses, etc.).<\/p>\n<p>Dans le but d&rsquo;inspirer les g\u00e9n\u00e9rations de futurs scientifiques, le LSM a d\u00e9velopp\u00e9 un mus\u00e9e dans le b\u00e2timent de surface pour renforcer les activit\u00e9s de communication et de sensibilisation.<\/p>\n<p>Cet espace mus\u00e9ographique est soutenu activement par les collectivit\u00e9s locales et anim\u00e9 par ses personnels. Il accueille chaque ann\u00e9e une dizaine de classes des \u00e9tablissements scolaires de la r\u00e9gion ce qui contribue fortement \u00e0 l&rsquo;\u00e9veil scientifique des \u00e9l\u00e8ves, ainsi qu&rsquo;en moyenne 650 personnes\/an (tourisme scientifique).<\/p>\n<p>&nbsp;<\/p>\n<p><strong>R\u00e9seau international<\/strong><\/p>\n<p>Le LSM collabore avec d&rsquo;autres laboratoires souterrains europ\u00e9ens dans les d\u00e9veloppements technologiques des infrastructures.<\/p>\n<p>Le LSM participe au r\u00e9seau informel DULIA, form\u00e9 par les laboratoires LSM, LNGS (Laboratori Nazionali del Gran Sasso, Italie), LSC (Laboratorio Subterraneo de Canfranc, Espagne) et Boulby (Boulby Underground Laboratory, Royaume-Uni). Ce r\u00e9seau organise des ateliers sur des th\u00e9matiques li\u00e9es aux domaines de recherche de ces laboratoires. Le r\u00e9seau travaille \u00e0 formaliser la coordination entre ses partenaires au niveau europ\u00e9en. Afin de consolider les \u00e9changes d&rsquo;informations et la coordination entre les laboratoires souterrains profonds dans le domaine de la physique fondamentale, le Conseil Strat\u00e9gique Externe du LSM comprend actuellement des (anciens) membres de la direction des laboratoires souterrains LNGS, Boulby et SNOLAB.<\/p>\n<p>&nbsp;<\/p>\n<p><strong>Laboratory Visits\u00a0<\/strong><\/p>\n<p>Access to the Laboratoire Souterrain de Modane (LSM), located within the Fr\u00e9jus Tunnel, is subject to strict safety and administrative procedures due to its location and the nature of the research conducted. Visits, whether scientific, educational, or institutional, must be planned in advance and approved by LSM management.<\/p>\n<p><img loading=\"lazy\" decoding=\"async\" src=\"https:\/\/lpsc-wordpress.in2p3.fr\/wp-content\/uploads\/2025\/09\/Screenshot-2025-09-26-at-08.48.57-211x300.png\" alt=\"\" width=\"445\" height=\"632\" \/><\/p>\n<p><strong>To reque<\/strong><strong>st a visit,<\/strong><strong>individuals or groups are invited to contact the LSM directorate by email direction-lsm-l@lpsc.in2p3.fr,<\/strong> providing details on the purpose of the visit, the number of participants, and preferred dates.<\/p>\n<p>Please note that visits to the underground laboratory may not be approved, as priority is currently given to ongoing operational and experimental activities.<\/p>\n<p>All visitors are required to comply with LSM&rsquo;s safety regulations and Code of Conduct. Depending on the type of visit, additional documentation or security clearance may be necessary.<\/p>\n<p>&nbsp;<\/p>\n\n","protected":false},"excerpt":{"rendered":"<p>The lab Cr\u00e9\u00e9 en 1981, le Laboratoire Souterrain de Modane (LSM) est le laboratoire souterrain le plus profond d&rsquo;Europe soutenu par le CNRS\/IN2P3 et l&rsquo;Universit\u00e9 Grenoble-Alpes. Le LSM est une plateforme nationale fran\u00e7aise de l&rsquo;IN2P3 rattach\u00e9e au Laboratoire de Physique Subatomique et Cosmologie (LPSC) de Grenoble depuis 2019 d\u00e9di\u00e9e au d\u00e9veloppement des programmes d&rsquo;astroparticules et&hellip;<\/p>\n","protected":false},"author":2,"featured_media":0,"parent":0,"menu_order":0,"comment_status":"closed","ping_status":"closed","template":"","meta":{"footnotes":""},"class_list":["post-568","page","type-page","status-publish","hentry"],"_links":{"self":[{"href":"https:\/\/lpsc-wordpress.in2p3.fr\/index.php?rest_route=\/wp\/v2\/pages\/568","targetHints":{"allow":["GET"]}}],"collection":[{"href":"https:\/\/lpsc-wordpress.in2p3.fr\/index.php?rest_route=\/wp\/v2\/pages"}],"about":[{"href":"https:\/\/lpsc-wordpress.in2p3.fr\/index.php?rest_route=\/wp\/v2\/types\/page"}],"author":[{"embeddable":true,"href":"https:\/\/lpsc-wordpress.in2p3.fr\/index.php?rest_route=\/wp\/v2\/users\/2"}],"replies":[{"embeddable":true,"href":"https:\/\/lpsc-wordpress.in2p3.fr\/index.php?rest_route=%2Fwp%2Fv2%2Fcomments&post=568"}],"version-history":[{"count":10,"href":"https:\/\/lpsc-wordpress.in2p3.fr\/index.php?rest_route=\/wp\/v2\/pages\/568\/revisions"}],"predecessor-version":[{"id":2981,"href":"https:\/\/lpsc-wordpress.in2p3.fr\/index.php?rest_route=\/wp\/v2\/pages\/568\/revisions\/2981"}],"wp:attachment":[{"href":"https:\/\/lpsc-wordpress.in2p3.fr\/index.php?rest_route=%2Fwp%2Fv2%2Fmedia&parent=568"}],"curies":[{"name":"wp","href":"https:\/\/api.w.org\/{rel}","templated":true}]}}