{"id":552,"date":"2024-04-11T10:48:48","date_gmt":"2024-04-11T08:48:48","guid":{"rendered":"https:\/\/lpsc-wordpress.in2p3.fr\/?page_id=552"},"modified":"2024-12-03T10:54:14","modified_gmt":"2024-12-03T09:54:14","slug":"atlas-copy-2-copy-2","status":"publish","type":"page","link":"https:\/\/lpsc-wordpress.in2p3.fr\/?page_id=552","title":{"rendered":"Info pratiques LSM"},"content":{"rendered":"\n\n\t\t\t\t<img loading=\"lazy\" decoding=\"async\" src=\"https:\/\/lpsc-wordpress.in2p3.fr\/wp-content\/uploads\/2024\/04\/modane.png\" alt=\"modane\" itemprop=\"image\" height=\"800\" width=\"1280\" title=\"modane\" onerror=\"this.style.display='none'\"  \/>\n<h2>\n\t\tInfos pratiques\n\t<\/h2>\n\t<p>Lorem ipsum dolor sit amet, consectetur adipiscing elit. Etiam ut rhoncus neque. Fusce pharetra dui risus, vitae placerat nisi luctus sed. In vel purus a orci egestas condimentum. Etiam ultrices scelerisque nisi vitae faucibus.<\/p>\n\t<strong>LSM<br \/>\n<\/strong>Carr\u00e9 Sciences<br \/>\n1125 route de Bardonn\u00e8che<br \/>\n73500 MODANE\n<p>UMR 5821<\/p>\n\tStandard bureau : +33 (4) 79 05 22 57<br \/>\nFAX : +33 (4) 79 05 24 74\n\t<p>contact@ lsm.fr<\/p>\n\t<iframe src=\"https:\/\/www.google.com\/maps\/embed\/v1\/place?q=1125+route+de+Bardonn%C3%A8che%2C+73500+MODANE+&#038;key=AIzaSyD09zQ9PNDNNy9TadMuzRV_UsPUoWKntt8\" aria-hidden=\"true\"><\/iframe>\n<h2>\n\t\tVenir \u00e0 Modane\n\t<\/h2>\n\t<p>Coordonn\u00e9es GPS : latitude 45.19666 , longitude 6.66766<\/p>\n<p>&nbsp;<\/p>\nPar route<br \/>\nAutoroute Alpine A43, sortie Modane.\nPar train<br \/>\nGare internationale de Modane (ligne Paris-Rome), en saison. Modane est \u00e0 4 h 30 de Paris en liaison TGV.\nPar avion<br \/>\nA\u00e9roport de Chamb\u00e9ry \u00e0 100 km, Lyon-Satolas \u00e0 200 km, Turin \u00e0 100 km.\n<h2>\n\t\tVenir au laboratoire\n\t<\/h2>\n<p>Traverser Modane, au rond-point du supermarch\u00e9 Casino, tourner \u00e0 droite direction Bardonneccia. vous trouverez la b\u00e2timent Carr\u00e9 Sciences 200 m\u00e8tres \u00e0 droite apr\u00e8s le grand virage du camping de Modane.<\/p>\n<p>+ d&rsquo;infos sur la ville de Modane : <a href=\"http:\/\/www.modane-valfrejus.com\/\" target=\"_blank\" rel=\"noopener\">ici <\/a><\/p>\n<p>TRAVEL INFORMATION<\/p>\n<p>The main airports to reach Modane are: Paris, Lyon, Torino, Milano or Geneva.<\/p>\n<p>From Paris: TGV trains connect Paris to Modane in about 4,5 hours. Timetables can be found in: <a href=\"http:\/\/www.voyages-sncf.com\/\">http:\/\/www.voyages-sncf.com\/ <\/a><\/p>\n<p>From Lyon: Regional trains go from Lyon-Part Dieu station to Modane. Direct trains take 3 hours. <a href=\"http:\/\/www.voyages-sncf.com\/\">http:\/\/www.voyages-sncf.com\/ <\/a><\/p>\n<p>From Torino: Torino is situated at XX km from Modane. Either you can rent a car, or take the trains which will take 1,5 hours to reach Modane. Train information: <a href=\"http:\/\/www.ferroviedellostato.it\/\">http:\/\/www.ferroviedellostato.it\/ <\/a><\/p>\n<p>From Milano: It takes 3 hours to get from Milano to Modane with the TGV.<\/p>\n<p>Train information: <a href=\"http:\/\/www.ferroviedellostato.it\/\">http:\/\/www.ferroviedellostato.it\/ <\/a><\/p>\n<p>Buses will be organized to pick-up the participants from Modane-train station to the hotels or the conference place. If needed, taxis are available at the Modane train station upon reservation:<\/p>\nTaxi Gros : 00 33 (0)4-79-05-01-23<br \/>\nTaxi Vanoise : 00 33 (0)4-79-05-08-93<br \/>\nDonadio Taxi : 00 33 (0)4-79-05-25-66 or 00 33 (0)6-08-99-10-13\n<h2>\n\t\tDormir \u00e0 Modane\n\t<\/h2>\n<p>&nbsp;<\/p>\n<p>Vous trouverez la liste des h\u00e9bergements de Modane sur le site de l&rsquo;<a href=\"https:\/\/www.savoie-mont-blanc.com\/offices-de-tourisme\/modane_com\/\" target=\"_blank\" rel=\"noopener noreferrer\">Office de Tourisme<\/a>.<\/p>\n<p>Dans le cadre d&rsquo;une mission, veuillez prendre contact avec le service financier du laboratoire.<\/p>\n<p>&nbsp;<\/p>\n\n","protected":false},"excerpt":{"rendered":"<p>Infos pratiques Lorem ipsum dolor sit amet, consectetur adipiscing elit. Etiam ut rhoncus neque. Fusce pharetra dui risus, vitae placerat nisi luctus sed. In vel purus a orci egestas condimentum. Etiam ultrices scelerisque nisi vitae faucibus. LSM Carr\u00e9 Sciences 1125 route de Bardonn\u00e8che 73500 MODANE UMR 5821 Standard bureau : +33 (4) 79 05 22&hellip;<\/p>\n","protected":false},"author":2,"featured_media":0,"parent":0,"menu_order":0,"comment_status":"closed","ping_status":"closed","template":"","meta":{"footnotes":""},"class_list":["post-552","page","type-page","status-publish","hentry"],"_links":{"self":[{"href":"https:\/\/lpsc-wordpress.in2p3.fr\/index.php?rest_route=\/wp\/v2\/pages\/552","targetHints":{"allow":["GET"]}}],"collection":[{"href":"https:\/\/lpsc-wordpress.in2p3.fr\/index.php?rest_route=\/wp\/v2\/pages"}],"about":[{"href":"https:\/\/lpsc-wordpress.in2p3.fr\/index.php?rest_route=\/wp\/v2\/types\/page"}],"author":[{"embeddable":true,"href":"https:\/\/lpsc-wordpress.in2p3.fr\/index.php?rest_route=\/wp\/v2\/users\/2"}],"replies":[{"embeddable":true,"href":"https:\/\/lpsc-wordpress.in2p3.fr\/index.php?rest_route=%2Fwp%2Fv2%2Fcomments&post=552"}],"version-history":[{"count":4,"href":"https:\/\/lpsc-wordpress.in2p3.fr\/index.php?rest_route=\/wp\/v2\/pages\/552\/revisions"}],"predecessor-version":[{"id":2103,"href":"https:\/\/lpsc-wordpress.in2p3.fr\/index.php?rest_route=\/wp\/v2\/pages\/552\/revisions\/2103"}],"wp:attachment":[{"href":"https:\/\/lpsc-wordpress.in2p3.fr\/index.php?rest_route=%2Fwp%2Fv2%2Fmedia&parent=552"}],"curies":[{"name":"wp","href":"https:\/\/api.w.org\/{rel}","templated":true}]}}