{"id":425,"date":"2024-03-22T13:58:16","date_gmt":"2024-03-22T12:58:16","guid":{"rendered":"https:\/\/lpsc-wordpress.in2p3.fr\/?page_id=425"},"modified":"2026-01-21T14:52:55","modified_gmt":"2026-01-21T13:52:55","slug":"lba","status":"publish","type":"page","link":"https:\/\/lpsc-wordpress.in2p3.fr\/?page_id=425","title":{"rendered":"LBA"},"content":{"rendered":"\n<h2>\n\t\t\tLaboratoire de mesure de basses activit\u00e9s\t<\/h2>\n<figure itemscope itemtype=\"https:\/\/schema.org\/ImageObject\">\n\t\t\t\t<img decoding=\"async\" src=\"https:\/\/lpsc-wordpress.in2p3.fr\/wp-content\/uploads\/2024\/03\/SynoptiqueLBA.gif\" alt=\"SynoptiqueLBA\" height=\"470\" width=\"669\" title=\"SynoptiqueLBA\" onerror=\"this.style.display='none'\" loading=\"lazy\" \/>\n\t<\/figure>\n\t<h2>R\u00e9seau Becquerel pour la mesure de radioactivit\u00e9<\/h2>\n<p>Le Laboratoire de mesure des Basses Activit\u00e9s (LBA) fait partie du <a href=\"http:\/\/reseau-becquerel.in2p3.fr\/\" target=\"_blank\" rel=\"noopener\">R\u00e9seau Becquerel<\/a>,\u00a0 plateforme nationale d&rsquo;analyse alternative de la radioactivit\u00e9 de l&rsquo;Institut National de Physique Nucl\u00e9aire et de Physique des Particule (<a href=\"http:\/\/www.in2p3.fr\/\" target=\"_blank\" rel=\"external noopener\">IN2P3<\/a>) du <a href=\"http:\/\/www.cnrs.fr\/\" target=\"_blank\" rel=\"external noopener\">CNRS.<\/a><\/p>\n<h2>M\u00e9thode<\/h2>\n<p>Le LBA r\u00e9alise des mesures de radioactivit\u00e9 par spectrom\u00e9trie gamma. Il est \u00e9quip\u00e9 de deux cha\u00eene de mesures ind\u00e9pendantes utilisant deux d\u00e9tecteurs Germanium hyper pur (HPGe) bas bruit de type planar de 120 cm<sup>3<\/sup>.<\/p>\n<p>Le Laboratoire de mesure des Basses Activit\u00e9s (LBA). Ces mesures sont effectu\u00e9es pour r\u00e9pondre aux besoins propres du LPSC (\u00e9quipes de recherche), mais aussi \u00e0 des demandes externes (entreprises et organismes publics).<\/p>\n<p>Le LBA participe r\u00e9guli\u00e8rement aux essais interlaboratoires organis\u00e9s par l&rsquo;IRSN afin d&rsquo;assurer la qualit\u00e9 des mesures et de leur analyse. Il est agr\u00e9er par l&rsquo;ASN pour la mesure de radioactivit\u00e9 gamma dans les matrices type \u00ab\u00a0sol\u00a0\u00bb.<\/p>\n<h2>Description de l&rsquo;installation<\/h2>\n<p>Le local de mesure est situ\u00e9 au sous sol du laboratoire afin de b\u00e9n\u00e9ficer d&rsquo;une protection contre les rayons cosmiques (soit environ 5m \u00e9quivalent eau). Afin d&rsquo;\u00e9viter l&rsquo;accumulation du radon, l&rsquo;air du local est renouvel\u00e9 en continu par un captage sur le toit du b\u00e2timent et subit un filtrage tr\u00e8s haute efficacit\u00e9 avant d&rsquo;\u00eatre inject\u00e9 dans la salle de comptage.<\/p>\n<p>Les deux d\u00e9tecteurs sont entour\u00e9s de deux cm de plomb \u00ab\u00a0arch\u00e9ologique\u00a0\u00bb exempt de radioactivit\u00e9 naturelle, puis de 15 cm de plomb ayant subi trois cycles de purifications par fusion suivie d&rsquo;\u00e9cr\u00e9mage. L&rsquo;ensemble de ces deux d\u00e9tecteurs et de leur blindage est plac\u00e9 au centre d&rsquo;un cube de deux m\u00e8tres de c\u00f4t\u00e9, chaque face du cube \u00e9tant constitu\u00e9e d&rsquo;un d\u00e9tecteur \u00e0 scintillation liquide. Ces d\u00e9tecteurs jouent le r\u00f4le de veto, interdisant l&rsquo;acquisition de donn\u00e9es lors du passage d&rsquo;un muon cosmique et des \u00e9ventuels neutrons qu&rsquo;il aura engendr\u00e9.<\/p>\n<p>L&rsquo;acquisition de donn\u00e9es ainsi que leur exploitation s&rsquo;effectue sur deux ordinateurs \u00e9quip\u00e9 du logiciel \u00ab\u00a0Interwinner\u00a0\u00bb (ITECH-instruments).<\/p>\n<h2>Contact<\/h2>\n<ul>\n<li><a href=\"https:\/\/annuaire.in2p3.fr\/3766-8073\/olivier-meplan\">Olivier M\u00e9plan<\/a> et <a href=\"https:\/\/annuaire.in2p3.fr\/4553-8096\/mourad-ramdhane\">Christophe Sage<\/a><br \/>\nTel : 04 76 28 40 57 et 04 76 28 41 34<\/li>\n<li><a href=\"https:\/\/annuaire.in2p3.fr\/2597-2822\/murielle-rousseau\" target=\"_new\">Murielle Rousseau<\/a><br \/>\nTel : 04 76 28 40 23<\/li>\n<li>e-mail : <a href=\"mailto:lba@lpsc.in2p3.fr\">lba@lpsc.in2p3.fr<\/a><\/li>\n<\/ul>\n\t<h2>Performances<\/h2>\n<p>Les taux de comptage r\u00e9siduels sont de l&rsquo;ordre de 12 coups par minute sur l&rsquo;ensemble de la gamme d&rsquo;\u00e9nergie allant de 20 \u00e0 3000 KeV . Ces taux conduisent aux limites de d\u00e9tection suivantes , calcul\u00e9es pour un \u00e9chantillon de 100 grammes :<\/p>\n<p>Cha\u00eene de l&rsquo;Uranium et du Thorium : 0.01 Bq\/kg (soit 1 \u00e0 2 parties par milliard)<\/p>\n<p>Radioactivit\u00e9 artificielle : 0.007 Bq\/kg (Cs-137 ou Co-60)<\/p>\n<figure itemscope itemtype=\"https:\/\/schema.org\/ImageObject\">\n\t\t\t\t<img decoding=\"async\" src=\"https:\/\/lpsc-wordpress.in2p3.fr\/wp-content\/uploads\/2024\/03\/a5.jpg\" alt=\"a5\" height=\"1536\" width=\"2048\" title=\"a5\" onerror=\"this.style.display='none'\" loading=\"lazy\" \/>\n\t<\/figure>\n<figure itemscope itemtype=\"https:\/\/schema.org\/ImageObject\">\n\t\t\t\t<img decoding=\"async\" src=\"https:\/\/lpsc-wordpress.in2p3.fr\/wp-content\/uploads\/2024\/03\/a3.jpg\" alt=\"a3\" height=\"1536\" width=\"2048\" title=\"a3\" onerror=\"this.style.display='none'\" loading=\"lazy\" \/>\n\t<\/figure>\n\n","protected":false},"excerpt":{"rendered":"<p>Laboratoire de mesure de basses activit\u00e9s R\u00e9seau Becquerel pour la mesure de radioactivit\u00e9 Le Laboratoire de mesure des Basses Activit\u00e9s (LBA) fait partie du R\u00e9seau Becquerel,\u00a0 plateforme nationale d&rsquo;analyse alternative de la radioactivit\u00e9 de l&rsquo;Institut National de Physique Nucl\u00e9aire et de Physique des Particule (IN2P3) du CNRS. M\u00e9thode Le LBA r\u00e9alise des mesures de radioactivit\u00e9&hellip;<\/p>\n","protected":false},"author":2,"featured_media":0,"parent":0,"menu_order":0,"comment_status":"closed","ping_status":"closed","template":"","meta":{"footnotes":""},"class_list":["post-425","page","type-page","status-publish","hentry"],"_links":{"self":[{"href":"https:\/\/lpsc-wordpress.in2p3.fr\/index.php?rest_route=\/wp\/v2\/pages\/425","targetHints":{"allow":["GET"]}}],"collection":[{"href":"https:\/\/lpsc-wordpress.in2p3.fr\/index.php?rest_route=\/wp\/v2\/pages"}],"about":[{"href":"https:\/\/lpsc-wordpress.in2p3.fr\/index.php?rest_route=\/wp\/v2\/types\/page"}],"author":[{"embeddable":true,"href":"https:\/\/lpsc-wordpress.in2p3.fr\/index.php?rest_route=\/wp\/v2\/users\/2"}],"replies":[{"embeddable":true,"href":"https:\/\/lpsc-wordpress.in2p3.fr\/index.php?rest_route=%2Fwp%2Fv2%2Fcomments&post=425"}],"version-history":[{"count":6,"href":"https:\/\/lpsc-wordpress.in2p3.fr\/index.php?rest_route=\/wp\/v2\/pages\/425\/revisions"}],"predecessor-version":[{"id":3284,"href":"https:\/\/lpsc-wordpress.in2p3.fr\/index.php?rest_route=\/wp\/v2\/pages\/425\/revisions\/3284"}],"wp:attachment":[{"href":"https:\/\/lpsc-wordpress.in2p3.fr\/index.php?rest_route=%2Fwp%2Fv2%2Fmedia&parent=425"}],"curies":[{"name":"wp","href":"https:\/\/api.w.org\/{rel}","templated":true}]}}