{"id":382,"date":"2024-03-21T15:40:32","date_gmt":"2024-03-21T14:40:32","guid":{"rendered":"https:\/\/lpsc-wordpress.in2p3.fr\/?page_id=382"},"modified":"2026-03-26T12:27:50","modified_gmt":"2026-03-26T11:27:50","slug":"stages-theses-emplois","status":"publish","type":"page","link":"https:\/\/lpsc-wordpress.in2p3.fr\/?page_id=382","title":{"rendered":"Stages, th\u00e8ses, emplois"},"content":{"rendered":"\n<h2>\n\t\t\tStages, th\u00e8ses, emplois\t<\/h2>\n<h2>\n\t\t\tPour une candidature spontan\u00e9e, contactez-nous \u00e0 : candidature@lpsc.in2p3.fr\t<\/h2>\n\t\t<nav>\n\t\t\t<ul>\n\t\t\t\t\t\t\t\t<li data-index=\"0\" tabindex=\"0\">\n\t\t\t\t\t<h4>\n\t\t\t\t\t\t<a href=\"javascript:void(0);\" tabindex=\"-1\">Stages\n\t\t\t\t\t\t\t\t\t\t\t\t<\/a>\n\t\t\t\t\t<\/h4>\n\t\t\t\t<\/li>\n\t\t\t\t\t\t\t\t<li data-index=\"1\" tabindex=\"0\">\n\t\t\t\t\t<h4>\n\t\t\t\t\t\t<a href=\"javascript:void(0);\" tabindex=\"-1\">Stages d&rsquo;observation (troisi\u00e8me et seconde)\n\t\t\t\t\t\t\t\t\t\t\t\t<\/a>\n\t\t\t\t\t<\/h4>\n\t\t\t\t<\/li>\n\t\t\t\t\t\t\t\t<li data-index=\"2\" tabindex=\"0\">\n\t\t\t\t\t<h4>\n\t\t\t\t\t\t<a href=\"javascript:void(0);\" tabindex=\"-1\">Th\u00e8ses\n\t\t\t\t\t\t\t\t\t\t\t\t<\/a>\n\t\t\t\t\t<\/h4>\n\t\t\t\t<\/li>\n\t\t\t\t\t\t\t\t<li data-index=\"3\" tabindex=\"0\">\n\t\t\t\t\t<h4>\n\t\t\t\t\t\t<a href=\"javascript:void(0);\" tabindex=\"-1\">Offres d&#8217;emplois\n\t\t\t\t\t\t\t\t\t\t\t\t<\/a>\n\t\t\t\t\t<\/h4>\n\t\t\t\t<\/li>\n\t\t\t\t\t\t\t<\/ul>\n\t\t<\/nav>\n\t\t\t\t\t<h4>\n\t\t\t\t\t\t\t\t\t\t\t\tStages\n\t\t\t\t\t\t\t\t\t\t\t<\/h4>\n\t\t\t\t\t<p><iframe loading=\"lazy\" src=\"https:\/\/lpsc.in2p3.fr\/propositionStages\/index.php\" width=\"1800\" height=\"1800\"><\/iframe><\/p>\n\t\t\t\t\t<h4>\n\t\t\t\t\t\t\t\t\t\t\t\tStages d&rsquo;observation (troisi\u00e8me et seconde)\n\t\t\t\t\t\t\t\t\t\t\t<\/h4>\n\t\t\t\t\t<h2>Cadre des stages d&rsquo;observation<\/h2>\n<p>Le stage d&rsquo;observation s&rsquo;adresse aux \u00e9l\u00e8ves de coll\u00e8ge ou lyc\u00e9e (moins de 18 ans), en particuliers aux \u00e9l\u00e8ves de troisi\u00e8me et de seconde. Il s&rsquo;agit d&rsquo;un stage au cours duquel les stagiaires pourront d\u00e9couvrir les m\u00e9tiers de la science et le fonctionnement d&rsquo;un laboratoire de recherche, sur les sites de Grenoble et Modane du LPSC.<\/p>\n<p>Notre but est de faire d\u00e9couvrir les m\u00e9tiers li\u00e9s \u00e0 la recherche scientifique dans toute leur diversit\u00e9, d&rsquo;ouvrir la science aux profils les plus vari\u00e9s et de lutter contre l&rsquo;auto-censure. Lors du stage, les participant(e)s pourront ainsi voir des exp\u00e9riences scientifiques et interagir directement avec les technicien(ne)s, ing\u00e9nieur(e)s, chercheur(se)s et personnels administratifs du laboratoire, afin d&rsquo;enrichir leurs propres projets professionnels.<\/p>\n<h2>Stages group\u00e9s \u00e0 Grenoble<\/h2>\n<p>Le laboratoire organise des stages group\u00e9s (de 6 \u00e0 10 stagiaires) sur le site de Grenoble, ce qui permet de pr\u00e9voir plus de rencontres avec le personnel et de visites d&rsquo;exp\u00e9riences. Les \u00e9l\u00e8ves seront accompagn\u00e9s par l&rsquo;\u00e9quipe d&rsquo;organisation tout au long du stage. Ils auront \u00e9galement acc\u00e8s \u00e0 un ordinateur pour pr\u00e9parer leurs rapports et \u00e0 la cantine du laboratoire (pr\u00e9voir 30\u20ac pour la semaine). Vous trouverez plus d&rsquo;informations dans la <a href=\"https:\/\/lpsc-wordpress.in2p3.fr\/wp-content\/uploads\/2025\/09\/infos_pratiques_LPSC_2024.pdf\" target=\"_blank\" rel=\"noopener\">fiche pratique<\/a>.<\/p>\n<h3>Stages de troisi\u00e8me (automne-hiver)<\/h3>\n<p>Pour l&rsquo;ann\u00e9e scolaire 2025-2026, les semaines de stages group\u00e9s pour les troisi\u00e8mes sont :<\/p>\n<ul>\n<li>Du <strong>lundi 15 au vendredi 19 d\u00e9cembre 2025<\/strong><\/li>\n<li>Du <strong>lundi 2 au vendredi 6 f\u00e9vrier 2026<\/strong><\/li>\n<\/ul>\n<p>Pour candidater, merci de remplir le formulaire de candidature en ligne (candidatures closes pour 2025-2026)\u00a0et d&rsquo;adresser vos questions \u00e0 <a href=\"mailto:stage3eme@lpsc.in2p3.fr\">stage3eme@lpsc.in2p3.fr<\/a>.<\/p>\n<h3>Stages de seconde (juin)<\/h3>\n<p>Pour l&rsquo;ann\u00e9e scolaire 2025-2026, la semaine de stages group\u00e9s pour les secondes est du <strong>lundi 15 juin au vendredi 26 juin 2026<\/strong>.<\/p>\n<p>Pour candidater, merci de remplir le formulaire de candidature en ligne (candidatures closes pour 2025-2026)\u00a0et d&rsquo;adresser vos questions \u00e0 <a href=\"mailto:stage2nde@lpsc.in2p3.fr\">stage2nde@lpsc.in2p3.fr<\/a>.<\/p>\n<h3>Questions fr\u00e9quemment pos\u00e9es<\/h3>\n<h4>Comment et quand candidater ?<\/h4>\n<p>Chaque ann\u00e9e, les candidatures pour les stages group\u00e9s sont ouvertes en ligne de juin \u00e0 octobre pour les stages de troisi\u00e8me et de janvier \u00e0 mars pour les stages de seconde. Les candidatures re\u00e7ues par mail ou en dehors de cette p\u00e9riode ne pourront pas \u00eatre prises en compte.<\/p>\n<p>Pour candidater, l&rsquo;\u00e9l\u00e8ve doit remplir un formulaire de candidature en ligne comprenant :<\/p>\n<ul>\n<li>Des informations de contact sur l&rsquo;\u00e9l\u00e8ve, son \u00e9tablissement scolaire et son responsable l\u00e9gal;<\/li>\n<li>Trois questions ouvertes sur la motivation :\n<ol>\n<li>Pr\u00e9sente-toi en quelques lignes. Quels sont tes centres d&rsquo;int\u00e9r\u00eats ?<\/li>\n<li>Comment as-tu entendu parler des stages au LPSC ? Qu&rsquo;est-ce qui te donne envie de venir faire un stage dans un laboratoire scientifique ?<\/li>\n<li>Comment imagines-tu les me\u0301tiers dans un laboratoire de recherche ?<\/li>\n<\/ol>\n<\/li>\n<\/ul>\n<p><strong>Important : <\/strong>Nous encourageons vivement les candidats \u00e0 compl\u00e9ter le formulaire le plus t\u00f4t possible, m\u00eame si la date limite n&rsquo;est pas encore atteinte.<\/p>\n<h4>Comment les stagiaires sont-ils s\u00e9lectionn\u00e9s ?<\/h4>\n<p>Nous recevons de nombreuses candidatures chaque ann\u00e9e. La s\u00e9lection s&rsquo;effectue sur la base des r\u00e9ponses au formulaire, notamment les r\u00e9ponses aux questions de motivation, mais aussi de divers \u00e9quilibres (parit\u00e9 fille-gar\u00e7on, \u00e9tablissement de provenance). Tous les \u00e9l\u00e8ves sont inform\u00e9s du r\u00e9sultat de la s\u00e9lection au plus tard cinq semaines avant le d\u00e9but du stage. Une liste d&rsquo;attente est \u00e9tablie pour pallier les d\u00e9sistements \u00e9ventuels.<\/p>\n<p><strong>Important<\/strong> : Le nombre de places \u00e9tant limit\u00e9 et les candidatures nombreuses, nous invitons tous les \u00e9l\u00e8ves \u00e0 envisager un autre choix de stage au cas o\u00f9 leur candidature ne serait pas retenue.<\/p>\n<p>Pour les candidats retenus, les d\u00e9marches administratives seront les m\u00eames que pour les stages non group\u00e9s, et sont d\u00e9crites ci-dessous.<\/p>\n<h2>Stages \u00e0 Modane<\/h2>\n<p>Pour l&rsquo;ann\u00e9e scolaire 2023-2024,\u00a0les stages sur le site du laboratoire souterrain de Modane (<a href=\"http:\/\/www.lsm.in2p3.fr\/\">LSM<\/a>) auront lieu du <strong>lundi 13 au vendredi 17 novembre 2023<\/strong>. D&rsquo;autres dates pourront \u00eatre communiqu\u00e9es ult\u00e9rieurement. Merci d&rsquo;adresser vos candidatures par courriel \u00e0 <a href=\"mailto:contact@lsm.fr\">contact@lsm.fr<\/a>.<\/p>\n<h2>Stages individuels<\/h2>\n<p>Des stages individuels ont lieu au laboratoire (sites de Grenoble et Modane) tout au long de l&rsquo;ann\u00e9e scolaire. Pour cela, merci de contacter directement l&rsquo;encadrant(e) potentiel(le).<\/p>\n<h2>Proc\u00e9dure administrative<\/h2>\n<p>L&rsquo;\u00e9l\u00e8ve effectue son stage sous la responsabilit\u00e9 d&rsquo;un personnel du laboratoire.\u00a0Le stage d&rsquo;observation est un cadre r\u00e9glement\u00e9 par la loi fran\u00e7aise. Une convention en trois exemplaires est \u00e9tablie entre l&rsquo;\u00e9tablissement scolaire, l&rsquo;\u00e9tablissement d&rsquo;accueil (LPSC) et l&rsquo;\u00e9l\u00e8ve sous l&rsquo;autorit\u00e9 du responsable l\u00e9gal.<\/p>\n<p>Pour les candidats retenus, le responsable l\u00e9gal sera contact\u00e9 par <a href=\"https:\/\/annuaire.in2p3.fr\/9094-12638\/loubna-benabderrahmane\">Loubna Benabderrahmane<\/a> afin de recevoir la liste des documents \u00e0 fournir et les renseignements utiles pour initier la convention de stage.<\/p>\n\t\t\t\t\t<h4>\n\t\t\t\t\t\t\t\t\t\t\t\tTh\u00e8ses\n\t\t\t\t\t\t\t\t\t\t\t<\/h4>\n\t\t\t\t\t<p>Informations \u00e0 venir<\/p>\n\t\t\t\t\t<h4>\n\t\t\t\t\t\t\t\t\t\t\t\tOffres d&#8217;emplois\n\t\t\t\t\t\t\t\t\t\t\t<\/h4>\n\t\t\t\t\t<h3><strong>Emplois \u00e0 dur\u00e9e d\u00e9termin\u00e9e<\/strong><\/h3>\n<ul>\n<li>\n<p><a href=\"https:\/\/emploi.cnrs.fr\/Offres\/CDD\/UMR5821-CHRVEL-208\/Default.aspx\" target=\"_blank\" rel=\"noopener\">Expert en conception m\u00e9canique (H\/F)<\/a><\/p>\n<\/li>\n<li>\n<p><a href=\"https:\/\/emploi.cnrs.fr\/Offres\/CDD\/UMR5821-CHRVEL-211\/Default.aspx\" target=\"_blank\" rel=\"noopener\">Post-doctorant en cosmologie (H\/F)<\/a><\/p>\n<\/li>\n<li>\n<p><a href=\"https:\/\/emploi.cnrs.fr\/Offres\/CDD\/UMR5821-CHRVEL-213\/Default.aspx\" target=\"_blank\" rel=\"noopener\">Manager Projet Europ\u00e9en (H\/F)<\/a><\/p>\n<\/li>\n<li><a href=\"https:\/\/www.galaxie.enseignementsup-recherche.gouv.fr\/ensup\/ATERListesOffresPubliees\/0383546Y\/FOPC_66711.pdf\" target=\"_blank\" rel=\"noopener\">Attach\u00e9s temporaires d&rsquo;enseignement et de recherche &#8211; A.T.E.R. (H\/F)<\/a><\/li>\n<\/ul>\n<hr \/>\n<h3><strong>Postes permanents\u00a0<\/strong><\/h3>\nLe personnel du LPSC est employ\u00e9 par le <strong data-start=\"93\" data-end=\"101\">CNRS<\/strong>, l&rsquo;<strong data-start=\"105\" data-end=\"112\">UGA<\/strong> ou <strong data-start=\"116\" data-end=\"136\">Grenoble INP-UGA<\/strong>.\nLe recrutement s&rsquo;effectue soit par <strong data-start=\"176\" data-end=\"188\">concours<\/strong>, soit par <strong data-start=\"199\" data-end=\"219\">mobilit\u00e9 interne<\/strong> apr\u00e8s r\u00e9ussite au concours.\n<hr \/>\n<strong data-start=\"744\" data-end=\"799\">Consultez les offres de mobilit\u00e9 en cours au LPSC :<\/strong>\nR\u00e9serv\u00e9 aux agents CNRS (fonctionnaires et CDI) et aux fonctionnaires et CDI de droit public :\u00a0\n<ul>\n<li>\/<\/li>\n<\/ul>\n<hr \/>\n<p><strong>Consultez les pages d\u00e9di\u00e9es au recrutement par concours :\u00a0<\/strong><\/p>\n<ul>\n<li><a href=\"https:\/\/carrieres.cnrs.fr\/concours-externes-des-chercheurs-h-f\/\" target=\"_blank\" rel=\"noopener noreferrer\">Chercheur\u00b7e\u00b7s (CNRS)<\/a><\/li>\n<li><a href=\"https:\/\/emploi.univ-grenoble-alpes.fr\/metiers\/enseignants-enseignants-chercheurs-titulaires\/concours-enseignants-chercheurs\/concours-enseignants-chercheurs-935820.kjsp?RH=1135797159731976\" target=\"_blank\" rel=\"noopener noreferrer\">Enseignant\u00b7es, enseignant\u00b7es-chercheur\u00b7es (UGA)<\/a><\/li>\n<li><a href=\"https:\/\/www.grenoble-inp.fr\/fr\/l-institut\/concours-enseignants-enseignants-chercheurs\" target=\"_blank\" rel=\"noopener noreferrer\">Enseignant\u00b7es, enseignant\u00b7es-chercheur\u00b7es (Grenoble INP-UGA)<\/a><\/li>\n<li><a href=\"https:\/\/carrieres.cnrs.fr\/concours-externes-des-ingenieurs-et-techniciens-h-f\/\" target=\"_blank\" rel=\"noopener noreferrer\">Ing\u00e9nieur\u00b7e\u00b7s et technicien\u00b7ne\u00b7s (CNRS)<\/a><\/li>\n<li><a href=\"https:\/\/emploi.univ-grenoble-alpes.fr\/metiers\/personnels-administratifs-et-techniques\/concours-recrutement-direct-\/concours-recrutement-direct--934794.kjsp?RH=1618475320966\" target=\"_blank\" rel=\"noopener noreferrer\">Ing\u00e9nieur\u00b7e\u00b7s et technicien\u00b7ne\u00b7s (UGA)<\/a><\/li>\n<li><a href=\"https:\/\/www.grenoble-inp.fr\/fr\/l-institut\/concours-personnels-administratifs-et-techniques\" target=\"_blank\" rel=\"noopener noreferrer\">Ing\u00e9nieur\u00b7e\u00b7s et technicien\u00b7ne\u00b7s (Grenoble INP-UGA)<\/a><\/li>\n<\/ul>\n\t\t\t\t\t<!-- \/content -->\n\t<!-- \/tabs -->\n\n","protected":false},"excerpt":{"rendered":"<p>Stages, th\u00e8ses, emplois Pour une candidature spontan\u00e9e, contactez-nous \u00e0 : candidature@lpsc.in2p3.fr Stages Stages d&rsquo;observation (troisi\u00e8me et seconde) Th\u00e8ses Offres d&#8217;emplois Stages Stages d&rsquo;observation (troisi\u00e8me et seconde) Cadre des stages d&rsquo;observation Le stage d&rsquo;observation s&rsquo;adresse aux \u00e9l\u00e8ves de coll\u00e8ge ou lyc\u00e9e (moins de 18 ans), en particuliers aux \u00e9l\u00e8ves de troisi\u00e8me et de seconde. Il s&rsquo;agit&hellip;<\/p>\n","protected":false},"author":2,"featured_media":0,"parent":0,"menu_order":0,"comment_status":"closed","ping_status":"closed","template":"","meta":{"footnotes":""},"class_list":["post-382","page","type-page","status-publish","hentry"],"_links":{"self":[{"href":"https:\/\/lpsc-wordpress.in2p3.fr\/index.php?rest_route=\/wp\/v2\/pages\/382","targetHints":{"allow":["GET"]}}],"collection":[{"href":"https:\/\/lpsc-wordpress.in2p3.fr\/index.php?rest_route=\/wp\/v2\/pages"}],"about":[{"href":"https:\/\/lpsc-wordpress.in2p3.fr\/index.php?rest_route=\/wp\/v2\/types\/page"}],"author":[{"embeddable":true,"href":"https:\/\/lpsc-wordpress.in2p3.fr\/index.php?rest_route=\/wp\/v2\/users\/2"}],"replies":[{"embeddable":true,"href":"https:\/\/lpsc-wordpress.in2p3.fr\/index.php?rest_route=%2Fwp%2Fv2%2Fcomments&post=382"}],"version-history":[{"count":23,"href":"https:\/\/lpsc-wordpress.in2p3.fr\/index.php?rest_route=\/wp\/v2\/pages\/382\/revisions"}],"predecessor-version":[{"id":3475,"href":"https:\/\/lpsc-wordpress.in2p3.fr\/index.php?rest_route=\/wp\/v2\/pages\/382\/revisions\/3475"}],"wp:attachment":[{"href":"https:\/\/lpsc-wordpress.in2p3.fr\/index.php?rest_route=%2Fwp%2Fv2%2Fmedia&parent=382"}],"curies":[{"name":"wp","href":"https:\/\/api.w.org\/{rel}","templated":true}]}}