{"id":370,"date":"2024-03-21T14:08:04","date_gmt":"2024-03-21T13:08:04","guid":{"rendered":"https:\/\/lpsc-wordpress.in2p3.fr\/?page_id=370"},"modified":"2025-03-06T11:09:28","modified_gmt":"2025-03-06T10:09:28","slug":"escape-game","status":"publish","type":"page","link":"https:\/\/lpsc-wordpress.in2p3.fr\/?page_id=370","title":{"rendered":"Escape game"},"content":{"rendered":"\n\n\t\t\t\t<img loading=\"lazy\" decoding=\"async\" src=\"https:\/\/lpsc-wordpress.in2p3.fr\/wp-content\/uploads\/2024\/03\/FLYER_EG_-_Particule_et_rvlations_-_LPSC-sg-908x1024.png\" alt=\"FLYER_EG_-_Particule_et_rvlations_-_LPSC-sg\" itemprop=\"image\" height=\"1024\" width=\"908\" title=\"FLYER_EG_-_Particule_et_rvlations_-_LPSC-sg\" onerror=\"this.style.display='none'\"  \/>\n\t<em>\u00a9 Johann Menu LPSC<br \/>\n<\/em>\n<h2>\n\t\t\u00ab\u00a0Particule et r\u00e9v\u00e9lations\u00a0\u00bb, escape game du LPSC\n\t<\/h2>\n\t<p><em>5 f\u00e9vrier 2024<\/em><\/p>\n\t<h4>L&rsquo;Escape Game du LPSC intitul\u00e9 \u00ab Particule et R\u00e9v\u00e9lations \u00bb, cr\u00e9\u00e9 dans le cadre des 50 ans de l&rsquo;IN2P3, est le fruit d&rsquo;une collaboration de plusieurs mois entre les membres du Comit\u00e9 technique Communication du LPSC, la Direction de la Culture et de la Culture Scientifique de l&rsquo;UGA, et les soci\u00e9t\u00e9s grenobloises conceptrices de ce jeu personnalis\u00e9, Au Fil du D\u00e9dale et Le Lapin Blanc.<\/h4>\n\t<p>Partager ce contenu<\/p>\n\t\t\t\t\t\t\t\t\t\t<a class= \"uabb-ss-grid-button-link\" href=\"https:\/\/www.linkedin.com\/shareArticle?url=https%3A%2F%2Flpsc-wordpress.in2p3.fr%2F%3Fpage_id%3D370%26fl_builder\" target=\"_blank\" onclick=\"window.open(this.href,'social-share','left=20,top=20,width=500,height=500,toolbar=1,resizable=0');return false;\">\n\t\t\t\t\t\t\t\tLinkedin\n\t\t\t\t\t\t\t\t\t\t<\/a>\n\t<p>Cat\u00e9gories<\/p>\n\t<p><img loading=\"lazy\" decoding=\"async\" src=\"https:\/\/lpsc-wordpress.in2p3.fr\/wp-content\/uploads\/2024\/03\/FLYER_EG_-_Particule_et_rvlations_-_LPSC-sg-266x300.png\" alt=\"\" width=\"266\" height=\"300\" \/>L&rsquo;Escape Game du LPSC intitul\u00e9 \u00ab Particule et R\u00e9v\u00e9lations \u00bb, cr\u00e9\u00e9 dans le cadre des 50 ans de l&rsquo;IN2P3, est le fruit d&rsquo;une collaboration de plusieurs mois entre les membres du Comit\u00e9 technique Communication du LPSC, la Direction de la Culture et de la Culture Scientifique de l&rsquo;UGA, et les soci\u00e9t\u00e9s grenobloises conceptrices de ce jeu personnalis\u00e9, Au Fil du D\u00e9dale et Le Lapin Blanc.<\/p>\n<p>\u00ab Particule et R\u00e9v\u00e9lations \u00bb est un support de vulgarisation scientifique ludique grand public, sans pr\u00e9requis scientifique, qui se joue en \u00e9quipe. Les \u00e9l\u00e8ves peuvent jouer de mani\u00e8re autonome \u00e0 partir de 14 ans, et les lyc\u00e9ens sont des publics id\u00e9aux.<\/p>\n<p>Un Escape Game est un jeu d&rsquo;\u00e9nigmes grandeur nature. Les joueurs \u00e9voluent dans un lieu th\u00e9matis\u00e9. Ils doivent r\u00e9soudre une s\u00e9rie de &lsquo;casse-t\u00eates&rsquo; (avec ou sans manipulation d&rsquo;objets) dans un temps imparti pour r\u00e9ussir \u00e0 s&rsquo;\u00e9chapper du lieu, ou \u00e0 accomplir une mission.<\/p>\nLa dur\u00e9e du jeu est d&rsquo;environ 1h30, incluant le brief de d\u00e9part (consignes et &lsquo;mise en condition&rsquo;) et le debrief \u00e0 la fin du jeu (recueil des impressions et derni\u00e8res questions).<br \/>\nDes ma\u00eetres du jeu (Game Masters), parmi les personnels du laboratoire, apportent une aide \u00e0 la r\u00e9solution des \u00e9nigmes, et assurent un apport p\u00e9dagogique d&rsquo;informations scientifiques en lien avec les sujets abord\u00e9s.\n\u00ab Particule et R\u00e9v\u00e9lations \u00bb se d\u00e9roule en 6 \u00e9tapes, dispers\u00e9es dans le b\u00e2timent 1 du LPSC.<br \/>\nLe fil conducteur de l&rsquo;intrigue globale est la d\u00e9marche scientifique :<br \/>\n1. Poser le probl\u00e8me th\u00e9orique<br \/>\n2. D\u00e9finir le d\u00e9tecteur, l&rsquo;instrument<br \/>\n3. Monter le projet<br \/>\n4. R\u00e9aliser les mesures<br \/>\n5. Faire l&rsquo;analyse des donn\u00e9es r\u00e9colt\u00e9es<br \/>\n6. Communiquer ses r\u00e9sultats\n<p>Chaque \u00e9tape va donner lieu \u00e0 une s\u00e9rie de r\u00e9flexions, et de manipulations d&rsquo;objets et de documents, permettant de d\u00e9couvrir des codes et des mots cl\u00e9s permettant d&rsquo;apporter une r\u00e9ponse \u00e0 la question de d\u00e9part : qu&rsquo;est-il arriv\u00e9 \u00e0 notre coll\u00e8gue C\u00e9cile Quarks &#8230;?<\/p>\n<p>Contact : service communication du LPSC.<\/p>\n\n","protected":false},"excerpt":{"rendered":"<p>\u00a9 Johann Menu LPSC \u00ab\u00a0Particule et r\u00e9v\u00e9lations\u00a0\u00bb, escape game du LPSC 5 f\u00e9vrier 2024 L&rsquo;Escape Game du LPSC intitul\u00e9 \u00ab Particule et R\u00e9v\u00e9lations \u00bb, cr\u00e9\u00e9 dans le cadre des 50 ans de l&rsquo;IN2P3, est le fruit d&rsquo;une collaboration de plusieurs mois entre les membres du Comit\u00e9 technique Communication du LPSC, la Direction de la Culture&hellip;<\/p>\n","protected":false},"author":2,"featured_media":0,"parent":0,"menu_order":0,"comment_status":"closed","ping_status":"closed","template":"","meta":{"footnotes":""},"class_list":["post-370","page","type-page","status-publish","hentry"],"_links":{"self":[{"href":"https:\/\/lpsc-wordpress.in2p3.fr\/index.php?rest_route=\/wp\/v2\/pages\/370","targetHints":{"allow":["GET"]}}],"collection":[{"href":"https:\/\/lpsc-wordpress.in2p3.fr\/index.php?rest_route=\/wp\/v2\/pages"}],"about":[{"href":"https:\/\/lpsc-wordpress.in2p3.fr\/index.php?rest_route=\/wp\/v2\/types\/page"}],"author":[{"embeddable":true,"href":"https:\/\/lpsc-wordpress.in2p3.fr\/index.php?rest_route=\/wp\/v2\/users\/2"}],"replies":[{"embeddable":true,"href":"https:\/\/lpsc-wordpress.in2p3.fr\/index.php?rest_route=%2Fwp%2Fv2%2Fcomments&post=370"}],"version-history":[{"count":8,"href":"https:\/\/lpsc-wordpress.in2p3.fr\/index.php?rest_route=\/wp\/v2\/pages\/370\/revisions"}],"predecessor-version":[{"id":2556,"href":"https:\/\/lpsc-wordpress.in2p3.fr\/index.php?rest_route=\/wp\/v2\/pages\/370\/revisions\/2556"}],"wp:attachment":[{"href":"https:\/\/lpsc-wordpress.in2p3.fr\/index.php?rest_route=%2Fwp%2Fv2%2Fmedia&parent=370"}],"curies":[{"name":"wp","href":"https:\/\/api.w.org\/{rel}","templated":true}]}}