{"id":360,"date":"2024-03-21T13:23:20","date_gmt":"2024-03-21T12:23:20","guid":{"rendered":"https:\/\/lpsc-wordpress.in2p3.fr\/?page_id=360"},"modified":"2025-09-15T14:48:05","modified_gmt":"2025-09-15T12:48:05","slug":"direction-et-correspondants","status":"publish","type":"page","link":"https:\/\/lpsc-wordpress.in2p3.fr\/?page_id=360","title":{"rendered":"Direction et correspondants"},"content":{"rendered":"\n<h2>\n\t\t\tDirection et Correspondants\t<\/h2>\n\t<h2>Direction du laboratoire :<\/h2>\n<ul>\n<li>Laurent DEROME, Directeur du LPSC<\/li>\n<li>Fabienne LEDROIT-GUILLON, Adjointe \u00e0 la direction<\/li>\n<li>Alain RETAILLEAU, Directeur Administratif et Financier<\/li>\n<li>Christophe VESCOVI, Responsable technique<\/li>\n<\/ul>\n<ul>\n<li>Johana PAQUIEN, Assistante de direction<\/li>\n<\/ul>\n<p>&nbsp;<\/p>\n<p>Adresse g\u00e9n\u00e9rique : <a href=\"mailto:direction-lpsc@lpsc.in2p3.fr\">direction-lpsc@lpsc.in2p3.fr<\/a><\/p>\n<p>&nbsp;<\/p>\n<h2 data-mediabox=\"width[600];height[400]\">Correspondants :<\/h2>\n<ul>\n<li>ANR &amp; Europe : Fabienne LEDROIT-GUILLON, C\u00e9cile VANNIER<\/li>\n<li>Assistants de pr\u00e9vention : William REGAIRAZ<\/li>\n<li>Communication : Florent COLLOVATI, Jean-St\u00e9phane RICOL<\/li>\n<li>D\u00e9veloppement Durable : Fabienne LEDROIT-GUILLON<\/li>\n<li>\u00c9galit\u00e9 &#8211; Diversit\u00e9 : Adrien BIDAUD, Fairouz MALEK, Christine SERVOZ-GAVIN (voir la page intranet d\u00e9di\u00e9e : <a href=\"https:\/\/lpsc-intranet.in2p3.fr\/intranet\/index.php\/cellule-egalite-diversite\/\" target=\"_blank\" rel=\"noopener\">cliquez ici<\/a>)<\/li>\n<li>Formation Permanente : Johana PAQUIEN<\/li>\n<li>Suivi des projets : Christophe VESCOVI<\/li>\n<li>Valorisation : Nadine SAUZET<\/li>\n<\/ul>\n\n","protected":false},"excerpt":{"rendered":"<p>Direction et Correspondants Direction du laboratoire : Laurent DEROME, Directeur du LPSC Fabienne LEDROIT-GUILLON, Adjointe \u00e0 la direction Alain RETAILLEAU, Directeur Administratif et Financier Christophe VESCOVI, Responsable technique Johana PAQUIEN, Assistante de direction &nbsp; Adresse g\u00e9n\u00e9rique : direction-lpsc@lpsc.in2p3.fr &nbsp; Correspondants : ANR &amp; Europe : Fabienne LEDROIT-GUILLON, C\u00e9cile VANNIER Assistants de pr\u00e9vention : William REGAIRAZ&hellip;<\/p>\n","protected":false},"author":2,"featured_media":0,"parent":0,"menu_order":0,"comment_status":"closed","ping_status":"closed","template":"","meta":{"footnotes":""},"class_list":["post-360","page","type-page","status-publish","hentry"],"_links":{"self":[{"href":"https:\/\/lpsc-wordpress.in2p3.fr\/index.php?rest_route=\/wp\/v2\/pages\/360","targetHints":{"allow":["GET"]}}],"collection":[{"href":"https:\/\/lpsc-wordpress.in2p3.fr\/index.php?rest_route=\/wp\/v2\/pages"}],"about":[{"href":"https:\/\/lpsc-wordpress.in2p3.fr\/index.php?rest_route=\/wp\/v2\/types\/page"}],"author":[{"embeddable":true,"href":"https:\/\/lpsc-wordpress.in2p3.fr\/index.php?rest_route=\/wp\/v2\/users\/2"}],"replies":[{"embeddable":true,"href":"https:\/\/lpsc-wordpress.in2p3.fr\/index.php?rest_route=%2Fwp%2Fv2%2Fcomments&post=360"}],"version-history":[{"count":7,"href":"https:\/\/lpsc-wordpress.in2p3.fr\/index.php?rest_route=\/wp\/v2\/pages\/360\/revisions"}],"predecessor-version":[{"id":2944,"href":"https:\/\/lpsc-wordpress.in2p3.fr\/index.php?rest_route=\/wp\/v2\/pages\/360\/revisions\/2944"}],"wp:attachment":[{"href":"https:\/\/lpsc-wordpress.in2p3.fr\/index.php?rest_route=%2Fwp%2Fv2%2Fmedia&parent=360"}],"curies":[{"name":"wp","href":"https:\/\/api.w.org\/{rel}","templated":true}]}}