{"id":3555,"date":"2026-04-01T09:24:34","date_gmt":"2026-04-01T07:24:34","guid":{"rendered":"https:\/\/lpsc-wordpress.in2p3.fr\/?page_id=3555"},"modified":"2026-04-01T13:16:48","modified_gmt":"2026-04-01T11:16:48","slug":"accueil","status":"publish","type":"page","link":"https:\/\/lpsc-wordpress.in2p3.fr\/","title":{"rendered":"Accueil"},"content":{"rendered":"\n<h2>\n\t\t\tLaboratoire de Physique Subatomique et de Cosmologie\t<\/h2>\n\t<h3>\n\t\t\t\tGrenoble | Modane\n\t\t\t<\/h3>\n<h2>\n\t\t\tActualit\u00e9s\t<\/h2>\n\t<a href=\"https:\/\/lpsc-wordpress.in2p3.fr\/?page_id=481\" target=\"_self\" role=\"button\" aria-label=\"Voir plus\">\n\t\t\t\t\t\tVoir plus\n\t\t\t\t\t<\/a>\n<h5>\n\t\t\tLaboratoire de Physique Subatomique et de Cosmologie\t<\/h5>\n<h2>\n\t\t\tIn a nutshell\t<\/h2>\n\t<p>Fond\u00e9 en 1967, le Laboratoire de physique subatomique et de cosmologie (LPSC) est une unit\u00e9 mixte de recherche du CNRS, de l&rsquo;Universit\u00e9 Grenoble Alpes (UGA) et de Grenoble INP. La mission du laboratoire porte sur la recherche fondamentale en physique nucl\u00e9aire, physique des particules, physique des astroparticules et cosmologie, ainsi que sur leurs applications dans les domaines de l&rsquo;\u00e9nergie nucl\u00e9aire et de la sant\u00e9, des acc\u00e9l\u00e9rateurs, des sources d&rsquo;ions et des plasmas. Il est implant\u00e9 sur deux sites : le site principal \u00e0 Grenoble et le site souterrain national LSM \u00e0 Modane.<\/p>\n\t<a href=\"https:\/\/lpsc-wordpress.in2p3.fr\/?page_id=239\" target=\"_self\" role=\"button\" aria-label=\"Voir plus\">\n\t\t\t\t\t\tVoir plus\n\t\t\t\t\t<\/a>\n<figure itemscope itemtype=\"https:\/\/schema.org\/ImageObject\">\n\t\t\t\t<a href=\"https:\/\/lpsc-wordpress.in2p3.fr\/wp-content\/uploads\/2025\/06\/RA-2022-2024-FINAL.pdf\"  target=\"_blank\" rel=\"noopener\"  itemprop=\"url\">\n\t\t\t\t<img decoding=\"async\" src=\"https:\/\/lpsc-wordpress.in2p3.fr\/wp-content\/uploads\/2025\/05\/RA-2022-2024.png\" alt=\"RA 2022-2024\" height=\"915\" width=\"650\" title=\"RA 2022-2024\" onerror=\"this.style.display='none'\" loading=\"lazy\" \/>\n\t\t\t\t<\/a>\n\t<\/figure>\n\t\t\t\t\t<img decoding=\"async\" src=\"https:\/\/lpsc-wordpress.in2p3.fr\/wp-content\/uploads\/2024\/04\/vlcsnap-2024-04-08-10h59m04s355.png\" alt=\"\"\/>\n\t<a href=\"https:\/\/lpsc-wordpress.in2p3.fr\/?page_id=246\" target=\"_blank\" role=\"button\" rel=\"noopener\" aria-label=\"Toutes les vid\u00e9os\">\n\t\t\t\t\t\tToutes les vid\u00e9os\n\t\t\t\t\t<\/a>\n\n","protected":false},"excerpt":{"rendered":"<p>Laboratoire de Physique Subatomique et de Cosmologie Grenoble | Modane Actualit\u00e9s Voir plus Laboratoire de Physique Subatomique et de Cosmologie In a nutshell Fond\u00e9 en 1967, le Laboratoire de physique subatomique et de cosmologie (LPSC) est une unit\u00e9 mixte de recherche du CNRS, de l&rsquo;Universit\u00e9 Grenoble Alpes (UGA) et de Grenoble INP. La mission du&hellip;<\/p>\n","protected":false},"author":2,"featured_media":0,"parent":0,"menu_order":0,"comment_status":"closed","ping_status":"closed","template":"","meta":{"footnotes":""},"class_list":["post-3555","page","type-page","status-publish","hentry"],"yoast_head":"<!-- This site is optimized with the Yoast SEO plugin v27.3 - https:\/\/yoast.com\/product\/yoast-seo-wordpress\/ -->\n<title>Accueil - LPSC<\/title>\n<meta name=\"description\" content=\"LSM CNRS IN2P3 plateforme Modane\" \/>\n<meta name=\"robots\" content=\"index, follow, max-snippet:-1, max-image-preview:large, max-video-preview:-1\" \/>\n<link rel=\"canonical\" href=\"https:\/\/lpsc-wordpress.in2p3.fr\/\" \/>\n<meta property=\"og:locale\" content=\"fr_FR\" \/>\n<meta property=\"og:type\" content=\"article\" \/>\n<meta property=\"og:title\" content=\"Accueil - LPSC\" \/>\n<meta property=\"og:description\" content=\"LSM CNRS IN2P3 plateforme Modane\" \/>\n<meta property=\"og:url\" content=\"https:\/\/lpsc-wordpress.in2p3.fr\/\" \/>\n<meta property=\"og:site_name\" content=\"LPSC\" \/>\n<meta property=\"article:modified_time\" content=\"2026-04-01T11:16:48+00:00\" \/>\n<meta property=\"og:image\" content=\"https:\/\/lpsc-wordpress.in2p3.fr\/wp-content\/uploads\/2025\/05\/RA-2022-2024.png\" \/>\n<meta name=\"twitter:card\" content=\"summary_large_image\" \/>\n<meta name=\"twitter:label1\" content=\"Dur\u00e9e de lecture estim\u00e9e\" \/>\n\t<meta name=\"twitter:data1\" content=\"4 minutes\" \/>\n<script type=\"application\/ld+json\" class=\"yoast-schema-graph\">{\"@context\":\"https:\\\/\\\/schema.org\",\"@graph\":[{\"@type\":\"WebPage\",\"@id\":\"https:\\\/\\\/lpsc-wordpress.in2p3.fr\\\/\",\"url\":\"https:\\\/\\\/lpsc-wordpress.in2p3.fr\\\/\",\"name\":\"Accueil - LPSC\",\"isPartOf\":{\"@id\":\"https:\\\/\\\/lpsc-wordpress.in2p3.fr\\\/#website\"},\"primaryImageOfPage\":{\"@id\":\"https:\\\/\\\/lpsc-wordpress.in2p3.fr\\\/#primaryimage\"},\"image\":{\"@id\":\"https:\\\/\\\/lpsc-wordpress.in2p3.fr\\\/#primaryimage\"},\"thumbnailUrl\":\"https:\\\/\\\/lpsc-wordpress.in2p3.fr\\\/wp-content\\\/uploads\\\/2025\\\/05\\\/RA-2022-2024.png\",\"datePublished\":\"2026-04-01T07:24:34+00:00\",\"dateModified\":\"2026-04-01T11:16:48+00:00\",\"description\":\"LSM CNRS IN2P3 plateforme Modane\",\"breadcrumb\":{\"@id\":\"https:\\\/\\\/lpsc-wordpress.in2p3.fr\\\/#breadcrumb\"},\"inLanguage\":\"fr-FR\",\"potentialAction\":[{\"@type\":\"ReadAction\",\"target\":[\"https:\\\/\\\/lpsc-wordpress.in2p3.fr\\\/\"]}]},{\"@type\":\"ImageObject\",\"inLanguage\":\"fr-FR\",\"@id\":\"https:\\\/\\\/lpsc-wordpress.in2p3.fr\\\/#primaryimage\",\"url\":\"https:\\\/\\\/lpsc-wordpress.in2p3.fr\\\/wp-content\\\/uploads\\\/2025\\\/05\\\/RA-2022-2024.png\",\"contentUrl\":\"https:\\\/\\\/lpsc-wordpress.in2p3.fr\\\/wp-content\\\/uploads\\\/2025\\\/05\\\/RA-2022-2024.png\",\"width\":650,\"height\":915},{\"@type\":\"BreadcrumbList\",\"@id\":\"https:\\\/\\\/lpsc-wordpress.in2p3.fr\\\/#breadcrumb\",\"itemListElement\":[{\"@type\":\"ListItem\",\"position\":1,\"name\":\"Accueil\",\"item\":\"https:\\\/\\\/lpsc-wordpress.in2p3.fr\\\/\"},{\"@type\":\"ListItem\",\"position\":2,\"name\":\"Accueil\"}]},{\"@type\":\"WebSite\",\"@id\":\"https:\\\/\\\/lpsc-wordpress.in2p3.fr\\\/#website\",\"url\":\"https:\\\/\\\/lpsc-wordpress.in2p3.fr\\\/\",\"name\":\"LPSC\",\"description\":\"\",\"potentialAction\":[{\"@type\":\"SearchAction\",\"target\":{\"@type\":\"EntryPoint\",\"urlTemplate\":\"https:\\\/\\\/lpsc-wordpress.in2p3.fr\\\/?s={search_term_string}\"},\"query-input\":{\"@type\":\"PropertyValueSpecification\",\"valueRequired\":true,\"valueName\":\"search_term_string\"}}],\"inLanguage\":\"fr-FR\"}]}<\/script>\n<!-- \/ Yoast SEO plugin. -->","yoast_head_json":{"title":"Accueil - LPSC","description":"LSM CNRS IN2P3 plateforme Modane","robots":{"index":"index","follow":"follow","max-snippet":"max-snippet:-1","max-image-preview":"max-image-preview:large","max-video-preview":"max-video-preview:-1"},"canonical":"https:\/\/lpsc-wordpress.in2p3.fr\/","og_locale":"fr_FR","og_type":"article","og_title":"Accueil - LPSC","og_description":"LSM CNRS IN2P3 plateforme Modane","og_url":"https:\/\/lpsc-wordpress.in2p3.fr\/","og_site_name":"LPSC","article_modified_time":"2026-04-01T11:16:48+00:00","og_image":[{"url":"https:\/\/lpsc-wordpress.in2p3.fr\/wp-content\/uploads\/2025\/05\/RA-2022-2024.png","type":"","width":"","height":""}],"twitter_card":"summary_large_image","twitter_misc":{"Dur\u00e9e de lecture estim\u00e9e":"4 minutes"},"schema":{"@context":"https:\/\/schema.org","@graph":[{"@type":"WebPage","@id":"https:\/\/lpsc-wordpress.in2p3.fr\/","url":"https:\/\/lpsc-wordpress.in2p3.fr\/","name":"Accueil - LPSC","isPartOf":{"@id":"https:\/\/lpsc-wordpress.in2p3.fr\/#website"},"primaryImageOfPage":{"@id":"https:\/\/lpsc-wordpress.in2p3.fr\/#primaryimage"},"image":{"@id":"https:\/\/lpsc-wordpress.in2p3.fr\/#primaryimage"},"thumbnailUrl":"https:\/\/lpsc-wordpress.in2p3.fr\/wp-content\/uploads\/2025\/05\/RA-2022-2024.png","datePublished":"2026-04-01T07:24:34+00:00","dateModified":"2026-04-01T11:16:48+00:00","description":"LSM CNRS IN2P3 plateforme Modane","breadcrumb":{"@id":"https:\/\/lpsc-wordpress.in2p3.fr\/#breadcrumb"},"inLanguage":"fr-FR","potentialAction":[{"@type":"ReadAction","target":["https:\/\/lpsc-wordpress.in2p3.fr\/"]}]},{"@type":"ImageObject","inLanguage":"fr-FR","@id":"https:\/\/lpsc-wordpress.in2p3.fr\/#primaryimage","url":"https:\/\/lpsc-wordpress.in2p3.fr\/wp-content\/uploads\/2025\/05\/RA-2022-2024.png","contentUrl":"https:\/\/lpsc-wordpress.in2p3.fr\/wp-content\/uploads\/2025\/05\/RA-2022-2024.png","width":650,"height":915},{"@type":"BreadcrumbList","@id":"https:\/\/lpsc-wordpress.in2p3.fr\/#breadcrumb","itemListElement":[{"@type":"ListItem","position":1,"name":"Accueil","item":"https:\/\/lpsc-wordpress.in2p3.fr\/"},{"@type":"ListItem","position":2,"name":"Accueil"}]},{"@type":"WebSite","@id":"https:\/\/lpsc-wordpress.in2p3.fr\/#website","url":"https:\/\/lpsc-wordpress.in2p3.fr\/","name":"LPSC","description":"","potentialAction":[{"@type":"SearchAction","target":{"@type":"EntryPoint","urlTemplate":"https:\/\/lpsc-wordpress.in2p3.fr\/?s={search_term_string}"},"query-input":{"@type":"PropertyValueSpecification","valueRequired":true,"valueName":"search_term_string"}}],"inLanguage":"fr-FR"}]}},"_links":{"self":[{"href":"https:\/\/lpsc-wordpress.in2p3.fr\/index.php?rest_route=\/wp\/v2\/pages\/3555","targetHints":{"allow":["GET"]}}],"collection":[{"href":"https:\/\/lpsc-wordpress.in2p3.fr\/index.php?rest_route=\/wp\/v2\/pages"}],"about":[{"href":"https:\/\/lpsc-wordpress.in2p3.fr\/index.php?rest_route=\/wp\/v2\/types\/page"}],"author":[{"embeddable":true,"href":"https:\/\/lpsc-wordpress.in2p3.fr\/index.php?rest_route=\/wp\/v2\/users\/2"}],"replies":[{"embeddable":true,"href":"https:\/\/lpsc-wordpress.in2p3.fr\/index.php?rest_route=%2Fwp%2Fv2%2Fcomments&post=3555"}],"version-history":[{"count":9,"href":"https:\/\/lpsc-wordpress.in2p3.fr\/index.php?rest_route=\/wp\/v2\/pages\/3555\/revisions"}],"predecessor-version":[{"id":3587,"href":"https:\/\/lpsc-wordpress.in2p3.fr\/index.php?rest_route=\/wp\/v2\/pages\/3555\/revisions\/3587"}],"wp:attachment":[{"href":"https:\/\/lpsc-wordpress.in2p3.fr\/index.php?rest_route=%2Fwp%2Fv2%2Fmedia&parent=3555"}],"curies":[{"name":"wp","href":"https:\/\/api.w.org\/{rel}","templated":true}]}}