{"id":314,"date":"2024-08-22T11:05:38","date_gmt":"2024-08-22T09:05:38","guid":{"rendered":"https:\/\/lpsc-wordpress.in2p3.fr\/?page_id=314"},"modified":"2024-09-27T15:19:21","modified_gmt":"2024-09-27T13:19:21","slug":"atlas-copy-14","status":"publish","type":"page","link":"https:\/\/lpsc-wordpress.in2p3.fr\/?page_id=314","title":{"rendered":"Administration, personnel et finances"},"content":{"rendered":"\n\n\t\t\t\t<img loading=\"lazy\" decoding=\"async\" src=\"https:\/\/lpsc-wordpress.in2p3.fr\/wp-content\/uploads\/2024\/09\/Earth-sea-skyscrapers-plane-crea.jpg\" alt=\"Earth-sea-skyscrapers-plane-crea\" itemprop=\"image\" height=\"800\" width=\"1280\" title=\"Earth-sea-skyscrapers-plane-crea\" onerror=\"this.style.display='none'\"  \/>\n<h2>\n\t\tSAF\n\t<\/h2>\n\t<p><strong>S<\/strong>ervice <strong>A<\/strong>dmnistratif &amp; <strong>F<\/strong>inancier<\/p>\n\t\t\t\tPr\u00e9sentation\n\t\t\t\tEquipe \n\t\t\t\t\t\t\tPr\u00e9sentation\n\t\t\t\t<p>Ce service a pour mission de soutenir les techniciens, ing\u00e9nieurs, chercheurs et enseignants-chercheurs dans leurs activit\u00e9s scientifiques et techniques.<\/p>\n<p>Il offre une assistance et des conseils aux responsables d&rsquo;\u00e9quipes et de services, ainsi qu&rsquo;au personnel de l&rsquo;unit\u00e9, que ce soit dans les domaines des ressources humaines, du budget, des finances, des contrats ou de la logistique. \u00a0<\/p>\n<p>Il assure l&rsquo;interface avec les services centraux de l&rsquo;Institut National de Physique Nucl\u00e9aire et de Physique des Particules (IN2P3), la D\u00e9l\u00e9gation R\u00e9gionale Alpes du CNRS, l&rsquo;Universit\u00e9 Grenoble Alpes (UGA) et Grenoble INP-UGA.<\/p>\n<p>Pour mener \u00e0 bien ses objectifs, le service est organis\u00e9 en trois p\u00f4les d&rsquo;activit\u00e9 :<\/p>\n<ul>\n<li>Le <strong>p\u00f4le ressources humaines<\/strong> assure la gestion courante du personnel (suivi des cong\u00e9s, arr\u00eats maladie, t\u00e9l\u00e9travail, temps partiels &#8230;) ainsi que le suivi des dossiers de carri\u00e8re des agents permanents. Il instruit et effectue le suivi administratif des dossiers de recrutement des contractuels et des doctorants, des conventionnements de stage ainsi que l&rsquo;accueil des visiteurs. Avec les correspondants formation du laboratoire, le p\u00f4le ressources humaines coordonne et met en \u0153uvre le Plan de Formation de l&rsquo;Unit\u00e9 (PFU).<\/li>\n<\/ul>\n<ul>\n<li>Le <strong>p\u00f4le ressources financi\u00e8res<\/strong> est charg\u00e9 de la pr\u00e9paration, de l&rsquo;\u00e9laboration et du suivi du budget du laboratoire. Il g\u00e8re les proc\u00e9dures administratives li\u00e9es aux divers achats et d\u00e9penses de l&rsquo;unit\u00e9 (engagement de d\u00e9penses et certification du service fait, \u00e9mission d&rsquo;ordres de mission et suivi des \u00e9tats de frais, gestion des immobilisations&#8230;). Il participe au montage des dossiers de projets et de collaborations de recherche, que ce soient des coop\u00e9rations internationales, des projets europ\u00e9ens ou r\u00e9gionaux, des r\u00e9seaux nationaux ou des coop\u00e9rations industrielles.<\/li>\n<\/ul>\n<ul>\n<li>Le <strong>p\u00f4le logistique<\/strong>, situ\u00e9 sur le site de Grenoble, s&rsquo;occupe de la r\u00e9ception des commandes et remplit \u00e9galement le r\u00f4le de vaguemestre. Il met \u00e0 disposition des agents, des v\u00e9hicules administratifs et assure leur entretien. Il propose des fournitures de papeterie et g\u00e8re les stocks en fonction des besoins des utilisateurs.<\/li>\n<\/ul>\n\t\t\t\t\t\t\tEquipe \n\t\t\t\t<img decoding=\"async\" src=\"https:\/\/lpsc-wordpress.in2p3.fr\/wp-content\/uploads\/2024\/08\/organigramme-SAF.jpg\" alt=\"Equipe \" \/>\t\t\t\n\n","protected":false},"excerpt":{"rendered":"<p>SAF Service Admnistratif &amp; Financier Pr\u00e9sentation Equipe Pr\u00e9sentation Ce service a pour mission de soutenir les techniciens, ing\u00e9nieurs, chercheurs et enseignants-chercheurs dans leurs activit\u00e9s scientifiques et techniques. Il offre une assistance et des conseils aux responsables d&rsquo;\u00e9quipes et de services, ainsi qu&rsquo;au personnel de l&rsquo;unit\u00e9, que ce soit dans les domaines des ressources humaines, du&hellip;<\/p>\n","protected":false},"author":2,"featured_media":0,"parent":0,"menu_order":0,"comment_status":"closed","ping_status":"closed","template":"","meta":{"footnotes":""},"class_list":["post-314","page","type-page","status-publish","hentry"],"_links":{"self":[{"href":"https:\/\/lpsc-wordpress.in2p3.fr\/index.php?rest_route=\/wp\/v2\/pages\/314","targetHints":{"allow":["GET"]}}],"collection":[{"href":"https:\/\/lpsc-wordpress.in2p3.fr\/index.php?rest_route=\/wp\/v2\/pages"}],"about":[{"href":"https:\/\/lpsc-wordpress.in2p3.fr\/index.php?rest_route=\/wp\/v2\/types\/page"}],"author":[{"embeddable":true,"href":"https:\/\/lpsc-wordpress.in2p3.fr\/index.php?rest_route=\/wp\/v2\/users\/2"}],"replies":[{"embeddable":true,"href":"https:\/\/lpsc-wordpress.in2p3.fr\/index.php?rest_route=%2Fwp%2Fv2%2Fcomments&post=314"}],"version-history":[{"count":14,"href":"https:\/\/lpsc-wordpress.in2p3.fr\/index.php?rest_route=\/wp\/v2\/pages\/314\/revisions"}],"predecessor-version":[{"id":793,"href":"https:\/\/lpsc-wordpress.in2p3.fr\/index.php?rest_route=\/wp\/v2\/pages\/314\/revisions\/793"}],"wp:attachment":[{"href":"https:\/\/lpsc-wordpress.in2p3.fr\/index.php?rest_route=%2Fwp%2Fv2%2Fmedia&parent=314"}],"curies":[{"name":"wp","href":"https:\/\/api.w.org\/{rel}","templated":true}]}}