{"id":307,"date":"2024-10-10T16:52:45","date_gmt":"2024-10-10T14:52:45","guid":{"rendered":"https:\/\/lpsc-wordpress.in2p3.fr\/?page_id=307"},"modified":"2026-02-09T10:15:46","modified_gmt":"2026-02-09T09:15:46","slug":"atlas-copy-17","status":"publish","type":"page","link":"https:\/\/lpsc-wordpress.in2p3.fr\/?page_id=307","title":{"rendered":"Informatique"},"content":{"rendered":"\n<figure itemscope itemtype=\"https:\/\/schema.org\/ImageObject\">\n\t\t\t\t<img decoding=\"async\" src=\"https:\/\/lpsc-wordpress.in2p3.fr\/wp-content\/uploads\/2024\/10\/SI.png\" alt=\"SI\" height=\"800\" width=\"1280\" title=\"SI\" onerror=\"this.style.display='none'\" loading=\"lazy\" \/>\n\t<\/figure>\n<h2>\n\t\t\tInformatique\t<\/h2>\n\t\t\t\tPr\u00e9sentation\n\t\t\t\tEquipe \n\t\t\t\tComp\u00e9tences\n\t\t\t\tEquipements\n\t\t\t\t\t\t\tPr\u00e9sentation\n\t\t\t\t<p><strong>Pr\u00e9sentation et activit\u00e9s du Service informatique<\/strong><\/p>\n<p>\u00a0<\/p>\n<p>Le Service informatique a deux missions principales :<\/p>\n<ul>\n<li>Mission d&rsquo;exploitation des infrastructures informatiques du laboratoire : r\u00e9seaux, serveurs de donn\u00e9es, serveurs de calcul.<\/li>\n<li>Mission de conception, d\u00e9veloppement et exploitation de syst\u00e8mes informatis\u00e9s au b\u00e9n\u00e9fice des exp\u00e9riences de physique des hautes \u00e9nergies.<\/li>\n<\/ul>\n<p>\u00a0<\/p>\n<p><strong>Exploitation des infrastructures informatiques du laboratoire<\/strong><\/p>\n<p>Le service informatique met en \u0153uvre les infrastructures informatiques r\u00e9pondant aux besoins d&rsquo;environ 230 utilisateurs. Parmi ses missions on peut noter : la bonne marche des serveurs et des services du r\u00e9seau, l&rsquo;exploitation quotidienne d&rsquo;un parc de plus de 500 machines, le conseil et l&rsquo;assistance aux utilisateurs, la mise en place d&rsquo;outils de surveillance des services, l&rsquo;administration et la supervision du r\u00e9seau local.<\/p>\n\t\t\t\t\t\t\tEquipe \n\t\t\t\t<p><strong>L&rsquo;\u00e9quipe informatique<\/strong><\/p>\n<p>Responsable du Service informatique : Fabian Lambert<\/p>\n<p>Responsables adjoints : Laurent NEIGER et J\u00e9r\u00f4me ODIER<\/p>\n<p><strong>D\u00e9veloppements d&rsquo;applications<\/strong><\/p>\n<ul>\n<li>Gildas Bayard<\/li>\n<li>Guillaume DARGAUD : Acquisition de donn\u00e9es, contr\u00f4le commande et temps r\u00e9el<\/li>\n<li>J\u00e9r\u00f4me FULACHIER : Projets AMI * et n2EDM<\/li>\n<li>Fabian LAMBERT : Projet AMI *, Responsable technique du projet AMI *, NIKA2<\/li>\n<li>Fr\u00e9d\u00e9ric MELOT<\/li>\n<li>J\u00e9r\u00f4me ODIER \u00a0: Projets AMI * et Euclid<\/li>\n<li>Ga\u00ebl Alguero : projet Euclid<\/li>\n<li>Antoine Bernard : projet LSST<\/li>\n<\/ul>\n<p><strong>Administration syst\u00e8mes et r\u00e9seaux<\/strong><\/p>\n<ul>\n<li>Gildas Bayard<\/li>\n<li>William DEL NET : Responsable r\u00e9seau et services Linux \/ Administration r\u00e9seau et services Linux \/ Achats et installation de mat\u00e9riels ; campagne d&rsquo;achats<\/li>\n<li>Younes Khorchach : Administration des syst\u00e8mes Windows et Linux<\/li>\n<li>Fr\u00e9d\u00e9ric MELOT<\/li>\n<li>Laurent NEIGER : Administration des serveurs Linux<\/li>\n<\/ul>\n<p>* : Projet AMI (ATLAS Metadata Interface) &#8211; Framework orient\u00e9 \u00ab\u00a0m\u00e9ta-donn\u00e9es\u00a0\u00bb sur lequel se basent plusieurs applications web, principalement pour la collaboration ATLAS :<\/p>\n<ul>\n<li>Dataset Discovery : recherche de donn\u00e9es par crit\u00e8res de physique<\/li>\n<li>AMI-Tags : gestion des param\u00e8tres de configuration du logiciel d&rsquo;analyse d&rsquo;ATLAS<\/li>\n<\/ul>\n\t\t\t\t\t\t\tComp\u00e9tences\n\t\t\t\t<p><strong>Comp\u00e9tences<\/strong><\/p>\n<p>\u00a0<\/p>\n<p>Comp\u00e9tences syst\u00e8me<\/p>\n<ul>\n<li>Infrastructure : Exp\u00e9rience de la climatisation d&rsquo;une salle informatique en free-cooling \u00e0 air direct<\/li>\n<li>Syst\u00e8me et r\u00e9seaux<\/li>\n<li>Quattor et ansible pour le d\u00e9ploiement de syst\u00e8mes Linux.<\/li>\n<li>Active Directory pour la gestion des postes Windows et l&rsquo;authentification centralis\u00e9e de tous les postes (Windows et Linux).<\/li>\n<li>Exp\u00e9rience de la mise \u00e0 disposition de ressources importantes (plusieurs racks 42U) de calcul et de stockage.<\/li>\n<li>Exp\u00e9rience de la mise en place d&rsquo;un n\u0153ud de calcul de type Tier-2 pour le calcul LHC.<\/li>\n<li>Administration exploitation et surveillance de services (messagerie, Web, bases de donn\u00e9es&#8230;).<\/li>\n<li>Cloisonnement, filtrage.<\/li>\n<li>S\u00e9curit\u00e9 informatique.<\/li>\n<\/ul>\n<p>\u00a0<\/p>\n<p>Comp\u00e9tences en d\u00e9veloppement d&rsquo;applications<\/p>\n<ul>\n<li>Langages de programmation : Principalement C, C++, Java, Python, PHP, AJAX, SQL XML, XSLT. Mais aussi divers assembleurs et FORTRAN.<\/li>\n<li>Bases de Donn\u00e9es : ORACLE, mySQL, postgreSQL.<\/li>\n<li>Programmation parall\u00e8le, web services, syst\u00e8mes embarqu\u00e9s, temps r\u00e9el, programmation syst\u00e8me linux (drivers, gestion d&rsquo;interruption), interfaces homme machine.<\/li>\n<li>Outils de collaboration<\/li>\n<li>Contr\u00f4le de version: Git; CMS JOOMLA; IDE: Lab Windows\/CVI, Eclipse.<\/li>\n<li>Outils m\u00e9thodologiques<\/li>\n<li>UML, Agile.<\/li>\n<li>Management de projets et bug tracking: TRAC, MANTIS, REDMINE (forge in2p3).<\/li>\n<li>Principes d&rsquo;assurance qualit\u00e9 de logiciel: organisation de revues, r\u00e9daction de documents<\/li>\n<\/ul>\n\t\t\t\t\t\t\tEquipements\n<h1>Projet Ecoclim au LPSC Grenoble : Free-cooling \u00e0 air direct<\/h1>\n<p><a href=\"https:\/\/lpsc-wordpress.in2p3.fr\/wp-content\/uploads\/2024\/11\/Ecoclim-francais-article-2011.pdf\">T\u00e9l\u00e9charger le dossier complet en cliquant ici<\/a><\/p>\n<p>Pour subvenir aux besoins de climatisation de ses salles informatiques le LPSC a mis en place un syst\u00e8me original de refroidissement ayant les caract\u00e9ristiques suivantes:<\/p>\n<ul>\n<li>Fonctionnement en free-cooling (85% du temps)<\/li>\n<li>Les flux d&rsquo;air en face avant des machines sont s\u00e9par\u00e9s des flux en face arri\u00e8re (principe du couloir froid)<\/li>\n<li>Refroidissement par simple \u00e9changeur air\/eau utilisant l&rsquo;eau industrielle (15% du temps)<\/li>\n<\/ul>\n<p>Ce syst\u00e8me permet, outre une \u00e9conomie substantielle des consommations \u00e9lectriques, une moindre d\u00e9pendance \u00e0 la disponibilit\u00e9 de l&rsquo;eau industrielle.<\/p>\n<h3>Sch\u00e9ma de principe<\/h3>\n<p><img loading=\"lazy\" decoding=\"async\" src=\"https:\/\/lpsc-wordpress.in2p3.fr\/wp-content\/uploads\/2024\/11\/Ecoclim1.jpg\" alt=\"\" width=\"626\" height=\"385\" \/><\/p>\n<p>La figure ci-dessus montre une vue de dessus de nos deux pi\u00e8ces informatiques.<\/p>\n<p>La pi\u00e8ce de droite contient les baies informatiques qui aspirent l&rsquo;air en face avant (en bas sur le sch\u00e9ma) et le rejettent en face arri\u00e8re (en haut sur le sch\u00e9ma). Noter que la face avant est s\u00e9par\u00e9e de la face arri\u00e8re par une cloison pour \u00e9viter un recyclage intempestif. La pi\u00e8ce de gauche contient l&rsquo;\u00e9changeur et le syst\u00e8me de ventilation et de filtrage.<\/p>\n<p>L&rsquo;air est aspir\u00e9 \u00e0 l&rsquo;ext\u00e9rieur du b\u00e2timent par la vanne d&rsquo;arriv\u00e9e d&rsquo;air et souffl\u00e9 \u00e0 l&rsquo;ext\u00e9rieur par la vanne de sortie d&rsquo;air.<\/p>\n<h3>R\u00e9gimes de fonctionnement<\/h3>\n<p>Le sch\u00e9ma ci-dessous montre les diff\u00e9rents r\u00e9gimes de fonctionnement de notre syst\u00e8me avec une temp\u00e9rature de consigne impos\u00e9e en face avant.<\/p>\n<p><img loading=\"lazy\" decoding=\"async\" src=\"https:\/\/lpsc-wordpress.in2p3.fr\/wp-content\/uploads\/2024\/11\/Ecoclim2.gif\" alt=\"\" width=\"631\" height=\"355\" \/><\/p>\n<h3>Filtration et hygrom\u00e9trie<\/h3>\n<p>Sur les conseils de notre installateur nous avons choisi des filtres G4 qui sont d&rsquo;un co\u00fbt modique.<\/p>\n<p>L&rsquo;hygrom\u00e9trie de la salle informatique n&rsquo;est pas contr\u00f4l\u00e9e. En face avant des machines l&rsquo;air peut donc \u00eatre fortement charg\u00e9 en humidit\u00e9. Une r\u00e9cup\u00e9ration des condensats est faite sur l&rsquo;\u00e9changeur. Etant donn\u00e9 que les machines chauffent il n&rsquo;y a pas de risque de condensation dans celles-ci.<\/p>\n<p><strong>Ces choix sont possibles aujourd&rsquo;hui car<\/strong><\/p>\n<ul>\n<li>Les serveurs supportent un environnement non parfaitement propre et une hygrom\u00e9trie variable.<\/li>\n<li>Nous n&rsquo;avons plus de bande magn\u00e9tique en salle informatique gr\u00e2ce \u00e0 la mise en place en 2006 de la sauvegarde d\u00e9port\u00e9e au Centre de Calcul de l&rsquo;IN2P3 via le r\u00e9seau RENATER.<\/li>\n<\/ul>\n<h1>Conclusion<\/h1>\n<h3>Economie d&rsquo;\u00e9nergie<\/h3>\n<p>Le premier int\u00e9r\u00eat de cette solution est l&rsquo;\u00e9conomie d&rsquo;\u00e9nergie.<\/p>\n<p>En effet la puissance \u00e9lectrique de ventilation n\u00e9cessaire que nous avons mesur\u00e9 correspond \u00e0 environ 2 \u00e0 3 % de la puissance install\u00e9e au lieu de 33% de la puissance install\u00e9e (COP de 3 pour une pompe \u00e0 chaleur).<\/p>\n<h5>En mode free cooling &#8211; 85% du temps \u00e0 Grenoble &#8211; on \u00e9conomise plus de 90% de la puissance de refroidissement !<\/h5>\n<p>Notre installation est pr\u00e9vue pour une puissance de 100kW (nous avons 8 baies informatique 42U).<\/p>\n<p>A puissance nominale l&rsquo;\u00e9conomie est de 300 000 kWh\/an ce qui fait que la totalit\u00e9 des investissements sur l&rsquo;infrastructure a \u00e9t\u00e9 <strong>rembours\u00e9e<\/strong> sur les \u00e9conomies de fonctionnement en moins de 5 ans!<\/p>\n<h3>Ind\u00e9pendance par rapport aux incidents li\u00e9s \u00e0 la climatisation<\/h3>\n<p>Le deuxi\u00e8me avantage de cette solution est d&rsquo;\u00eatre moins d\u00e9pendant de la climatisation. En effet usuellement une panne de climatisation entra\u00eene un arr\u00eat de l&rsquo;informatique.<\/p>\n<p>Dans notre cas ce type de probl\u00e8me n&rsquo;a d&rsquo;impact que si la temp\u00e9rature ext\u00e9rieure est sup\u00e9rieure \u00e0 30\u00b0 soit moins de 5% du temps Download the complete reference here.<\/p>\n<h5>R\u00e9duction de 95% des incidents informatiques dus \u00e0 la climatisation !<\/h5>\nS\u00e9lectionnez votre langue\n<ul aria-labelledby=\"language_picker_des_90\">\n<li>\u00a0<\/li>\n<\/ul>\n\n","protected":false},"excerpt":{"rendered":"<p>Informatique Pr\u00e9sentation Equipe Comp\u00e9tences Equipements Pr\u00e9sentation Pr\u00e9sentation et activit\u00e9s du Service informatique \u00a0 Le Service informatique a deux missions principales : Mission d&rsquo;exploitation des infrastructures informatiques du laboratoire : r\u00e9seaux, serveurs de donn\u00e9es, serveurs de calcul. Mission de conception, d\u00e9veloppement et exploitation de syst\u00e8mes informatis\u00e9s au b\u00e9n\u00e9fice des exp\u00e9riences de physique des hautes \u00e9nergies. \u00a0&hellip;<\/p>\n","protected":false},"author":2,"featured_media":0,"parent":0,"menu_order":0,"comment_status":"closed","ping_status":"closed","template":"","meta":{"footnotes":""},"class_list":["post-307","page","type-page","status-publish","hentry"],"yoast_head":"<!-- This site is optimized with the Yoast SEO plugin v27.3 - https:\/\/yoast.com\/product\/yoast-seo-wordpress\/ -->\n<title>Informatique - LPSC<\/title>\n<meta name=\"robots\" content=\"index, follow, max-snippet:-1, max-image-preview:large, max-video-preview:-1\" \/>\n<link rel=\"canonical\" href=\"https:\/\/lpsc-wordpress.in2p3.fr\/?page_id=307\" \/>\n<meta property=\"og:locale\" content=\"fr_FR\" \/>\n<meta property=\"og:type\" content=\"article\" \/>\n<meta property=\"og:title\" content=\"Informatique - LPSC\" \/>\n<meta property=\"og:description\" content=\"Informatique Pr\u00e9sentation Equipe Comp\u00e9tences Equipements Pr\u00e9sentation Pr\u00e9sentation et activit\u00e9s du Service informatique \u00a0 Le Service informatique a deux missions principales : Mission d&rsquo;exploitation des infrastructures informatiques du laboratoire : r\u00e9seaux, serveurs de donn\u00e9es, serveurs de calcul. Mission de conception, d\u00e9veloppement et exploitation de syst\u00e8mes informatis\u00e9s au b\u00e9n\u00e9fice des exp\u00e9riences de physique des hautes \u00e9nergies. \u00a0&hellip;\" \/>\n<meta property=\"og:url\" content=\"https:\/\/lpsc-wordpress.in2p3.fr\/?page_id=307\" \/>\n<meta property=\"og:site_name\" content=\"LPSC\" \/>\n<meta property=\"article:modified_time\" content=\"2026-02-09T09:15:46+00:00\" \/>\n<meta property=\"og:image\" content=\"https:\/\/lpsc-wordpress.in2p3.fr\/wp-content\/uploads\/2024\/10\/SI.png\" \/>\n<meta name=\"twitter:card\" content=\"summary_large_image\" \/>\n<meta name=\"twitter:label1\" content=\"Dur\u00e9e de lecture estim\u00e9e\" \/>\n\t<meta name=\"twitter:data1\" content=\"6 minutes\" \/>\n<script type=\"application\/ld+json\" class=\"yoast-schema-graph\">{\"@context\":\"https:\\\/\\\/schema.org\",\"@graph\":[{\"@type\":\"WebPage\",\"@id\":\"https:\\\/\\\/lpsc-wordpress.in2p3.fr\\\/?page_id=307\",\"url\":\"https:\\\/\\\/lpsc-wordpress.in2p3.fr\\\/?page_id=307\",\"name\":\"Informatique - LPSC\",\"isPartOf\":{\"@id\":\"https:\\\/\\\/lpsc-wordpress.in2p3.fr\\\/#website\"},\"primaryImageOfPage\":{\"@id\":\"https:\\\/\\\/lpsc-wordpress.in2p3.fr\\\/?page_id=307#primaryimage\"},\"image\":{\"@id\":\"https:\\\/\\\/lpsc-wordpress.in2p3.fr\\\/?page_id=307#primaryimage\"},\"thumbnailUrl\":\"https:\\\/\\\/lpsc-wordpress.in2p3.fr\\\/wp-content\\\/uploads\\\/2024\\\/10\\\/SI.png\",\"datePublished\":\"2024-10-10T14:52:45+00:00\",\"dateModified\":\"2026-02-09T09:15:46+00:00\",\"breadcrumb\":{\"@id\":\"https:\\\/\\\/lpsc-wordpress.in2p3.fr\\\/?page_id=307#breadcrumb\"},\"inLanguage\":\"fr-FR\",\"potentialAction\":[{\"@type\":\"ReadAction\",\"target\":[\"https:\\\/\\\/lpsc-wordpress.in2p3.fr\\\/?page_id=307\"]}]},{\"@type\":\"ImageObject\",\"inLanguage\":\"fr-FR\",\"@id\":\"https:\\\/\\\/lpsc-wordpress.in2p3.fr\\\/?page_id=307#primaryimage\",\"url\":\"https:\\\/\\\/lpsc-wordpress.in2p3.fr\\\/wp-content\\\/uploads\\\/2024\\\/10\\\/SI.png\",\"contentUrl\":\"https:\\\/\\\/lpsc-wordpress.in2p3.fr\\\/wp-content\\\/uploads\\\/2024\\\/10\\\/SI.png\",\"width\":1280,\"height\":800},{\"@type\":\"BreadcrumbList\",\"@id\":\"https:\\\/\\\/lpsc-wordpress.in2p3.fr\\\/?page_id=307#breadcrumb\",\"itemListElement\":[{\"@type\":\"ListItem\",\"position\":1,\"name\":\"Accueil\",\"item\":\"https:\\\/\\\/lpsc-wordpress.in2p3.fr\\\/\"},{\"@type\":\"ListItem\",\"position\":2,\"name\":\"Informatique\"}]},{\"@type\":\"WebSite\",\"@id\":\"https:\\\/\\\/lpsc-wordpress.in2p3.fr\\\/#website\",\"url\":\"https:\\\/\\\/lpsc-wordpress.in2p3.fr\\\/\",\"name\":\"LPSC\",\"description\":\"\",\"potentialAction\":[{\"@type\":\"SearchAction\",\"target\":{\"@type\":\"EntryPoint\",\"urlTemplate\":\"https:\\\/\\\/lpsc-wordpress.in2p3.fr\\\/?s={search_term_string}\"},\"query-input\":{\"@type\":\"PropertyValueSpecification\",\"valueRequired\":true,\"valueName\":\"search_term_string\"}}],\"inLanguage\":\"fr-FR\"}]}<\/script>\n<!-- \/ Yoast SEO plugin. -->","yoast_head_json":{"title":"Informatique - LPSC","robots":{"index":"index","follow":"follow","max-snippet":"max-snippet:-1","max-image-preview":"max-image-preview:large","max-video-preview":"max-video-preview:-1"},"canonical":"https:\/\/lpsc-wordpress.in2p3.fr\/?page_id=307","og_locale":"fr_FR","og_type":"article","og_title":"Informatique - LPSC","og_description":"Informatique Pr\u00e9sentation Equipe Comp\u00e9tences Equipements Pr\u00e9sentation Pr\u00e9sentation et activit\u00e9s du Service informatique \u00a0 Le Service informatique a deux missions principales : Mission d&rsquo;exploitation des infrastructures informatiques du laboratoire : r\u00e9seaux, serveurs de donn\u00e9es, serveurs de calcul. Mission de conception, d\u00e9veloppement et exploitation de syst\u00e8mes informatis\u00e9s au b\u00e9n\u00e9fice des exp\u00e9riences de physique des hautes \u00e9nergies. \u00a0&hellip;","og_url":"https:\/\/lpsc-wordpress.in2p3.fr\/?page_id=307","og_site_name":"LPSC","article_modified_time":"2026-02-09T09:15:46+00:00","og_image":[{"url":"https:\/\/lpsc-wordpress.in2p3.fr\/wp-content\/uploads\/2024\/10\/SI.png","type":"","width":"","height":""}],"twitter_card":"summary_large_image","twitter_misc":{"Dur\u00e9e de lecture estim\u00e9e":"6 minutes"},"schema":{"@context":"https:\/\/schema.org","@graph":[{"@type":"WebPage","@id":"https:\/\/lpsc-wordpress.in2p3.fr\/?page_id=307","url":"https:\/\/lpsc-wordpress.in2p3.fr\/?page_id=307","name":"Informatique - LPSC","isPartOf":{"@id":"https:\/\/lpsc-wordpress.in2p3.fr\/#website"},"primaryImageOfPage":{"@id":"https:\/\/lpsc-wordpress.in2p3.fr\/?page_id=307#primaryimage"},"image":{"@id":"https:\/\/lpsc-wordpress.in2p3.fr\/?page_id=307#primaryimage"},"thumbnailUrl":"https:\/\/lpsc-wordpress.in2p3.fr\/wp-content\/uploads\/2024\/10\/SI.png","datePublished":"2024-10-10T14:52:45+00:00","dateModified":"2026-02-09T09:15:46+00:00","breadcrumb":{"@id":"https:\/\/lpsc-wordpress.in2p3.fr\/?page_id=307#breadcrumb"},"inLanguage":"fr-FR","potentialAction":[{"@type":"ReadAction","target":["https:\/\/lpsc-wordpress.in2p3.fr\/?page_id=307"]}]},{"@type":"ImageObject","inLanguage":"fr-FR","@id":"https:\/\/lpsc-wordpress.in2p3.fr\/?page_id=307#primaryimage","url":"https:\/\/lpsc-wordpress.in2p3.fr\/wp-content\/uploads\/2024\/10\/SI.png","contentUrl":"https:\/\/lpsc-wordpress.in2p3.fr\/wp-content\/uploads\/2024\/10\/SI.png","width":1280,"height":800},{"@type":"BreadcrumbList","@id":"https:\/\/lpsc-wordpress.in2p3.fr\/?page_id=307#breadcrumb","itemListElement":[{"@type":"ListItem","position":1,"name":"Accueil","item":"https:\/\/lpsc-wordpress.in2p3.fr\/"},{"@type":"ListItem","position":2,"name":"Informatique"}]},{"@type":"WebSite","@id":"https:\/\/lpsc-wordpress.in2p3.fr\/#website","url":"https:\/\/lpsc-wordpress.in2p3.fr\/","name":"LPSC","description":"","potentialAction":[{"@type":"SearchAction","target":{"@type":"EntryPoint","urlTemplate":"https:\/\/lpsc-wordpress.in2p3.fr\/?s={search_term_string}"},"query-input":{"@type":"PropertyValueSpecification","valueRequired":true,"valueName":"search_term_string"}}],"inLanguage":"fr-FR"}]}},"_links":{"self":[{"href":"https:\/\/lpsc-wordpress.in2p3.fr\/index.php?rest_route=\/wp\/v2\/pages\/307","targetHints":{"allow":["GET"]}}],"collection":[{"href":"https:\/\/lpsc-wordpress.in2p3.fr\/index.php?rest_route=\/wp\/v2\/pages"}],"about":[{"href":"https:\/\/lpsc-wordpress.in2p3.fr\/index.php?rest_route=\/wp\/v2\/types\/page"}],"author":[{"embeddable":true,"href":"https:\/\/lpsc-wordpress.in2p3.fr\/index.php?rest_route=\/wp\/v2\/users\/2"}],"replies":[{"embeddable":true,"href":"https:\/\/lpsc-wordpress.in2p3.fr\/index.php?rest_route=%2Fwp%2Fv2%2Fcomments&post=307"}],"version-history":[{"count":11,"href":"https:\/\/lpsc-wordpress.in2p3.fr\/index.php?rest_route=\/wp\/v2\/pages\/307\/revisions"}],"predecessor-version":[{"id":3378,"href":"https:\/\/lpsc-wordpress.in2p3.fr\/index.php?rest_route=\/wp\/v2\/pages\/307\/revisions\/3378"}],"wp:attachment":[{"href":"https:\/\/lpsc-wordpress.in2p3.fr\/index.php?rest_route=%2Fwp%2Fv2%2Fmedia&parent=307"}],"curies":[{"name":"wp","href":"https:\/\/api.w.org\/{rel}","templated":true}]}}