{"id":304,"date":"2024-10-10T16:52:03","date_gmt":"2024-10-10T14:52:03","guid":{"rendered":"https:\/\/lpsc-wordpress.in2p3.fr\/?page_id=304"},"modified":"2024-12-10T10:51:38","modified_gmt":"2024-12-10T09:51:38","slug":"atlas-copy-16","status":"publish","type":"page","link":"https:\/\/lpsc-wordpress.in2p3.fr\/?page_id=304","title":{"rendered":"Electronique"},"content":{"rendered":"\n\n\t\t\t\t<img loading=\"lazy\" decoding=\"async\" src=\"https:\/\/lpsc-wordpress.in2p3.fr\/wp-content\/uploads\/2024\/10\/service-electronique-1.png\" alt=\"service electronique\" itemprop=\"image\" height=\"800\" width=\"1280\" title=\"service electronique\" onerror=\"this.style.display='none'\"  \/>\n<h2>\n\t\tElectronique\n\t<\/h2>\n\t<p>\u00c0 la demande des chercheurs, le service \u00e9lectronique con\u00e7oit des cartes et syst\u00e8mes \u00e9lectroniques et des circuits int\u00e9gr\u00e9s \u00e0 l&rsquo;\u00e9tat de l&rsquo;art pour les exp\u00e9riences de physique auxquelles le laboratoire participe.<\/p>\n\t\t\t\tPr\u00e9sentation\n\t\t\t\tEquipe \n\t\t\t\tActivit\u00e9s\n\t\t\t\t\t\t\tPr\u00e9sentation\n\t\t\t\t<p>Le LPSC dispose d&rsquo;un service \u00e9lectronique qui a pour missions la conception, la fabrication, la mise en \u0153uvre et la maintenance d&rsquo;\u00e9lectroniques au fonctionnement des exp\u00e9riences de physique auxquelles le LPSC est associ\u00e9. Il intervient de la sp\u00e9cification du besoin, avec les chercheurs, jusqu&rsquo;\u00e0 la validation et la mise en service de la solution, sur le site de l&rsquo;exp\u00e9rience, en passant par les simulations.<br \/>Afin de rester \u00e0 la pointe de la technologie, le service \u00e9lectronique participe \u00e9galement \u00e0 des projets de R&amp;D pour de la veille technologique et dispose d&rsquo;une partie de recherche avec des enseignants-chercheurs, doctorants et post-doctorants.<\/p>\n\t\t\t\t\t\t\tEquipe \n\t\t\t\t<p>Le <a href=\"https:\/\/annuaire.in2p3.fr\/search\/Electronique%20lpsc\">service \u00e9lectronique<\/a> est compos\u00e9 actuellement de dix-huit personnes, au profil vari\u00e9 : techniciens, assistants-ing\u00e9nieurs, ing\u00e9nieurs, doctorants, et enseignants-chercheurs.<\/p>\n<p>En plus du personnel, le service \u00e9lectronique recrute r\u00e9guli\u00e8rement des stagiaires et alternants, du niveau BTS \u00e0 l&rsquo;\u00e9cole d&rsquo;ing\u00e9nieurs.<\/p>\n<p>Pour rejoindre notre \u00e9quipe, vous pouvez consulter les <a href=\"https:\/\/lpsc.in2p3.fr\/?page_id=382\">offres\u00a0d&#8217;emplois<\/a>, de <a href=\"https:\/\/lpsc.in2p3.fr\/?page_id=382\">th\u00e8ses<\/a> et de <a href=\"https:\/\/lpsc.in2p3.fr\/?page_id=382\">stages<\/a> ou envoyer votre candidature spontan\u00e9e au <a href=\"https:\/\/annuaire.in2p3.fr\/search\/Chef%20de%20service%20Electronique%20lpsc\">responsable du service \u00e9lectronique<\/a>..<\/p>\n\t\t\t\t\t\t\tActivit\u00e9s\n\t\t\t\t<p>Les activit\u00e9s du service \u00e9lectronique se r\u00e9partissent de la fa\u00e7on suivante :<\/p>\n<p><strong>\u00c9lectronique syst\u00e8me<\/strong><br \/>\u2022 Conception de cartes, analogiques et\/ou num\u00e9riques<br \/>\u2022 Conception de syst\u00e8mes radio-fr\u00e9quences<br \/>\u2022 D\u00e9veloppement de firmwares pour FPGA<br \/>\u2022 D\u00e9veloppement de logiciels embarqu\u00e9s pour microprocesseurs<br \/>\u2022 D\u00e9veloppement de pilotes logiciels pour communiquer avec les cartes \u00e9lectroniques d\u00e9velopp\u00e9es<br \/>\u2022 Simulation<br \/>\u2022 Traitement du signal<\/p>\n<p><strong>Micro\u00e9lectronique<\/strong><br \/>\u2022 Conception de circuits int\u00e9gr\u00e9s : ADC, DAC et ASIC de type pr\u00e9-amplificateur \u00e0 bas bruit et \u00e0 large bande<br \/>\u2022 R&amp;D de convertisseurs analogiques-num\u00e9riques (ADC) et num\u00e9riques-analogiques (DAC)<br \/>\u2022 Caract\u00e9risation et tests d&rsquo;ADC et de DAC<\/p>\n<p><strong>Instrumentation et automatisme<\/strong><br \/>\u2022 C\u00e2blage de cartes, de baies et d&rsquo;exp\u00e9riences<br \/>\u2022 Montage de d\u00e9tecteurs<br \/>\u2022 Instrumentation<br \/>\u2022 Contr\u00f4le-commande<br \/>\u2022 Automatisme \/ Mise en \u0153uvre d&rsquo;automates programmables<br \/>\u2022 Conception de c\u00e2bles<br \/>\u2022 D\u00e9veloppement d&rsquo;outils de test<\/p>\n<p><strong>CAO (Conception Assist\u00e9e par Ordinateur) de cartes<\/strong><br \/>\u2022 Placement et routage des cartes<br \/>\u2022 Suivi de fabrication et c\u00e2blage des cartes<br \/>\u2022 Simulations m\u00e9canique, thermique et \u00e9lectrique<br \/>\u2022 Gestion de la biblioth\u00e8que de composants<\/p>\n<p>Pour plus d&rsquo;informations sur nos activit\u00e9s et r\u00e9alisations, vous pouvez consulter notre dernier <a href=\"https:\/\/lpsc.in2p3.fr\/wp-content\/uploads\/2024\/11\/Rapport-activits-LPSC-2019-20213.pdf\">rapport d&rsquo;activit\u00e9.<\/a><\/p>\n\n","protected":false},"excerpt":{"rendered":"<p>Electronique \u00c0 la demande des chercheurs, le service \u00e9lectronique con\u00e7oit des cartes et syst\u00e8mes \u00e9lectroniques et des circuits int\u00e9gr\u00e9s \u00e0 l&rsquo;\u00e9tat de l&rsquo;art pour les exp\u00e9riences de physique auxquelles le laboratoire participe. Pr\u00e9sentation Equipe Activit\u00e9s Pr\u00e9sentation Le LPSC dispose d&rsquo;un service \u00e9lectronique qui a pour missions la conception, la fabrication, la mise en \u0153uvre et&hellip;<\/p>\n","protected":false},"author":2,"featured_media":0,"parent":0,"menu_order":0,"comment_status":"closed","ping_status":"closed","template":"","meta":{"footnotes":""},"class_list":["post-304","page","type-page","status-publish","hentry"],"_links":{"self":[{"href":"https:\/\/lpsc-wordpress.in2p3.fr\/index.php?rest_route=\/wp\/v2\/pages\/304","targetHints":{"allow":["GET"]}}],"collection":[{"href":"https:\/\/lpsc-wordpress.in2p3.fr\/index.php?rest_route=\/wp\/v2\/pages"}],"about":[{"href":"https:\/\/lpsc-wordpress.in2p3.fr\/index.php?rest_route=\/wp\/v2\/types\/page"}],"author":[{"embeddable":true,"href":"https:\/\/lpsc-wordpress.in2p3.fr\/index.php?rest_route=\/wp\/v2\/users\/2"}],"replies":[{"embeddable":true,"href":"https:\/\/lpsc-wordpress.in2p3.fr\/index.php?rest_route=%2Fwp%2Fv2%2Fcomments&post=304"}],"version-history":[{"count":6,"href":"https:\/\/lpsc-wordpress.in2p3.fr\/index.php?rest_route=\/wp\/v2\/pages\/304\/revisions"}],"predecessor-version":[{"id":2151,"href":"https:\/\/lpsc-wordpress.in2p3.fr\/index.php?rest_route=\/wp\/v2\/pages\/304\/revisions\/2151"}],"wp:attachment":[{"href":"https:\/\/lpsc-wordpress.in2p3.fr\/index.php?rest_route=%2Fwp%2Fv2%2Fmedia&parent=304"}],"curies":[{"name":"wp","href":"https:\/\/api.w.org\/{rel}","templated":true}]}}