{"id":297,"date":"2024-03-19T14:21:19","date_gmt":"2024-03-19T13:21:19","guid":{"rendered":"https:\/\/lpsc-wordpress.in2p3.fr\/?page_id=297"},"modified":"2026-04-07T11:21:47","modified_gmt":"2026-04-07T09:21:47","slug":"atlas-copy-2","status":"publish","type":"page","link":"https:\/\/lpsc-wordpress.in2p3.fr\/?page_id=297","title":{"rendered":"Info pratiques"},"content":{"rendered":"\n<figure itemscope itemtype=\"https:\/\/schema.org\/ImageObject\">\n\t\t\t\t<img decoding=\"async\" src=\"https:\/\/lpsc-wordpress.in2p3.fr\/wp-content\/uploads\/2024\/03\/presquile.png\" alt=\"presquile\" height=\"800\" width=\"1280\" title=\"presquile\" onerror=\"this.style.display='none'\" loading=\"lazy\" \/>\n\t<\/figure>\n<h2>\n\t\t\tInfos pratiques\t<\/h2>\n\t<strong>LPSC<\/strong><br \/>\n53 Avenue des Martyrs<br \/>\n38000 Grenoble\n<p>UMR 5821<\/p>\n<p><a href=\"https:\/\/lpsc-wordpress.in2p3.fr\/wp-content\/uploads\/2026\/04\/Plan-Reperage-LPSC-Complet.pdf\" target=\"_blank\" rel=\"noopener\">Plan du laboratoire<\/a><\/p>\n\t<p><a href=\"https:\/\/annuaire.in2p3.fr\/laboratory\/7\" target=\"_blank\" rel=\"noopener\">Annuaire du LPSC<\/a><\/p>\n\t<p>accueil@lpsc.in2p3.fr<\/p>\n\t<strong>Heure d&rsquo;ouverture du site<\/strong><br \/>\ndu lundi au vendredi de 7h30 \u00e0 14h30. En dehors de cette plage horaire, un rendez-vous avec un contact interne devra \u00eatre pr\u00e9vu.\n\t<p>La surveillance du site n\u00e9cessite que les visiteurs soient recens\u00e9s et contr\u00f4l\u00e9s. Une pi\u00e8ce d&rsquo;identit\u00e9 devra \u00eatre pr\u00e9sent\u00e9e \u00e0 l&rsquo;agent de s\u00e9curit\u00e9 du poste de garde (portail v\u00e9hicule).<\/p>\n<p>&nbsp;<\/p>\n<p><a href=\"https:\/\/lpsc-wordpress.in2p3.fr\/wp-content\/uploads\/2024\/11\/Acces_LPSC__Arriver_Sortir1.pdf\">Arriver et sortir du site<\/a><\/p>\n\t<iframe src=\"https:\/\/www.google.com\/maps\/embed\/v1\/place?q=53+avenue+des+martyrs%2C+38000+grenoble&#038;key=AIzaSyD09zQ9PNDNNy9TadMuzRV_UsPUoWKntt8\" aria-hidden=\"true\"><\/iframe>\n<h2>\n\t\t\tVenir \u00e0 Grenoble\t<\/h2>\n\t<p><strong>En train<\/strong><\/p>\n<p>La gare est id\u00e9alement situ\u00e9e en centre ville.<\/p>\n<p>Grenoble &#8211; Lyon : trains r\u00e9gionaux toutes les 30mn, 1h20 de trajet.<\/p>\n<p>Grenoble &#8211; Paris : 8 TGV directs par jour relient Grenoble \u00e0 la capitale en un peu plus de 3 heures.<\/p>\n<p>Pour plus d&rsquo;informations, consultez le<a href=\"https:\/\/www.sncf.com\/fr\" target=\"_blank\" rel=\"noopener\"> site de la SNCF<\/a>.<\/p>\n<p><strong>En voiture<\/strong><\/p>\n<p>Grenoble est particuli\u00e8rement facile d&rsquo;acc\u00e8s par l&rsquo;autoroute A48 (Lyon, Valence), l&rsquo;autoroute A41 (Chamb\u00e9ry, Annecy, Gen\u00e8ve) et l&rsquo;autoroute A51 (Marseille, Nice).<\/p>\n<p><strong>En avion<\/strong><\/p>\n<p><a href=\"https:\/\/www.lyonaeroports.com\/\" target=\"_blank\" rel=\"noopener\">A\u00e9roport Lyon &#8211; Saint Exup\u00e9ry<\/a> \u00e0 une heure de Grenoble. Des <a href=\"https:\/\/www.blablacar.co.uk\/bus\" target=\"_blank\" rel=\"noopener\">navettes r\u00e9guli\u00e8res<\/a> desservent la gare routi\u00e8re de Grenoble mais aussi l&rsquo;arr\u00eat \u00ab\u00a0Grenoble Oxford\u00a0\u00bb situ\u00e9 \u00e0 proximit\u00e9 du laboratoire.<\/p>\n<p><a href=\"https:\/\/www.gva.ch\/fr\/\" target=\"_blank\" rel=\"noopener\">A\u00e9roport international de Gen\u00e8ve<\/a> \u00e0 deux heures de Grenoble. Un service de navettes existe entre l&rsquo;a\u00e9roport international de Gen\u00e8ve et la gare routi\u00e8re de Grenoble ou l&rsquo;arr\u00eat \u00ab\u00a0Grenoble Oxford\u00a0\u00bb.<\/p>\n<h2>\n\t\t\tVenir au laboratoire\t<\/h2>\n\t<p>Le plus simple pour acc\u00e9der au LPSC est de prendre le <a href=\"https:\/\/www.tag.fr\/8-horaires.htm?code=SEM%3AB\" target=\"_blank\" rel=\"noopener\">Tram B<\/a>, qui traverse le centre ville, en direction de \u00ab\u00a0Grenoble Oxford\u00a0\u00bb. Le LPSC se trouve juste en face du terminus, station \u00ab\u00a0Grenoble Oxford\u00a0\u00bb.<\/p>\n<p>Les billets peuvent \u00eatre achet\u00e9s individuellement aux arr\u00eats de tramway (distributeurs) et doivent \u00eatre compost\u00e9s avant l&#8217;embarquement (les machines sont disponibles sur les quais).<\/p>\n<p>Le site des <a href=\"https:\/\/www.tag.fr\/\" target=\"_blank\" rel=\"noopener\">Transports \u00e0 Grenoble et son Agglom\u00e9ration<\/a> vous permettra d&rsquo;obtenir des plans, renseignements et informations sur les transports de l&rsquo;agglom\u00e9ration desservant le LPSC.<\/p>\nPossibilit\u00e9 d&rsquo;acheter et de valider par carte bancaire<br \/>\n<a href=\"https:\/\/www.reso-m.fr\/696-achetez-et-validez-par-carte-bancaire-.htm\" target=\"_blank\" rel=\"noopener\">https:\/\/www.reso-m.fr\/696-achetez-et-validez-par-carte-bancaire-.htm<\/a>\n<h2>\n\t\t\tDormir \u00e0 Grenoble\t<\/h2>\n<p>&nbsp;<\/p>\n<p>Vous trouverez la liste des h\u00e9bergements de Grenoble sur le site de l&rsquo;<a href=\"https:\/\/www.grenoble-tourisme.com\/fr\/ou-dormir\/\" target=\"_blank\" rel=\"noopener noreferrer\">Office de Tourisme<\/a>.<\/p>\n<p>Dans le cadre d&rsquo;une mission, veuillez prendre contact avec le service financier du laboratoire.<\/p>\n<p>&nbsp;<\/p>\n\n","protected":false},"excerpt":{"rendered":"<p>Infos pratiques LPSC 53 Avenue des Martyrs 38000 Grenoble UMR 5821 Plan du laboratoire Annuaire du LPSC accueil@lpsc.in2p3.fr Heure d&rsquo;ouverture du site du lundi au vendredi de 7h30 \u00e0 14h30. En dehors de cette plage horaire, un rendez-vous avec un contact interne devra \u00eatre pr\u00e9vu. La surveillance du site n\u00e9cessite que les visiteurs soient recens\u00e9s&hellip;<\/p>\n","protected":false},"author":2,"featured_media":0,"parent":0,"menu_order":0,"comment_status":"closed","ping_status":"closed","template":"","meta":{"footnotes":""},"class_list":["post-297","page","type-page","status-publish","hentry"],"_links":{"self":[{"href":"https:\/\/lpsc-wordpress.in2p3.fr\/index.php?rest_route=\/wp\/v2\/pages\/297","targetHints":{"allow":["GET"]}}],"collection":[{"href":"https:\/\/lpsc-wordpress.in2p3.fr\/index.php?rest_route=\/wp\/v2\/pages"}],"about":[{"href":"https:\/\/lpsc-wordpress.in2p3.fr\/index.php?rest_route=\/wp\/v2\/types\/page"}],"author":[{"embeddable":true,"href":"https:\/\/lpsc-wordpress.in2p3.fr\/index.php?rest_route=\/wp\/v2\/users\/2"}],"replies":[{"embeddable":true,"href":"https:\/\/lpsc-wordpress.in2p3.fr\/index.php?rest_route=%2Fwp%2Fv2%2Fcomments&post=297"}],"version-history":[{"count":13,"href":"https:\/\/lpsc-wordpress.in2p3.fr\/index.php?rest_route=\/wp\/v2\/pages\/297\/revisions"}],"predecessor-version":[{"id":3647,"href":"https:\/\/lpsc-wordpress.in2p3.fr\/index.php?rest_route=\/wp\/v2\/pages\/297\/revisions\/3647"}],"wp:attachment":[{"href":"https:\/\/lpsc-wordpress.in2p3.fr\/index.php?rest_route=%2Fwp%2Fv2%2Fmedia&parent=297"}],"curies":[{"name":"wp","href":"https:\/\/api.w.org\/{rel}","templated":true}]}}