{"id":2945,"date":"2025-09-15T14:50:44","date_gmt":"2025-09-15T12:50:44","guid":{"rendered":"https:\/\/lpsc-wordpress.in2p3.fr\/?page_id=2945"},"modified":"2025-09-16T10:17:21","modified_gmt":"2025-09-16T08:17:21","slug":"direction-et-correspondants-copy","status":"publish","type":"page","link":"https:\/\/lpsc-wordpress.in2p3.fr\/?page_id=2945","title":{"rendered":"Conseil Scientifique"},"content":{"rendered":"\n<h2>\n\t\t\tConseil Scientifique\t<\/h2>\n\t<h2>Pr\u00e9sident<\/h2>\n<ul>\n<li>Patrice Verdier (IP2I)<\/li>\n<\/ul>\n<h2>Experts externes<\/h2>\n<ul>\n<li>Delphine Hardin (LPNHE)<\/li>\n<li>Fabrice Hubaut (CPPM)<\/li>\n<li>Christian Morel (CPPM)<\/li>\n<li>Ana Texeira (LPC Clermont)<\/li>\n<\/ul>\n<h2>Experts internes<\/h2>\n<ul>\n<li>Johan Br\u00e9geon<\/li>\n<li>Marie-H\u00e9l\u00e8ne Genest<\/li>\n<li>Jacob Lamblin<\/li>\n<li>Juan Macias-Perez<\/li>\n<li>St\u00e9phanie Roccia<\/li>\n<li>Nadine Sauzet<\/li>\n<\/ul>\n<p>&nbsp;<\/p>\n\n","protected":false},"excerpt":{"rendered":"<p>Conseil Scientifique Pr\u00e9sident Patrice Verdier (IP2I) Experts externes Delphine Hardin (LPNHE) Fabrice Hubaut (CPPM) Christian Morel (CPPM) Ana Texeira (LPC Clermont) Experts internes Johan Br\u00e9geon Marie-H\u00e9l\u00e8ne Genest Jacob Lamblin Juan Macias-Perez St\u00e9phanie Roccia Nadine Sauzet &nbsp;<\/p>\n","protected":false},"author":4,"featured_media":0,"parent":0,"menu_order":0,"comment_status":"closed","ping_status":"closed","template":"","meta":{"footnotes":""},"class_list":["post-2945","page","type-page","status-publish","hentry"],"_links":{"self":[{"href":"https:\/\/lpsc-wordpress.in2p3.fr\/index.php?rest_route=\/wp\/v2\/pages\/2945","targetHints":{"allow":["GET"]}}],"collection":[{"href":"https:\/\/lpsc-wordpress.in2p3.fr\/index.php?rest_route=\/wp\/v2\/pages"}],"about":[{"href":"https:\/\/lpsc-wordpress.in2p3.fr\/index.php?rest_route=\/wp\/v2\/types\/page"}],"author":[{"embeddable":true,"href":"https:\/\/lpsc-wordpress.in2p3.fr\/index.php?rest_route=\/wp\/v2\/users\/4"}],"replies":[{"embeddable":true,"href":"https:\/\/lpsc-wordpress.in2p3.fr\/index.php?rest_route=%2Fwp%2Fv2%2Fcomments&post=2945"}],"version-history":[{"count":4,"href":"https:\/\/lpsc-wordpress.in2p3.fr\/index.php?rest_route=\/wp\/v2\/pages\/2945\/revisions"}],"predecessor-version":[{"id":2950,"href":"https:\/\/lpsc-wordpress.in2p3.fr\/index.php?rest_route=\/wp\/v2\/pages\/2945\/revisions\/2950"}],"wp:attachment":[{"href":"https:\/\/lpsc-wordpress.in2p3.fr\/index.php?rest_route=%2Fwp%2Fv2%2Fmedia&parent=2945"}],"curies":[{"name":"wp","href":"https:\/\/api.w.org\/{rel}","templated":true}]}}