{"id":291,"date":"2024-10-14T10:30:43","date_gmt":"2024-10-14T08:30:43","guid":{"rendered":"https:\/\/lpsc-wordpress.in2p3.fr\/?page_id=291"},"modified":"2024-10-14T13:59:17","modified_gmt":"2024-10-14T11:59:17","slug":"atlas-copy-4","status":"publish","type":"page","link":"https:\/\/lpsc-wordpress.in2p3.fr\/?page_id=291","title":{"rendered":"Applications m\u00e9dicales"},"content":{"rendered":"\n\n\t\t\t\t<img loading=\"lazy\" decoding=\"async\" src=\"https:\/\/lpsc-wordpress.in2p3.fr\/wp-content\/uploads\/2024\/10\/new-large-mri-scan-equipment-with-long-table-2023-11-27-05-28-01-utc1.jpg\" alt=\"SSUCv3H4sIAAAAAAAACoRUuY7bMBDtA+QfDNYRIh6ixC1TpAuQPkgxIsdrYmnREKlNjIX\/PdRl02uv02nezLw5+EZvnz9tNqSFYDV52ryNVrKtc0OIPUTruwSXXxa8x85gnyOvPZdlDqCx0fcWXA62EPWugz0msBucG+HT5CQhQhwChqx62A0xYh+i1y8J5isLGN\/iDXqwfyMkgK4AZbzfjkBWRUPE59TWVZ116l+zvVkdkzNlJBf5if7gkCzcc3tDO3p+YEdWdK7yAcU3hCEev36HsBvXeY\/KBo3OQYd+CBfS+eP3efxn7PTx0v\/tps6DJFd9VYixM+3K936heTIta1XfyzA9wj5EO71knqHYVT3B79ZzsD++T0RGmYC6YIrqQjQlK5SmbSFKvW2VbAQoc+GaP07Zy\/boEGb9LLRE6gYr1dLCsAoLgYwXIGVZmFoBisTZMpgo59bIy5+0w\/2kjIUUBmN9ppRXr8GNATyrfOittt1zlubjbrqONU37oYv9ODFZt0Oc9wdok6SeNtvEiSu+gxBSuFnxXLzpFv0+q9P5OA28sBKT1D2alLNaNJXkilVS1JSWJD+ynU08Uztrg8PBeTBoHomKSl5yripafSCcKaBSKeIScD7K0dcwmvvO9yknnxDV8qrrKtJV7G1q4f9tiUpS9agtKVWjbkUzxVjz4KdDWBpa1IzK8yFd0xNRcZX4y3KS0kJsx56JoNyoSm8LWsq6EAzrAuptWTBA02isNduOmj79AwAA\/\/8DAOHLwNN9BQAA\" itemprop=\"image\" height=\"800\" width=\"1280\" title=\"New large mri scan equipment with long table in contemporary medical center\" onerror=\"this.style.display='none'\"  \/>\n<h2>\n\t\tApplications m\u00e9dicales\n\t<\/h2>\n\t<p>Les physiciens du LPSC sont engag\u00e9s depuis longtemps dans des r\u00e9alisations pour\u00a0 les applications m\u00e9dicales: tout d&rsquo;abord l&rsquo;\u00e9tude d&rsquo;un concept innovant de Tomographie par Emission de Positons (TEP) bas\u00e9 sur la scintillation du x\u00e9non liquide, la r\u00e9alisation d&rsquo;\u00e9lements d&rsquo;optique faisceau pour le centre italien d&rsquo;hadronth\u00e9rapie CNAO, et, plus r\u00e9cemment, par la conception d&rsquo;un moniteur faisceau pixellis\u00e9 <a href=\"http:\/\/lpsc.in2p3.fr\/index.php\/fr\/groupes-de-physique\/enjeux-societaux\/interface-medicale\/tradera\/presentation\">TraDeRa <\/a>pour le monitorage de la radioth\u00e9rapie X par le groupe DAMe. En parall\u00e8le des \u00e9tudes de simulation et mod\u00e9lisation en radioth\u00e9rapie sont men\u00e9es, en particulier sur l&rsquo;influence de nanoparticules.<\/p>\n\t\t\t\tPr\u00e9sentation\n\t\t\t\tEquipe \n\t\t\t\t\t\t\tPr\u00e9sentation\n<p>Les physiciens du LPSC sont engag\u00e9s depuis longtemps dans des r\u00e9alisations pour\u00a0 les applications m\u00e9dicales: tout d&rsquo;abord l&rsquo;\u00e9tude d&rsquo;un concept innovant de Tomographie par Emission de Positons (TEP) bas\u00e9 sur la scintillation du x\u00e9non liquide, la r\u00e9alisation d&rsquo;\u00e9lements d&rsquo;optique faisceau pour le centre italien d&rsquo;hadronth\u00e9rapie CNAO, et, plus r\u00e9cemment, par la conception d&rsquo;un moniteur faisceau pixellis\u00e9 <a href=\"http:\/\/lpsc.in2p3.fr\/index.php\/fr\/groupes-de-physique\/enjeux-societaux\/interface-medicale\/tradera\/presentation\">TraDeRa <\/a>pour le monitorage de la radioth\u00e9rapie X par le groupe DAMe. En parall\u00e8le des \u00e9tudes de simulation et mod\u00e9lisation en radioth\u00e9rapie sont men\u00e9es, en particulier sur l&rsquo;influence de nanoparticules.<\/p>\n<p>Depuis 2014-2015 deux nouvelles activit\u00e9s ont \u00e9t\u00e9 initi\u00e9es au laboratoire:<\/p>\n<p>&#8211; l&rsquo;une sur la th\u00e9rapie cibl\u00e9e par capture de neutrons sur des noyaux de bore ou gadolinium (NCT pour Neutron Capture Therapy). Le regain d&rsquo;int\u00e9r\u00eat sur cette th\u00e9rapie est motiv\u00e9 par l&rsquo;exploration d&rsquo;une fili\u00e8re de production de neutrons \u00e9pithermiques bas\u00e9e sur acc\u00e9l\u00e9rateur, et non plus sur des racteurs nucl\u00e9aires, ce qui permettra d&rsquo;envisager des dispositifs au sein des sites hospitalier;<\/p>\n<p>&#8211; l&rsquo;autre activit\u00e9 repose sur la mise au point de d\u00e9tecteurs diamants de grande surface, pour un \u00e9tiquetage spatial et temporel des ions incidents en hadronth\u00e9rapie: un tel d\u00e9tecteur permettra de synchroniser les imageurs de rayonnements secondaires (gamma prompts, protons secondaires) en vue d&rsquo;un contr\u00f4le en temps r\u00e9el du parcours des ions incidents.<\/p>\n<p>Ces activit\u00e9s sont men\u00e9es dans le cadre du GDR MI2B au niveau national. Au niveau r\u00e9gional, elles s&rsquo;inscrivent dans le LabEx PRIMES (Physique, Radiobiologie, Imagerie M\u00e9dicale et Simulation).<\/p>\n<p>Le groupe de Physique pour les Applications M\u00e9dicales b\u00e9n\u00e9ficie d&rsquo;un environnement exceptionnel pour les recherches sur les radioth\u00e9rapies innovantes, avec l&rsquo;ESRF (rayonnement synchrotron), l&rsquo;ILL (neutrons), le CHU-Grenoble, le CERN (CERN Medical Applications avec le projet OPENMED\/BioLEIR), et d&rsquo;un r\u00e9seau collaboratif de laboratoires IN2P3 et pluridisciplinaires r\u00e9gionaux permettant une visibilit\u00e9 internationale (Lyon, Marseille, Clermont, le CERN).<\/p>\n\t\t\t\t\t\t\tEquipe \n\t\t\t\t<h3>Equipe de recherche : membres permanents<\/h3>\n<ul>\n<li>Yannick Arnoud, Ma\u00eetre de conf\u00e9rences UGA<\/li>\n<li>Denis Dauvergne, Directeur de recherches CNRS<\/li>\n<li>Marie-Laure Gallin-Martel, Charg\u00e9e de reherches CNRS<\/li>\n<li>Sara Marcatily, Ing\u00e9nieur de recherches CNRS<\/li>\n<li>Olivier Rossetto, Ma\u00eetre de conf\u00e9rences UGA<\/li>\n<\/ul>\n<h3>Equipe de recherche : doctorants et post-doctorants<\/h3>\n<ul>\n<li>Rosuel Nicolas, doctorant depuis 2018<\/li>\n<li>S\u00e9bastien Curtoni, doctorant depuis 2017<\/li>\n<\/ul>\n<h3>Personnels des services techniques<\/h3>\n<ul>\n<li>G. Bosson, JL. Bouly, J. Bouvier, L. Gallin-Martel, F. Rarbi, M. Yamouni (Service \u00c9lectronique)<\/li>\n<li>M. Marton, J.F. Muraz (Service D\u00e9tecteurs et Instrumentation)<\/li>\n<li>J. Odier (Service Informatique)<\/li>\n<\/ul>\n\n","protected":false},"excerpt":{"rendered":"<p>Applications m\u00e9dicales Les physiciens du LPSC sont engag\u00e9s depuis longtemps dans des r\u00e9alisations pour\u00a0 les applications m\u00e9dicales: tout d&rsquo;abord l&rsquo;\u00e9tude d&rsquo;un concept innovant de Tomographie par Emission de Positons (TEP) bas\u00e9 sur la scintillation du x\u00e9non liquide, la r\u00e9alisation d&rsquo;\u00e9lements d&rsquo;optique faisceau pour le centre italien d&rsquo;hadronth\u00e9rapie CNAO, et, plus r\u00e9cemment, par la conception d&rsquo;un&hellip;<\/p>\n","protected":false},"author":2,"featured_media":0,"parent":0,"menu_order":0,"comment_status":"closed","ping_status":"closed","template":"","meta":{"footnotes":""},"class_list":["post-291","page","type-page","status-publish","hentry"],"_links":{"self":[{"href":"https:\/\/lpsc-wordpress.in2p3.fr\/index.php?rest_route=\/wp\/v2\/pages\/291","targetHints":{"allow":["GET"]}}],"collection":[{"href":"https:\/\/lpsc-wordpress.in2p3.fr\/index.php?rest_route=\/wp\/v2\/pages"}],"about":[{"href":"https:\/\/lpsc-wordpress.in2p3.fr\/index.php?rest_route=\/wp\/v2\/types\/page"}],"author":[{"embeddable":true,"href":"https:\/\/lpsc-wordpress.in2p3.fr\/index.php?rest_route=\/wp\/v2\/users\/2"}],"replies":[{"embeddable":true,"href":"https:\/\/lpsc-wordpress.in2p3.fr\/index.php?rest_route=%2Fwp%2Fv2%2Fcomments&post=291"}],"version-history":[{"count":4,"href":"https:\/\/lpsc-wordpress.in2p3.fr\/index.php?rest_route=\/wp\/v2\/pages\/291\/revisions"}],"predecessor-version":[{"id":1234,"href":"https:\/\/lpsc-wordpress.in2p3.fr\/index.php?rest_route=\/wp\/v2\/pages\/291\/revisions\/1234"}],"wp:attachment":[{"href":"https:\/\/lpsc-wordpress.in2p3.fr\/index.php?rest_route=%2Fwp%2Fv2%2Fmedia&parent=291"}],"curies":[{"name":"wp","href":"https:\/\/api.w.org\/{rel}","templated":true}]}}