{"id":255,"date":"2024-03-19T13:29:15","date_gmt":"2024-03-19T12:29:15","guid":{"rendered":"https:\/\/lpsc-wordpress.in2p3.fr\/?page_id=255"},"modified":"2024-03-19T13:40:01","modified_gmt":"2024-03-19T12:40:01","slug":"les-services-techniques-du-laboratoire","status":"publish","type":"page","link":"https:\/\/lpsc-wordpress.in2p3.fr\/?page_id=255","title":{"rendered":"Les services techniques du laboratoire"},"content":{"rendered":"\n\n\t\t\t\t<img loading=\"lazy\" decoding=\"async\" src=\"https:\/\/lpsc-wordpress.in2p3.fr\/wp-content\/uploads\/2024\/03\/service.png\" alt=\"service\" itemprop=\"image\" height=\"800\" width=\"1280\" title=\"service\" onerror=\"this.style.display='none'\"  \/>\n<h2>\n\t\tLes services techniques\n\t<\/h2>\n\t<p>Les services techniques constituent un atout majeur pour le laboratoire. Ils apportent notamment une expertise dans des domaines de pointe, laquelle a d\u00e9bouch\u00e9 dans des prises de responsabilit\u00e9 extr\u00eamement visibles dans de nombreux projets nationaux et internationaux.<\/p>\n\t<p>Le service \u00e9lectronique (SE), le service d&rsquo;\u00e9tude et de r\u00e9alisation m\u00e9canique (SERM), le service d\u00e9tecteurs &amp; instrumentation (SDI) et le service informatique (SI), permettent l&rsquo;\u00e9laboration, la R&amp;D, la construction, la mise en \u0153uvre et la maintenance de d\u00e9tecteurs ou syst\u00e8mes au c\u0153ur des projets scientifiques du laboratoire. Ils sont organis\u00e9s en m\u00e9tier et offrent les personnels et l&rsquo;environnement technique n\u00e9cessaire \u00e0 l&rsquo;accomplissement des projets. Au sein de chaque service, les personnels se r\u00e9partissent sur plusieurs projets avec un degr\u00e9 d&rsquo;investissement d\u00e9finis par les priorit\u00e9s scientifiques du laboratoire en lien avec le chef de service qui fixe le plan de charge du service. Ces services techniques permettent \u00e9galement de constituer de nouvelles expertises, dans le cadre de R&amp;D g\u00e9n\u00e9riques, qui trouvent leur application dans les futurs projets de l&rsquo;institut (LHC phase 2, ILC, LSST, Nika, Auger, Neutrino).<\/p>\n<p>Le service administratif et financier joue un r\u00f4le important dans la gestion des liens avec les tutelles nationales de l&rsquo;IN2P3 et de la D\u00e9l\u00e9gation du CNRS, ainsi que les tutelles universitaires. R\u00e9actif et efficace, ce dernier apporte un soutien essentiel aussi bien aux agents dans la gestion de leur carri\u00e8re au quotidien que dans le montage et le suivi administratif des dossiers dans le cadre prot\u00e9iforme des guichets financiers\u00a0: appels \u00e0 projets universitaires, nationaux et internationaux (ANR), labex et equipex, ainsi que dans celui des projets europ\u00e9ens.<\/p>\n\t\t\t\t<img loading=\"lazy\" decoding=\"async\" src=\"https:\/\/lpsc-wordpress.in2p3.fr\/wp-content\/uploads\/2024\/03\/DSF1634_2-scaled.jpg\" alt=\"_DSF1634_2\" itemprop=\"image\" height=\"1707\" width=\"2560\" title=\"_DSF1634_2\" onerror=\"this.style.display='none'\"  \/>\n\t\t\t\t<img loading=\"lazy\" decoding=\"async\" src=\"https:\/\/lpsc-wordpress.in2p3.fr\/wp-content\/uploads\/2024\/03\/DSF4446_2-scaled.jpg\" alt=\"_DSF4446_2\" itemprop=\"image\" height=\"1706\" width=\"2560\" title=\"_DSF4446_2\" onerror=\"this.style.display='none'\"  \/>\n\t<p>Le laboratoire b\u00e9n\u00e9ficie \u00e9galement d&rsquo;actions cibl\u00e9es et r\u00e9currentes du service de communication et documentation, qui assure le suivi des productions scientifiques des agents du laboratoire, contribuant ainsi \u00e0 la visibilit\u00e9 du laboratoire en direction de nos tutelles et instances d&rsquo;\u00e9valuation comme l&rsquo;HCERES. Il conduit \u00e9galement des actions de communication aupr\u00e8s du grand public et apporte un soutien \u00e0 l&rsquo;organisation des conf\u00e9rences et ateliers au laboratoire.<\/p>\n<p>&nbsp;<\/p>\n<p>Enfin, le laboratoire et son personnel b\u00e9n\u00e9ficient de l&rsquo;action du service hygi\u00e8ne et s\u00e9curit\u00e9, en lien avec le service infrastructure et patrimoine, \u00e9l\u00e9ments centraux dans la mise en place des infrastructures adapt\u00e9es aux projets dans le cadre de conditions de suret\u00e9 optimale, et ce dans l&rsquo;ensemble des b\u00e2timents du laboratoire, incluant halls d&rsquo;exp\u00e9rience et ateliers de construction.<\/p>\n<p>&nbsp;<\/p>\n<p>Le bon fonctionnement de ces services, gr\u00e2ce \u00e0 l&rsquo;implication de ses agents, est \u00e0 la base de la coh\u00e9sion de la communaut\u00e9 et constitue l&rsquo;environnement propice au d\u00e9roulement des programmes scientifiques et techniques du laboratoire.<\/p>\n\n","protected":false},"excerpt":{"rendered":"<p>Les services techniques Les services techniques constituent un atout majeur pour le laboratoire. Ils apportent notamment une expertise dans des domaines de pointe, laquelle a d\u00e9bouch\u00e9 dans des prises de responsabilit\u00e9 extr\u00eamement visibles dans de nombreux projets nationaux et internationaux. Le service \u00e9lectronique (SE), le service d&rsquo;\u00e9tude et de r\u00e9alisation m\u00e9canique (SERM), le service d\u00e9tecteurs&hellip;<\/p>\n","protected":false},"author":2,"featured_media":0,"parent":0,"menu_order":0,"comment_status":"closed","ping_status":"closed","template":"","meta":{"footnotes":""},"class_list":["post-255","page","type-page","status-publish","hentry"],"_links":{"self":[{"href":"https:\/\/lpsc-wordpress.in2p3.fr\/index.php?rest_route=\/wp\/v2\/pages\/255","targetHints":{"allow":["GET"]}}],"collection":[{"href":"https:\/\/lpsc-wordpress.in2p3.fr\/index.php?rest_route=\/wp\/v2\/pages"}],"about":[{"href":"https:\/\/lpsc-wordpress.in2p3.fr\/index.php?rest_route=\/wp\/v2\/types\/page"}],"author":[{"embeddable":true,"href":"https:\/\/lpsc-wordpress.in2p3.fr\/index.php?rest_route=\/wp\/v2\/users\/2"}],"replies":[{"embeddable":true,"href":"https:\/\/lpsc-wordpress.in2p3.fr\/index.php?rest_route=%2Fwp%2Fv2%2Fcomments&post=255"}],"version-history":[{"count":3,"href":"https:\/\/lpsc-wordpress.in2p3.fr\/index.php?rest_route=\/wp\/v2\/pages\/255\/revisions"}],"predecessor-version":[{"id":262,"href":"https:\/\/lpsc-wordpress.in2p3.fr\/index.php?rest_route=\/wp\/v2\/pages\/255\/revisions\/262"}],"wp:attachment":[{"href":"https:\/\/lpsc-wordpress.in2p3.fr\/index.php?rest_route=%2Fwp%2Fv2%2Fmedia&parent=255"}],"curies":[{"name":"wp","href":"https:\/\/api.w.org\/{rel}","templated":true}]}}