{"id":251,"date":"2024-03-19T13:19:04","date_gmt":"2024-03-19T12:19:04","guid":{"rendered":"https:\/\/lpsc-wordpress.in2p3.fr\/?page_id=251"},"modified":"2024-10-24T16:41:21","modified_gmt":"2024-10-24T14:41:21","slug":"les-axes-de-recherches","status":"publish","type":"page","link":"https:\/\/lpsc-wordpress.in2p3.fr\/?page_id=251","title":{"rendered":"Les axes de recherches"},"content":{"rendered":"\n\n\t\t\t\t<img loading=\"lazy\" decoding=\"async\" src=\"https:\/\/lpsc-wordpress.in2p3.fr\/wp-content\/uploads\/2024\/01\/electronic-circuit-board-2023-11-27-05-05-45-utc.png\" alt=\"electronic-circuit-board-2023-11-27-05-05-45-utc\" itemprop=\"image\" height=\"800\" width=\"1280\" title=\"electronic-circuit-board-2023-11-27-05-05-45-utc\" onerror=\"this.style.display='none'\"  \/>\n<h2>\n\t\tLes axes de recherche\n\t<\/h2>\n\t\t\t\tDes particules aux noyaux\n\t\t\t\tAstroparticules, cosmologie et neutrinos\n\t\t\t\tEnergie et sant\u00e9\n\t\t\t\tAcc\u00e9l\u00e9rateurs, sources d&rsquo;ions et plasma-mat\u00e9riaux \n\t\t\t\t\t\t\tDes particules aux noyaux\n\t\t\t\t<p><strong>Physique des particules\u00a0:<\/strong> Faisant suite \u00e0 l&rsquo;extraordinaire d\u00e9couverte du boson de Higgs en 2012, les objectifs de l&rsquo;\u00e9quipe ATLAS concernent la caract\u00e9risation de la nature de la brisure spontan\u00e9e de la sym\u00e9trie \u00e9lectrofaible et la recherche de signes d&rsquo;une physique au-del\u00e0 du Mod\u00e8le Standard de la physique des particules. Apr\u00e8s une contribution historique sur le d\u00e9tecteur pied-de gerbe du calorim\u00e8tre de l&rsquo;exp\u00e9rience, l&rsquo;\u00e9quipe ATLAS s&rsquo;est impliqu\u00e9e fortement dans les analyses des donn\u00e9es du Run-1 \u00e0 8 TeV ainsi que dans celle du run-2 d\u00e9but\u00e9 en 2015 \u00e0 13 TeV. L&rsquo;\u00e9quipe se consacre d&rsquo;une part \u00e0 la recherche de candidats \u00e0 la mati\u00e8re noire, dans les \u00e9v\u00e9nements monophotons, et \u00e0 la d\u00e9tection de nouvelles r\u00e9sonances dans les \u00e9tats finaux diphotons ou contenant des quarks top. D&rsquo;autre part elle couvre une s\u00e9rie de mesures de pr\u00e9cision associ\u00e9es \u00e0 la production du quark top. Pr\u00e9parant le futur de la physique des collisionneurs, ces activit\u00e9s d&rsquo;analyse sont poursuivies en parall\u00e8le \u00e0 un investissement croissant dans les R&amp;D d\u00e9tecteurs internes pr\u00e9vus pour l&rsquo;exp\u00e9rience ATLAS lors de la p\u00e9riode de haute luminosit\u00e9 du LHC entre 2023 et 2030, ainsi que des R&amp;D sur la calorim\u00e9trie en lien avec les futurs collisionneurs e+e-.<\/p>\n<p>\u00a0<\/p>\n<p><strong>Physique du plasma de quarks et gluons\u00a0:<\/strong> L&rsquo;\u00e9quipe ALICE a organis\u00e9 sa participation \u00e0 cette exp\u00e9rience autour de la construction des modules du calorim\u00e8tre \u00e9lectromagn\u00e9tique de l&rsquo;exp\u00e9rience, EMcal, mis en place pour le run I du LHC, puis de son extension, le DCAL, pour le run II (2015-2018) avec la conception du d\u00e9clenchement de premier niveau. L&rsquo;\u00e9quipe s&rsquo;est investie dans l&rsquo;\u00e9talonnage de ces d\u00e9tecteurs et a mis \u00e0 profit son expertise technique dans les algorithmes de reconstruction et d&rsquo;identification des photons et des jets dans le d\u00e9tecteur ALICE. Le groupe est impliqu\u00e9 dans la mesure de jet quenching et l&rsquo;\u00e9tude des corr\u00e9lations photon-hadron et photon-jet, qui constituent des sondes permettant de caract\u00e9riser le plasma quark-gluon.<\/p>\n<p>\u00a0<\/p>\n<p><strong>Physique nucl\u00e9aire\u00a0:<\/strong> L&rsquo;\u00e9quipe de \u00ab\u00a0structure nucl\u00e9aire\u00a0\u00bb est impliqu\u00e9e dans l&rsquo;exploration des \u00e9tats extr\u00eames du noyau, notamment l&rsquo;asym\u00e9trie neutrons\/protons (noyaux exotiques), en charge (noyaux super-lourds), en vitesse de rotation (noyaux super-d\u00e9form\u00e9s) ou en \u00e9nergie d&rsquo;excitation (noyaux chauds). Les \u00e9tudes se focalisent sur l&rsquo;\u00e9tude des noyaux exotiques riches en neutrons proches des noyaux doublement magiques du <sup>132<\/sup>Sn, et du <sup>78<\/sup>Ni ainsi que dans la r\u00e9gion de masse A~100 et 150, qui a d\u00e9j\u00e0 permis l&rsquo;identification de nouveaux isom\u00e8res, et leur interpr\u00e9tation dans le cadre du mod\u00e8le en couches. Les exp\u00e9riences ont eu lieu aupr\u00e8s de l&rsquo;installation de l&rsquo;ILL, qui permet de produire ces noyaux par fissions induites par des neutrons thermiques issus du r\u00e9acteur, ainsi qu&rsquo;aupr\u00e8s des installations du Riken (Japon) et de Jyvaskula (Finlande).<\/p>\n<p>\u00a0<\/p>\n<p><strong>Physique des neutrons ultra-froids\u00a0:<\/strong> l&rsquo;\u00e9quipe UCN est impliqu\u00e9e dans deux exp\u00e9riences utilisant des neutrons ultra-froids et oriente \u00e9galement ses recherches vers la d\u00e9tection de signes d&rsquo;une physique au-del\u00e0 du Mod\u00e8le Standard de la physique des particules. Ses membres sont impliqu\u00e9s dans l&rsquo;exp\u00e9rience GRANIT, sise \u00e0 l&rsquo;ILL, qui mesure les niveaux des \u00e9tats quantiques du neutron dans le champ gravitationnel, et dans l&rsquo;exp\u00e9rience nEDM d\u00e9di\u00e9e \u00e0 la mesure d&rsquo;un moment dipolaire \u00e9lectrique du neutron sur le site de PSI (Suisse).<\/p>\n<p>\u00a0<\/p>\n<p><strong>Physique Th\u00e9orique des Particules\u00a0:<\/strong> l&rsquo;\u00e9quipe de physique th\u00e9orique s&rsquo;organise autour de deux th\u00e9matiques principales, li\u00e9es aux implications du LPSC en physique des particules. Elle comprend une activit\u00e9 sur la ph\u00e9nom\u00e9nologie des mod\u00e8les au-del\u00e0 du Mod\u00e8le Standard, notamment dans le domaine de la super-sym\u00e9trie, qui conduit \u00e0 l&rsquo;\u00e9laboration d&rsquo;outils th\u00e9oriques et de cadres interpr\u00e9tatifs plus larges permettant l&rsquo;int\u00e9gration des observables des collisionneurs et du domaine astrophysique. Le second axe concerne les calculs de pr\u00e9cision autour de la chromodynamique quantique (QCD) avec des travaux sur l&rsquo;inclusion des corrections quantiques \u00e0 certaines observables, et sur les fonctions de distributions partoniques nucl\u00e9aires. Ces activit\u00e9s sont coupl\u00e9es aux activit\u00e9s exp\u00e9rimentales men\u00e9es par les \u00e9quipes ATLAS et ALICE du laboratoire.<\/p>\n\t\t\t\t\t\t\tAstroparticules, cosmologie et neutrinos\n\t\t\t\t<p><strong>Physique des rayons cosmiques : <\/strong>Les \u00e9tudes entreprises sur les rayons cosmiques galactiques s&rsquo;inscrivent dans une longue tradition au LPSC. Elles sont organis\u00e9es au laboratoire au sein de deux \u00e9quipes de recherche\u00a0: AMS-CREAM d&rsquo;une part et AUGER d&rsquo;autre part. La premi\u00e8re \u00e9quipe \u00e9tudie les rayons cosmiques de haute \u00e9nergie, qui proviennent principalement de la galaxie. Les recherches visent \u00e0 la compr\u00e9hension des processus de production et de propagation des rayons cosmiques, et \u00e0 l&rsquo;\u00e9tude de certaines de ses composantes permettant par exemple de sonder la pr\u00e9sence de mati\u00e8re noire dans la galaxie via les particules produites dans leur annihilation. L&rsquo;objectif d&rsquo;AMS-02 (install\u00e9 depuis mai 2011 sur la station spatiale internationale) est la mesure \u00ab\u00a0d\u00e9finitive\u00a0\u00bb de la composition du RC d&rsquo;\u00e9nergie entre la centaine de MeV et le TeV. Le LPSC a \u00e9t\u00e9 impliqu\u00e9 dans la conception et la construction de l&rsquo;imageur Cerenkov. Le groupe a fourni une mesure ind\u00e9pendante (de l&rsquo;analyse standard) de la fraction de positrons en utilisant le RICH \u00e0 basse \u00e9nergie et joue un r\u00f4le moteur pour les mesures des flux de protons et d&rsquo;h\u00e9lium dans AMS. Son objectif est la mesure entre 1 TeV et 1 PeV. L&rsquo;analyse des mesures prises lors des vols nous a permis de reconstruire les flux des noyaux B, C, N, O et du rapport B\/C dans le rayonnement cosmique. Les exp\u00e9riences AMS et CREAM permettent de couvrir des gammes compl\u00e9mentaires en \u00e9nergie.<\/p>\n<p>AUGER est une exp\u00e9rience qui permet l&rsquo;acc\u00e8s aux rayons cosmiques de ultra-haute \u00e9nergie au-del\u00e0 du PeV via l&rsquo;\u00e9tude des gerbes r\u00e9sultant de l&rsquo;interaction des primaires avec les couches de l&rsquo;atmosph\u00e8re. L&rsquo;\u00e9quipe s&rsquo;est investie plus particuli\u00e8rement dans la mesure de flux des neutrinos de ultra-haute \u00e9nergie, apportant des contraintes sur les m\u00e9canismes de production des rayons cosmiques (neutrinos cosmogoniques ou GZK, &#8230;) ainsi que dans l&rsquo;\u00e9tude et la mod\u00e9lisation des interactions hadroniques. Enfin, le groupe a conduit des R&amp;D sur la d\u00e9tection radio des gerbes atmosph\u00e9riques du MHz au GHz (AREA, EASIER), comme alternative ou compl\u00e9ment possible aux observations par les d\u00e9tecteurs au sol (cuves Cerenkov et d\u00e9tecteur de fluorescence). Il s&rsquo;oriente maintenant vers la d\u00e9termination de la nature des primaires dans le cadre d&rsquo;un upgrade des d\u00e9tecteurs au sein duquel le laboratoire prend une part active sur l&rsquo;\u00e9lectronique.<\/p>\n<p>En soutien \u00e0 ces recherches exp\u00e9rimentales s&rsquo;est d\u00e9velopp\u00e9e une activit\u00e9 de ph\u00e9nom\u00e9nologie sur les mod\u00e8les de propagation des rayons cosmiques et l&rsquo;interpr\u00e9tation des catalogues de sources X en termes de profil de mati\u00e8re noire, qui b\u00e9n\u00e9ficie \u00e0 l&rsquo;ensemble de ces projets.<\/p>\n<p><strong>Cosmologie observationnelle:<\/strong> Le projet LSST est un t\u00e9lescope qui permettra d\u00e8s 2021 de dresser une carte 3D de l&rsquo;Univers avec une profondeur et une pr\u00e9cision in\u00e9gal\u00e9es. Le formidable catalogue de plusieurs milliards de galaxies lointaines observ\u00e9es par le t\u00e9lescope permettra une \u00e9tude sans pr\u00e9c\u00e9dent de notre Univers et fournira des informations capitales en cosmologie. L&rsquo;\u00e9tude des oscillations baryoniques, par exemple, permettra de mieux comprendre l&rsquo;\u00e9nergie noire qui repr\u00e9sente 70% de la densit\u00e9 d&rsquo;\u00e9nergie de notre Univers. L&rsquo;\u00e9quipe LSST du LPSC est impliqu\u00e9e dans la reconstruction des redshifts photom\u00e9triques des galaxies, qui constituent un \u00e9l\u00e9ment crucial de l&rsquo;analyse du t\u00e9lescope. Elle endosse \u00e9galement la responsabilit\u00e9 instrumentale de la mise en place d&rsquo;un banc d&rsquo;\u00e9talonnage de la cam\u00e9ra (CCOB) et de la construction du chargeur de filtres de cette derni\u00e8re (m\u00e9canique, \u00e9lectronique).\u00a0\u00a0<\/p>\n<p>\u00a0<\/p>\n<p><strong>Etude du Fond diffus cosmologique\u00a0:<\/strong> Le groupe PLANCK\/NIKA du LPSC a \u00e9t\u00e9 fortement impliqu\u00e9e dans la construction de l&rsquo;instrument HFI de PLANCK et son \u00e9lectronique d&rsquo;acquisition. Son implication lui a permis de jouer un r\u00f4le majeur dans l&rsquo;analyse et l&rsquo;interpr\u00e9tation des donn\u00e9es ayant conduit \u00e0 la publication des cartes en diff\u00e9rentes fr\u00e9quences. Les activit\u00e9s d&rsquo;analyse du groupe ont port\u00e9 sur les \u00e9tudes d&rsquo;effet de lentille gravitationnelle, l&rsquo;\u00e9tude des \u00e9missions d&rsquo;avant-plans et des biais syst\u00e9matiques li\u00e9es \u00e0 la polarisation du CMB. Les publications de Planck feront date et ont jet\u00e9 une lumi\u00e8re nouvelle sur l&rsquo;univers primordial et permis de contraindre fortement les mod\u00e8les cosmologiques. Le futur de l&rsquo;\u00e9tude du Fond Diffus Cosmologique dans le domaine millim\u00e9trique passe par des matrices de d\u00e9tecteurs afin de pouvoir augmenter la sensibilit\u00e9 des instruments pour la mesure des modes B en polarisation, et atteindre une haute r\u00e9solution angulaire pour une \u00e9tude d\u00e9taill\u00e9e des amas de galaxies par effet SZ et de l&rsquo;\u00e9poque de r\u00e9-ionisation de l&rsquo;univers. Dans ce cadre, les cam\u00e9ras \u00e0 base de Kinetic Inductance Detectors (KIDs) peuvent jouer un r\u00f4le majeur et l&rsquo;\u00e9quipe s&rsquo;investit depuis quelques ann\u00e9es dans les R&amp;D li\u00e9s au d\u00e9veloppement de cette technologie et de sa spatialisation, en vue du futur satellite CMB qui pourrait faire l&rsquo;objet d&rsquo;une mission de type M de l&rsquo;ESA d&rsquo;ici 2030. Dans l&rsquo;intervalle, l&rsquo;\u00e9quipe s&rsquo;est consacr\u00e9e \u00e0 la construction de l&rsquo;\u00e9lectronique compl\u00e8te d&rsquo;une matrice de KIDs utilis\u00e9e sur le t\u00e9lescope de l&rsquo;IRAM. Ce projet qui a vu la construction et l&rsquo;exploitation d&rsquo;une cam\u00e9ra bi-bande (140 et 240 GHz) de matrices de KIDs (5000 d\u00e9tecteurs) permet des observations en intensit\u00e9 et en polarisation dans le domaine millim\u00e9trique au t\u00e9lescope de l&rsquo;IRAM. L&rsquo;\u00e9quipe a pris le leadership dans la conduite du programme NIKA2 sur l&rsquo;\u00e9tude des grandes structures par effet SZ d&rsquo;une campagne qui d\u00e9butera en 2016 pour une p\u00e9riode de 5 ann\u00e9es.<\/p>\n<p>\u00a0<\/p>\n<p><strong>D\u00e9tection directe de mati\u00e8re noire\u00a0:<\/strong> L&rsquo;\u00e9quipe MIMAC du laboratoire est impliqu\u00e9 depuis 10 ans dans le d\u00e9veloppement d&rsquo;une m\u00e9thode de d\u00e9tection innovante de mati\u00e8re noire, mettant \u00e0 profit le mouvement du syst\u00e8me solaire autour du centre galactique \u00e0 travers le halo de mati\u00e8re noire. Il s&rsquo;agit du d\u00e9veloppement d&rsquo;une TPC tr\u00e8s basse pression qui permet la reconstruction \u00e0 la fois de l&rsquo;\u00e9nergie et de la direction des reculs nucl\u00e9aires mis en jeu lors de l&rsquo;interaction du candidat mati\u00e8re noire avec le milieu gazeux du d\u00e9tecteur. L&rsquo;\u00e9quipe a con\u00e7u et r\u00e9alis\u00e9 plusieurs prototypes de ce d\u00e9tecteur (m\u00e9canique, \u00e9lectronique) et a d\u00e9montr\u00e9 avec un succ\u00e8s remarqu\u00e9 le principe de d\u00e9tection, la reconstruction de la trace et de l&rsquo;\u00e9nergie mise en jeu, ainsi que la port\u00e9e des contraintes dans l&rsquo;interpr\u00e9tation ph\u00e9nom\u00e9nologique des r\u00e9sultats. Cette \u00e9quipe se structure en une collaboration \u00e9tendue \u00e0 l&rsquo;international en vue de pr\u00e9parer un d\u00e9monstrateur de 1m<sup>3<\/sup>, 1<sup>\u00e8re<\/sup> \u00e9tape indispensable vers une exp\u00e9rience de plus grande dimension.<\/p>\n<p>\u00a0<\/p>\n<p><strong>Physique des neutrinos\u00a0: <\/strong>En 2011, la r\u00e9v\u00e9lation d&rsquo;un biais dans les calculs de flux des anti-neutrinos de r\u00e9acteur a d\u00e9clench\u00e9 la r\u00e9-analyse d&rsquo;exp\u00e9riences \u00e0 courte distance (10-100 m) de r\u00e9acteurs. Le r\u00e9sultat est un d\u00e9ficit moyen de 7% des neutrinos d\u00e9tect\u00e9s par rapport aux nouvelles pr\u00e9dictions. Cette \u00ab\u00a0anomalie des neutrinos de r\u00e9acteur\u00a0\u00bb pourrait s&rsquo;expliquer par l&rsquo;existence d&rsquo;un nouvel \u00e9tat du neutrino, dit st\u00e9rile. Si elle est av\u00e9r\u00e9e, l&rsquo;existence de cette particule serait une d\u00e9couverte majeure, avec un impact fort dans la physique des particules et la cosmologie. STEREO propose une mesure de pr\u00e9cision \u00e0 10 m du c\u0153ur compact du r\u00e9acteur de recherche de l&rsquo;ILL qui est install\u00e9 depuis septembre 2016. L&rsquo;\u00e9quipe du LPSC a la responsabilit\u00e9 de la simulation de l&rsquo;exp\u00e9rience, de l&rsquo;ensemble de l&rsquo;\u00e9lectronique et de l&rsquo;acquisition de donn\u00e9es, du d\u00e9tecteur veto de muon cosmiques et du syst\u00e8me de calibration par injection de lumi\u00e8re<\/p>\n\t\t\t\t\t\t\tEnergie et sant\u00e9\n\t\t\t\t<p><strong>Physique des r\u00e9acteurs\u00a0:<\/strong> La th\u00e9matique portant sur les r\u00e9acteurs nucl\u00e9aires est port\u00e9e par le groupe le plus important, en termes d&rsquo;effectifs, au LPSC. Les activit\u00e9s de ce groupe s&rsquo;effectuent dans le cadre de la Mission Interdisciplinaire (MI) du CNRS et dans le cadre des programmes europ\u00e9ens. Elles se distribuent autour de trois grands types de syst\u00e8mes aux objectifs strat\u00e9giques distincts : les r\u00e9acteurs pilot\u00e9s par acc\u00e9l\u00e9rateurs (ADS), envisag\u00e9s pour la transmutation de certains d\u00e9chets nucl\u00e9aires actuels ; les r\u00e9acteurs \u00e0 combustibles solides pour les r\u00e9acteurs des technologies \u00e0 eau actuels (REP,CANDU), destin\u00e9s \u00e0 assurer la transition vers une nouvelle g\u00e9n\u00e9ration de r\u00e9acteurs en utilisant possiblement un nouveau cycle Thorium en alternative au cycle Uranium traditionnellement utilis\u00e9 ; enfin les r\u00e9acteurs \u00e0 combustible liquide (MSFR), de technologie innovante et repr\u00e9sentant un des six candidats \u00e9tudi\u00e9s pour la 4eme g\u00e9n\u00e9ration de r\u00e9acteurs inscrits au forum international GEN IV. Ces derniers types de r\u00e9acteurs pr\u00e9voient l&rsquo;utilisation d&rsquo;un nouveau combustible bas\u00e9 sur le cycle Thorium-Uranium-233. Les activit\u00e9s du groupe s&rsquo;appuient sur le d\u00e9veloppement d&rsquo;outils de simulation, de mod\u00e9lisation des r\u00e9acteurs et sur des \u00e9tudes de sc\u00e9narios de d\u00e9ploiement des parcs correspondants. Les validations exp\u00e9rimentales reposent sur la mesure des donn\u00e9es nucl\u00e9aires et physico-chimiques associ\u00e9es \u00e0 ces syst\u00e8mes. Au laboratoire, ces activit\u00e9s s&rsquo;effectuent sur la plateforme neutronique GENEPI2 et sur la plateforme de chimie nucl\u00e9aire FFFER. La composition du groupe, form\u00e9 au 2\/3 par des enseignants chercheurs (Grenoble INP et UGA) permet d&rsquo;assurer un lien tr\u00e8s \u00e9troit et b\u00e9n\u00e9fique avec le milieu acad\u00e9mique.<\/p>\n<p>\u00a0<\/p>\n<p><strong>Physique des Applications m\u00e9dicales\u00a0: <\/strong>L&rsquo;\u00e9quipe de physique des applications m\u00e9dicales a connu une restructuration significative ces derni\u00e8res ann\u00e9es. Elle s&rsquo;organise aujourd&rsquo;hui selon trois projets scientifiques\u00a0: le premier concerne le d\u00e9veloppement et la r\u00e9alisation d&rsquo;un profileur de faisceaux utilis\u00e9 dans le cadre de s\u00e9ance de radio-th\u00e9rapie-X. Le prototype final est en cours de validation et cette activit\u00e9 donnera lieu \u00e0 une valorisation dans les ann\u00e9es \u00e0 venir. Le deuxi\u00e8me axe concerne le d\u00e9veloppement d&rsquo;une activit\u00e9 sur l&rsquo;Accelerator Based Neutron Capture Th\u00e9rapie (ABNCT), technique bas\u00e9e sur l&rsquo;utilisation d&rsquo;un faisceau de neutrons (\u00e9pi-)thermiques intense irradiant des mol\u00e9cules Bor\u00e9es ou des nanoparticules m\u00e9talliques inject\u00e9es au pr\u00e9alable dans le patient. Fix\u00e9es sur les cellules tumorales, elles jouent le r\u00f4le d&rsquo;amplification de doses d\u00e9livr\u00e9e au niveau local. Au laboratoire, le projet s&rsquo;int\u00e9resse aux points clefs de cette technique que sont la conception de cibles destin\u00e9es \u00e0 la production du faisceau de neutrons de haute intensit\u00e9, et la mesure pr\u00e9cise du flux de neutrons en sortie de l&rsquo;appareillage cible et du mod\u00e9rateur. Le troisi\u00e8me axe concerne le d\u00e9veloppement d&rsquo;un moniteur de faisceaux pour la hadron-th\u00e9rapie, bas\u00e9 sur une la technologie diamant (polycristallin) dont les propri\u00e9t\u00e9s permettent la r\u00e9alisation d&rsquo;un d\u00e9tecteur rapide et r\u00e9sistant aux radiations. Ces trois axes s&rsquo;inscrivent dans le cadre du GDR MI2B et plus g\u00e9n\u00e9ralement dans le cadre des activit\u00e9s soutenues par le labex PRIMES. Ils b\u00e9n\u00e9ficient du transfert d\u00a0&lsquo;expertises de personnes d&rsquo;autres \u00e9quipes qui travaillent en lien \u00e9troit sur ces projets avec l&rsquo;\u00e9quipe des applications en physique m\u00e9dicale.<\/p>\n\t\t\t\t\t\t\tAcc\u00e9l\u00e9rateurs, sources d&rsquo;ions et plasma-mat\u00e9riaux \n\t\t\t\t<p><strong>Acc\u00e9l\u00e9rateurs et source d&rsquo;ions\u00a0: <\/strong>Le p\u00f4le acc\u00e9l\u00e9rateurs et source d&rsquo;ions constitue un atout majeur du LPSC et b\u00e9n\u00e9ficie d&rsquo;une tr\u00e8s grande visibilit\u00e9. Connect\u00e9 \u00e9troitement aux grands projets de l&rsquo;IN2P3, ses activit\u00e9s sont effectu\u00e9es dans le cadre de collaboration avec des laboratoires du milieu grenoblois (LNCMI, N\u00e9el, ILL), et ont donn\u00e9 lieu \u00e0 des aspects de valorisation d\u00e9clin\u00e9s en termes d&rsquo;expertise ou de livraison de r\u00e9alisations de haute technologie et de savoir faire. L&rsquo;\u00e9quipe a une forte contribution aussi bien \u00e0 la phase 1 qu&rsquo;\u00e0 la phase 2 de SPIRAL2. Pour la phase 1, le service assure la responsabilit\u00e9 de la conception, la construction et les tests de sources d&rsquo;ions multicharg\u00e9s de haute intensit\u00e9. Une des expertises du laboratoire concerne en effet le d\u00e9veloppement des sources d&rsquo;ions \u00e0 R\u00e9sonance Cyclotronique Electronique (ECR). Le LPSC a pris en charge la construction et les tests de la ligne de basse \u00e9nergie ions lourds, en collaboration avec le GANIL, l&rsquo;IRFU (CEA) et l&rsquo;IPHC. Pour la phase 2, le service assure la conception, construction et tests du booster de charge (multi-ionisation des ions radioactifs en vue de leur acc\u00e9l\u00e9ration). Le d\u00e9veloppement des sources d&rsquo;ions ECR b\u00e9n\u00e9ficie \u00e9galement d&rsquo;un programme de R&amp;D (60 GHz). Les \u00e9quipes sources d&rsquo;ions et acc\u00e9l\u00e9rateurs sont impliqu\u00e9es dans le projet SPIRAL2, pour lequel il a eu la responsabilit\u00e9 de la conception et la r\u00e9alisation des coupleurs de puissance pour les cavit\u00e9s RF supraconductrices. En parall\u00e8le, le groupe s&rsquo;est impliqu\u00e9 fortement dans la th\u00e9matique des g\u00e9n\u00e9rateurs de neutrons puls\u00e9s intenses, dans le cadre des activit\u00e9s du groupe des r\u00e9acteurs nucl\u00e9aire. C&rsquo;est notamment un des acteurs majeurs du projet GUINEVERE pour la parte acc\u00e9l\u00e9ration et couplage de ce type de sources de neutrons \u00e0 un r\u00e9acteur (VENUS), dans le cadre de recherche sur les r\u00e9acteurs pilot\u00e9s par acc\u00e9l\u00e9rateur. Enfin, l&rsquo;\u00e9quipe continue \u00e0 d\u00e9velopper des comp\u00e9tences sur les futurs injecteurs de protons non puls\u00e9s de haute intensit\u00e9 dans le cadre du programme MYRRHA.<\/p>\n<p>\u00a0<\/p>\n<p><strong>Plasma et mat\u00e9riaux\u00a0: <\/strong>Les th\u00e8mes de recherche se situent dans le domaine du plasma et des technologies associ\u00e9es, allant de l&rsquo;\u00e9tude fondamentale jusqu&rsquo;au transfert industriel. Il s&rsquo;agit essentiellement des plasmas haute fr\u00e9quence (de 352 MHz \u00e0 2,45 GHz) couvrant un domaine en pression allant de la tr\u00e8s basse pression (plasmas magn\u00e9tis\u00e9s) jusqu&rsquo;\u00e0 la dizaine de Torr (plasmas non-magn\u00e9tis\u00e9s). Du point de vue fondamental, les travaux de recherche portent sur l&rsquo;interaction et le couplage de l&rsquo;onde \u00e9lectromagn\u00e9tique avec le plasma, les m\u00e9canismes de production s\u00e9lective d&rsquo;esp\u00e8ces charg\u00e9es ou chimiquement actives, l&rsquo;interaction du plasma avec la surface. En ce qui concerne les aspects technologiques et applicatifs, il s&rsquo;agit, d&rsquo;une part, du d\u00e9veloppement des nouvelles g\u00e9n\u00e9rations de sources plasma pour des applications sp\u00e9cifiques et capables de r\u00e9pondre \u00e0 des exigences industrielles (proc\u00e9d\u00e9s qui requi\u00e8rent uniformit\u00e9 sur grandes surfaces et\/ou grande vitesse) et, d&rsquo;autre part, du d\u00e9veloppement des proc\u00e9d\u00e9s de synth\u00e8se des mat\u00e9riaux fonctionnels innovants. Bien que fortement enchev\u00eatr\u00e9es, ces activit\u00e9s peuvent \u00eatre group\u00e9es en trois axes de recherche\u00a0: Physique et ing\u00e9nierie des sources plasma\u00a0; Proc\u00e9d\u00e9s pour l&rsquo;\u00e9nergie\u00a0; Proc\u00e9d\u00e9s pour d\u00e9tecteurs.<\/p>\n\n","protected":false},"excerpt":{"rendered":"<p>Les axes de recherche Des particules aux noyaux Astroparticules, cosmologie et neutrinos Energie et sant\u00e9 Acc\u00e9l\u00e9rateurs, sources d&rsquo;ions et plasma-mat\u00e9riaux Des particules aux noyaux Physique des particules\u00a0: Faisant suite \u00e0 l&rsquo;extraordinaire d\u00e9couverte du boson de Higgs en 2012, les objectifs de l&rsquo;\u00e9quipe ATLAS concernent la caract\u00e9risation de la nature de la brisure spontan\u00e9e de la&hellip;<\/p>\n","protected":false},"author":2,"featured_media":0,"parent":0,"menu_order":0,"comment_status":"closed","ping_status":"closed","template":"","meta":{"footnotes":""},"class_list":["post-251","page","type-page","status-publish","hentry"],"_links":{"self":[{"href":"https:\/\/lpsc-wordpress.in2p3.fr\/index.php?rest_route=\/wp\/v2\/pages\/251","targetHints":{"allow":["GET"]}}],"collection":[{"href":"https:\/\/lpsc-wordpress.in2p3.fr\/index.php?rest_route=\/wp\/v2\/pages"}],"about":[{"href":"https:\/\/lpsc-wordpress.in2p3.fr\/index.php?rest_route=\/wp\/v2\/types\/page"}],"author":[{"embeddable":true,"href":"https:\/\/lpsc-wordpress.in2p3.fr\/index.php?rest_route=\/wp\/v2\/users\/2"}],"replies":[{"embeddable":true,"href":"https:\/\/lpsc-wordpress.in2p3.fr\/index.php?rest_route=%2Fwp%2Fv2%2Fcomments&post=251"}],"version-history":[{"count":3,"href":"https:\/\/lpsc-wordpress.in2p3.fr\/index.php?rest_route=\/wp\/v2\/pages\/251\/revisions"}],"predecessor-version":[{"id":1565,"href":"https:\/\/lpsc-wordpress.in2p3.fr\/index.php?rest_route=\/wp\/v2\/pages\/251\/revisions\/1565"}],"wp:attachment":[{"href":"https:\/\/lpsc-wordpress.in2p3.fr\/index.php?rest_route=%2Fwp%2Fv2%2Fmedia&parent=251"}],"curies":[{"name":"wp","href":"https:\/\/api.w.org\/{rel}","templated":true}]}}