{"id":239,"date":"2024-03-19T11:28:33","date_gmt":"2024-03-19T10:28:33","guid":{"rendered":"https:\/\/lpsc-wordpress.in2p3.fr\/?page_id=239"},"modified":"2024-11-25T15:07:50","modified_gmt":"2024-11-25T14:07:50","slug":"presentation-generale","status":"publish","type":"page","link":"https:\/\/lpsc-wordpress.in2p3.fr\/?page_id=239","title":{"rendered":"Pr\u00e9sentation g\u00e9n\u00e9rale"},"content":{"rendered":"\n\n\t\t\t\t<img loading=\"lazy\" decoding=\"async\" src=\"https:\/\/lpsc-wordpress.in2p3.fr\/wp-content\/uploads\/2024\/03\/Laboratoire_de_physique_subatomique_et_de_cosmologie_-_Grenoble.png\" alt=\"Laboratoire_de_physique_subatomique_et_de_cosmologie_-_Grenoble\" itemprop=\"image\" height=\"800\" width=\"1280\" title=\"Laboratoire_de_physique_subatomique_et_de_cosmologie_-_Grenoble\" onerror=\"this.style.display='none'\"  \/>\n<h2>\n\t\tPr\u00e9sentation g\u00e9n\u00e9rale\n\t<\/h2>\n\t\t\t\t<img loading=\"lazy\" decoding=\"async\" src=\"https:\/\/lpsc-wordpress.in2p3.fr\/wp-content\/uploads\/2024\/11\/accueil_Plan-de-travail-1.png\" alt=\"accueil_Plan de travail 1\" itemprop=\"image\" height=\"2309\" width=\"3532\" title=\"accueil_Plan de travail 1\" onerror=\"this.style.display='none'\"  \/>\n<h2>\n\t\tUn laboratoire pour comprendre l&rsquo;infiniment petit et l&rsquo;infiniment grand\n\t<\/h2>\n\t<p>Le laboratoire LPSC est une Unit\u00e9 Mixte de Recherche (UMR5821). Ses tutelles sont l&rsquo;Institut de Physique Nucl\u00e9aire et de Physique des Particules (IN2P3) du CNRS, l&rsquo;universit\u00e9 Grenoble Alpes (UGA) et l&rsquo;\u00e9cole Grenoble INP. Il est localis\u00e9 sur deux sites : le site principal est localis\u00e9 au sein du polygone scientifique de Grenoble, tandis que la plateforme nationale souterraine LSM est localis\u00e9e \u00e0 Modane.<\/p>\n<p>Le personnel du laboratoire, au c\u0153ur de notre activit\u00e9 de recherche, est compos\u00e9 d&rsquo;environ 220 personnes. Le LPSC compte pr\u00e8s de 40 chercheurs CNRS, 19 enseignant-chercheurs de l&rsquo;UGA et 9 de Grenoble-INP. Le personnel ITA repr\u00e9sente plus de 90 personnes, dont 85 agents du CNRS. Enfin, le laboratoire accueille en ses murs environ 35 doctorants et 15 post-doctorants et CDD, auxquels s&rsquo;ajoutent quelques 50 stagiaires de tous niveaux chaque ann\u00e9e.<\/p>\n<p>Si les ressources financi\u00e8res r\u00e9currentes du laboratoire proviennent principalement de nos tutelles, le CNRS et l&rsquo;universit\u00e9, ces derni\u00e8res ann\u00e9es une part croissante de nos moyens provient de trois LABEx desquels le LPSC est partenaire (ENIGMASS, FOCUS et PRIMES) et d&rsquo;un EQUIPEx (BEDOFIH), dans le cadre des investissements d&rsquo;avenir. Enfin, une part importante des financements provient des r\u00e9ponses aux appels \u00e0 projets nationaux et internationaux (ANR et Europe).<\/p>\n<h2>\n\t\tLa recherche au laboratoire\n\t<\/h2>\n\t<p>La mission du laboratoire concerne la recherche fondamentale dans les domaines au c\u0153ur de l&rsquo;IN2P3 : la physique des particules, nucl\u00e9aire, astroparticules, la cosmologie ainsi que leurs applications et d\u00e9veloppements pour l&rsquo;\u00e9nergie nucl\u00e9aire et la sant\u00e9, les acc\u00e9l\u00e9rateurs et les sources d&rsquo;ions et les plasmas.<\/p>\n<p>L&rsquo;organisation du laboratoire se d\u00e9cline selon quatre axes scientifiques distincts auxquels contribuent des \u00e9quipes de recherche : \u00ab des quarks aux noyaux \u00bb, \u00ab astroparticules, cosmologie et neutrinos\u00bb, \u00ab \u00e9nergie et sant\u00e9 \u00bb et \u00ab acc\u00e9l\u00e9rateurs, sources d&rsquo;ions et plasma \u00bb. Elle met en lien les \u00e9quipes de recherche et des services techniques, qui r\u00e9unissent les comp\u00e9tences indispensables \u00e0 la mise en \u0153uvre des projets \u00e0 tous les niveaux. Les activit\u00e9s de recherche se d\u00e9clinent au sein d&rsquo;une \u00ab politique projets \u00bb int\u00e9gr\u00e9e \u00e0 une d\u00e9marche qualit\u00e9 \u00e0 chaque \u00e9tape.<\/p>\n<p>Un Conseil Scientifique \u00e9value la pertinence des projets de recherche, et un Comit\u00e9 de Revue Technique de Projets s&rsquo;assure de l&rsquo;ad\u00e9quation des moyens requis avec les plans de charge des services techniques. Ces deux instances consultatives aident \u00e0 la d\u00e9finition et la mise en \u0153uvre du programme scientifique.<\/p>\n<p>Les quatre axes de recherche ont connu une s\u00e9rie de faits marquants lors des deux derni\u00e8res ann\u00e9es &#8211; ils sont d\u00e9crits en d\u00e9tails dans les chapitres qui leur sont consacr\u00e9s.<\/p>\n\t\t\t\t<img loading=\"lazy\" decoding=\"async\" src=\"https:\/\/lpsc-wordpress.in2p3.fr\/wp-content\/uploads\/2024\/02\/arton190.jpg\" alt=\"arton190\" itemprop=\"image\" height=\"768\" width=\"1024\" title=\"arton190\" onerror=\"this.style.display='none'\"  \/>\n\n","protected":false},"excerpt":{"rendered":"<p>Pr\u00e9sentation g\u00e9n\u00e9rale Un laboratoire pour comprendre l&rsquo;infiniment petit et l&rsquo;infiniment grand Le laboratoire LPSC est une Unit\u00e9 Mixte de Recherche (UMR5821). Ses tutelles sont l&rsquo;Institut de Physique Nucl\u00e9aire et de Physique des Particules (IN2P3) du CNRS, l&rsquo;universit\u00e9 Grenoble Alpes (UGA) et l&rsquo;\u00e9cole Grenoble INP. Il est localis\u00e9 sur deux sites : le site principal est&hellip;<\/p>\n","protected":false},"author":2,"featured_media":0,"parent":0,"menu_order":0,"comment_status":"closed","ping_status":"closed","template":"","meta":{"footnotes":""},"class_list":["post-239","page","type-page","status-publish","hentry"],"_links":{"self":[{"href":"https:\/\/lpsc-wordpress.in2p3.fr\/index.php?rest_route=\/wp\/v2\/pages\/239","targetHints":{"allow":["GET"]}}],"collection":[{"href":"https:\/\/lpsc-wordpress.in2p3.fr\/index.php?rest_route=\/wp\/v2\/pages"}],"about":[{"href":"https:\/\/lpsc-wordpress.in2p3.fr\/index.php?rest_route=\/wp\/v2\/types\/page"}],"author":[{"embeddable":true,"href":"https:\/\/lpsc-wordpress.in2p3.fr\/index.php?rest_route=\/wp\/v2\/users\/2"}],"replies":[{"embeddable":true,"href":"https:\/\/lpsc-wordpress.in2p3.fr\/index.php?rest_route=%2Fwp%2Fv2%2Fcomments&post=239"}],"version-history":[{"count":8,"href":"https:\/\/lpsc-wordpress.in2p3.fr\/index.php?rest_route=\/wp\/v2\/pages\/239\/revisions"}],"predecessor-version":[{"id":1999,"href":"https:\/\/lpsc-wordpress.in2p3.fr\/index.php?rest_route=\/wp\/v2\/pages\/239\/revisions\/1999"}],"wp:attachment":[{"href":"https:\/\/lpsc-wordpress.in2p3.fr\/index.php?rest_route=%2Fwp%2Fv2%2Fmedia&parent=239"}],"curies":[{"name":"wp","href":"https:\/\/api.w.org\/{rel}","templated":true}]}}