{"id":227,"date":"2024-03-08T14:24:51","date_gmt":"2024-03-08T13:24:51","guid":{"rendered":"https:\/\/lpsc-wordpress.in2p3.fr\/?page_id=227"},"modified":"2025-01-24T17:47:19","modified_gmt":"2025-01-24T16:47:19","slug":"alice","status":"publish","type":"page","link":"https:\/\/lpsc-wordpress.in2p3.fr\/?page_id=227","title":{"rendered":"ALICE"},"content":{"rendered":"\n\n\t\t\t\t<img loading=\"lazy\" decoding=\"async\" src=\"https:\/\/lpsc-wordpress.in2p3.fr\/wp-content\/uploads\/2024\/03\/alice.png\" alt=\"alice\" itemprop=\"image\" height=\"800\" width=\"1280\" title=\"alice\" onerror=\"this.style.display='none'\"  \/>\n<h2>\n\t\tALICE\n\t<\/h2>\n\t<p>ALICE (A Large Ion Collider Experiment) est l&rsquo;une des huit exp\u00e9riences de d\u00e9tection du Grand collisionneur de hadrons du CERN<\/p>\n\t\t\t\tPr\u00e9sentation\n\t\t\t\tEquipe \n\t\t\t\t\t\t\tPr\u00e9sentation\n\t\t\t\t<p>L&rsquo;\u00e9quipe ALICE s&rsquo;est constitu\u00e9e \u00e0 partir d&rsquo;un groupe de physique hadronique, qui a travaill\u00e9 depuis les ann\u00e9es 90 sur l&rsquo;acc\u00e9l\u00e9rateur SATURNE au CEA \u00e0 Paris (polarim\u00e8tre POLDER) puis sur l&rsquo;acc\u00e9l\u00e9rateur CEBAF au Jefferson Laboratory aux USA (structure \u00e9lectromagn\u00e9tique du deuton avec l&rsquo;exp\u00e9rience t20, structure du nucl\u00e9on avec l&rsquo;exp\u00e9rience G0, \u00e9tude des noyaux l\u00e9gers dans le hall A, \u00e9tude des GPDs dans le hall B). Depuis les ann\u00e9es 2005, notre groupe est impliqu\u00e9 dans l&rsquo;exp\u00e9rience ALICE aupr\u00e8s de LHC au CERN.<\/p>\n<p>Les motivations physiques de la physique hadronique sont li\u00e9es \u00e0 l&rsquo;\u00e9tude de l&rsquo;interaction forte entre les constituants \u00e9l\u00e9mentaires de la mati\u00e8re que sont les quarks et les gluons. A temp\u00e9rature ordinaire, ceux-ci sont confin\u00e9s au sein des hadrons, comme les protons et les neutrons qui forment les noyaux atomiques. C&rsquo;est pourquoi l&rsquo;\u00e9tude des propri\u00e9t\u00e9s des hadrons \u00e0 l&rsquo;aide de sondes \u00e9lectromagn\u00e9tiques permet de mieux comprendre l&rsquo;interaction entre les constituants qui les composent. Par ailleurs, l&rsquo;utilisation de faisceaux de tr\u00e8s grande \u00e9nergie au LHC permet de produire un large syst\u00e8me de quarks et de gluons d\u00e9confin\u00e9s, que l&rsquo;on appelle le plasma de quarks et de gluons (QGP). L&rsquo;\u00e9tude des propri\u00e9t\u00e9s du QGP permet d&rsquo;apporter des informations pr\u00e9cieuses sur l&rsquo;interaction forte entre les constituants et sur la th\u00e9orie sous-jacente, la chromo-dynamique quantique.<\/p>\n<p>Ces activit\u00e9s scientifiques sont r\u00e9alis\u00e9e dans le cadre de larges collaborations internationales et sont le fruit d&rsquo;\u00e9changes colat\u00e9raux avec plusieurs universit\u00e9s \u00e9trang\u00e8res comme les universit\u00e9s de Tsukuba (Japon), de Wuhan (Chine) et du Liban.<\/p>\n<h3>ALICE au LHC\u00a0\u00a0<\/h3>\n<p>L&rsquo;activit\u00e9 de la majorit\u00e9 des membres de notre \u00e9quipe se situe aupr\u00e8s de l&rsquo;exp\u00e9rience <a href=\"http:\/\/aliweb.cern.ch\/\" target=\"_blank\" rel=\"noopener noreferrer\">ALICE<\/a> au <a href=\"http:\/\/www.lhc-france.fr\/\" target=\"_blank\" rel=\"noopener noreferrer\">LHC<\/a>. L&rsquo;objectif est de cr\u00e9er gr\u00e2ce \u00e0 des collisions d&rsquo;ion lourd (comme le plomb) de tr\u00e8s grande \u00e9nergie un \u00e9tat de la mati\u00e8re particulier. Cet \u00e9tat appel\u00e9 plasma de quark et de gluon peut-\u00eatre \u00e9tudi\u00e9 gr\u00e2ce au d\u00e9tecteur <a href=\"http:\/\/aliweb.cern.ch\/\" target=\"_blank\" rel=\"noopener noreferrer\">ALICE<\/a>\u00a0au <a href=\"http:\/\/public.web.cern.ch\/public\/\">CERN<\/a>.<\/p>\n<p>Note groupe s&rsquo;est investi dans cette collaboration internationale \u00e0 la fois sur le hardware que sur les analyses exp\u00e9rimentales. Nous avons entre autres assembl\u00e9 et calibr\u00e9 un calorim\u00e8tre \u00e9lectromagn\u00e9tique EMCAL. Nous participons \u00e9galement \u00e0 l&rsquo;agrandissement de la couverture en azimuthe de ce calorim\u00e8tre en ce moment. \u00a0<\/p>\n\t\t\t\t\t\t\tEquipe \n\t\t\t\t<h3>Equipe de recherche : membres permanents<\/h3>\n<ul>\n<li><a href=\"https:\/\/annuaire.in2p3.fr\/agents\/Y249Q29uZXNhIEJhbGJhc3RyZSBHdXN0YXZvLG91PXBlb3BsZSxkYz1pbjJwMyxkYz1mcg==\/show\">Gustavo Conesa-Balbastre<\/a>, Charg\u00e9 de recherche au CNRS.<\/li>\n<li><a href=\"https:\/\/annuaire.in2p3.fr\/agents\/Y249RmFpdnJlIEp1bGllbixvdT1wZW9wbGUsZGM9aW4ycDMsZGM9ZnI=\/show\">Julien Faivre<\/a>, Maitre de conf\u00e9rence (HDR) \u00e0 l&rsquo;UGA.<\/li>\n<li><a href=\"https:\/\/annuaire.in2p3.fr\/agents\/Y249RnVyZ2V0IENocmlzdG9waGUsb3U9cGVvcGxlLGRjPWluMnAzLGRjPWZy\/show\">Christophe Furget<\/a>, Professeur d&rsquo;universit\u00e9 \u00e0 l&rsquo;UGA, <strong><em>Responsable de l&rsquo;\u00e9quipe <\/em><\/strong><\/li>\n<li><a href=\"https:\/\/annuaire.in2p3.fr\/agents\/Y249R3Vlcm5hbmUgUmFjaGlkLG91PXBlb3BsZSxkYz1pbjJwMyxkYz1mcg==\/show\">Rachid Guernane<\/a>, Charg\u00e9 de recherche au CNRS.<\/li>\n<\/ul>\n<h3>Equipe de recherche : doctorants et Post-doctorants<\/h3>\n<ul>\n<li>Jaime Norman, contrat post-doctoral 2007-.<\/li>\n<li>Hadi Hassan, th\u00e8se de doctorat cotutelle UGA-Universit\u00e9 libanaise 2016-, <em>Modeling and measuring the b-jet nuclear modification factor in p-Pb at 5,02 TeV with ALICE experiment at the LHC.<\/em><\/li>\n<\/ul>\n<ul>\n<li>Ritsuya Hosokawa, th\u00e8se de doctorat cotutelle UGA-Tsukuba 2016-, Production inclusive et propri\u00e9t\u00e9s des jets en collision p-p et Pb-Pb \u00e0 5,02 TeV<em> avec l&rsquo;exp\u00e9rience ALICE aupr\u00e8s du LHC.<\/em><\/li>\n<\/ul>\n<h3>Research team : permanent staff<\/h3>\n<ul>\n<li><a href=\"https:\/\/annuaire.in2p3.fr\/agents\/Y249Q29uZXNhIEJhbGJhc3RyZSBHdXN0YXZvLG91PXBlb3BsZSxkYz1pbjJwMyxkYz1mcg==\/show\">Gustavo Conesa-Balbastre<\/a>, Charg\u00e9 de recherche au CNRS.<\/li>\n<li><a href=\"https:\/\/annuaire.in2p3.fr\/agents\/Y249RmFpdnJlIEp1bGllbixvdT1wZW9wbGUsZGM9aW4ycDMsZGM9ZnI=\/show\">Julien Faivre<\/a>, Maitre de conf\u00e9rence (HDR) \u00e0 l&rsquo;UGA.<\/li>\n<li><a href=\"https:\/\/annuaire.in2p3.fr\/agents\/Y249RnVyZ2V0IENocmlzdG9waGUsb3U9cGVvcGxlLGRjPWluMnAzLGRjPWZy\/show\">Christophe Furget<\/a>, Professeur d&rsquo;universit\u00e9 \u00e0 l&rsquo;UGA, Responsable du groupe ALICE<\/li>\n<li><a href=\"https:\/\/annuaire.in2p3.fr\/agents\/Y249R3Vlcm5hbmUgUmFjaGlkLG91PXBlb3BsZSxkYz1pbjJwMyxkYz1mcg==\/show\">Rachid Guernane<\/a>, Charg\u00e9 de recherche au CNRS.<\/li>\n<\/ul>\n<h3>Research team : PhD student and Postdocs<\/h3>\n<ul>\n<li>Jaime Norman, contrat post-doctoral 2007-.<\/li>\n<\/ul>\n<ul>\n<li>Hadi Hassan, th\u00e8se de doctorat cotutelle UGA-Universit\u00e9 libanaise 2016-, <em>Modeling and measuring the b-jet nuclear modification factor in p-Pb at 5,02 TeV with ALICE experiment at the LHC.<\/em><\/li>\n<li>Ritsuya Hosokawa, th\u00e8se de doctorat cotutelle UGA-Tsukuba 2016-, Production inclusive et propri\u00e9t\u00e9s des jets en collision p-p et Pb-Pb \u00e0 5,02 TeV<em> avec l&rsquo;exp\u00e9rience ALICE aupr\u00e8s du LHC.<\/em><\/li>\n<\/ul>\n\n","protected":false},"excerpt":{"rendered":"<p>ALICE ALICE (A Large Ion Collider Experiment) est l&rsquo;une des huit exp\u00e9riences de d\u00e9tection du Grand collisionneur de hadrons du CERN Pr\u00e9sentation Equipe Pr\u00e9sentation L&rsquo;\u00e9quipe ALICE s&rsquo;est constitu\u00e9e \u00e0 partir d&rsquo;un groupe de physique hadronique, qui a travaill\u00e9 depuis les ann\u00e9es 90 sur l&rsquo;acc\u00e9l\u00e9rateur SATURNE au CEA \u00e0 Paris (polarim\u00e8tre POLDER) puis sur l&rsquo;acc\u00e9l\u00e9rateur CEBAF&hellip;<\/p>\n","protected":false},"author":2,"featured_media":0,"parent":0,"menu_order":0,"comment_status":"closed","ping_status":"closed","template":"","meta":{"footnotes":""},"class_list":["post-227","page","type-page","status-publish","hentry"],"_links":{"self":[{"href":"https:\/\/lpsc-wordpress.in2p3.fr\/index.php?rest_route=\/wp\/v2\/pages\/227","targetHints":{"allow":["GET"]}}],"collection":[{"href":"https:\/\/lpsc-wordpress.in2p3.fr\/index.php?rest_route=\/wp\/v2\/pages"}],"about":[{"href":"https:\/\/lpsc-wordpress.in2p3.fr\/index.php?rest_route=\/wp\/v2\/types\/page"}],"author":[{"embeddable":true,"href":"https:\/\/lpsc-wordpress.in2p3.fr\/index.php?rest_route=\/wp\/v2\/users\/2"}],"replies":[{"embeddable":true,"href":"https:\/\/lpsc-wordpress.in2p3.fr\/index.php?rest_route=%2Fwp%2Fv2%2Fcomments&post=227"}],"version-history":[{"count":5,"href":"https:\/\/lpsc-wordpress.in2p3.fr\/index.php?rest_route=\/wp\/v2\/pages\/227\/revisions"}],"predecessor-version":[{"id":1293,"href":"https:\/\/lpsc-wordpress.in2p3.fr\/index.php?rest_route=\/wp\/v2\/pages\/227\/revisions\/1293"}],"wp:attachment":[{"href":"https:\/\/lpsc-wordpress.in2p3.fr\/index.php?rest_route=%2Fwp%2Fv2%2Fmedia&parent=227"}],"curies":[{"name":"wp","href":"https:\/\/api.w.org\/{rel}","templated":true}]}}