{"id":2105,"date":"2024-12-03T10:56:29","date_gmt":"2024-12-03T09:56:29","guid":{"rendered":"https:\/\/lpsc-wordpress.in2p3.fr\/?page_id=2105"},"modified":"2025-07-31T13:22:20","modified_gmt":"2025-07-31T11:22:20","slug":"developpement-technologique-copy-copy","status":"publish","type":"page","link":"https:\/\/lpsc-wordpress.in2p3.fr\/?page_id=2105","title":{"rendered":"LSM espace comms"},"content":{"rendered":"\n\n\t\t\t\t<img decoding=\"async\" src=\"https:\/\/lpsc-wordpress.in2p3.fr\/wp-content\/uploads\/2024\/12\/Bandeau.jpg\" alt=\"Bandeau\" itemprop=\"image\" height=\"345\" width=\"1200\" title=\"Bandeau\" onerror=\"this.style.display='none'\" loading=\"lazy\" \/>\n\t\t\t\tLes Petites Secrets de l&rsquo;Univers\n\t\t\t\tPlan\n\t\t\t\tContacts\n\t\t\t\tCarnet d&rsquo;exploration\n\t\t\t\tGuide de la visite\n\t\t\t\t\t\t\tLes Petites Secrets de l&rsquo;Univers\n\t\t\t\t<p>L&rsquo;univers nous cache encore beaucoup de petits secrets ! La preuve, nous ne connaissons que 5% de sa composition, et dans ces 5% il y a la totalit\u00e9 de la mati\u00e8re qui nous compose (nous, les mat\u00e9riaux, l&rsquo;air, les \u00e9toiles et les plan\u00e8tes, &#8230;). Nous ne connaissons pas bien comment il est n\u00e9, de quoi il est compos\u00e9, quelle est sa dimension.<\/p>\n<p>Entrez dans l&rsquo;exposition \u00ab\u00a0Petits secrets de l&rsquo;univers\u00a0\u00bbet vous d\u00e9couvrirez les rayons cosmiques, la radioactivit\u00e9 naturelle et l&rsquo;histoire de sa d\u00e9couverte, &#8230;<strong>Vous comprendrez aussi pourquoi notre laboratoire est souterrain et quelles sont les recherches qui sont effectu\u00e9es (\u00e9tude du neutrino, de la mati\u00e8re noire de l&rsquo;univers, datations, &#8230;)<\/strong><\/p>\n<p>Les \u00ab\u00a0Petits Secrets de l&rsquo;Univers\u00a0\u00bb est un espace interactif d\u00e9di\u00e9 \u00e0 la culture scientifique<\/p>\n<ul>\n<li>Pourquoi un laboratoire souterrain ?<\/li>\n<li>\u00ab\u00a0Ecouter\u00a0\u00bb les rayons cosmiques avec le cosmophone<\/li>\n<li>EDELWEISS : \u00e0 la recherche de la mati\u00e8re noire<\/li>\n<li>NEMO : qu&rsquo;est-ce qu&rsquo;un neutrino ?<\/li>\n<li>A la d\u00e9couverte des rayons X &amp; la radioactivit\u00e9<\/li>\n<li>Voir la radioactivit\u00e9 naturelle avec la chambre \u00e0 brouillard<\/li>\n<li>Le petit train de la radioactivit\u00e9 naturelle<\/li>\n<li>Mesures pour la recherche environnementale<\/li>\n<li>Applications des mesures de radioactivit\u00e9 naturelle<\/li>\n<\/ul>\n<p>Posters &amp; films, multim\u00e9dias &amp; visite virtuelle, \u00e0 l&rsquo;ext\u00e9rieur une statue interactive<\/p>\n<blockquote>\n<p>\u00a0<\/p>\n<\/blockquote>\nNotre exposition fait partie du\u00a0<a href=\"http:\/\/www.savoie.fr\/5770-le-reseau-des-musees.htm\" target=\"_blank\" rel=\"noopener\">r\u00e9seau des mus\u00e9es et maisons th\u00e9matiques de Savoie<\/a>\nCe r\u00e9seau propose une\u00a0<a href=\"http:\/\/www.savoie.fr\/aides-et-service-fiche\/329\/id_aide\/329\/5770-le-reseau-des-musees.htm\" target=\"_blank\" rel=\"noopener\">offre padagogique\u00a0<\/a>pour les \u00e9l\u00e8ves de Savoie\n\u00a0\nNotre expo fait partie du\u00a0<a href=\"http:\/\/www.maurienne-tourisme.com\/fr\/il4-maurienne,decouvrez,sites_p27-musees.aspx\" target=\"_blank\" rel=\"noopener\">r\u00e9seau des mus\u00e9es de Maurienne.<\/a>\nDemandez votre Carte Ambassadeur au Carr\u00e9 Sciences.\n\t\t\t\t\t\t\tPlan\n\t\t\t\t<p><img loading=\"lazy\" decoding=\"async\" src=\"https:\/\/lpsc-wordpress.in2p3.fr\/wp-content\/uploads\/2024\/12\/plan-300x295.jpg\" alt=\"\" width=\"991\" height=\"975\" \/><\/p>\n\t\t\t\t\t\t\tContacts\n\t\t\t\t<p><strong>Laboratoire Souterrain de Modane<\/strong><\/p>\n<p>Carr\u00e9 Sciences<\/p>\n<p>1125 route de Bardonn\u00e8che<\/p>\n<p>73500 MODANE<\/p>\n<p><strong>Renseignements et inscriptions des groupes<\/strong><\/p>\n<p>04 79 05 22 57<\/p>\n<p>Entr\u00e9e gratuite <br \/>Ouvert au public du lundi au vendredi de 14h \u00e0 17h<\/p>\n<p>Groupes sur r\u00e9servation (10 personnes &amp; +)<\/p>\n<p>A partir de 10 ans <br \/>Acc\u00e8s PMR<\/p>\n\t\t\t\t\t\t\tCarnet d&rsquo;exploration\n\t\t\t\t<p>Teelchargez le<a href=\"http:\/\/www.lsm.in2p3.fr\/Espace%20Com\/Carnet%20exploration_light.pdf\"> carnet d&rsquo;exploration<\/a><\/p>\n\t\t\t\t\t\t\tGuide de la visite\n\t\t\t\t<p>Guide de visite <a href=\"http:\/\/www.lsm.in2p3.fr\/Espace%20Com\/Brochure%20Expo.pdf\">FR<\/a><\/p>\n<p>Visit Guide <a href=\"http:\/\/www.lsm.in2p3.fr\/Espace%20Com\/Brochure%20Expo%20Eng.pdf\">EN<\/a><\/p>\n<p>Visita guidata<a href=\"http:\/\/www.lsm.in2p3.fr\/Espace%20Com\/Brochure%20Expo%20Italien.pdf\"> IT<\/a><\/p>\n\n","protected":false},"excerpt":{"rendered":"<p>Les Petites Secrets de l&rsquo;Univers Plan Contacts Carnet d&rsquo;exploration Guide de la visite Les Petites Secrets de l&rsquo;Univers L&rsquo;univers nous cache encore beaucoup de petits secrets ! La preuve, nous ne connaissons que 5% de sa composition, et dans ces 5% il y a la totalit\u00e9 de la mati\u00e8re qui nous compose (nous, les mat\u00e9riaux,&hellip;<\/p>\n","protected":false},"author":22,"featured_media":0,"parent":0,"menu_order":0,"comment_status":"closed","ping_status":"closed","template":"","meta":{"footnotes":""},"class_list":["post-2105","page","type-page","status-publish","hentry"],"_links":{"self":[{"href":"https:\/\/lpsc-wordpress.in2p3.fr\/index.php?rest_route=\/wp\/v2\/pages\/2105","targetHints":{"allow":["GET"]}}],"collection":[{"href":"https:\/\/lpsc-wordpress.in2p3.fr\/index.php?rest_route=\/wp\/v2\/pages"}],"about":[{"href":"https:\/\/lpsc-wordpress.in2p3.fr\/index.php?rest_route=\/wp\/v2\/types\/page"}],"author":[{"embeddable":true,"href":"https:\/\/lpsc-wordpress.in2p3.fr\/index.php?rest_route=\/wp\/v2\/users\/22"}],"replies":[{"embeddable":true,"href":"https:\/\/lpsc-wordpress.in2p3.fr\/index.php?rest_route=%2Fwp%2Fv2%2Fcomments&post=2105"}],"version-history":[{"count":9,"href":"https:\/\/lpsc-wordpress.in2p3.fr\/index.php?rest_route=\/wp\/v2\/pages\/2105\/revisions"}],"predecessor-version":[{"id":2870,"href":"https:\/\/lpsc-wordpress.in2p3.fr\/index.php?rest_route=\/wp\/v2\/pages\/2105\/revisions\/2870"}],"wp:attachment":[{"href":"https:\/\/lpsc-wordpress.in2p3.fr\/index.php?rest_route=%2Fwp%2Fv2%2Fmedia&parent=2105"}],"curies":[{"name":"wp","href":"https:\/\/api.w.org\/{rel}","templated":true}]}}