{"id":2062,"date":"2024-11-27T19:56:12","date_gmt":"2024-11-27T18:56:12","guid":{"rendered":"https:\/\/lpsc-wordpress.in2p3.fr\/?page_id=2062"},"modified":"2025-03-06T11:07:11","modified_gmt":"2025-03-06T10:07:11","slug":"atlas-copy-15-copy-2-copy-6-copy-copy","status":"publish","type":"page","link":"https:\/\/lpsc-wordpress.in2p3.fr\/?page_id=2062","title":{"rendered":"Enseignement par la recherche"},"content":{"rendered":"\n\n\t\t\t\t<img loading=\"lazy\" decoding=\"async\" src=\"https:\/\/lpsc-wordpress.in2p3.fr\/wp-content\/uploads\/2024\/03\/DSF4358_2-scaled.jpg\" alt=\"_DSF4358_2\" itemprop=\"image\" height=\"1707\" width=\"2560\" title=\"_DSF4358_2\" onerror=\"this.style.display='none'\"  \/>\n\t<em>\u00a9 CNRS<br \/>\n<\/em>\n<h2>\n\t\tEnseignement par la recherche\n\t<\/h2>\n\t<h4>Le LPSC joue un r\u00f4le important dans les actions de formation et d&rsquo;enseignement sur l&rsquo;agglom\u00e9ration grenobloise. Il intervient, via ses personnels, dans de nombreuses fili\u00e8res de l&rsquo;Universit\u00e9 Joseph Fourier (UJF) et de l&rsquo;Institut Polytechnique de Grenoble (Grenoble INP). Pour accompagner ses formations et sa recherche, le LPSC accueille deux plateformes de travaux pratiques.<\/h4>\n\t<p>Partager ce contenu<\/p>\n\t\t\t\t\t\t\t\t\t\t<a class= \"uabb-ss-grid-button-link\" href=\"https:\/\/www.linkedin.com\/shareArticle?url=https%3A%2F%2Flpsc-wordpress.in2p3.fr%2F%3Fpage_id%3D2062%26fl_builder\" target=\"_blank\" onclick=\"window.open(this.href,'social-share','left=20,top=20,width=500,height=500,toolbar=1,resizable=0');return false;\">\n\t\t\t\t\t\t\t\tLinkedin\n\t\t\t\t\t\t\t\t\t\t<\/a>\n\t<p>Cat\u00e9gories<\/p>\n\t<p><strong>Sp\u00e9cialit\u00e9s de Masters rattach\u00e9es au laboratoire <\/strong><\/p>\n<ul>\n<li><strong>Master 2 Recherche Physique Subatomique et Astroparticules <\/strong><\/li>\n<\/ul>\n<p>L&rsquo;objectif de cette sp\u00e9cialit\u00e9, conciliant les aspects th\u00e9oriques et exp\u00e9rimentaux, est de former de futurs chercheurs se destinant aux domaines de cette physique qui est le domaine de pr\u00e9dilection de l&rsquo;IN2P3<sup>1<\/sup>. La formation comporte trois parcours distincts\u2009: \u00ab\u00a0Particules et Univers\u00a0\u00bb, \u00ab\u00a0Noyaux et particules\u00a0\u00bb et \u00ab\u00a0Physique des acc\u00e9l\u00e9rateurs\u00a0\u00bb.<\/p>\n<ul>\n<li><strong>Master 2 Recherche \u00c9nerg\u00e9tique Physique <\/strong><\/li>\n<\/ul>\n<p>Les enseignements portent sur la physique des r\u00e9acteurs nucl\u00e9aires, la m\u00e9canique des fluides et les transferts, la physique des mat\u00e9riaux pour l&rsquo;\u00e9nerg\u00e9tique (solaire, pile \u00e0 combustible, cryophysique&#8230;), et enfin l&rsquo;\u00e9cole internationale \u00ab\u00a0Acc\u00e9l\u00e9rateurs\u00a0\u00bb JUAS<sup>2<\/sup>.<\/p>\n<ul>\n<li><strong>Master 2 R&amp;P Nano\u00e9lectronique et Nanotechnologies (NENT)<\/strong><\/li>\n<\/ul>\n<p>Ce master, qui propose quatre parcours, offre un ensemble de formations dans le domaine de la nano \u00e9lectronique depuis la conception de syst\u00e8mes sur puce et de syst\u00e8mes RF T\u00e9l\u00e9coms jusqu&rsquo;aux aspects de la physique des composants \u00e0 l&rsquo;\u00e9chelle nanom\u00e9trique et proc\u00e9d\u00e9s technologiques (plasma en particulier). Ce master vise \u00e0 former des sp\u00e9cialistes dans les domaines de la conception de syst\u00e8mes int\u00e9gr\u00e9s num\u00e9riques, analogiques radiofr\u00e9quence, proc\u00e9d\u00e9s de fabrications, technologies et proc\u00e9d\u00e9s plasma. Cette formation permet de r\u00e9pondre aux attentes aussi bien des industriels que des laboratoires de recherche (parcours Recherche et Professionnel).<\/p>\n<ul>\n<li><strong>Master 2 Pro Mention Ing\u00e9nierie, Tra\u00e7abilit\u00e9, D\u00e9veloppement Durable (ITDD) <\/strong><\/li>\n<\/ul>\n<p>Ce master comporte quatre sp\u00e9cialit\u00e9s dont trois li\u00e9es \u00e0 l&rsquo;aval du cycle nucl\u00e9aire\u2009: la gestion des d\u00e9chets radioactifs, la s\u00fbret\u00e9 nucl\u00e9aire, l&rsquo;assainissement et le d\u00e9mant\u00e8lement des installations nucl\u00e9aires.<\/p>\n<p><img loading=\"lazy\" decoding=\"async\" src=\"https:\/\/lpsc-extranet.in2p3.fr\/images\/Support_activites_scientifiques\/Communication\/Images-CF\/encart_BIDUL_Joumla2.png\" alt=\"encart BIDUL Joumla2\" width=\"484\" height=\"136\" \/><\/p>\n<p>&nbsp;<\/p>\n<p><strong>Actions de formation<\/strong><\/p>\n<ul>\n<li><strong>Stages<\/strong><\/li>\n<\/ul>\n<p>Le laboratoire accueille chaque ann\u00e9e plus de 60 stagiaires depuis le coll\u00e8ge et le lyc\u00e9e (stages d&rsquo;observation) jusqu&rsquo;aux derni\u00e8res ann\u00e9es de l&rsquo;enseignement sup\u00e9rieur. Il les forme et les initie au monde de la physique subatomique, des astroparticules et de la cosmologie, et des techniques intrumentales associ\u00e9es.<\/p>\n<ul>\n<li><strong>Th\u00e8ses <\/strong><\/li>\n<\/ul>\n<p>Une trentaine de doctorants m\u00e8nent leurs premiers travaux de recherche au sein des diff\u00e9rentes \u00e9quipes du LPSC. Le suivi de ces doctorants montre leur bonne insertion professionnelle, en particulier dans les m\u00e9tiers de la recherche.<\/p>\n<p>Le laboratoire h\u00e9berge en moyenne de 30 \u00e0 35 doctorants.<\/p>\n<p>Vous pouvez consulter les propositions de th\u00e8ses faites par les \u00e9quipes du LPSC sur<a href=\"https:\/\/lpsc.in2p3.fr\/index.php\/fr\/offres-de-these\"> ce lien<\/a><a href=\"https:\/\/lpsc-extranet.in2p3.fr\/LPSCstage\/recherche.php\" target=\"_blank\" rel=\"noopener\">,<\/a> lequel est remis \u00e0 jour reguli\u00e8rement.<\/p>\n<p>Les \u00e9tudiants en th\u00e8se au laboratoire sont inscrits dans une des Ecoles Doctorales de Grenoble :<\/p>\n<ul>\n<li><a href=\"https:\/\/www.adum.fr\/as\/ed\/page.pl?site=phys&amp;page=accueil\" target=\"_blank\" rel=\"external noopener\">Ecole Doctorale de Physique de Grenoble<\/a><\/li>\n<li><a href=\"http:\/\/edimep2.grenoble-inp.fr\/\" target=\"_blank\" rel=\"noopener\">Ecole Doctorale d&rsquo;Ing\u00e9nierie Mat\u00e9riaux M\u00e9canique Energ\u00e9tique Environnement Proc\u00e9d\u00e9s Production<\/a><\/li>\n<li><a href=\"http:\/\/edeeats.grenoble-inp.fr\/\" target=\"_blank\" rel=\"external noopener\">Ecole Doctorale d&rsquo;Electronique, Electrotechnique, Automatique &amp; Traitement du Signal<\/a><\/li>\n<\/ul>\n<p>Pour rechercher une proposition de th\u00e8se au LPSC, il faut donc consulter ces trois sites.<\/p>\n<p>Nous assurons le suivi de leur devenir depuis de nombreuses ann\u00e9es. Pour ce qui est des statistiques globales, nous faisons cette \u00e9tude sur une p\u00e9riode d\u00e9butant en 1995 et allant jusqu&rsquo;\u00e0 l&rsquo;ann\u00e9e en cours. Les r\u00e9sultats de notre derni\u00e8re enqu\u00eate porte sur plus de 110 docteurs form\u00e9s.<\/p>\n<ul>\n<li><strong>Formation continue Traitements de surface par plasmas<\/strong><\/li>\n<\/ul>\n<p>Organis\u00e9e au LPSC, cette formation pr\u00e9sente des notions de base sur la production et la caract\u00e9risation des plasmas froids, les m\u00e9canismes d&rsquo;interaction plasma-surface, les proc\u00e9d\u00e9s de gravure et de d\u00e9p\u00f4t par plasma.<\/p>\n<p><strong>Plateformes de TP <\/strong><\/p>\n<ul>\n<li><strong>Plateforme d&rsquo;Instrumentation Nucl\u00e9aire &#8211; Physique Subatomique<\/strong><\/li>\n<\/ul>\n<p>Cette plateforme pratique, d&rsquo;une surface de plus de 200 m<sup>2<\/sup>, est issue d&rsquo;une mutualisation entre les moyens de Grenoble INP\/PHELMA<sup>\u20093<\/sup> et de l&rsquo;UJF\/UFR<sup>\u20094<\/sup> de Physique. Offrant aux \u00e9tudiants un lieu de formation unique en instrumentation nucl\u00e9aire et en physique subatomique exp\u00e9rimentale, cette plateforme couvre un champ \u00e9tendu de moyens de d\u00e9tection et de types d&rsquo;instrumentation en physique nucl\u00e9aire et en physique des particules. Elle met \u00e9galement en valeur leurs applications dans le domaine de l&rsquo;environnement et dans le domaine m\u00e9dical.<\/p>\n<ul>\n<li><strong>Plateforme Internationale des Proc\u00e9d\u00e9s Plasma Avanc\u00e9s (IAP3)<\/strong><\/li>\n<\/ul>\n<p>Cette plateforme exp\u00e9rimentale a pour vocation de constituer un p\u00f4le de formation\u00a0 pour les technologies plasma, et de jouer le r\u00f4le d&rsquo;interface entre laboratoires pour le d\u00e9veloppement de projets de recherche pluridisciplinaires et, d&rsquo;autre part, entre des laboratoires et des industriels pour la valorisation des r\u00e9sultats de la recherche et la mise en place de projets technologiques.<\/p>\n<ul>\n<li><strong>Plateforme Pilotage REP <\/strong><\/li>\n<\/ul>\n<p>Pour r\u00e9pondre aux besoins de formation de leurs \u00e9tudiants au fonctionnement des r\u00e9acteurs \u00e9lectrog\u00e8nes, l&rsquo;UJF et Grenoble INP<sup>5<\/sup> ont mutualis\u00e9 leurs moyens pour se doter de dix postes de travail informatique d\u00e9di\u00e9s \u00e0 la simulation du fonctionnement normal des r\u00e9acteurs \u00e0 eau sous pression de la fili\u00e8re fran\u00e7aise. Cette plateforme constitue pour les \u00e9tudiants une approche aussi r\u00e9aliste que possible du r\u00e9acteur avant leur confrontation avec la r\u00e9alit\u00e9 industrielle.<\/p>\n<p>&nbsp;<\/p>\n<hr \/>\n<p>&nbsp;<\/p>\n1. Institut national de physique nucl\u00e9aire et de physique des particules<br \/>\n2. Joined universities accelerator school (<a href=\"http:\/\/juas.in2p3.fr\">http:\/\/juas.in2p3.fr<\/a>)<br \/>\n3. \u00c9cole d&rsquo;ing\u00e9nieurs de physique, \u00e9lectronique, mat\u00e9riaux<br \/>\n4. Universit\u00e9 Joseph Fourier\u2009\/\u2009Unit\u00e9 de formation et de recherche de physique<br \/>\n5. Institut polytechnique\u00a0 de Grenoble\n\t<iframe loading=\"lazy\" title=\"Enseignement\" width=\"500\" height=\"281\" src=\"https:\/\/www.youtube.com\/embed\/qLHgUcDalXU?start=28&#038;feature=oembed\" frameborder=\"0\" allow=\"accelerometer; autoplay; clipboard-write; encrypted-media; gyroscope; picture-in-picture; web-share\" referrerpolicy=\"strict-origin-when-cross-origin\" allowfullscreen><\/iframe>\n\n","protected":false},"excerpt":{"rendered":"<p>\u00a9 CNRS Enseignement par la recherche Le LPSC joue un r\u00f4le important dans les actions de formation et d&rsquo;enseignement sur l&rsquo;agglom\u00e9ration grenobloise. Il intervient, via ses personnels, dans de nombreuses fili\u00e8res de l&rsquo;Universit\u00e9 Joseph Fourier (UJF) et de l&rsquo;Institut Polytechnique de Grenoble (Grenoble INP). Pour accompagner ses formations et sa recherche, le LPSC accueille deux&hellip;<\/p>\n","protected":false},"author":2,"featured_media":403,"parent":0,"menu_order":0,"comment_status":"closed","ping_status":"closed","template":"","meta":{"footnotes":""},"class_list":["post-2062","page","type-page","status-publish","has-post-thumbnail","hentry"],"_links":{"self":[{"href":"https:\/\/lpsc-wordpress.in2p3.fr\/index.php?rest_route=\/wp\/v2\/pages\/2062","targetHints":{"allow":["GET"]}}],"collection":[{"href":"https:\/\/lpsc-wordpress.in2p3.fr\/index.php?rest_route=\/wp\/v2\/pages"}],"about":[{"href":"https:\/\/lpsc-wordpress.in2p3.fr\/index.php?rest_route=\/wp\/v2\/types\/page"}],"author":[{"embeddable":true,"href":"https:\/\/lpsc-wordpress.in2p3.fr\/index.php?rest_route=\/wp\/v2\/users\/2"}],"replies":[{"embeddable":true,"href":"https:\/\/lpsc-wordpress.in2p3.fr\/index.php?rest_route=%2Fwp%2Fv2%2Fcomments&post=2062"}],"version-history":[{"count":3,"href":"https:\/\/lpsc-wordpress.in2p3.fr\/index.php?rest_route=\/wp\/v2\/pages\/2062\/revisions"}],"predecessor-version":[{"id":2547,"href":"https:\/\/lpsc-wordpress.in2p3.fr\/index.php?rest_route=\/wp\/v2\/pages\/2062\/revisions\/2547"}],"wp:featuredmedia":[{"embeddable":true,"href":"https:\/\/lpsc-wordpress.in2p3.fr\/index.php?rest_route=\/wp\/v2\/media\/403"}],"wp:attachment":[{"href":"https:\/\/lpsc-wordpress.in2p3.fr\/index.php?rest_route=%2Fwp%2Fv2%2Fmedia&parent=2062"}],"curies":[{"name":"wp","href":"https:\/\/api.w.org\/{rel}","templated":true}]}}