{"id":2057,"date":"2024-11-27T19:51:37","date_gmt":"2024-11-27T18:51:37","guid":{"rendered":"https:\/\/lpsc-wordpress.in2p3.fr\/?page_id=2057"},"modified":"2025-03-06T11:07:13","modified_gmt":"2025-03-06T10:07:13","slug":"atlas-copy-15-copy-2-copy-6-copy","status":"publish","type":"page","link":"https:\/\/lpsc-wordpress.in2p3.fr\/?page_id=2057","title":{"rendered":"Plateforme d&rsquo;instrumentation nucl\u00e9aire"},"content":{"rendered":"\n\n\t\t\t\t<img loading=\"lazy\" decoding=\"async\" src=\"https:\/\/lpsc-wordpress.in2p3.fr\/wp-content\/uploads\/2024\/03\/DSF4358_2-scaled.jpg\" alt=\"_DSF4358_2\" itemprop=\"image\" height=\"1707\" width=\"2560\" title=\"_DSF4358_2\" onerror=\"this.style.display='none'\"  \/>\n\t<em>\u00a9 CNRS<br \/>\n<\/em>\n<h2>\n\t\tPlateforme d&rsquo;instrumentation nucl\u00e9aire\n\t<\/h2>\n\t<h4>Le laboratoire, sp\u00e9cialis\u00e9 dans la physique nucl\u00e9aire, la physique des particules et la cosmologie, est aussi, depuis sa cr\u00e9ation en 1967, un site d&rsquo;enseignement. Plusieurs masters sont adoss\u00e9s aux comp\u00e9tences du LPSC. Outre les enseignements th\u00e9oriques qu&rsquo;ils re\u00e7oivent, les \u00e9tudiants sont form\u00e9s aux techniques exp\u00e9rimentales (instrumentation, chaine d&rsquo;acquisition, simulation), et \u00e0 l&rsquo;analyse de donn\u00e9es. La plupart des enseignements techniques sont dispens\u00e9s sur la plateforme d&rsquo;Instrumentation nucl\u00e9aire et de physique subatomique h\u00e9berg\u00e9e par le laboratoire.<\/h4>\n\t<p>Partager ce contenu<\/p>\n\t\t\t\t\t\t\t\t\t\t<a class= \"uabb-ss-grid-button-link\" href=\"https:\/\/www.linkedin.com\/shareArticle?url=https%3A%2F%2Flpsc-wordpress.in2p3.fr%2F%3Fpage_id%3D2057%26fl_builder\" target=\"_blank\" onclick=\"window.open(this.href,'social-share','left=20,top=20,width=500,height=500,toolbar=1,resizable=0');return false;\">\n\t\t\t\t\t\t\t\tLinkedin\n\t\t\t\t\t\t\t\t\t\t<\/a>\n\t<p>Cat\u00e9gories<\/p>\n\t<p><img loading=\"lazy\" decoding=\"async\" src=\"https:\/\/lpsc-wordpress.in2p3.fr\/wp-content\/uploads\/2024\/10\/plateforme-instrumentation-300x188.png\" alt=\"\" width=\"300\" height=\"188\" \/>Le laboratoire, sp\u00e9cialis\u00e9 dans la physique nucl\u00e9aire, la physique des particules et la cosmologie, est aussi, depuis sa cr\u00e9ation en 1967, un site d&rsquo;enseignement. Plusieurs masters sont adoss\u00e9s aux comp\u00e9tences du LPSC. Outre les enseignements th\u00e9oriques qu&rsquo;ils re\u00e7oivent, les \u00e9tudiants sont form\u00e9s aux techniques exp\u00e9rimentales (instrumentation, chaine d&rsquo;acquisition, simulation), et \u00e0 l&rsquo;analyse de donn\u00e9es. La plupart des enseignements techniques sont dispens\u00e9s sur la plateforme d&rsquo;Instrumentation nucl\u00e9aire et de physique subatomique h\u00e9berg\u00e9e par le laboratoire. Cette plateforme pratique est issue d&rsquo;une mutualisation entre les moyens de Grenoble INP &#8211; Phelma et de l&rsquo;UGA (UFR de Physique). Offrant aux \u00e9tudiants un lieu de formation unique en instrumentation nucl\u00e9aire et en physique subatomique exp\u00e9rimentale, elle couvre un champ \u00e9tendu de moyens de d\u00e9tection et de types d&rsquo;instrumentation en physique nucl\u00e9aire et en physique des particules. Elle met \u00e9galement en valeur leurs applications dans le domaine de l&rsquo;\u00e9nergie, de l&rsquo;environnement et dans le domaine m\u00e9dical.<\/p>\nDepuis 10 ans, la plateforme s&rsquo;est ouverte \u00e0 de nombreuses formations et \u00e0 de nouvelles p\u00e9dagogies et devait subir quelques am\u00e9nagements pour continuer \u00e0 accueillir les 500 \u00e9tudiants par an dans de bonnes conditions. D&rsquo;importants travaux soutenus par Grenoble INP, l&rsquo;UGA, le Labex ENIGMASS ont donc \u00e9t\u00e9 entrepris pour r\u00e9nover et r\u00e9am\u00e9nager les locaux existants, construire une extension de 240 m\u00e8tres carr\u00e9s (faisant plus que doubler la surface totale) et renouveler les dispositifs exp\u00e9rimentaux.<br \/>\nCes travaux permettront \u00e0 la plateforme de poursuivre son d\u00e9veloppement en accueillant de nouvelles manips, de nouvelles formations, et en mettant en place de nouvelles p\u00e9dagogies. Ils ont \u00e9galement permis d&rsquo;am\u00e9liorer l&rsquo;accessibilit\u00e9 aux handicap\u00e9s et de respecter les nouvelles normes de s\u00e9curit\u00e9 (avec notamment l&rsquo;am\u00e9nagement d&rsquo;une salle s\u00e9curis\u00e9e pour le stockage des sources radioactives).<br \/>\nAvec une vingtaine de dispositifs exp\u00e9rimentaux, deux salles d&rsquo;informatique dont une avec simulateur de conduite REP (R\u00e9acteurs \u00e0 Eau Pressuris\u00e9e), la plateforme du LPSC est l&rsquo;une des plus importantes plateformes en physique subatomique au niveau national.\n\t<iframe loading=\"lazy\" title=\"Enseignement\" width=\"500\" height=\"281\" src=\"https:\/\/www.youtube.com\/embed\/qLHgUcDalXU?start=28&#038;feature=oembed\" frameborder=\"0\" allow=\"accelerometer; autoplay; clipboard-write; encrypted-media; gyroscope; picture-in-picture; web-share\" referrerpolicy=\"strict-origin-when-cross-origin\" allowfullscreen><\/iframe>\n\n","protected":false},"excerpt":{"rendered":"<p>\u00a9 CNRS Plateforme d&rsquo;instrumentation nucl\u00e9aire Le laboratoire, sp\u00e9cialis\u00e9 dans la physique nucl\u00e9aire, la physique des particules et la cosmologie, est aussi, depuis sa cr\u00e9ation en 1967, un site d&rsquo;enseignement. Plusieurs masters sont adoss\u00e9s aux comp\u00e9tences du LPSC. Outre les enseignements th\u00e9oriques qu&rsquo;ils re\u00e7oivent, les \u00e9tudiants sont form\u00e9s aux techniques exp\u00e9rimentales (instrumentation, chaine d&rsquo;acquisition, simulation), et&hellip;<\/p>\n","protected":false},"author":2,"featured_media":403,"parent":0,"menu_order":0,"comment_status":"closed","ping_status":"closed","template":"","meta":{"footnotes":""},"class_list":["post-2057","page","type-page","status-publish","has-post-thumbnail","hentry"],"_links":{"self":[{"href":"https:\/\/lpsc-wordpress.in2p3.fr\/index.php?rest_route=\/wp\/v2\/pages\/2057","targetHints":{"allow":["GET"]}}],"collection":[{"href":"https:\/\/lpsc-wordpress.in2p3.fr\/index.php?rest_route=\/wp\/v2\/pages"}],"about":[{"href":"https:\/\/lpsc-wordpress.in2p3.fr\/index.php?rest_route=\/wp\/v2\/types\/page"}],"author":[{"embeddable":true,"href":"https:\/\/lpsc-wordpress.in2p3.fr\/index.php?rest_route=\/wp\/v2\/users\/2"}],"replies":[{"embeddable":true,"href":"https:\/\/lpsc-wordpress.in2p3.fr\/index.php?rest_route=%2Fwp%2Fv2%2Fcomments&post=2057"}],"version-history":[{"count":3,"href":"https:\/\/lpsc-wordpress.in2p3.fr\/index.php?rest_route=\/wp\/v2\/pages\/2057\/revisions"}],"predecessor-version":[{"id":2548,"href":"https:\/\/lpsc-wordpress.in2p3.fr\/index.php?rest_route=\/wp\/v2\/pages\/2057\/revisions\/2548"}],"wp:featuredmedia":[{"embeddable":true,"href":"https:\/\/lpsc-wordpress.in2p3.fr\/index.php?rest_route=\/wp\/v2\/media\/403"}],"wp:attachment":[{"href":"https:\/\/lpsc-wordpress.in2p3.fr\/index.php?rest_route=%2Fwp%2Fv2%2Fmedia&parent=2057"}],"curies":[{"name":"wp","href":"https:\/\/api.w.org\/{rel}","templated":true}]}}