{"id":198,"date":"2024-03-08T09:14:22","date_gmt":"2024-03-08T08:14:22","guid":{"rendered":"https:\/\/lpsc-wordpress.in2p3.fr\/?page_id=198"},"modified":"2026-01-08T08:08:32","modified_gmt":"2026-01-08T07:08:32","slug":"sdi","status":"publish","type":"page","link":"https:\/\/lpsc-wordpress.in2p3.fr\/?page_id=198","title":{"rendered":"SDI"},"content":{"rendered":"\n\n\t\t\t\t<img decoding=\"async\" src=\"https:\/\/lpsc-wordpress.in2p3.fr\/wp-content\/uploads\/2024\/03\/sdi.png\" alt=\"sdi\" itemprop=\"image\" height=\"800\" width=\"1280\" title=\"sdi\" onerror=\"this.style.display='none'\" loading=\"lazy\" \/>\n<h2>\n\t\t\tSDI\t<\/h2>\n\t<p><strong>S<\/strong>ervice <strong>D<\/strong>\u00e9tecteurs &amp;<strong> I<\/strong>nstrumentation<\/p>\n\t\t\t\tPr\u00e9sentation\n\t\t\t\tEquipe \n\t\t\t\tComp\u00e9tences\n\t\t\t\tEnseignement\n\t\t\t\t\t\t\tPr\u00e9sentation\n\t\t\t\t<h1>Pr\u00e9sentation<\/h1>\n<hr \/>\n<h3>Missions :<\/h3>\n<p>Les missions du Service D\u00e9tecteurs et Instrumentation sont le d\u00e9veloppement, la conception, la r\u00e9alisation et la mise en \u0153uvre de dispositifs instrumentaux pour les exp\u00e9riences du laboratoire. Il a pour vocation d&rsquo;assurer une expertise dans le d\u00e9veloppement de d\u00e9tecteurs pour les exp\u00e9riences de physique, leurs applications et leur valorisation. Il assure \u00e9galement la gestion et la responsabilit\u00e9 technique de la Plateforme d&rsquo;Instrumentation Nucl\u00e9aire et de Physique Subatomique (600 \u00e9tudiants\/an, 20 dispositifs exp\u00e9rimentaux, 2 salles informatiques).<\/p>\n<p><strong>\u00c9tudes, d\u00e9veloppements, r\u00e9alisations, mises en \u0153uvre et maintenance d&rsquo;ensembles instrumentaux :<\/strong><\/p>\n<ul>\n<li>\u00c9tudes, r\u00e9alisations, int\u00e9grations et montages d&rsquo;ensembles instrumentaux<\/li>\n<li>D\u00e9veloppements, simulations et caract\u00e9risations de d\u00e9tecteurs de particules<\/li>\n<li>Contr\u00f4les et commandes, dispositifs automatiques de s\u00e9curit\u00e9<\/li>\n<li>Acquisition et analyse de donn\u00e9es<\/li>\n<\/ul>\n<p><strong>R&amp;D : \u00c9tudes et d\u00e9veloppements de nouvelles technologies dans le domaine de l&rsquo;instrumentation en g\u00e9n\u00e9ral :<\/strong><\/p>\n<ul>\n<li>D\u00e9tection de particules ( photod\u00e9tecteurs, d\u00e9tecteurs semi-conducteurs, d\u00e9tecteurs gazeux)<\/li>\n<li>Contr\u00f4le\/commandes et acquisition (embarqu\u00e9, sans fil, IoT &#8230;)<\/li>\n<li>Mat\u00e9riaux (thermiques, optiques, couches minces)<\/li>\n<\/ul>\n<p><strong>Assistance au fonctionnement des exp\u00e9riences.<\/strong><\/p>\n<ul>\n<li>Int\u00e9grations, tests, validations et maintenance sur site<\/li>\n<li>Emballages, transports et logistique<\/li>\n<\/ul>\n<h3>Organisation :<\/h3>\n<p>Le Service D\u00e9tecteurs &amp; Instrumentation est structur\u00e9 en 4 p\u00f4les de comp\u00e9tences:<\/p>\n<ul>\n<li><strong>D\u00e9veloppements d\u00e9tecteurs<\/strong><\/li>\n<li><strong>\u00c9tudes &#8211; Montages &#8211; Int\u00e9gration &#8211; Tests<\/strong><\/li>\n<li><strong>Contr\u00f4le Commande &#8211; Acquisition de donn\u00e9es<\/strong><\/li>\n<li><strong>Chimie &#8211; Mat\u00e9riaux &#8211; Couches minces<\/strong><\/li>\n<\/ul>\n<p><a href=\"https:\/\/lpsc-wordpress.in2p3.fr\/wp-content\/uploads\/2025\/04\/P6240087.jpg\" target=\"_blank\" rel=\"noopener\"><img loading=\"lazy\" decoding=\"async\" src=\"https:\/\/lpsc-wordpress.in2p3.fr\/wp-content\/uploads\/2025\/04\/P6240087-300x225.jpg\" alt=\"\" width=\"200\" height=\"150\" \/><\/a> <a href=\"https:\/\/lpsc-wordpress.in2p3.fr\/wp-content\/uploads\/2025\/04\/DSF3357_2-scaled.jpg\" target=\"_blank\" rel=\"noopener\"><img loading=\"lazy\" decoding=\"async\" title=\"R\u00e9alisation de sels chlor\u00e9s et fluor\u00e9s en boite \u00e0 gants\" src=\"https:\/\/lpsc-wordpress.in2p3.fr\/wp-content\/uploads\/2025\/04\/DSF3357_2-300x200.jpg\" alt=\"\" width=\"225\" height=\"150\" \/><\/a>\u00a0<a href=\"https:\/\/lpsc-wordpress.in2p3.fr\/wp-content\/uploads\/2025\/04\/DSF3263_2-scaled.jpg\" target=\"_blank\" rel=\"noopener\"><img loading=\"lazy\" decoding=\"async\" title=\"Anodisation de pi\u00e8ces\" src=\"https:\/\/lpsc-wordpress.in2p3.fr\/wp-content\/uploads\/2025\/04\/DSF3263_2-300x200.jpg\" alt=\"\" width=\"225\" height=\"150\" \/><\/a> <a href=\"https:\/\/lpsc-wordpress.in2p3.fr\/wp-content\/uploads\/2025\/04\/DSF1634_2-scaled.jpg\" target=\"_blank\" rel=\"noopener\"><img loading=\"lazy\" decoding=\"async\" title=\"Channeltron (Multiplicateur d'\u00e9lectrons)\" src=\"https:\/\/lpsc-wordpress.in2p3.fr\/wp-content\/uploads\/2025\/04\/DSF1634_2-300x200.jpg\" alt=\"\" width=\"225\" height=\"150\" \/><\/a> <a href=\"https:\/\/lpsc-wordpress.in2p3.fr\/wp-content\/uploads\/2025\/04\/DSF2366_2-scaled.jpg\" target=\"_blank\" rel=\"noopener\"><img loading=\"lazy\" decoding=\"async\" title=\"R\u00e9alisation et test du contr\u00f4le-commande d'une ligne de test thermique par faisceau d'\u00e9lectrons (3 kW)\" src=\"https:\/\/lpsc-wordpress.in2p3.fr\/wp-content\/uploads\/2025\/04\/DSF2366_2-300x200.jpg\" alt=\"\" width=\"225\" height=\"150\" \/><\/a> <a href=\"https:\/\/lpsc-wordpress.in2p3.fr\/wp-content\/uploads\/2025\/04\/DSF3877_2-scaled.jpg\" target=\"_blank\" rel=\"noopener\"><img loading=\"lazy\" decoding=\"async\" title=\"Int\u00e9gration de modules silicium pour le trajectographe interne d'ATLAS ITk\" src=\"https:\/\/lpsc-wordpress.in2p3.fr\/wp-content\/uploads\/2025\/04\/DSF3877_2-300x200.jpg\" alt=\"\" width=\"225\" height=\"150\" \/><\/a> <a href=\"https:\/\/lpsc-wordpress.in2p3.fr\/wp-content\/uploads\/2025\/04\/DSF1816_2-scaled.jpg\" target=\"_blank\" rel=\"noopener\"><img loading=\"lazy\" decoding=\"async\" title=\"Tissage automatique de plans de fils (200 fils, diam\u00e8tre : 25 \u00b5m, Mati\u00e8re: Tungst\u00e8ne-Or \" src=\"https:\/\/lpsc-wordpress.in2p3.fr\/wp-content\/uploads\/2025\/04\/DSF1816_2-200x300.jpg\" alt=\"\" width=\"100\" height=\"150\" \/><\/a><\/p>\n\t\t\t\t\t\t\tEquipe \n\t\t\t\t<h1>Equipe<\/h1>\n<hr \/>\n<p><strong>Le <a href=\"https:\/\/annuaire.in2p3.fr\/search\/lpsc+d%25C3%25A9tecteurs+instrumentation\" target=\"_blank\" rel=\"noopener\">Service D\u00e9tecteurs &amp; Instrumentation<\/a> (SDI) est compos\u00e9 de 18 agents (dont 3 CDD)<\/strong><\/p>\n<table>\n<tbody>\n<tr>\n<td>\n<ul>\n<li><strong><em>1 Charg\u00e9e de Recherche (HDR)<\/em><\/strong>\n<ul>\n<li><strong><em><a href=\"https:\/\/annuaire.in2p3.fr\/3577-3872\/sara-marcatili\" target=\"_blank\" rel=\"noopener\">Sara MARCATILI<\/a><\/em><\/strong><\/li>\n<\/ul>\n<\/li>\n<\/ul>\n<ul>\n<li><strong><em>6 Ing\u00e9nieurs de Recherche (2 Phd)<\/em><\/strong>\n<ul>\n<li><em><a href=\"https:\/\/annuaire.in2p3.fr\/2440-2649\/olivier-guillaudin\" target=\"_blank\" rel=\"noopener\"><strong>Olivier GUILLAUDIN<\/strong><\/a><\/em><\/li>\n<li><em><a href=\"https:\/\/annuaire.in2p3.fr\/3990-4325\/jean-francois-muraz\" target=\"_blank\" rel=\"noopener\"><strong>Jean-Fran\u00e7ois MURAZ<\/strong><\/a> (Responsable du service)<\/em><\/li>\n<li><em><a href=\"https:\/\/annuaire.in2p3.fr\/2597-2822\/murielle-rousseau\" target=\"_blank\" rel=\"noopener\"><strong>Murielle ROUSSEAU<\/strong><\/a><\/em><\/li>\n<li><em><a href=\"https:\/\/annuaire.in2p3.fr\/9050-12572\/yoann-sallaz-damaz\" target=\"_blank\" rel=\"noopener\"><strong>Yoann SALLAZ DAMAZ <\/strong><\/a>(Responsable adjoint)<\/em><\/li>\n<li><em><a href=\"https:\/\/annuaire.in2p3.fr\/4913-5329\/nadine-sauzet\" target=\"_blank\" rel=\"noopener\"><strong>Nadine SAUZET<\/strong><\/a><\/em><\/li>\n<li><em><a href=\"https:\/\/annuaire.in2p3.fr\/5710-6205\/olivier-zimmermann\" target=\"_blank\" rel=\"noopener\"><strong>Olivier ZIMMERMANN<\/strong><\/a><\/em><\/li>\n<\/ul>\n<\/li>\n<\/ul>\n<ul>\n<li><strong><em>4 Ing\u00e9nieurs d&rsquo;Etudes<\/em><\/strong>\n<ul>\n<li><em><a href=\"https:\/\/annuaire.in2p3.fr\/1212-1313\/florent-collovati\" target=\"_blank\" rel=\"noopener\"><strong>Florent COLLOVATI<\/strong><\/a><\/em><\/li>\n<li><em><a href=\"https:\/\/annuaire.in2p3.fr\/3622-3927\/julien-marpaud\" target=\"_blank\" rel=\"noopener\"><strong>Julien MARPAUD<\/strong><\/a><\/em><\/li>\n<li><em><a href=\"https:\/\/annuaire.in2p3.fr\/3671-3981\/marc-marton\" target=\"_blank\" rel=\"noopener\"><strong>Marc<\/strong> <strong>MARTON<\/strong><\/a><\/em><\/li>\n<li><em><a href=\"https:\/\/annuaire.in2p3.fr\/4656-5053\/adeline-richard%20termini\" target=\"_blank\" rel=\"noopener\"><strong>Adeline RICHARD TERMINI<\/strong><\/a><\/em><\/li>\n<\/ul>\n<\/li>\n<\/ul>\n<ul>\n<li><strong><em>4 Assistants Ing\u00e9nieurs<\/em><\/strong>\n<ul>\n<li><em><strong><a href=\"https:\/\/annuaire.in2p3.fr\/1012-1095\/mohammed-chala\" target=\"_blank\" rel=\"noopener\">Mohammed CHALA<\/a><\/strong><\/em><\/li>\n<li><em><a href=\"https:\/\/annuaire.in2p3.fr\/6430-8156\/mathieu-da%20silva\" target=\"_blank\" rel=\"noopener\"><strong>Mathieu Da SILVA <\/strong><\/a><\/em><\/li>\n<li><a href=\"https:\/\/annuaire.in2p3.fr\/8191-11303\/melvyn-reynaud\" target=\"_blank\" rel=\"noopener\"><em><strong>Melvyn REYNAUD<\/strong><\/em><\/a><\/li>\n<li><a href=\"https:\/\/annuaire.in2p3.fr\/8191-11303\/melvyn-reynaud\" target=\"_blank\" rel=\"noopener\"><em><strong>Samuel RONI<\/strong><\/em><\/a><\/li>\n<\/ul>\n<\/li>\n<\/ul>\n<ul>\n<li><strong><em>3 CDD AI<\/em><\/strong>\n<ul>\n<li><em><strong><a href=\"https:\/\/annuaire.in2p3.fr\/10505-14760\/thibaud-argoud\" target=\"_blank\" rel=\"noopener\">Thibaud ARGOUD<\/a><\/strong><\/em><\/li>\n<li><em><a href=\"https:\/\/annuaire.in2p3.fr\/10675-15107\/ethan-couturier\" target=\"_blank\" rel=\"noopener\"><strong>Ethan COUTURIER<\/strong><\/a><\/em><\/li>\n<li><a href=\"https:\/\/annuaire.in2p3.fr\/8327-12377\/abdelkader-mohammed-matallah\" target=\"_blank\" rel=\"noopener\"><em><strong>Abdelkader MOHAMMED-MATALLAH<\/strong><\/em><\/a><\/li>\n<\/ul>\n<\/li>\n<\/ul>\n<\/td>\n<td>\u00a0\u00a0\u00a0\u00a0\u00a0 <img loading=\"lazy\" decoding=\"async\" src=\"https:\/\/lpsc-wordpress.in2p3.fr\/wp-content\/uploads\/2026\/01\/Organigramme_SDI_21-176x300.jpg\" alt=\"\" width=\"361\" height=\"615\" \/>\u00a0 \u00a0 \u00a0<\/td>\n<\/tr>\n<\/tbody>\n<\/table>\n<hr \/>\n<p><strong>Comp\u00e9tences &amp; Fonctions de chaque membre du service<\/strong><\/p>\n<p>Mohammed<strong> CHALA<\/strong><\/p>\n<ul>\n<li><em>Montage d&rsquo;exp\u00e9riences<\/em><\/li>\n<li><em>Contr\u00f4le-Commande<\/em><\/li>\n<li><em>Acheteur RS-Composant, Farnell et Mouser<br \/><\/em><\/li>\n<\/ul>\n<p>Florent<strong> COLLOVATI<\/strong><\/p>\n<ul>\n<li><em>Techniques exp\u00e9rimentales<\/em><\/li>\n<li><em>Responsable technique de la Plateforme d&rsquo;instrumentation et de physique subatomique<\/em><\/li>\n<li><em>Assistant de pr\u00e9vention (AP), Personne Comp\u00e9tente en Radioprotection (PCR) et Coordinateur des PCR de l&rsquo;INP<\/em><\/li>\n<li><em>Correspondant Communication (CoCom)<\/em><\/li>\n<li><em>Membre du Comit\u00e9 Technique de Communication (CTC)<\/em><\/li>\n<\/ul>\n<p>Mathieu <strong>Da SILVA<\/strong><\/p>\n<ul>\n<li><em>Montage d&rsquo;exp\u00e9rimentation dans le domaine des acc\u00e9l\u00e9rateurs<\/em><\/li>\n<li><em>Conception CAO 3D<\/em><\/li>\n<li><em>Vide et ultravide<\/em><\/li>\n<\/ul>\n<p>Olivier <strong>GUILLAUDIN<\/strong><\/p>\n<ul>\n<li><em>D\u00e9veloppement &amp; test de d\u00e9tecteurs gazeux<\/em><\/li>\n<li><em>Mod\u00e9lisation num\u00e9rique<\/em><\/li>\n<li><em>Analyse de donn\u00e9es<\/em><\/li>\n<li><em>Gestion de projets<\/em><\/li>\n<li><em>Contact local R\u00e9seau D\u00e9tecteurs Gazeux<\/em><\/li>\n<\/ul>\n<p>Julien <strong>MARPAUD<\/strong><\/p>\n<ul>\n<li><em>Techniques exp\u00e9rimentales<\/em><\/li>\n<li><em>Contr\u00f4le-Commande<\/em><\/li>\n<li><em>Acquisition de donn\u00e9es<\/em><\/li>\n<\/ul>\n<p>Marc <strong>MARTON<\/strong><\/p>\n<ul>\n<li><em>Conception CAO 3D<\/em><\/li>\n<li><em>Montage d&rsquo;exp\u00e9riences<\/em><\/li>\n<li><em>Tissage, Collage, Polissage<\/em><\/li>\n<li><em>Porteur de carte achat<\/em><\/li>\n<\/ul>\n<p>Sara <strong>MARCATILI<\/strong><\/p>\n<ul>\n<li><em>D\u00e9veloppement &amp; test de d\u00e9tecteurs (Applications m\u00e9dicales)<\/em><\/li>\n<li><em>Mod\u00e9lisation num\u00e9rique<\/em><\/li>\n<li><em>Analyse de donn\u00e9es<\/em><\/li>\n<li><em>Gestion de projets<\/em><\/li>\n<li><em>Porteuse de l&rsquo;ERC JRJC PGTI<\/em><\/li>\n<li><em>Coordinatrice de <a href=\"https:\/\/tech-news.in2p3.fr\/expertisesreseaux\/reseaux-experts-in2p3\/reseau-photodetection\/\" target=\"_blank\" rel=\"noopener\">r\u00e9seau photod\u00e9tection de l&rsquo;IN2P3<\/a><\/em><\/li>\n<li><em>Elue au p\u00f4le <a href=\"https:\/\/www.univ-grenoble-alpes.fr\/recherche\/poles-de-recherche\/le-pole-physique-des-particules-astrophysique-geosciences-environnement-et-ecologie-page-\/le-pole-physique-des-particules-astrophysique-geosciences-environnement-et-ecologie-page--580971.kjsp\" target=\"_blank\" rel=\"noopener\">PAGE<\/a> de l&rsquo;<a href=\"https:\/\/www.univ-grenoble-alpes.fr\/francais\/\" target=\"_blank\" rel=\"noopener\">UGA<\/a><\/em><\/li>\n<\/ul>\n<p>Jean-Fran\u00e7ois<strong> MURAZ<\/strong><\/p>\n<ul>\n<li><strong>Chef de service<\/strong><\/li>\n<li><em>D\u00e9veloppement &amp; test de d\u00e9tecteurs<\/em><\/li>\n<li><em>Conception CAO 3D<\/em><\/li>\n<li><em>Gestion de projets<\/em><\/li>\n<li><em>Membre du Comit\u00e9 de Suivi de Projet (CSP)<\/em><\/li>\n<li><em>Membre du groupe de travail \u00ab\u00a0Outils de simulation Multiphysique\u00a0\u00bb de l&rsquo;IN2P3 (<a href=\"https:\/\/www.comsol.fr\/\" target=\"_blank\" rel=\"noopener\">COMSOL Multiphysics<\/a>)<\/em><\/li>\n<li><em>Membre du\u00a0Comit\u00e9 Local d&rsquo;Hygi\u00e8ne, de S\u00e9curit\u00e9 et des Conditions de Travail <a href=\"http:\/\/lpsc.in2p3.fr\/index.php\/fr\/services\/hygiene-et-securite\/presentation\" target=\"_blank\" rel=\"noopener\">(CLHSCT)<\/a><\/em><\/li>\n<\/ul>\n<p>Melvyn <strong>REYNAUD<br \/><\/strong><\/p>\n<ul>\n<li><em>Montage d&rsquo;exp\u00e9riences<\/em><\/li>\n<li><em>Nanofabrication<\/em><\/li>\n<li><em>Tissage, Collage, <br \/><\/em><\/li>\n<\/ul>\n<p>Adeline <strong>RICHARD TERMINI<\/strong><\/p>\n<ul>\n<li><em>Techniques exp\u00e9rimentales<\/em><\/li>\n<li><em>Contr\u00f4le-Commande<\/em><\/li>\n<li><em>Conception CAO 3D<\/em><\/li>\n<li><em>M\u00e9catronique<\/em><\/li>\n<li><em>Membre du Conseil d&rsquo;Unit\u00e9 (<a href=\"http:\/\/lpsc.in2p3.fr\/index.php\/fr\/instances-du-laboratoire\/conseil-unite\" target=\"_blank\" rel=\"noopener\">CU<\/a>)<\/em><\/li>\n<li><em>Membre du Comit\u00e9 Technique d&rsquo;Administration (CTA)<\/em><\/li>\n<\/ul>\n<p>Samuel <strong>RONI<\/strong><\/p>\n<ul>\n<li><em>Montage d&rsquo;exp\u00e9rimentation dans le domaine des acc\u00e9l\u00e9rateurs<\/em><\/li>\n<li><em>Conception CAO 3D<\/em><\/li>\n<li><em>Vide et ultravide<\/em><\/li>\n<\/ul>\n<p>Murielle <strong>ROUSSEAU<\/strong><\/p>\n<ul>\n<li><em>Exp\u00e9rimentation<\/em><\/li>\n<li><em>Gestion de projets<\/em><\/li>\n<li><em>Chimie, Mat\u00e9riaux &amp; Couches minces<\/em><\/li>\n<li><em>Responsable technique du Laboratoire de mesures des faibles radioactivit\u00e9s <a href=\"http:\/\/lpsc.in2p3.fr\/index.php\/fr\/65-valorisation\/lba\/404-le-lba-en-detail\" target=\"_blank\" rel=\"noopener\">(LBA)<\/a><\/em><\/li>\n<li><em>R\u00e9f\u00e9rente salle blanche<\/em><\/li>\n<li><em>Membre du Comit\u00e9 Local d&rsquo;Hygi\u00e8ne, de S\u00e9curit\u00e9 et des Conditions de Travail <a href=\"http:\/\/lpsc.in2p3.fr\/index.php\/fr\/services\/hygiene-et-securite\/presentation\" target=\"_blank\" rel=\"noopener\">(CLHSCT)<\/a><\/em><\/li>\n<li><em>Membre du Comit\u00e9 des Personnels du Laboratoire (CPL)<\/em><\/li>\n<\/ul>\n<p>Yoann <strong>SALLAZ DAMAZ<br \/><\/strong><\/p>\n<ul>\n<li><strong><em>Chef de service adjoint<\/em><\/strong><\/li>\n<li><em>D\u00e9veloppement &amp; test de d\u00e9tecteurs<\/em><\/li>\n<li><em>Contr\u00f4le-Commande<\/em><\/li>\n<li>Gestion de projets<\/li>\n<\/ul>\n<p>Nadine <strong>SAUZET<\/strong><\/p>\n<ul>\n<li><em>D\u00e9veloppement, test &amp; valorisation d\u00e9tecteurs (Neutronique)<\/em><\/li>\n<li><em>Mod\u00e9lisation num\u00e9rique<\/em><\/li>\n<li><em>Analyse de donn\u00e9es<\/em><\/li>\n<li><em>Gestion de projets<\/em><\/li>\n<li><em>Responsable Op\u00e9rationnelle de la plateforme LSM <a href=\"http:\/\/www.lsm.in2p3.fr\/laboratoire\/presentation\/labo1.htm\" target=\"_blank\" rel=\"noopener\">(LSM)<\/a><\/em><\/li>\n<li><em>Correspondante Valorisation (CVL) <\/em><\/li>\n<li><em>Membre du Conseil Scientifique du LPSC <a href=\"http:\/\/lpsc.in2p3.fr\/index.php\/fr\/instances-du-laboratoire\/conseil-scientifique\" target=\"_blank\" rel=\"noopener\">(CS)<\/a><\/em><\/li>\n<li><em>Membre du Comit\u00e9 Technique de Communication (CTC)<\/em><\/li>\n<\/ul>\n<p>Olivier <strong>ZIMMERMANN<\/strong><\/p>\n<ul>\n<li><em>Contr\u00f4le-Commande<\/em><\/li>\n<li><em>Gestion \u00e9lectronique de documents <a href=\"https:\/\/atrium.in2p3.fr\/\" target=\"_blank\" rel=\"noopener\">(ATRIUM)<\/a><\/em><\/li>\n<li><em>Enseignement et Formation<\/em><\/li>\n<li><em>Coordinateur du <a href=\"https:\/\/control.in2p3.fr\/\" target=\"_blank\" rel=\"noopener\">r\u00e9seau Contr\u00f4le-Commande de l&rsquo;IN2P3<\/a><\/em><\/li>\n<\/ul>\n\t\t\t\t\t\t\tComp\u00e9tences\n<h1>Comp\u00e9tences<\/h1>\n<hr \/>\n<p>La diversit\u00e9 des comp\u00e9tences repr\u00e9sent\u00e9e dans le service lui permet de r\u00e9pondre et de s&rsquo;adapter rapidement \u00e0 des projets vari\u00e9s tout en favorisant la transdisciplinarit\u00e9. Les membres du service sont donc encourag\u00e9s \u00e0 d\u00e9velopper une v\u00e9ritable polyvalence en plus de leurs sp\u00e9cialit\u00e9s et sont tous amen\u00e9s \u00e0 participer activement aux exp\u00e9riences sur site, en France comme \u00e0 l&rsquo;\u00e9tranger.<\/p>\n<h3>D\u00e9veloppements d\u00e9tecteurs<\/h3>\n<ul>\n<li><strong>Photod\u00e9tection &#8211; Optique<\/strong>\n<ul>\n<li><em>Mesure &amp; caract\u00e9risation de photod\u00e9tecteurs (PMT, SiPM, Photodiodes &#8230;)<\/em><\/li>\n<li><em>Caract\u00e9risation de scintillateurs &amp; de cristaux<br \/><\/em><\/li>\n<li><em>Usinage, polissage &amp; collage optique (scintillateurs, fibres optiques,&#8230;)<\/em><\/li>\n<\/ul>\n<\/li>\n<\/ul>\n<ul>\n<li><strong>D\u00e9tecteurs gazeux, pixellis\u00e9s<\/strong>\n<ul>\n<li><em>Caract\u00e9risation &amp; simulation (Microm\u00e9gas, d\u00e9tecteurs sph\u00e9riques, chambres \u00e0 fils&#8230;) <\/em><\/li>\n<li><em>Tissage &amp; outillages associ\u00e9s (Chambres \u00e0 fils, polariseurs&#8230;)<\/em><\/li>\n<\/ul>\n<\/li>\n<\/ul>\n<ul>\n<li><strong>D\u00e9tecteurs semiconducteurs<br \/><\/strong><\/li>\n<li>\n<ul>\n<li><em>Caract\u00e9risation &amp; simulation (D\u00e9tecteurs silicium, germanium, diamant) <\/em><\/li>\n<li><em>Int\u00e9gration, collage &amp; test<\/em><\/li>\n<\/ul>\n<\/li>\n<\/ul>\n<ul>\n<li><strong>Physique des d\u00e9tecteurs<\/strong><\/li>\n<li>\n<ul>\n<li><em>Simulation physique, multiphysique &amp; optimisation num\u00e9rique (<a href=\"http:\/\/geant4.cern.ch\/\" target=\"_blank\" rel=\"noopener noreferrer\">GEANT4<\/a>, <a href=\"http:\/\/www.ansys.com\/Products\/Simulation+Technology\/Electromagnetics\/High-Performance+Electronic+Design\/ANSYS+HFSS\" target=\"_blank\" rel=\"noopener noreferrer\">HFSS<\/a>\u00a9, <a href=\"http:\/\/www.comsol.com\/\" target=\"_blank\" rel=\"noopener noreferrer\">COMSOL Multiphysic<\/a>\u00a9)<\/em><\/li>\n<li><em>Analyses &amp; interpr\u00e9tation des donn\u00e9es<\/em><\/li>\n<\/ul>\n<\/li>\n<\/ul>\n<h3>\u00c9tudes, montages, int\u00e9gration &amp; tests<\/h3>\n<ul>\n<li>\n<ul>\n<li><em>Conception 3D assist\u00e9e par Ordinateur\u00a0 (<a href=\"https:\/\/discover.3ds.com\/fr\/3dexperience-catia-industry-leading-product-design-and-engineering-software?utm_medium=cpc&amp;utm_source=google&amp;utm_campaign=202201_glo_sea_fr_op51508_labl_brand_ewe_all&amp;utm_term=catia-phrase&amp;utm_content=search&amp;gad_source=1&amp;gclid=CjwKCAjwqf20BhBwEiwAt7dtdaImpuR37v1O4qMLtcqMgsmcp-oWdNoUC9SesccptW-W04L9GTtXQBoCpOQQAvD_BwE\" target=\"_blank\" rel=\"noopener noreferrer\">CATIA 3DExperience<\/a>\u00a9) <\/em><\/li>\n<li><em>Montage, c\u00e2blage &amp; int\u00e9gration de d\u00e9tecteurs<\/em><\/li>\n<li><em>Vide &amp; cryog\u00e9nie<\/em><\/li>\n<li><em>Haute tension (&lt;50 kV)<\/em><\/li>\n<li><em>Collages techniques<\/em><\/li>\n<\/ul>\n<\/li>\n<\/ul>\n<h3>Contr\u00f4le-commande &amp; Acquistion de donn\u00e9es<\/h3>\n<ul>\n<li>\n<ul>\n<li><em> Programmation &amp; informatique syst\u00e8me : <a href=\"https:\/\/fr.wikipedia.org\/wiki\/LabVIEW\" target=\"_blank\" rel=\"noopener noreferrer\">LabVIEW<\/a>, C, C++, <a href=\"https:\/\/en.wikipedia.org\/wiki\/EPICS\" target=\"_blank\" rel=\"noopener noreferrer\">EPICS<\/a>, Python, TANGO, Ladder, TIA-Portal, etc&#8230;<\/em><\/li>\n<li><em>Classique, embarqu\u00e9 &amp; IoT<br \/><\/em><\/li>\n<li><em>Mat\u00e9riel &amp; logiciel<\/em><\/li>\n<li><em>Expertise <a href=\"https:\/\/fr.wikipedia.org\/wiki\/LabVIEW\" target=\"_blank\" rel=\"noopener noreferrer\">LabVIEW<\/a>\u00a9<\/em><\/li>\n<\/ul>\n<\/li>\n<\/ul>\n<h3>Chimie, mat\u00e9riaux &amp; couches minces<\/h3>\n<ul>\n<li>\n<ul>\n<li><em>Chimie, m\u00e9tallurgie &amp; proc\u00e9d\u00e9s<\/em><\/li>\n<li><em>Mat\u00e9riaux sp\u00e9ciaux, couches minces, d\u00e9p\u00f4ts PVD<\/em><\/li>\n<\/ul>\n<\/li>\n<\/ul>\n<h3>Autres domaines d&rsquo;expertise et d&rsquo;exp\u00e9rience<\/h3>\n<p><strong>\u00a0\u00a0\u00a0\u00a0\u00a0\u00a0 Tests et validations<\/strong><\/p>\n<ul>\n<li>\n<ul>\n<li><em>Tests fonctionnels, tests unitaires logiciels<\/em><\/li>\n<li><em>Conception de moyens de tests<\/em><\/li>\n<\/ul>\n<\/li>\n<\/ul>\n<p><strong>\u00a0\u00a0\u00a0\u00a0\u00a0\u00a0 Gestion de projets &amp; Qualit\u00e9<\/strong><\/p>\n<ul>\n<li>\n<ul>\n<li><em>Gestion documentaires (<a href=\"https:\/\/atrium.in2p3.fr\/\" target=\"_blank\" rel=\"noopener noreferrer\">Atrium IN2P3<\/a>, EDMS)<\/em><\/li>\n<li><em>Audits &amp; revues de projets<\/em><\/li>\n<li><em>Exp\u00e9riences spatiales<\/em><\/li>\n<\/ul>\n<\/li>\n<\/ul>\n\t\t\t\t\t\t\tEnseignement\n\t\t\t\t<h1>Enseignement et formation<\/h1>\n<hr \/>\n<p>Le Service D\u00e9tecteurs &amp; Instrumentation assure et intervient dans plusieurs actions de formation et d&rsquo;enseignement aupr\u00e8s de l&rsquo;<a href=\"https:\/\/www.univ-grenoble-alpes.fr\/\" target=\"_blank\" rel=\"noopener\">Universit\u00e9 Grenoble Alpes<\/a>, <a href=\"https:\/\/www.grenoble-inp.fr\/\" target=\"_blank\" rel=\"noopener\">Grenoble-INP,<\/a> du <a href=\"https:\/\/instn.cea.fr\/\">CEA<\/a> ainsi que pour la <a href=\"https:\/\/www.alpes.cnrs.fr\/fr\" target=\"_blank\" rel=\"noopener\">d\u00e9l\u00e9gation Alpes<\/a> du CNRS :<\/p>\n<ul>\n<li><strong>UGA :<\/strong>\n<ul>\n<li>Travaux Pratiques : Centre d&rsquo;Enseignement Sup\u00e9rieur et de l&rsquo;Initiation \u00e0 la Recherche par l&rsquo;Exp\u00e9rimentation (<a href=\"https:\/\/chamilo.univ-grenoble-alpes.fr\/main\/course_description\/?cidReq=UGA2630&amp;id_session=0&amp;gidReq=0&amp;gradebook=0&amp;origin=\">CESIRE<\/a>)<\/li>\n<\/ul>\n<\/li>\n<\/ul>\n<ul>\n<li><strong>Grenoble-INP :<\/strong>\n<ul>\n<li>Formation LabVIEW fli\u00e8re PHELMA pr\u00e9orientation biom\u00e9dical <a href=\"https:\/\/phelma.grenoble-inp.fr\/fr\/formation\/biotechnologies-ingenierie-biomedicale\">SMPB<\/a><\/li>\n<\/ul>\n<\/li>\n<\/ul>\n<ul>\n<li><strong>CEA &#8211; ISTN :<\/strong>\n<ul>\n<li>Dipl\u00f4me de Qualification en Physique Radiobiologique et M\u00e9dicale (<a href=\"https:\/\/instn.cea.fr\/formation\/diplome-de-qualification-en-physique-radiologique-et-medicale\/\">DQPRM<\/a>)<\/li>\n<\/ul>\n<\/li>\n<\/ul>\n<ul>\n<li><strong>D\u00e9l\u00e9gation Alpes :<\/strong>\n<ul>\n<li>Formation LabVIEW niveau initiation<\/li>\n<li>Formation LabVIEW niveau avanc\u00e9<\/li>\n<\/ul>\n<\/li>\n<\/ul>\n\n","protected":false},"excerpt":{"rendered":"<p>SDI Service D\u00e9tecteurs &amp; Instrumentation Pr\u00e9sentation Equipe Comp\u00e9tences Enseignement Pr\u00e9sentation Pr\u00e9sentation Missions : Les missions du Service D\u00e9tecteurs et Instrumentation sont le d\u00e9veloppement, la conception, la r\u00e9alisation et la mise en \u0153uvre de dispositifs instrumentaux pour les exp\u00e9riences du laboratoire. Il a pour vocation d&rsquo;assurer une expertise dans le d\u00e9veloppement de d\u00e9tecteurs pour les exp\u00e9riences&hellip;<\/p>\n","protected":false},"author":2,"featured_media":0,"parent":0,"menu_order":0,"comment_status":"closed","ping_status":"closed","template":"","meta":{"footnotes":""},"class_list":["post-198","page","type-page","status-publish","hentry"],"_links":{"self":[{"href":"https:\/\/lpsc-wordpress.in2p3.fr\/index.php?rest_route=\/wp\/v2\/pages\/198","targetHints":{"allow":["GET"]}}],"collection":[{"href":"https:\/\/lpsc-wordpress.in2p3.fr\/index.php?rest_route=\/wp\/v2\/pages"}],"about":[{"href":"https:\/\/lpsc-wordpress.in2p3.fr\/index.php?rest_route=\/wp\/v2\/types\/page"}],"author":[{"embeddable":true,"href":"https:\/\/lpsc-wordpress.in2p3.fr\/index.php?rest_route=\/wp\/v2\/users\/2"}],"replies":[{"embeddable":true,"href":"https:\/\/lpsc-wordpress.in2p3.fr\/index.php?rest_route=%2Fwp%2Fv2%2Fcomments&post=198"}],"version-history":[{"count":11,"href":"https:\/\/lpsc-wordpress.in2p3.fr\/index.php?rest_route=\/wp\/v2\/pages\/198\/revisions"}],"predecessor-version":[{"id":3260,"href":"https:\/\/lpsc-wordpress.in2p3.fr\/index.php?rest_route=\/wp\/v2\/pages\/198\/revisions\/3260"}],"wp:attachment":[{"href":"https:\/\/lpsc-wordpress.in2p3.fr\/index.php?rest_route=%2Fwp%2Fv2%2Fmedia&parent=198"}],"curies":[{"name":"wp","href":"https:\/\/api.w.org\/{rel}","templated":true}]}}