{"id":1943,"date":"2024-11-21T16:18:49","date_gmt":"2024-11-21T15:18:49","guid":{"rendered":"https:\/\/lpsc-wordpress.in2p3.fr\/?page_id=1943"},"modified":"2026-02-16T11:59:59","modified_gmt":"2026-02-16T10:59:59","slug":"cptga-copy-5","status":"publish","type":"page","link":"https:\/\/lpsc-wordpress.in2p3.fr\/?page_id=1943","title":{"rendered":"EER"},"content":{"rendered":"\n\n<figure itemscope itemtype=\"https:\/\/schema.org\/ImageObject\">\n\t\t\t\t<img decoding=\"async\" src=\"https:\/\/lpsc-wordpress.in2p3.fr\/wp-content\/uploads\/2024\/11\/Logo_EER2019_small.png\" alt=\"Logo_EER2019_small\" height=\"200\" width=\"200\" title=\"Logo_EER2019_small\" onerror=\"this.style.display='none'\" loading=\"lazy\" \/>\n\t<\/figure>\n<h2>\n\t\t\tEER\t<\/h2>\nEcole Energies &amp; Recherches\n\t\t\t\tAccueil\n\t\t\t\tL&rsquo;\u00e9cole en quelques mots\n\t\t\t\t2026\n\t\t\t\t2024\n\t\t\t\t2020\n\t\t\t\t2018\n\t\t\t\t2016\n\t\t\t\t\t\t\tAccueil\n\t\t\t\t<p>L&rsquo;<strong>Ecole Energies et Recherches 2026 est en cours de pr\u00e9paration ! <\/strong><\/p>\n<p><strong>Elle vous accueillera<\/strong><strong> du 15 au 20 mars \u00e0 la Station Biologique de Roscoff<\/strong>. <\/p>\n<p>Cette \u00e9cole, pluridisciplinaire, port\u00e9e par le <a href=\"https:\/\/www.linkedin.com\/company\/cea\/\" target=\"_self\">CEA<\/a>, le <a href=\"https:\/\/www.linkedin.com\/company\/cnrs\/\" target=\"_self\">CNRS<\/a>, l&rsquo;<a href=\"https:\/\/www.linkedin.com\/company\/ifp-energies-nouvelles\/\" target=\"_self\">IFP Energies nouvelles<\/a> et l&rsquo;<a href=\"https:\/\/www.linkedin.com\/company\/ademe\/\" target=\"_self\">ADEME<\/a>, permet aux participants de s&rsquo;immerger dans la probl\u00e9matique de l&rsquo;\u00e9nergie et d&rsquo;acqu\u00e9rir des connaissances de base (contexte des besoins, climat, grandeurs physiques et \u00e9conomiques), et au plus pr\u00e8s des avanc\u00e9es scientifiques et techniques issues des laboratoires de recherche (biocarburants avanc\u00e9s, hydrog\u00e8ne, solaire thermique et photovolta\u00efque, \u00e9nergie nucl\u00e9aire, captage et stockage du CO<sub>2<\/sub>).<\/p>\n<p>\u00a0<\/p>\n\t\t\t\t\t\t\tL&rsquo;\u00e9cole en quelques mots\n<p><strong><img loading=\"lazy\" decoding=\"async\" src=\"https:\/\/lpsc-wordpress.in2p3.fr\/wp-content\/uploads\/2024\/11\/Logo_EER2019_small.png\" alt=\"\" width=\"126\" height=\"126\" \/><\/strong><\/p>\n<p><strong>L&rsquo;Ecole Energies et Recherches revient !! \u00a0 \u00a0 \u00a0 \u00a0 \u00a0 \u00a0 \u00a0 \u00a0 \u00a0 \u00a0 \u00a0 \u00a0 \u00a0 \u00a0 \u00a0 \u00a0 \u00a0 \u00a0 \u00a0 \u00a0 \u00a0 \u00a0 \u00a0 \u00a0 \u00a0 \u00a0 \u00a0 \u00a0 \u00a0 \u00a0 \u00a0 \u00a0 \u00a0 \u00a0 \u00a0 \u00a0 \u00a0 \u00a0 \u00a0 \u00a0 \u00a0 \u00a0 \u00a0 \u00a0 \u00a0 \u00a0 \u00a0 \u00a0 \u00a0\u00a0<\/strong><\/p>\n<p>Apr\u00e8s l&rsquo;annulation de l&rsquo;\u00e9dition 2020 et les incertitudes de l&rsquo;ann\u00e9e 2022, L&rsquo;<strong>ADEME<\/strong>, le <strong>CEA<\/strong>, le <strong>CNRS<\/strong>\u00a0et l&rsquo;<strong>IFPEN<\/strong> se mobilisent \u00e0 nouveau pour organiser l&rsquo;\u00e9dition 2024 de cette \u00e9cole\u00a0!<\/p>\n<p>Depuis 2004, tous les deux ans et pendant une semaine, l&rsquo;Ecole \u00ab\u00a0Energies et Recherches\u00a0\u00bb propose \u00e0 des doctorants de s&rsquo;immerger dans la probl\u00e9matique de l&rsquo;\u00e9nergie et leur offre un tour d&rsquo;horizon des derni\u00e8res recherches effectu\u00e9es dans diverses th\u00e9matiques de ce domaine. Le programme est organis\u00e9 autour des sources et des vecteurs d&rsquo;\u00e9nergie du futur et aborde de fa\u00e7on pluridisciplinaire les principales contraintes sociales, \u00e9conomiques et environnementales.<\/p>\n<p>Cette \u00e9cole allie des cours donn\u00e9s par des chercheurs essentiellement issus des diff\u00e9rents organismes partenaires et des expos\u00e9s effectu\u00e9s par les doctorants. Cette participation active des \u00e9tudiants permet d&rsquo;illustrer les voies de recherche explor\u00e9es dans chaque th\u00e8me abord\u00e9. Des tables rondes et s\u00e9minaires sont \u00e9galement organis\u00e9s afin de poursuivre les discussions et r\u00e9flexions au del\u00e0 des cours.<\/p>\n<p><strong>Le nombre maximum de doctorants est fix\u00e9 \u00e1 60 et leurs frais de s\u00e9jour sont int\u00e9gralement pris en charge par l&rsquo;\u00e9cole. Une dizaine de places sont \u00e9galement disponibles pour des post-doctorants et chercheurs.<\/strong><\/p>\n<p><em>Le logo de l&rsquo;EER a rajeuni ! Mille mercis \u00e0 Zo\u00e9 Bonnardot, doctorante participante \u00e0 l&rsquo;EER 2018.<\/em><\/p>\n<p>\u00a0<strong><img loading=\"lazy\" decoding=\"async\" src=\"https:\/\/lpsc-wordpress.in2p3.fr\/wp-content\/uploads\/2024\/11\/logo_partenaire2024.png\" alt=\"\" width=\"534\" height=\"113\" \/><\/strong><\/p>\n\u00a0\n\t\t\t\t\t\t\t2026\n\t\t\t\t<ul>\n<li><strong>Site \u00e9dition 2026 : <a href=\"https:\/\/lpsc-indico.in2p3.fr\/event\/4199\/\">ici<\/a><\/strong><\/li>\n<li><a href=\"https:\/\/lpsc.in2p3.fr\/gpr_pub\/PRG_EER\/Programme_EER2026.html\"><strong>Programme<\/strong><\/a><\/li>\n<\/ul>\n<p><img loading=\"lazy\" decoding=\"async\" src=\"https:\/\/lpsc-wordpress.in2p3.fr\/wp-content\/uploads\/2025\/10\/A3_2026.png\" alt=\"\" width=\"801\" height=\"567\" \/><\/p>\n\t\t\t\t\t\t\t2024\n<ul>\n<li>\n<p>L&rsquo;<strong>Ecole Energies et Recherches 2024 a r\u00e9uni 61 jeunes chercheurs,<\/strong> pour la plupart des doctorants, et pas moins de <strong>22 orateurs du 17 au 22 mars \u00e0 la Station Biologique de Roscoff<\/strong>. Cette \u00e9cole, pluridisciplinaire, port\u00e9e par le <a href=\"https:\/\/www.linkedin.com\/company\/cea\/\" target=\"_self\">CEA<\/a>, le <a href=\"https:\/\/www.linkedin.com\/company\/cnrs\/\" target=\"_self\">CNRS<\/a>, l&rsquo;<a href=\"https:\/\/www.linkedin.com\/company\/ifp-energies-nouvelles\/\" target=\"_self\">IFP Energies nouvelles<\/a> et l&rsquo;<a href=\"https:\/\/www.linkedin.com\/company\/ademe\/\" target=\"_self\">ADEME<\/a>, permet aux participants de s&rsquo;immerger dans la probl\u00e9matique de l&rsquo;\u00e9nergie et d&rsquo;acqu\u00e9rir des connaissances de base (contexte des besoins, climat, grandeurs physiques et \u00e9conomiques), et au plus pr\u00e8s des avanc\u00e9es scientifiques et techniques issues des laboratoires de recherche (biocarburants avanc\u00e9s, hydrog\u00e8ne, solaire thermique et photovolta\u00efque, \u00e9nergie nucl\u00e9aire, captage et stockage du CO<sub>2<\/sub>).<\/p>\n<p><br \/>Si les th\u00e8mes en lien avec la transition \u00e9nerg\u00e9tique ont \u00e9t\u00e9 largement abord\u00e9s (march\u00e9s des mati\u00e8res premi\u00e8res, flexibilit\u00e9 du r\u00e9seau \u00e9lectrique, r\u00f4le de l&rsquo;hydrog\u00e8ne, mobilit\u00e9 d\u00e9carbon\u00e9e, d\u00e9carbonation de l&rsquo;industrie), quelques sujets plus ancr\u00e9s dans les questionnements citoyens actuels ont \u00e9galement trouv\u00e9 \u00e9cho, comme le lien de l&rsquo;\u00e9nergie avec les territoires, le r\u00f4le des scientifiques dans la diffusion de la connaissance scientifique vers la population et les d\u00e9cideurs politiques, ou l&rsquo;\u00e9thique m\u00e9diatique.<br \/>Apr\u00e8s deux rendez-vous manqu\u00e9s durant la crise sanitaire et 20 ans apr\u00e8s sa premi\u00e8re \u00e9dition, dans un contexte o\u00f9 l&rsquo;\u00e9co-anxi\u00e9t\u00e9 est palpable et les enjeux majeurs, cette Ecole a retrouv\u00e9 lors de son \u00e9dition 2024 toute sa dynamique et plus que jamais sa pertinence, pour la plus grande satisfaction des doctorants et chercheurs pr\u00e9sents, acteurs d&rsquo;aujourd&rsquo;hui et de demain du monde l&rsquo;\u00e9nergie. <strong>Prochaine \u00e9dition en 2026\u00a0!<\/strong><\/p>\n<p><img loading=\"lazy\" decoding=\"async\" src=\"https:\/\/lpsc-wordpress.in2p3.fr\/wp-content\/uploads\/2024\/11\/IM7_6685_01.jpg\" alt=\"\" width=\"736\" height=\"491\" \/><\/p>\n<p>EER 2024 @ Station Biologique de Roscoff<\/p>\n<strong>\u00a0<\/strong><\/li>\n<li><strong>Site \u00e9dition 2024 <a href=\"https:\/\/lpsc-indico.in2p3.fr\/event\/3364\/\">ici<\/a><\/strong><\/li>\n<li><strong><a href=\"https:\/\/lpsc.in2p3.fr\/gpr_pub\/PRG_EER\/Programme_EER2024.html\">Programme<\/a><br \/><\/strong><\/li>\n<\/ul>\n<p><img loading=\"lazy\" decoding=\"async\" src=\"https:\/\/lpsc-wordpress.in2p3.fr\/wp-content\/uploads\/2024\/11\/Affiche2024_small.png\" alt=\"\" width=\"772\" height=\"546\" \/><\/p>\n\u00a0\n\t\t\t\t\t\t\t2020\n<p><strong>L&rsquo;\u00e9dition 2020 de l&rsquo;Ecole Energies &amp; Recherches pr\u00e9vue du 15 au 20 mars 2020 \u00e0 Fr\u00e9jus a d\u00fb \u00eatre annul\u00e9e en raison de la crise sanitaire.<\/strong><\/p>\n<p>\u00a0<img loading=\"lazy\" decoding=\"async\" src=\"https:\/\/lpsc-wordpress.in2p3.fr\/wp-content\/uploads\/2024\/11\/Affiche2020_small.png\" alt=\"\" width=\"500\" height=\"354\" \/><\/p>\n\u00a0\n\t\t\t\t\t\t\t2018\n<ul>\n<li><a href=\"https:\/\/lpsc.in2p3.fr\/gpr_pub\/EER\/Archive\/2018\/Programme_EER2018.pdf\" target=\"_self\"><strong>Programme EER 2018<\/strong><\/a><\/li>\n<\/ul>\n<p><img loading=\"lazy\" decoding=\"async\" src=\"https:\/\/lpsc-wordpress.in2p3.fr\/wp-content\/uploads\/2024\/11\/Affiche2018_small.png\" alt=\"\" width=\"358\" height=\"506\" \/><\/p>\n\u00a0\n\t\t\t\t\t\t\t2016\n<ul>\n<li><strong><a href=\"https:\/\/lpsc.in2p3.fr\/gpr_pub\/EER\/Archive\/2016\/Programme_EER2016.pdf\" target=\"_self\">Programme EER 2016<\/a><\/strong><\/li>\n<\/ul>\n<p><img loading=\"lazy\" decoding=\"async\" src=\"https:\/\/lpsc-wordpress.in2p3.fr\/wp-content\/uploads\/2024\/11\/Affiche2016_small.png\" alt=\"\" width=\"353\" height=\"500\" \/><\/p>\n\u00a0\n\n","protected":false},"excerpt":{"rendered":"<p>EER Ecole Energies &amp; Recherches Accueil L&rsquo;\u00e9cole en quelques mots 2026 2024 2020 2018 2016 Accueil L&rsquo;Ecole Energies et Recherches 2026 est en cours de pr\u00e9paration ! Elle vous accueillera du 15 au 20 mars \u00e0 la Station Biologique de Roscoff. Cette \u00e9cole, pluridisciplinaire, port\u00e9e par le CEA, le CNRS, l&rsquo;IFP Energies nouvelles et l&rsquo;ADEME,&hellip;<\/p>\n","protected":false},"author":2,"featured_media":0,"parent":0,"menu_order":0,"comment_status":"closed","ping_status":"closed","template":"tpl-no-header-footer.php","meta":{"footnotes":""},"class_list":["post-1943","page","type-page","status-publish","hentry"],"_links":{"self":[{"href":"https:\/\/lpsc-wordpress.in2p3.fr\/index.php?rest_route=\/wp\/v2\/pages\/1943","targetHints":{"allow":["GET"]}}],"collection":[{"href":"https:\/\/lpsc-wordpress.in2p3.fr\/index.php?rest_route=\/wp\/v2\/pages"}],"about":[{"href":"https:\/\/lpsc-wordpress.in2p3.fr\/index.php?rest_route=\/wp\/v2\/types\/page"}],"author":[{"embeddable":true,"href":"https:\/\/lpsc-wordpress.in2p3.fr\/index.php?rest_route=\/wp\/v2\/users\/2"}],"replies":[{"embeddable":true,"href":"https:\/\/lpsc-wordpress.in2p3.fr\/index.php?rest_route=%2Fwp%2Fv2%2Fcomments&post=1943"}],"version-history":[{"count":11,"href":"https:\/\/lpsc-wordpress.in2p3.fr\/index.php?rest_route=\/wp\/v2\/pages\/1943\/revisions"}],"predecessor-version":[{"id":3393,"href":"https:\/\/lpsc-wordpress.in2p3.fr\/index.php?rest_route=\/wp\/v2\/pages\/1943\/revisions\/3393"}],"wp:attachment":[{"href":"https:\/\/lpsc-wordpress.in2p3.fr\/index.php?rest_route=%2Fwp%2Fv2%2Fmedia&parent=1943"}],"curies":[{"name":"wp","href":"https:\/\/api.w.org\/{rel}","templated":true}]}}