{"id":1886,"date":"2024-11-19T15:13:43","date_gmt":"2024-11-19T14:13:43","guid":{"rendered":"https:\/\/lpsc-wordpress.in2p3.fr\/?page_id=1886"},"modified":"2025-03-06T11:07:29","modified_gmt":"2025-03-06T10:07:29","slug":"atlas-copy-15-copy-2-copy-7","status":"publish","type":"page","link":"https:\/\/lpsc-wordpress.in2p3.fr\/?page_id=1886","title":{"rendered":"Logo et charte graphique"},"content":{"rendered":"\n\n\t\t\t\t<img loading=\"lazy\" decoding=\"async\" src=\"https:\/\/lpsc-wordpress.in2p3.fr\/wp-content\/uploads\/2024\/11\/favicon.png\" alt=\"favicon\" itemprop=\"image\" height=\"321\" width=\"322\" title=\"favicon\" onerror=\"this.style.display='none'\"  \/>\n\t<em>\u00a9 CNRS<br \/>\n<\/em>\n<h2>\n\t\tLogos et Charte graphique\n\t<\/h2>\n\t<em>15 novembre 2024<br \/>\n<\/em>\n\t<h4>Vous trouverez ici les logos et la charte graphique du LPSC pour vos documents.<\/h4>\n\t<p>Partager ce contenu<\/p>\n\t\t\t\t\t\t\t\t\t\t<a class= \"uabb-ss-grid-button-link\" href=\"https:\/\/www.linkedin.com\/shareArticle?url=https%3A%2F%2Flpsc-wordpress.in2p3.fr%2F%3Fpage_id%3D1886%26fl_builder\" target=\"_blank\" onclick=\"window.open(this.href,'social-share','left=20,top=20,width=500,height=500,toolbar=1,resizable=0');return false;\">\n\t\t\t\t\t\t\t\tLinkedin\n\t\t\t\t\t\t\t\t\t\t<\/a>\n\t<p>Cat\u00e9gories<\/p>\n\t\t\t\t<img loading=\"lazy\" decoding=\"async\" src=\"https:\/\/lpsc-wordpress.in2p3.fr\/wp-content\/uploads\/2024\/02\/LPSC_Quadri.png\" alt=\"LPSC_Quadri\" itemprop=\"image\" height=\"801\" width=\"1217\" title=\"LPSC_Quadri\" onerror=\"this.style.display='none'\"  \/>\n\t\t\t<a href=\"https:\/\/lpsc-wordpress.in2p3.fr\/wp-content\/uploads\/2024\/11\/charte-lpsc.pdf\" target=\"_self\">\n\t\t\t\t\t\t\tT\u00e9l\u00e9charger la charte graphique\n\t\t\t\t\t<\/a>\n\n","protected":false},"excerpt":{"rendered":"<p>\u00a9 CNRS Logos et Charte graphique 15 novembre 2024 Vous trouverez ici les logos et la charte graphique du LPSC pour vos documents. Partager ce contenu Linkedin Cat\u00e9gories T\u00e9l\u00e9charger la charte graphique<\/p>\n","protected":false},"author":2,"featured_media":37,"parent":0,"menu_order":0,"comment_status":"closed","ping_status":"closed","template":"","meta":{"footnotes":""},"class_list":["post-1886","page","type-page","status-publish","has-post-thumbnail","hentry"],"_links":{"self":[{"href":"https:\/\/lpsc-wordpress.in2p3.fr\/index.php?rest_route=\/wp\/v2\/pages\/1886","targetHints":{"allow":["GET"]}}],"collection":[{"href":"https:\/\/lpsc-wordpress.in2p3.fr\/index.php?rest_route=\/wp\/v2\/pages"}],"about":[{"href":"https:\/\/lpsc-wordpress.in2p3.fr\/index.php?rest_route=\/wp\/v2\/types\/page"}],"author":[{"embeddable":true,"href":"https:\/\/lpsc-wordpress.in2p3.fr\/index.php?rest_route=\/wp\/v2\/users\/2"}],"replies":[{"embeddable":true,"href":"https:\/\/lpsc-wordpress.in2p3.fr\/index.php?rest_route=%2Fwp%2Fv2%2Fcomments&post=1886"}],"version-history":[{"count":4,"href":"https:\/\/lpsc-wordpress.in2p3.fr\/index.php?rest_route=\/wp\/v2\/pages\/1886\/revisions"}],"predecessor-version":[{"id":2549,"href":"https:\/\/lpsc-wordpress.in2p3.fr\/index.php?rest_route=\/wp\/v2\/pages\/1886\/revisions\/2549"}],"wp:featuredmedia":[{"embeddable":true,"href":"https:\/\/lpsc-wordpress.in2p3.fr\/index.php?rest_route=\/wp\/v2\/media\/37"}],"wp:attachment":[{"href":"https:\/\/lpsc-wordpress.in2p3.fr\/index.php?rest_route=%2Fwp%2Fv2%2Fmedia&parent=1886"}],"curies":[{"name":"wp","href":"https:\/\/api.w.org\/{rel}","templated":true}]}}