{"id":1878,"date":"2024-11-19T14:48:54","date_gmt":"2024-11-19T13:48:54","guid":{"rendered":"https:\/\/lpsc-wordpress.in2p3.fr\/?page_id=1878"},"modified":"2025-03-06T11:08:04","modified_gmt":"2025-03-06T10:08:04","slug":"atlas-copy-15-copy-2-copy-6","status":"publish","type":"page","link":"https:\/\/lpsc-wordpress.in2p3.fr\/?page_id=1878","title":{"rendered":"La cellule communication"},"content":{"rendered":"\n\n\t\t\t\t<img loading=\"lazy\" decoding=\"async\" src=\"https:\/\/lpsc-wordpress.in2p3.fr\/wp-content\/uploads\/2024\/11\/Dollarphotoclub_94465697-e1640088318973.jpg\" alt=\"Dollarphotoclub_94465697-e1640088318973\" itemprop=\"image\" height=\"960\" width=\"1600\" title=\"Dollarphotoclub_94465697-e1640088318973\" onerror=\"this.style.display='none'\"  \/>\n\t<em>\u00a9 CNRS<br \/>\n<\/em>\n<h2>\n\t\tLa cellule communication\n\t<\/h2>\n\t<em>15 novembre 2024<br \/>\n<\/em>\n\t<h4>Au del\u00e0 des actions du service communication, vous trouverez dans ces pages des actions men\u00e9es par l&rsquo;ensemble des personnels du Laboratoire de Physique Subatomique et de Cosmologie.<\/h4>\n\t<p>Partager ce contenu<\/p>\n\t\t\t\t\t\t\t\t\t\t<a class= \"uabb-ss-grid-button-link\" href=\"https:\/\/www.linkedin.com\/shareArticle?url=https%3A%2F%2Flpsc-wordpress.in2p3.fr%2F%3Fpage_id%3D1878%26fl_builder\" target=\"_blank\" onclick=\"window.open(this.href,'social-share','left=20,top=20,width=500,height=500,toolbar=1,resizable=0');return false;\">\n\t\t\t\t\t\t\t\tLinkedin\n\t\t\t\t\t\t\t\t\t\t<\/a>\n\t<p>Cat\u00e9gories<\/p>\n\t<p>Certaines actions sont destin\u00e9es au personnel du laboratoire, d&rsquo;autres aux scientifiques (congr\u00e8s et s\u00e9minaires) et bien \u00e9videmment une grande partie s&rsquo;adresse au grand public (F\u00eate de la Science) ou aux scolaires (conf\u00e9rences dans les lyc\u00e9es).<\/p>\n<p>Toutes ces actions visent \u00e0 faire conna\u00eetre notre discipline, \u00e0 la promouvoir et \u00e0 montrer l&rsquo;int\u00e9r\u00eat de la recherche fondamentale. Ainsi, le LPSC intervient de diff\u00e9rentes fa\u00e7ons pour faire partager au grand public cette belle aventure scientifique, technologique et humaine.<\/p>\n<p>Le service a un r\u00f4le de m\u00e9diation scientifique et de support aux activit\u00e9s de communication scientifique. Son implication peut aller du simple conseil \u00e0 la prise en charge totale de l&rsquo;op\u00e9ration souhait\u00e9e.<\/p>\n<p><strong>Membres de la cellule communication<\/strong><\/p>\n<ul>\n<li><a href=\"https:\/\/annuaire.in2p3.fr\/4667-5064\/jean%20stephane-ricol\" target=\"_blank\" rel=\"noopener\">Jean-St\u00e9phane RICOL<\/a>, correspondant communication, physicien &#8211; T\u00e9l : 04 76 28 40 00<\/li>\n<li><a href=\"https:\/\/annuaire.in2p3.fr\/1212-1313\/florent-collovati\" target=\"_blank\" rel=\"noopener noreferrer\">Florent COLLOVATI<\/a>, correspondant communication &#8211; T\u00e9l : 04 76 28 41 72<\/li>\n<\/ul>\n<strong>Le Comit\u00e9 Technique de la Communication<br \/>\n<\/strong>\n<p>Le Comit\u00e9 Technique de la Communication met en \u0153uvre ou accompagne les op\u00e9rations de diffusion des connaissances en direction du grand public, des scolaires, des institutions ou des membres du laboratoire. Il propose et m\u00e8ne des actions de communication, en d\u00e9finit les priorit\u00e9s et formule aussi les besoins de recrutement dans son domaine. Vous trouverez la liste des personnels du comit\u00e9 technique de la communication sur l&rsquo;organigramme disponible dans l&rsquo;intranet du Laboratoire.<\/p>\n\n","protected":false},"excerpt":{"rendered":"<p>\u00a9 CNRS La cellule communication 15 novembre 2024 Au del\u00e0 des actions du service communication, vous trouverez dans ces pages des actions men\u00e9es par l&rsquo;ensemble des personnels du Laboratoire de Physique Subatomique et de Cosmologie. Partager ce contenu Linkedin Cat\u00e9gories Certaines actions sont destin\u00e9es au personnel du laboratoire, d&rsquo;autres aux scientifiques (congr\u00e8s et s\u00e9minaires) et&hellip;<\/p>\n","protected":false},"author":2,"featured_media":1879,"parent":0,"menu_order":0,"comment_status":"closed","ping_status":"closed","template":"","meta":{"footnotes":""},"class_list":["post-1878","page","type-page","status-publish","has-post-thumbnail","hentry"],"_links":{"self":[{"href":"https:\/\/lpsc-wordpress.in2p3.fr\/index.php?rest_route=\/wp\/v2\/pages\/1878","targetHints":{"allow":["GET"]}}],"collection":[{"href":"https:\/\/lpsc-wordpress.in2p3.fr\/index.php?rest_route=\/wp\/v2\/pages"}],"about":[{"href":"https:\/\/lpsc-wordpress.in2p3.fr\/index.php?rest_route=\/wp\/v2\/types\/page"}],"author":[{"embeddable":true,"href":"https:\/\/lpsc-wordpress.in2p3.fr\/index.php?rest_route=\/wp\/v2\/users\/2"}],"replies":[{"embeddable":true,"href":"https:\/\/lpsc-wordpress.in2p3.fr\/index.php?rest_route=%2Fwp%2Fv2%2Fcomments&post=1878"}],"version-history":[{"count":3,"href":"https:\/\/lpsc-wordpress.in2p3.fr\/index.php?rest_route=\/wp\/v2\/pages\/1878\/revisions"}],"predecessor-version":[{"id":2551,"href":"https:\/\/lpsc-wordpress.in2p3.fr\/index.php?rest_route=\/wp\/v2\/pages\/1878\/revisions\/2551"}],"wp:featuredmedia":[{"embeddable":true,"href":"https:\/\/lpsc-wordpress.in2p3.fr\/index.php?rest_route=\/wp\/v2\/media\/1879"}],"wp:attachment":[{"href":"https:\/\/lpsc-wordpress.in2p3.fr\/index.php?rest_route=%2Fwp%2Fv2%2Fmedia&parent=1878"}],"curies":[{"name":"wp","href":"https:\/\/api.w.org\/{rel}","templated":true}]}}