{"id":1856,"date":"2024-11-19T14:00:47","date_gmt":"2024-11-19T13:00:47","guid":{"rendered":"https:\/\/lpsc-wordpress.in2p3.fr\/?page_id=1856"},"modified":"2025-03-06T11:08:18","modified_gmt":"2025-03-06T10:08:18","slug":"atlas-copy-15-copy-2-copy-4","status":"publish","type":"page","link":"https:\/\/lpsc-wordpress.in2p3.fr\/?page_id=1856","title":{"rendered":"Masterclass"},"content":{"rendered":"\n\n\t\t\t\t<img loading=\"lazy\" decoding=\"async\" src=\"https:\/\/lpsc-wordpress.in2p3.fr\/wp-content\/uploads\/2024\/11\/P1010850-scaled.jpg\" alt=\"P1010850\" itemprop=\"image\" height=\"1920\" width=\"2560\" title=\"P1010850\" onerror=\"this.style.display='none'\"  \/>\n\t<em>\u00a9 CNRS<br \/>\n<\/em>\n<h2>\n\t\tMasterclass : des lyc\u00e9ens \u00e0 la d\u00e9couverte du boson de Higgs au LPSC\n\t<\/h2>\n\t<em>15 novembre 2024<br \/>\n<\/em>\n\t<h4>Chaque ann\u00e9e depuis 2010, le LPSC ouvre ses portes \u00e0 des lyc\u00e9ens pour qu&rsquo;ils deviennent, pendant une journ\u00e9e, de v\u00e9ritables petits physiciens dans le cadre du programme des Masterclasses internationales organis\u00e9es par le CERN. Les lyc\u00e9ens analysent de vraies donn\u00e9es enregistr\u00e9es aupr\u00e8s du grand collisionneur de hadrons (LHC) pr\u00e8s de Gen\u00e8ve en Suisse, et partagent ensuite leurs r\u00e9sultats avec des \u00e9l\u00e8ves d&rsquo;autres pays. Gr\u00e2ce \u00e0 cette exp\u00e9rience unique, ils sont les t\u00e9moins privil\u00e9gi\u00e9s d&rsquo;une science vivante, aliment\u00e9e par les premiers r\u00e9sultats du LHC, l&rsquo;instrument \u00e0 la fois le plus complexe et le plus puissant jamais construit pour \u00e9tudier les particules \u00e9l\u00e9mentaires.<\/h4>\n\t<p>Partager ce contenu<\/p>\n\t\t\t\t\t\t\t\t\t\t<a class= \"uabb-ss-grid-button-link\" href=\"https:\/\/www.linkedin.com\/shareArticle?url=https%3A%2F%2Flpsc-wordpress.in2p3.fr%2F%3Fpage_id%3D1856%26fl_builder\" target=\"_blank\" onclick=\"window.open(this.href,'social-share','left=20,top=20,width=500,height=500,toolbar=1,resizable=0');return false;\">\n\t\t\t\t\t\t\t\tLinkedin\n\t\t\t\t\t\t\t\t\t\t<\/a>\n\t<p>Cat\u00e9gories<\/p>\n\t<p><strong><img loading=\"lazy\" decoding=\"async\" src=\"https:\/\/lpsc-wordpress.in2p3.fr\/wp-content\/uploads\/2024\/11\/201802-030_10-300x200.jpg\" alt=\"\" width=\"300\" height=\"200\" \/>Un collisionneur au service de la compr\u00e9hension de l&rsquo;univers<\/strong><\/p>\n<p>Les physiciens utilisent le LHC pour \u00e9tudier les particules \u00e9l\u00e9mentaires inconnues-les blocs fondamentaux de la mati\u00e8re. Depuis son d\u00e9marrage en 2009, les exp\u00e9riences n&rsquo;ont cess\u00e9 d&rsquo;enregistrer un flot colossal de donn\u00e9es gr\u00e2ce \u00e0 la fois aux progr\u00e8s constants de l&rsquo;acc\u00e9l\u00e9rateur et aux excellentes performances des d\u00e9tecteurs g\u00e9ants install\u00e9s sur ce collisionneur. Les collaborations associ\u00e9es, qui regroupent des milliers de chercheurs, ont ainsi pu publier de nombreux r\u00e9sultats sur la d\u00e9couverte du fameux boson de Higgs, sur de nouvelles particules ou des ph\u00e9nom\u00e8nes non pr\u00e9dits par la th\u00e9orie actuelle, ou encore sur l&rsquo;\u00e9tude de la mati\u00e8re nucl\u00e9aire dans des conditions extr\u00eames. Les donn\u00e9es du LHC permettent ainsi une compr\u00e9hension toujours plus fine des m\u00e9canismes fondamentaux r\u00e9gissant la nature, depuis les recoins les plus petits de notre monde \u00e0 l&rsquo;int\u00e9rieur des atomes jusqu&rsquo;\u00e0 l&rsquo;immensit\u00e9 de notre univers. Les r\u00e9sultats exp\u00e9rimentaux sont suivis avec grand int\u00e9r\u00eat, non seulement par les physiciens mais aussi par le public en g\u00e9n\u00e9ral.<\/p>\n<p><strong>Les Masterclasses Internationales : Une immersion dans la recherche scientifique<\/strong><\/p>\n<p>Pendant les journ\u00e9es des<em> <mark data-markjs=\"true\">Masterclasses<\/mark> Internationales<\/em>, des lyc\u00e9ens peuvent vivre cette recherche de l&rsquo;int\u00e9rieur. L&rsquo;id\u00e9e de ce programme annuel est de laisser les \u00e9tudiants travailler le plus possible comme de vrais physiciens afin de se rendre compte du fonctionnement de la recherche en physique d&rsquo;aujourd&rsquo;hui. Au programme de la matin\u00e9e se trouvent des cours d&rsquo;initiation \u00e0 la physique des particules, au LHC et \u00e0 ses exp\u00e9riences, ainsi qu&rsquo;une pr\u00e9sentation de diff\u00e9rents m\u00e9tiers de la recherche. Puis, en apr\u00e8s-midi, les \u00e9tudiants travaillent avec des donn\u00e9es du d\u00e9tecteur ATLAS qui incluent de vrais candidats Higgs- la particule d\u00e9couverte\u00a0au CERN en 2012. Au LPSC, les lyc\u00e9ens s&rsquo;exercent \u00e0 identifier les bosons Z vecteurs de l&rsquo;interaction faible, ainsi que les produits de d\u00e9sint\u00e9gration du boson Higgs. Ils partagent ensuite le produit de leurs mesures par vid\u00e9o conf\u00e9rence en anglais anim\u00e9e depuis le CERN avec les \u00e9tudiants d&rsquo;autres pays participants, comme les physiciens font au sein de leur collaboration internationale. Le programme typique d&rsquo;une journ\u00e9e peut \u00eatre vu <a href=\"https:\/\/lpsc-indico.in2p3.fr\/Indico\/event\/1390\/\" target=\"_blank\" rel=\"noopener\">ici<\/a><\/p>\n<p><strong>Une initiative \u00e9ducative pour rapprocher la recherche et les jeunes<\/strong><\/p>\n<p>Le LPSC accueille environ 4 classes de la r\u00e9gion grenobloise par ann\u00e9e; l&rsquo;inscription des lyc\u00e9es se fait \u00e0 l&rsquo;automne et les <mark data-markjs=\"true\">Masterclasses<\/mark> ont lieu entre f\u00e9vrier et avil. En France, cette initiative s&rsquo;inscrit dans le cadre de l&rsquo;\u00c9cole des deux infinis, un programme \u00e9ducatif d\u00e9velopp\u00e9 par le CNRS\/IN2P3 (Institut national de physique nucl\u00e9aire et de physique des particules) pour favoriser la rencontre entre le monde de la recherche, les jeunes et leurs enseignants. Les <em><mark data-markjs=\"true\">Masterclasses<\/mark> internationales<\/em> du CERN existent depuis 2005. Plus d&rsquo;une quarantaine de pays y participent, de l&rsquo;Europe \u00e0 la Nouvelle-Z\u00e9lande, des \u00c9tats-Unis \u00e0 l&rsquo;Afrique du Sud ou encore de la Chine au Br\u00e9sil.<\/p>\n<h3>Ressources et contacts<\/h3>\n<ul>\n<li><strong>En savoir plus sur les Masterclasses Internationales<\/strong>\n<ul>\n<li><a href=\"http:\/\/physicsmasterclasses.org\" target=\"_new\" rel=\"noopener\">Site web officiel<\/a><\/li>\n<li><a href=\"http:\/\/physicsmasterclasses.org\/neu\/index.php?cat=country&amp;page=fr\" target=\"_new\" rel=\"noopener\">Pr\u00e9sentation des laboratoires fran\u00e7ais<\/a><\/li>\n<\/ul>\n<\/li>\n<li><strong>Programme \u00e9ducatif \u00ab \u00c9cole des deux infinis \u00bb<\/strong>\n<ul>\n<li><a href=\"http:\/\/www.in2p3.fr\/physique_pour_tous\/aulycee\/introduction.htm\" target=\"_new\" rel=\"noopener\">Site web<\/a><\/li>\n<li><a href=\"http:\/\/www.in2p3.fr\/physique_pour_tous\/aulycee\/media\/ecole2infinis.pdf\" target=\"_new\" rel=\"noopener\">Plaquette de pr\u00e9sentation<\/a><\/li>\n<\/ul>\n<\/li>\n<li><strong>En savoir plus sur le LHC<\/strong>\n<ul>\n<li><a href=\"http:\/\/lhc-france.fr\" target=\"_new\" rel=\"noopener\">Site web du LHC France<\/a><\/li>\n<\/ul>\n<\/li>\n<li><strong>En savoir plus sur ATLAS<\/strong>\n<ul>\n<li><a href=\"http:\/\/atlas.ch\" target=\"_new\" rel=\"noopener\">Site web de l&rsquo;exp\u00e9rience ATLAS<\/a><\/li>\n<\/ul>\n<\/li>\n<\/ul>\n<h3>Contacts au LPSC<\/h3>\n<ul>\n<li>Pierre-Antoine Delsart : <a rel=\"noopener\">delsart@lpsc.in2p3.fr<\/a><\/li>\n<li>Marie-H\u00e9l\u00e8ne Genest : <a rel=\"noopener\">genest@lpsc.in2p3.fr<\/a><\/li>\n<\/ul>\n<p>&nbsp;<\/p>\n\n","protected":false},"excerpt":{"rendered":"<p>\u00a9 CNRS Masterclass : des lyc\u00e9ens \u00e0 la d\u00e9couverte du boson de Higgs au LPSC 15 novembre 2024 Chaque ann\u00e9e depuis 2010, le LPSC ouvre ses portes \u00e0 des lyc\u00e9ens pour qu&rsquo;ils deviennent, pendant une journ\u00e9e, de v\u00e9ritables petits physiciens dans le cadre du programme des Masterclasses internationales organis\u00e9es par le CERN. Les lyc\u00e9ens analysent&hellip;<\/p>\n","protected":false},"author":2,"featured_media":1857,"parent":0,"menu_order":0,"comment_status":"closed","ping_status":"closed","template":"","meta":{"footnotes":""},"class_list":["post-1856","page","type-page","status-publish","has-post-thumbnail","hentry"],"_links":{"self":[{"href":"https:\/\/lpsc-wordpress.in2p3.fr\/index.php?rest_route=\/wp\/v2\/pages\/1856","targetHints":{"allow":["GET"]}}],"collection":[{"href":"https:\/\/lpsc-wordpress.in2p3.fr\/index.php?rest_route=\/wp\/v2\/pages"}],"about":[{"href":"https:\/\/lpsc-wordpress.in2p3.fr\/index.php?rest_route=\/wp\/v2\/types\/page"}],"author":[{"embeddable":true,"href":"https:\/\/lpsc-wordpress.in2p3.fr\/index.php?rest_route=\/wp\/v2\/users\/2"}],"replies":[{"embeddable":true,"href":"https:\/\/lpsc-wordpress.in2p3.fr\/index.php?rest_route=%2Fwp%2Fv2%2Fcomments&post=1856"}],"version-history":[{"count":5,"href":"https:\/\/lpsc-wordpress.in2p3.fr\/index.php?rest_route=\/wp\/v2\/pages\/1856\/revisions"}],"predecessor-version":[{"id":2552,"href":"https:\/\/lpsc-wordpress.in2p3.fr\/index.php?rest_route=\/wp\/v2\/pages\/1856\/revisions\/2552"}],"wp:featuredmedia":[{"embeddable":true,"href":"https:\/\/lpsc-wordpress.in2p3.fr\/index.php?rest_route=\/wp\/v2\/media\/1857"}],"wp:attachment":[{"href":"https:\/\/lpsc-wordpress.in2p3.fr\/index.php?rest_route=%2Fwp%2Fv2%2Fmedia&parent=1856"}],"curies":[{"name":"wp","href":"https:\/\/api.w.org\/{rel}","templated":true}]}}