{"id":1841,"date":"2024-11-19T13:44:58","date_gmt":"2024-11-19T12:44:58","guid":{"rendered":"https:\/\/lpsc-wordpress.in2p3.fr\/?page_id=1841"},"modified":"2025-03-06T11:08:28","modified_gmt":"2025-03-06T10:08:28","slug":"atlas-copy-15-copy-2-copy-2","status":"publish","type":"page","link":"https:\/\/lpsc-wordpress.in2p3.fr\/?page_id=1841","title":{"rendered":"Yggdrasil"},"content":{"rendered":"\n\n\t\t\t\t<img loading=\"lazy\" decoding=\"async\" src=\"https:\/\/lpsc-wordpress.in2p3.fr\/wp-content\/uploads\/2024\/11\/Yggdrasil-2023.png\" alt=\"Yggdrasil-2023\" itemprop=\"image\" height=\"590\" width=\"590\" title=\"Yggdrasil-2023\" onerror=\"this.style.display='none'\"  \/>\n\t<em>\u00a9 Yggdrasil<br \/>\n<\/em>\n<h2>\n\t\tL&rsquo;IN2P3 le LPSC au festival Yggdrasil : La science au c\u0153ur de l&rsquo;imaginaire\n\t<\/h2>\n\t<em>15 novembre 2024<br \/>\n<\/em>\n\t<h4>Les 3 et 4 f\u00e9vrier 2023, le festival Yggdrasil a accueilli plus de 10 000 visiteurs dans une ambiance unique m\u00ealant fantastique, cr\u00e9ativit\u00e9 et innovation. Au sein de cet univers foisonnant, un espace enti\u00e8rement d\u00e9di\u00e9 aux sciences, intitul\u00e9 \u00ab Demain mais en mieux \u00bb, a permis aux curieux de tous \u00e2ges de plonger dans le monde fascinant de la recherche. \u00c0 cette occasion, l&rsquo;Institut national de physique nucl\u00e9aire et de physique des particules (IN2P3), en partenariat avec le CNRS et le Laboratoire de Physique Subatomique et de Cosmologie (LPSC), a offert une exp\u00e9rience immersive et ludique autour des myst\u00e8res de l&rsquo;univers.<\/h4>\n\t<p>Partager ce contenu<\/p>\n\t\t\t\t\t\t\t\t\t\t<a class= \"uabb-ss-grid-button-link\" href=\"https:\/\/www.linkedin.com\/shareArticle?url=https%3A%2F%2Flpsc-wordpress.in2p3.fr%2F%3Fpage_id%3D1841%26fl_builder\" target=\"_blank\" onclick=\"window.open(this.href,'social-share','left=20,top=20,width=500,height=500,toolbar=1,resizable=0');return false;\">\n\t\t\t\t\t\t\t\tLinkedin\n\t\t\t\t\t\t\t\t\t\t<\/a>\n\t<p>Cat\u00e9gories<\/p>\n\t<h3><img loading=\"lazy\" decoding=\"async\" src=\"https:\/\/lpsc-wordpress.in2p3.fr\/wp-content\/uploads\/2024\/11\/FY24-aff-Dmem-A3-RVB-V2.3-727x1024-1-213x300.png\" alt=\"\" width=\"213\" height=\"300\" \/>Des exp\u00e9riences insolites pour d\u00e9couvrir la science autrement<\/h3>\n<p>Parmi les animations phares, les visiteurs ont pu explorer <strong>le plus petit zoo du monde<\/strong>, une installation intrigante mettant en lumi\u00e8re la diversit\u00e9 de l&rsquo;invisible, ces mondes microscopiques qui nous entourent et nous fascinent. L&rsquo;<strong>entr\u00e9e dans une cabine cosmique<\/strong> a \u00e9galement \u00e9t\u00e9 un moment fort, transportant les participants dans une immersion visuelle et sonore qui \u00e9voquait les myst\u00e8res du cosmos.<\/p>\n<p>Enfin, <strong>la rencontre avec le neutrino<\/strong>, cette particule \u00e9nigmatique capable de traverser la mati\u00e8re comme un fant\u00f4me, a captiv\u00e9 petits et grands. Les explications passionnantes des chercheurs et ing\u00e9nieurs pr\u00e9sents ont permis de lever le voile sur cette particule passe-muraille, pourtant essentielle \u00e0 la compr\u00e9hension de l&rsquo;univers.<\/p>\n<h3>Une collaboration engag\u00e9e pour transmettre le savoir<\/h3>\n<p>Plusieurs chercheurs et ing\u00e9nieurs du LPSC ont activement contribu\u00e9 \u00e0 cet \u00e9v\u00e8nement, partageant leur savoir et leur passion avec les visiteurs. Par leur engagement, ils ont incarn\u00e9 la volont\u00e9 du CNRS et de l&rsquo;IN2P3 de promouvoir la recherche scientifique au sein d&rsquo;\u00e9v\u00e8nements grand public.<\/p>\n<p>Le succ\u00e8s de cette participation, marqu\u00e9 par l&rsquo;affluence et l&rsquo;enthousiasme des visiteurs, t\u00e9moigne de l&rsquo;importance d&rsquo;initiatives comme celle-ci pour rapprocher la science du quotidien et \u00e9veiller la curiosit\u00e9 des jeunes g\u00e9n\u00e9rations.<\/p>\n<h3>La science au service de l&rsquo;imaginaire<\/h3>\n<p>En participant au festival Yggdrasil, l&rsquo;IN2P3, le CNRS et le LPSC ont montr\u00e9 que la science peut \u00eatre une source d&rsquo;\u00e9merveillement et un levier pour imaginer le futur. Ce rendez-vous unique a su m\u00ealer p\u00e9dagogie et cr\u00e9ativit\u00e9, rappelant \u00e0 chacun que la connaissance est une aventure aussi fantastique que l&rsquo;univers qu&rsquo;elle cherche \u00e0 comprendre.<\/p>\n<p>Un succ\u00e8s retentissant qui invite \u00e0 renouveler ce type d&rsquo;exp\u00e9rience, o\u00f9 sciences et imagination se rencontrent pour b\u00e2tir un monde \u00ab Demain, mais en mieux \u00bb.<\/p>\n\n","protected":false},"excerpt":{"rendered":"<p>\u00a9 Yggdrasil L&rsquo;IN2P3 le LPSC au festival Yggdrasil : La science au c\u0153ur de l&rsquo;imaginaire 15 novembre 2024 Les 3 et 4 f\u00e9vrier 2023, le festival Yggdrasil a accueilli plus de 10 000 visiteurs dans une ambiance unique m\u00ealant fantastique, cr\u00e9ativit\u00e9 et innovation. Au sein de cet univers foisonnant, un espace enti\u00e8rement d\u00e9di\u00e9 aux sciences,&hellip;<\/p>\n","protected":false},"author":2,"featured_media":1842,"parent":0,"menu_order":0,"comment_status":"closed","ping_status":"closed","template":"","meta":{"footnotes":""},"class_list":["post-1841","page","type-page","status-publish","has-post-thumbnail","hentry"],"_links":{"self":[{"href":"https:\/\/lpsc-wordpress.in2p3.fr\/index.php?rest_route=\/wp\/v2\/pages\/1841","targetHints":{"allow":["GET"]}}],"collection":[{"href":"https:\/\/lpsc-wordpress.in2p3.fr\/index.php?rest_route=\/wp\/v2\/pages"}],"about":[{"href":"https:\/\/lpsc-wordpress.in2p3.fr\/index.php?rest_route=\/wp\/v2\/types\/page"}],"author":[{"embeddable":true,"href":"https:\/\/lpsc-wordpress.in2p3.fr\/index.php?rest_route=\/wp\/v2\/users\/2"}],"replies":[{"embeddable":true,"href":"https:\/\/lpsc-wordpress.in2p3.fr\/index.php?rest_route=%2Fwp%2Fv2%2Fcomments&post=1841"}],"version-history":[{"count":3,"href":"https:\/\/lpsc-wordpress.in2p3.fr\/index.php?rest_route=\/wp\/v2\/pages\/1841\/revisions"}],"predecessor-version":[{"id":2553,"href":"https:\/\/lpsc-wordpress.in2p3.fr\/index.php?rest_route=\/wp\/v2\/pages\/1841\/revisions\/2553"}],"wp:featuredmedia":[{"embeddable":true,"href":"https:\/\/lpsc-wordpress.in2p3.fr\/index.php?rest_route=\/wp\/v2\/media\/1842"}],"wp:attachment":[{"href":"https:\/\/lpsc-wordpress.in2p3.fr\/index.php?rest_route=%2Fwp%2Fv2%2Fmedia&parent=1841"}],"curies":[{"name":"wp","href":"https:\/\/api.w.org\/{rel}","templated":true}]}}