{"id":1835,"date":"2024-11-19T13:27:24","date_gmt":"2024-11-19T12:27:24","guid":{"rendered":"https:\/\/lpsc-wordpress.in2p3.fr\/?page_id=1835"},"modified":"2025-03-06T11:00:27","modified_gmt":"2025-03-06T10:00:27","slug":"atlas-copy-15-copy-2-copy","status":"publish","type":"page","link":"https:\/\/lpsc-wordpress.in2p3.fr\/?page_id=1835","title":{"rendered":"Scolaire"},"content":{"rendered":"\n\n\t\t\t\t<img loading=\"lazy\" decoding=\"async\" src=\"https:\/\/lpsc-wordpress.in2p3.fr\/wp-content\/uploads\/2024\/11\/Picture.png\" alt=\"Picture\" itemprop=\"image\" height=\"137\" width=\"205\" title=\"Picture\" onerror=\"this.style.display='none'\"  \/>\n\t<em>\u00a9 CNRS<br \/>\n<\/em>\n<h2>\n\t\tL&rsquo;accueil des scolaires au LPSC : Une immersion captivante dans le monde de la science\n\t<\/h2>\n\t<em>15 novembre 2024<br \/>\n<\/em>\n\t<h4>Le LPSC joue un r\u00f4le cl\u00e9 dans la diffusion des savoirs scientifiques, en offrant aux jeunes g\u00e9n\u00e9rations des exp\u00e9riences enrichissantes et immersives. Par ses actions diversifi\u00e9es et son ouverture au public, le laboratoire s&rsquo;impose comme un acteur incontournable dans le paysage de la m\u00e9diation scientifique.<\/h4>\n\t<p>Partager ce contenu<\/p>\n\t\t\t\t\t\t\t\t\t\t<a class= \"uabb-ss-grid-button-link\" href=\"https:\/\/www.facebook.com\/sharer.php?u=https%3A%2F%2Flpsc-wordpress.in2p3.fr%2F%3Fpage_id%3D1835%26fl_builder\" target=\"_blank\" onclick=\"window.open(this.href,'social-share','left=20,top=20,width=500,height=500,toolbar=1,resizable=0');return false;\">\n\t\t\t\t\t\t\t\tFacebook\n\t\t\t\t\t\t\t\t\t\t<\/a>\n\t\t\t\t\t\t\t\t\t\t<a class= \"uabb-ss-grid-button-link\" href=\"https:\/\/www.linkedin.com\/shareArticle?url=https%3A%2F%2Flpsc-wordpress.in2p3.fr%2F%3Fpage_id%3D1835%26fl_builder\" target=\"_blank\" onclick=\"window.open(this.href,'social-share','left=20,top=20,width=500,height=500,toolbar=1,resizable=0');return false;\">\n\t\t\t\t\t\t\t\tLinkedin\n\t\t\t\t\t\t\t\t\t\t<\/a>\n\t<p>Cat\u00e9gories<\/p>\n\t<h3>Une palette riche d&rsquo;initiatives pour \u00e9veiller la curiosit\u00e9 scientifique<\/h3>\n<p>Chaque ann\u00e9e, le LPSC met en \u0153uvre un nombre cons\u00e9quent de conf\u00e9rences et d&rsquo;interventions men\u00e9es par ses personnels passionn\u00e9s. \u00c0 travers des formats vari\u00e9s tels que des caf\u00e9s des sciences, des rencontres et d\u00e9bats, des expositions, des interventions dans les m\u00e9dias (articles de vulgarisation, \u00e9missions de radio, vid\u00e9os ou blogs), et m\u00eame des cours sp\u00e9cifiques, le laboratoire s&rsquo;adresse \u00e0 un large public.<\/p>\n<p>Parmi ces initiatives, les c\u00e9l\u00e8bres <em>Le\u00e7ons exp\u00e9rimentales sur l&rsquo;antimati\u00e8re<\/em> rencontrent un vif succ\u00e8s. Cet atelier p\u00e9dagogique attire entre 700 et 1 000 lyc\u00e9ens chaque ann\u00e9e, captivant les esprits avec des d\u00e9monstrations pratiques et des explications claires sur ce domaine fascinant de la physique.<\/p>\n<h3>Visites guid\u00e9es : Une immersion au c\u0153ur des installations scientifiques<\/h3>\n<p>Les sites grenoblois et modanais du LPSC accueillent r\u00e9guli\u00e8rement des classes de lyc\u00e9ens et d&rsquo;\u00e9tudiants, issus d&rsquo;\u00e9tablissements fran\u00e7ais et internationaux. Ces visites, soigneusement organis\u00e9es, permettent aux \u00e9l\u00e8ves de d\u00e9couvrir concr\u00e8tement le quotidien d&rsquo;un laboratoire de recherche.<\/p>\n<p>Accompagn\u00e9s par une \u00e9quipe de guides, ainsi que des intervenants techniques et scientifiques, les visiteurs profitent d&rsquo;une pr\u00e9sentation g\u00e9n\u00e9rale du laboratoire et de ses activit\u00e9s. Ils peuvent \u00e9galement explorer les installations techniques et observer de pr\u00e8s les exp\u00e9riences en cours. Ces moments privil\u00e9gi\u00e9s offrent aux \u00e9l\u00e8ves une perspective unique sur le travail des chercheurs et les enjeux actuels de la physique subatomique et cosmologique.<\/p>\n<h3>Un laboratoire engag\u00e9 pour la jeunesse et la science<\/h3>\n<p>En accueillant des dizaines de lyc\u00e9ens et \u00e9tudiants chaque ann\u00e9e, le LPSC confirme son engagement en faveur de la transmission des savoirs et de la promotion des carri\u00e8res scientifiques. Ces initiatives participent \u00e0 \u00e9veiller la curiosit\u00e9, \u00e0 susciter des vocations, et \u00e0 renforcer le lien entre la science et la soci\u00e9t\u00e9.<\/p>\n<p>Le LPSC invite ainsi chaque visiteur \u00e0 plonger dans l&rsquo;univers captivant de la recherche scientifique, contribuant \u00e0 inspirer les esprits curieux et \u00e0 b\u00e2tir les bases des d\u00e9couvertes de demain.<\/p>\n\n","protected":false},"excerpt":{"rendered":"<p>\u00a9 CNRS L&rsquo;accueil des scolaires au LPSC : Une immersion captivante dans le monde de la science 15 novembre 2024 Le LPSC joue un r\u00f4le cl\u00e9 dans la diffusion des savoirs scientifiques, en offrant aux jeunes g\u00e9n\u00e9rations des exp\u00e9riences enrichissantes et immersives. Par ses actions diversifi\u00e9es et son ouverture au public, le laboratoire s&rsquo;impose comme&hellip;<\/p>\n","protected":false},"author":2,"featured_media":1836,"parent":0,"menu_order":0,"comment_status":"closed","ping_status":"closed","template":"","meta":{"footnotes":""},"class_list":["post-1835","page","type-page","status-publish","has-post-thumbnail","hentry"],"_links":{"self":[{"href":"https:\/\/lpsc-wordpress.in2p3.fr\/index.php?rest_route=\/wp\/v2\/pages\/1835","targetHints":{"allow":["GET"]}}],"collection":[{"href":"https:\/\/lpsc-wordpress.in2p3.fr\/index.php?rest_route=\/wp\/v2\/pages"}],"about":[{"href":"https:\/\/lpsc-wordpress.in2p3.fr\/index.php?rest_route=\/wp\/v2\/types\/page"}],"author":[{"embeddable":true,"href":"https:\/\/lpsc-wordpress.in2p3.fr\/index.php?rest_route=\/wp\/v2\/users\/2"}],"replies":[{"embeddable":true,"href":"https:\/\/lpsc-wordpress.in2p3.fr\/index.php?rest_route=%2Fwp%2Fv2%2Fcomments&post=1835"}],"version-history":[{"count":4,"href":"https:\/\/lpsc-wordpress.in2p3.fr\/index.php?rest_route=\/wp\/v2\/pages\/1835\/revisions"}],"predecessor-version":[{"id":2533,"href":"https:\/\/lpsc-wordpress.in2p3.fr\/index.php?rest_route=\/wp\/v2\/pages\/1835\/revisions\/2533"}],"wp:featuredmedia":[{"embeddable":true,"href":"https:\/\/lpsc-wordpress.in2p3.fr\/index.php?rest_route=\/wp\/v2\/media\/1836"}],"wp:attachment":[{"href":"https:\/\/lpsc-wordpress.in2p3.fr\/index.php?rest_route=%2Fwp%2Fv2%2Fmedia&parent=1835"}],"curies":[{"name":"wp","href":"https:\/\/api.w.org\/{rel}","templated":true}]}}