{"id":1814,"date":"2024-11-15T11:42:31","date_gmt":"2024-11-15T10:42:31","guid":{"rendered":"https:\/\/lpsc-wordpress.in2p3.fr\/?page_id=1814"},"modified":"2025-03-06T11:09:40","modified_gmt":"2025-03-06T10:09:40","slug":"atlas-copy-15-copy-2","status":"publish","type":"page","link":"https:\/\/lpsc-wordpress.in2p3.fr\/?page_id=1814","title":{"rendered":"Ann\u00e9e de la physique"},"content":{"rendered":"\n\n\t\t\t\t<img loading=\"lazy\" decoding=\"async\" src=\"https:\/\/lpsc-wordpress.in2p3.fr\/wp-content\/uploads\/2024\/11\/logo-cnrs-complet.png\" alt=\"logo-cnrs-complet\" itemprop=\"image\" height=\"3508\" width=\"4961\" title=\"logo-cnrs-complet\" onerror=\"this.style.display='none'\"  \/>\n\t<em>\u00a9 CNRS<br \/>\n<\/em>\n<h2>\n\t\tAnn\u00e9e de la physique\n\t<\/h2>\n\t<em>15 novembre 2024<br \/>\n<\/em>\n\t<h4>L&rsquo;<strong>Ann\u00e9e de la physique 2023-2024<\/strong> est une initiative nationale visant \u00e0 rapprocher le monde de l&rsquo;enseignement et celui de la recherche en physique. Port\u00e9e par le Minist\u00e8re de l&rsquo;\u00c9ducation nationale et de la Jeunesse, le CEA, le CNRS, France Universit\u00e9s et la Soci\u00e9t\u00e9 Fran\u00e7aise de Physique, cette op\u00e9ration de m\u00e9diation scientifique s&rsquo;adresse tant au public scolaire qu&rsquo;au grand public.<\/h4>\n\t<p>Partager ce contenu<\/p>\n\t\t\t\t\t\t\t\t\t\t<a class= \"uabb-ss-grid-button-link\" href=\"https:\/\/www.linkedin.com\/shareArticle?url=https%3A%2F%2Flpsc-wordpress.in2p3.fr%2F%3Fpage_id%3D1814%26fl_builder\" target=\"_blank\" onclick=\"window.open(this.href,'social-share','left=20,top=20,width=500,height=500,toolbar=1,resizable=0');return false;\">\n\t\t\t\t\t\t\t\tLinkedin\n\t\t\t\t\t\t\t\t\t\t<\/a>\n\t<p>Cat\u00e9gories<\/p>\n\t<p><strong><img loading=\"lazy\" decoding=\"async\" src=\"https:\/\/lpsc-wordpress.in2p3.fr\/wp-content\/uploads\/2024\/11\/logo-cnrs-complet-300x212.png\" alt=\"\" width=\"379\" height=\"268\" \/>Objectifs principaux :<\/strong><\/p>\n<ul>\n<li><strong>Promouvoir la physique<\/strong> : Mettre en lumi\u00e8re les avanc\u00e9es r\u00e9centes et les enjeux actuels de la recherche en physique, en soulignant son r\u00f4le central dans la compr\u00e9hension du monde et ses applications dans des domaines vari\u00e9s tels que l&rsquo;\u00e9nergie, le climat, la sant\u00e9 ou les technologies de l&rsquo;information.\n<a href=\"https:\/\/anneedelaphysique.cnrs.fr\/presentation\/\" target=\"_blank\" rel=\"noopener\">Anne de la Physique<\/a>\n<\/li>\n<li><strong>Encourager les vocations<\/strong> : Susciter l&rsquo;int\u00e9r\u00eat des jeunes, notamment des jeunes filles, pour les \u00e9tudes et carri\u00e8res en physique, en pr\u00e9sentant la diversit\u00e9 des m\u00e9tiers li\u00e9s \u00e0 cette discipline.\n<a href=\"https:\/\/anneedelaphysique.cnrs.fr\/presentation\/\" target=\"_blank\" rel=\"noopener\">Anne de la Physique<\/a>\n<\/li>\n<li><strong>Renforcer les liens<\/strong> : Cr\u00e9er des ponts entre les laboratoires de recherche et les \u00e9tablissements scolaires, permettant aux enseignants et aux \u00e9l\u00e8ves de d\u00e9couvrir la recherche en physique \u00ab\u00a0en train de se faire\u00a0\u00bb.\n<a href=\"https:\/\/anneedelaphysique.cnrs.fr\/presentation\/\" target=\"_blank\" rel=\"noopener\">Anne de la Physique<\/a>\n<\/li>\n<\/ul>\n<p><strong>Actions et \u00e9v\u00e9nements :<\/strong><\/p>\n<p>Tout au long de l&rsquo;ann\u00e9e scolaire 2023-2024, de nombreuses actions ont \u00e9t\u00e9 mises en place sur l&rsquo;ensemble du territoire fran\u00e7ais :<\/p>\n<ul>\n<li><strong>Journ\u00e9es de formation<\/strong> : Destin\u00e9es aux enseignants de physique-chimie du secondaire, ces journ\u00e9es, organis\u00e9es en collaboration avec les acad\u00e9mies, offrent des rencontres avec des chercheurs, des conf\u00e9rences et des visites de laboratoires.\n<a href=\"https:\/\/www.bretagne-pays-de-la-loire.cnrs.fr\/fr\/cnrsinfo\/annee-de-la-physique-2023-2024\" target=\"_blank\" rel=\"noopener\">Bretagne Pays de la Loire<\/a>\n<\/li>\n<li><strong>Ressources p\u00e9dagogiques<\/strong> : Mise \u00e0 disposition de contenus vari\u00e9s pour enrichir l&rsquo;enseignement de la physique, tels que des ouvrages co\u00e9dit\u00e9s par le CNRS, des vid\u00e9os et des supports pour pr\u00e9parer le Grand Oral du baccalaur\u00e9at.\n<a href=\"https:\/\/anneedelaphysique.cnrs.fr\/\" target=\"_blank\" rel=\"noopener\">Ann\u00e9e de la Physique<\/a>\n<\/li>\n<li><strong>\u00c9v\u00e9nements grand public<\/strong> : Organisation de conf\u00e9rences, d&rsquo;expositions et de rencontres pour sensibiliser le grand public aux enjeux de la physique contemporaine.\n<a href=\"https:\/\/anneedelaphysique.cnrs.fr\/\" target=\"_blank\" rel=\"noopener\">Ann\u00e9e de la Physique<\/a>\n<\/li>\n<\/ul>\n<p>Pour plus d&rsquo;informations et pour consulter les ressources disponibles, vous pouvez visiter le site officiel de l&rsquo;Ann\u00e9e de la physique 2023-2024<\/p>\n\n","protected":false},"excerpt":{"rendered":"<p>\u00a9 CNRS Ann\u00e9e de la physique 15 novembre 2024 L&rsquo;Ann\u00e9e de la physique 2023-2024 est une initiative nationale visant \u00e0 rapprocher le monde de l&rsquo;enseignement et celui de la recherche en physique. Port\u00e9e par le Minist\u00e8re de l&rsquo;\u00c9ducation nationale et de la Jeunesse, le CEA, le CNRS, France Universit\u00e9s et la Soci\u00e9t\u00e9 Fran\u00e7aise de Physique,&hellip;<\/p>\n","protected":false},"author":2,"featured_media":1815,"parent":0,"menu_order":0,"comment_status":"closed","ping_status":"closed","template":"","meta":{"footnotes":""},"class_list":["post-1814","page","type-page","status-publish","has-post-thumbnail","hentry"],"_links":{"self":[{"href":"https:\/\/lpsc-wordpress.in2p3.fr\/index.php?rest_route=\/wp\/v2\/pages\/1814","targetHints":{"allow":["GET"]}}],"collection":[{"href":"https:\/\/lpsc-wordpress.in2p3.fr\/index.php?rest_route=\/wp\/v2\/pages"}],"about":[{"href":"https:\/\/lpsc-wordpress.in2p3.fr\/index.php?rest_route=\/wp\/v2\/types\/page"}],"author":[{"embeddable":true,"href":"https:\/\/lpsc-wordpress.in2p3.fr\/index.php?rest_route=\/wp\/v2\/users\/2"}],"replies":[{"embeddable":true,"href":"https:\/\/lpsc-wordpress.in2p3.fr\/index.php?rest_route=%2Fwp%2Fv2%2Fcomments&post=1814"}],"version-history":[{"count":3,"href":"https:\/\/lpsc-wordpress.in2p3.fr\/index.php?rest_route=\/wp\/v2\/pages\/1814\/revisions"}],"predecessor-version":[{"id":2557,"href":"https:\/\/lpsc-wordpress.in2p3.fr\/index.php?rest_route=\/wp\/v2\/pages\/1814\/revisions\/2557"}],"wp:featuredmedia":[{"embeddable":true,"href":"https:\/\/lpsc-wordpress.in2p3.fr\/index.php?rest_route=\/wp\/v2\/media\/1815"}],"wp:attachment":[{"href":"https:\/\/lpsc-wordpress.in2p3.fr\/index.php?rest_route=%2Fwp%2Fv2%2Fmedia&parent=1814"}],"curies":[{"name":"wp","href":"https:\/\/api.w.org\/{rel}","templated":true}]}}