{"id":1437,"date":"2024-10-22T09:48:12","date_gmt":"2024-10-22T07:48:12","guid":{"rendered":"https:\/\/lpsc-wordpress.in2p3.fr\/?page_id=1437"},"modified":"2024-10-22T09:49:32","modified_gmt":"2024-10-22T07:49:32","slug":"cptga-copy-4","status":"publish","type":"page","link":"https:\/\/lpsc-wordpress.in2p3.fr\/?page_id=1437","title":{"rendered":"Page personnelle de Johann Collot"},"content":{"rendered":"\n\n\t\t\t\t<img loading=\"lazy\" decoding=\"async\" src=\"https:\/\/lpsc-wordpress.in2p3.fr\/wp-content\/uploads\/2024\/10\/B0000448-2-746x1024.jpg\" alt=\"B0000448-2\" itemprop=\"image\" height=\"1024\" width=\"746\" title=\"B0000448-2\" onerror=\"this.style.display='none'\"  \/>\n<h2>\n\t\tPage personnelle de Johann Collot\n\t<\/h2>\n\t<p>Professeur de physique \u00e0 l&rsquo;Universit\u00e9 Grenoble Alpes<\/p>\n\t\t\t\tPr\u00e9sentation\n\t\t\t\tCours de physique g\u00e9n\u00e9rale\n\t\t\t\tCours de niveau Master et plus\n\t\t\t\t\t\t\tPr\u00e9sentation\n\t\t\t\t<address>Johann Collot<\/address>\n<address>Professeur de physique \u00e0 l&rsquo;Universit\u00e9 Grenoble Alpes<br \/>Membre de la collaboration ATLAS du CERN (depuis 1991)<br \/>Membre de la collaboration DUNE (depuis 2021)\n<p>Laboratoire de Physique Subatomique et de Cosmologie de Grenoble (LPSC) <br \/>Universit\u00e9 Grenoble Alpes, CNRS, Grenoble INP*, LPSC-IN2P3<br \/>53 avenue des Martyrs<br \/>38026 Grenoble France<\/p>\n<p>*Institute of Engineering Universit\u00e9 Grenoble Alpes<\/p>\n<p>tel: (33) (0)4 76 28 40 19<\/p>\n<\/address>\n<address>collot (\u00e0) in2p3 (point) fr<\/address>\n<address>\u00a0<\/address>\n<address>\n<hr \/>\n<\/address>\n<address>\n<p><a href=\"https:\/\/lpsc-wordpress.in2p3.fr\/wp-content\/uploads\/2024\/10\/CVJCOLLOT_english.pdf\">Curriculum vitae<\/a><\/p>\n<p><a href=\"https:\/\/lpsc-wordpress.in2p3.fr\/wp-content\/uploads\/2024\/10\/Publis-Selection-Johann-Collot-English.pdf\">Liste des publications les plus significatives (Selected publication list)<\/a><\/p>\n<p><a href=\"https:\/\/lpsc-wordpress.in2p3.fr\/wp-content\/uploads\/2024\/10\/1013208.htm\">Liste compl\u00e8te de publications (Full publication list)<\/a><\/p>\n<\/address>\n\t\t\t\t\t\t\tCours de physique g\u00e9n\u00e9rale\n\t\t\t\tCours donn\u00e9s en Licence de Sciences et de Technologies de l&rsquo;Universit\u00e9 Grenoble Alpes et au d\u00e9partement de Mesures Physiques de l&rsquo;IUT.\n<strong>M\u00e9canique : pour premi\u00e8re ann\u00e9e de licence et IUT<\/strong>\n<ul>\n<li><a href=\"https:\/\/lpsc-wordpress.in2p3.fr\/wp-content\/uploads\/2024\/10\/PFD.pdf\">Principe fondamental de la dynamique<\/a><\/li>\n<li><a href=\"https:\/\/lpsc-wordpress.in2p3.fr\/wp-content\/uploads\/2024\/10\/Cinematique_L1.pdf\">Cin\u00e9matique <\/a><\/li>\n<li><a href=\"https:\/\/lpsc-wordpress.in2p3.fr\/wp-content\/uploads\/2024\/10\/Forces.pdf\">Forces<\/a><\/li>\n<li><a href=\"https:\/\/lpsc-wordpress.in2p3.fr\/wp-content\/uploads\/2024\/10\/MomentCinetique.pdf\">Moment d&rsquo;une force et moment cin\u00e9tique<\/a><\/li>\n<li><a href=\"https:\/\/lpsc-wordpress.in2p3.fr\/wp-content\/uploads\/2024\/10\/TPE.pdf\">Travail, puissance et \u00e9nergies<\/a><\/li>\n<li><a href=\"https:\/\/lpsc-wordpress.in2p3.fr\/wp-content\/uploads\/2024\/10\/Choc_IUT.pdf\">Rencontres, collisions &amp; chocs<\/a><\/li>\n<li><a href=\"https:\/\/lpsc-wordpress.in2p3.fr\/wp-content\/uploads\/2024\/10\/Gravitation.pdf\">Gravitation<\/a><\/li>\n<li><a href=\"https:\/\/lpsc-wordpress.in2p3.fr\/wp-content\/uploads\/2024\/10\/Relativite.pdf\">Introduction \u00e0 la relativit\u00e9<\/a><\/li>\n<li><a href=\"https:\/\/lpsc-wordpress.in2p3.fr\/wp-content\/uploads\/2024\/10\/MLH.pdf\">Introduction \u00e0 la m\u00e9canique analytique<\/a><\/li>\n<\/ul>\n<p><strong>Mouvement des solides rigides : pour deuxi\u00e8me ann\u00e9e de licence (avec torseurs) <\/strong><\/p>\n<ul>\n<li><a href=\"https:\/\/lpsc-wordpress.in2p3.fr\/wp-content\/uploads\/2024\/10\/MS-Intro.pdf\">Introduction \/ Rappels (2022)<\/a><\/li>\n<li><a href=\"https:\/\/lpsc-wordpress.in2p3.fr\/wp-content\/uploads\/2024\/10\/MS-Cinematique.pdf\">Cin\u00e9matique des solides rigides (2022)<\/a><\/li>\n<li><a href=\"https:\/\/lpsc-wordpress.in2p3.fr\/wp-content\/uploads\/2024\/10\/MS-Cinetique.pdf\">Cin\u00e9tique des solides rigides (2022)<\/a><\/li>\n<li><a href=\"https:\/\/lpsc-wordpress.in2p3.fr\/wp-content\/uploads\/2024\/10\/MS-PFD.pdf\">Principe Fondamental de la Dynamique (PFD) des solides rigides (2022)<\/a><\/li>\n<li><a href=\"https:\/\/lpsc-wordpress.in2p3.fr\/wp-content\/uploads\/2024\/10\/MS-Energie.pdf\">Aspects \u00e9nerg\u00e9tiques (2022)<\/a><\/li>\n<li><a href=\"https:\/\/lpsc-wordpress.in2p3.fr\/wp-content\/uploads\/2024\/10\/MS-Methode.pdf\">M\u00e9thode de r\u00e9solution d&rsquo;un probl\u00e8me m\u00e9canique (2022)<\/a><\/li>\n<\/ul>\n<p><strong>\u00c9nerg\u00e9tique : pour deuxi\u00e8me ann\u00e9e de licence<\/strong><\/p>\n<ul>\n<li><a href=\"https:\/\/lpsc-wordpress.in2p3.fr\/wp-content\/uploads\/2024\/10\/EI.pdf\">D\u00e9finition, Principes, Sources et Consommation<\/a><\/li>\n<li><a href=\"https:\/\/lpsc-wordpress.in2p3.fr\/wp-content\/uploads\/2024\/10\/EAE.pdf\">Aspects exp\u00e9rimentaux et Thermom\u00e9trie<\/a><\/li>\n<li><a href=\"https:\/\/lpsc-wordpress.in2p3.fr\/wp-content\/uploads\/2024\/10\/CTS.pdf\">Conversion, Transport et Stockage<\/a><\/li>\n<li><a href=\"https:\/\/lpsc-wordpress.in2p3.fr\/wp-content\/uploads\/2024\/10\/ER.pdf\">Energies solaire et \u00e9olienne<\/a><\/li>\n<li><a href=\"https:\/\/lpsc-wordpress.in2p3.fr\/wp-content\/uploads\/2024\/10\/EEE.pdf\">Energie : Environnement et Economie<\/a><\/li>\n<\/ul>\n<p><strong>Optique : pour IUT <\/strong><\/p>\n<ul>\n<li><a href=\"https:\/\/lpsc-wordpress.in2p3.fr\/wp-content\/uploads\/2024\/10\/Vision.pdf\">Photom\u00e9trie &amp; Vision des couleurs<\/a><\/li>\n<li><a href=\"https:\/\/lpsc-wordpress.in2p3.fr\/wp-content\/uploads\/2024\/10\/OndeLumineuse.pdf\">Notions d&rsquo;ondes lumineuses<\/a><\/li>\n<li><a href=\"https:\/\/lpsc-wordpress.in2p3.fr\/wp-content\/uploads\/2024\/10\/RR.pdf\">R\u00e9flexion et r\u00e9fraction<\/a><\/li>\n<li><a href=\"https:\/\/lpsc-wordpress.in2p3.fr\/wp-content\/uploads\/2024\/10\/FO.pdf\">Fibres optiques<\/a><\/li>\n<li><a href=\"https:\/\/lpsc-wordpress.in2p3.fr\/wp-content\/uploads\/2024\/10\/Interference.pdf\">Interf\u00e9rences optiques<\/a><\/li>\n<li><a href=\"https:\/\/lpsc-wordpress.in2p3.fr\/wp-content\/uploads\/2024\/10\/I2O.pdf\">Autres exemples d&rsquo;interf\u00e9rom\u00e8tres \u00e0 deux ondes<\/a><\/li>\n<li><a href=\"https:\/\/lpsc-wordpress.in2p3.fr\/wp-content\/uploads\/2024\/10\/PFFIL.pdf\">Interf\u00e9rences multiples &#8211; Interf\u00e9rom\u00e8tre de P\u00e9rot-Fabry &#8211; Filtres interf\u00e9rentiels &#8211; LASER<\/a><\/li>\n<li><a href=\"https:\/\/lpsc-wordpress.in2p3.fr\/wp-content\/uploads\/2024\/10\/DR.pdf\">Diffraction<\/a><\/li>\n<\/ul>\n<p><strong>Relativity : second year of bachelor in science<\/strong><\/p>\n<ul>\n<li><a href=\"https:\/\/lpsc-wordpress.in2p3.fr\/wp-content\/uploads\/2024\/10\/SR_C1.pdf\">Principles of Special Relativity<\/a><\/li>\n<li><a href=\"https:\/\/lpsc-wordpress.in2p3.fr\/wp-content\/uploads\/2024\/10\/SR_C2.pdf\">Physical implications &amp; Lorentz transformation<\/a><\/li>\n<li><a href=\"https:\/\/lpsc-wordpress.in2p3.fr\/wp-content\/uploads\/2024\/10\/SR_C3.pdf\">Experimental tests<\/a><\/li>\n<li><a href=\"https:\/\/lpsc-wordpress.in2p3.fr\/wp-content\/uploads\/2024\/10\/SR_C4.pdf\">Minkowski&rsquo;s 4-d space <\/a><\/li>\n<li><a href=\"https:\/\/lpsc-wordpress.in2p3.fr\/wp-content\/uploads\/2024\/10\/SR_C5.pdf\">Dynamics<\/a><\/li>\n<li><a href=\"https:\/\/lpsc-wordpress.in2p3.fr\/wp-content\/uploads\/2024\/10\/SR_Outlook.pdf\">Outlook : towards General Relativity<\/a><\/li>\n<\/ul>\n<p><strong>Divers : <\/strong><\/p>\n<ul>\n<li><a href=\"https:\/\/lpsc-wordpress.in2p3.fr\/wp-content\/uploads\/2024\/10\/Radioactivite.pdf\">Radioactivite (L1) <\/a><\/li>\n<\/ul>\n\t\t\t\t\t\t\tCours de niveau Master et plus\n\t\t\t\t<p><strong>Physique des particules : niveau M2<\/strong><\/p>\n<ul>\n<li><a href=\"https:\/\/lpsc-wordpress.in2p3.fr\/wp-content\/uploads\/2024\/10\/IntroPP.pdf\">Classification des particules subatomiques (2006)<\/a><\/li>\n<li><a href=\"https:\/\/lpsc-wordpress.in2p3.fr\/wp-content\/uploads\/2024\/10\/Cinematique.pdf\">Cin\u00e9matique, taux de d\u00e9sint\u00e9grations et sections efficaces de r\u00e9actions (2006)<\/a><\/li>\n<li><a href=\"https:\/\/lpsc-wordpress.in2p3.fr\/wp-content\/uploads\/2024\/10\/PCT.pdf\">Sym\u00e9tries discr\u00e8tes : PCT (2006)<\/a><\/li>\n<li><a href=\"https:\/\/lpsc-wordpress.in2p3.fr\/wp-content\/uploads\/2024\/10\/ElectroFaible.pdf\">\u00c9dification de la th\u00e9orie des interactions \u00e9lectrofaibles (2006)<\/a><\/li>\n<li><a href=\"https:\/\/lpsc-wordpress.in2p3.fr\/wp-content\/uploads\/2024\/10\/Neutrino.pdf\">Masse et oscillations de neutrinos cours 03-04<\/a><\/li>\n<li><a href=\"https:\/\/lpsc-wordpress.in2p3.fr\/wp-content\/uploads\/2024\/10\/Neutrino05.pdf\">Masse et oscillations de neutrinos cours 04-05<\/a><\/li>\n<\/ul>\n<p>\u00a0<strong>Physique exp\u00e9rimentale des hautes \u00e9nergies : niveau M2<\/strong><\/p>\n<ul>\n<li><a href=\"https:\/\/lpsc-wordpress.in2p3.fr\/wp-content\/uploads\/2024\/10\/Proba.pdf\">Erreur, Probabilit\u00e9 et Statistiquev<\/a><\/li>\n<li><a href=\"https:\/\/lpsc.in2p3.fr\/images\/collot\/MC.pdf\">Techniques de calcul de type <\/a><a href=\"https:\/\/lpsc-wordpress.in2p3.fr\/wp-content\/uploads\/2024\/10\/MC.pdf\">Monte-Carlo<\/a><\/li>\n<li><a href=\"https:\/\/lpsc-wordpress.in2p3.fr\/wp-content\/uploads\/2024\/10\/Interaction.pdf\">Interaction des particules avec la mati\u00e8re<\/a><\/li>\n<\/ul>\n<p><strong>Ing\u00e9nierie nucl\u00e9aire : M1 et M2 en g\u00e9nie m\u00e9canique<\/strong><\/p>\n<ul>\n<li><a href=\"https:\/\/lpsc-wordpress.in2p3.fr\/wp-content\/uploads\/2024\/10\/NR.pdf\">Noyaux et Radioactivit\u00e9 (2020)<\/a><\/li>\n<li><a href=\"https:\/\/lpsc-wordpress.in2p3.fr\/wp-content\/uploads\/2024\/10\/Neutronique.pdf\">\u00c9l\u00e9ments de neutronique (2020)<\/a><\/li>\n<li><a href=\"https:\/\/lpsc-wordpress.in2p3.fr\/wp-content\/uploads\/2024\/10\/Reacteurs.pdf\">R\u00e9acteurs (2020)<\/a><\/li>\n<li><a href=\"https:\/\/lpsc-wordpress.in2p3.fr\/wp-content\/uploads\/2024\/10\/CCN.pdf\">Cycle du combustible nucl\u00e9aire (2020)<\/a><\/li>\n<li><a href=\"https:\/\/lpsc-wordpress.in2p3.fr\/wp-content\/uploads\/2024\/10\/IRM.pdf\">Interaction rayonnement mati\u00e8re (2015)<\/a><\/li>\n<li><a href=\"https:\/\/lpsc-wordpress.in2p3.fr\/wp-content\/uploads\/2024\/10\/RP.pdf\">Radioprotection (2015)<\/a><\/li>\n<li><a href=\"https:\/\/lpsc-wordpress.in2p3.fr\/wp-content\/uploads\/2024\/10\/ENP.pdf\">\u00c9nergie Nucl\u00e9aire : prospectives (2020)<\/a><\/li>\n<li><a href=\"https:\/\/lpsc-wordpress.in2p3.fr\/wp-content\/uploads\/2024\/10\/Creys-Malville.pdf\">Visite : Creys-Malville (2018)<\/a><\/li>\n<\/ul>\n<p><strong>ESIPAP School : Master and PhD\u00a0 <a href=\"http:\/\/www.esi-archamps.eu\/Thematic-Schools\/Discover-ESIPAP\">(ESIPAP web site)<\/a><br \/><\/strong><\/p>\n<ul>\n<li><a href=\"https:\/\/lpsc-wordpress.in2p3.fr\/wp-content\/uploads\/2024\/10\/IPM-lecture-Johann-Collot.pdf\">Interaction of particles with matter (2015)<\/a><\/li>\n<li><a href=\"https:\/\/lpsc-wordpress.in2p3.fr\/wp-content\/uploads\/2024\/10\/Noble-Liquid-Detectors.pdf\">Noble liquid detectors (2022)<\/a><\/li>\n<\/ul>\n<p><strong>Cours doctoraux : ED de physique de Grenoble<\/strong><\/p>\n<ul>\n<li><a href=\"https:\/\/lpsc-wordpress.in2p3.fr\/wp-content\/uploads\/2024\/10\/Accelerateur.pdf\">Physique des acc\u00e9l\u00e9rateurs et limitations (2008)<\/a><\/li>\n<li><a href=\"https:\/\/lpsc-wordpress.in2p3.fr\/wp-content\/uploads\/2024\/10\/AccelerateurAppli.pdf\">Les acc\u00e9l\u00e9rateurs au service de la science et de la soci\u00e9t\u00e9 (2008)<\/a><\/li>\n<li><a href=\"https:\/\/lpsc-wordpress.in2p3.fr\/wp-content\/uploads\/2024\/10\/CEI.pdf\">Les composants \u00e9l\u00e9mentaires de la mati\u00e8re \u00e0 l&rsquo;heure du d\u00e9marrage du LHC (2010)<\/a><\/li>\n<li><a href=\"https:\/\/lpsc-wordpress.in2p3.fr\/wp-content\/uploads\/2024\/10\/CEI_en.pdf\">Elementary constituents of matter and their interactions in the Large Hadron Collider (LHC) era (2012)<\/a><\/li>\n<li><a href=\"https:\/\/lpsc-wordpress.in2p3.fr\/wp-content\/uploads\/2024\/10\/LHC.pdf\">Le LHC : grand collisionneur de hadrons (2010)<\/a><\/li>\n<li><a href=\"https:\/\/lpsc-wordpress.in2p3.fr\/wp-content\/uploads\/2024\/10\/LHC_en.pdf\">The Large Hadron Collider (LHC) of CERN (2012)<\/a><\/li>\n<li><a href=\"https:\/\/lpsc-wordpress.in2p3.fr\/wp-content\/uploads\/2024\/10\/LHC_Detecteurs.pdf\">Le LHC : ses d\u00e9tecteurs (2010)<\/a><\/li>\n<li><a href=\"https:\/\/lpsc-wordpress.in2p3.fr\/wp-content\/uploads\/2024\/10\/LHC_Detectors.pdf\">LHC experiments (2012)<\/a><\/li>\n<li>Physics in the XXIst century (2022)\n<ul>\n<li><a href=\"https:\/\/lpsc-wordpress.in2p3.fr\/wp-content\/uploads\/2024\/10\/Physics-21-J-Collot-1.pdf\">Historical introduction to physics &#8211; Basic principles and theories (2022)<\/a><\/li>\n<li><a href=\"https:\/\/lpsc-wordpress.in2p3.fr\/wp-content\/uploads\/2024\/10\/Physics-21-J-Collot-2.pdf\">Elementary particles &amp; their interactions &#8211; Cosmology &amp; Universe (2022)<\/a><\/li>\n<li><a href=\"https:\/\/lpsc-wordpress.in2p3.fr\/wp-content\/uploads\/2024\/10\/Physics-21-J-Collot-3.pdf\">Matter (2022)<\/a><\/li>\n<li><a href=\"https:\/\/lpsc-wordpress.in2p3.fr\/wp-content\/uploads\/2024\/10\/Physics-21-J-Collot-4.pdf\">Quantum information &#8211; Complexity (2022)<\/a><\/li>\n<li><a href=\"https:\/\/lpsc-wordpress.in2p3.fr\/wp-content\/uploads\/2024\/10\/Physics-21-J-Collot-5.pdf\">Physical Units &#8211; Epilogue (2022)<\/a><\/li>\n<\/ul>\n<\/li>\n<\/ul>\n<p><strong>Other lectures in English :<\/strong><\/p>\n<ul>\n<li><a href=\"https:\/\/lpsc-wordpress.in2p3.fr\/wp-content\/uploads\/2024\/10\/Proba_diapos.pdf\">Error, probability, statistics and Mont\u00e9-Carlo techniques <\/a><\/li>\n<li><a href=\"https:\/\/lpsc-wordpress.in2p3.fr\/wp-content\/uploads\/2024\/10\/Interaction_diapos.pdf\">Interaction of particles with matter <\/a><\/li>\n<li><a href=\"https:\/\/lpsc-wordpress.in2p3.fr\/wp-content\/uploads\/2024\/10\/Detectors_diapos.pdf\">Subatomic particle detectors <\/a><\/li>\n<\/ul>\n<p><strong>Conf\u00e9rences pour tous : (me contacter si l&rsquo;une d&rsquo;entre elles vous int\u00e9resse)<br \/><\/strong><\/p>\n<ul>\n<li>La physique au XXI\u00e8me si\u00e8cle.<\/li>\n<li>Le champ et le boson de Higgs : la masse sans la masse.<\/li>\n<li>De quoi sommes-nous faits ?<\/li>\n<li>Les d\u00e9fis scientifiques du XXI\u00e8me si\u00e8cle.<\/li>\n<li>Les d\u00e9fis \u00e9nerg\u00e9tiques du XXI\u00e8me si\u00e8cle.<\/li>\n<li>Le boson de Higgs<\/li>\n<li>L&rsquo;Univers Quantique<\/li>\n<li>La lumi\u00e8re et le vivant<\/li>\n<li>Le temps et nos horloges<\/li>\n<li>De l&rsquo;antimati\u00e8re au lyc\u00e9e<\/li>\n<\/ul>\n\n","protected":false},"excerpt":{"rendered":"<p>Page personnelle de Johann Collot Professeur de physique \u00e0 l&rsquo;Universit\u00e9 Grenoble Alpes Pr\u00e9sentation Cours de physique g\u00e9n\u00e9rale Cours de niveau Master et plus Pr\u00e9sentation Johann Collot Professeur de physique \u00e0 l&rsquo;Universit\u00e9 Grenoble AlpesMembre de la collaboration ATLAS du CERN (depuis 1991)Membre de la collaboration DUNE (depuis 2021) Laboratoire de Physique Subatomique et de Cosmologie de&hellip;<\/p>\n","protected":false},"author":2,"featured_media":0,"parent":0,"menu_order":0,"comment_status":"closed","ping_status":"closed","template":"tpl-no-header-footer.php","meta":{"footnotes":""},"class_list":["post-1437","page","type-page","status-publish","hentry"],"_links":{"self":[{"href":"https:\/\/lpsc-wordpress.in2p3.fr\/index.php?rest_route=\/wp\/v2\/pages\/1437","targetHints":{"allow":["GET"]}}],"collection":[{"href":"https:\/\/lpsc-wordpress.in2p3.fr\/index.php?rest_route=\/wp\/v2\/pages"}],"about":[{"href":"https:\/\/lpsc-wordpress.in2p3.fr\/index.php?rest_route=\/wp\/v2\/types\/page"}],"author":[{"embeddable":true,"href":"https:\/\/lpsc-wordpress.in2p3.fr\/index.php?rest_route=\/wp\/v2\/users\/2"}],"replies":[{"embeddable":true,"href":"https:\/\/lpsc-wordpress.in2p3.fr\/index.php?rest_route=%2Fwp%2Fv2%2Fcomments&post=1437"}],"version-history":[{"count":5,"href":"https:\/\/lpsc-wordpress.in2p3.fr\/index.php?rest_route=\/wp\/v2\/pages\/1437\/revisions"}],"predecessor-version":[{"id":1517,"href":"https:\/\/lpsc-wordpress.in2p3.fr\/index.php?rest_route=\/wp\/v2\/pages\/1437\/revisions\/1517"}],"wp:attachment":[{"href":"https:\/\/lpsc-wordpress.in2p3.fr\/index.php?rest_route=%2Fwp%2Fv2%2Fmedia&parent=1437"}],"curies":[{"name":"wp","href":"https:\/\/api.w.org\/{rel}","templated":true}]}}