{"id":1427,"date":"2024-10-21T14:41:03","date_gmt":"2024-10-21T12:41:03","guid":{"rendered":"https:\/\/lpsc-wordpress.in2p3.fr\/?page_id=1427"},"modified":"2024-11-27T14:58:49","modified_gmt":"2024-11-27T13:58:49","slug":"cptga-copy-2","status":"publish","type":"page","link":"https:\/\/lpsc-wordpress.in2p3.fr\/?page_id=1427","title":{"rendered":"GDRI P2IM"},"content":{"rendered":"\n<h2>\n\t\tGDRI P2IM\n\t<\/h2>\n\tGroupement De Recherche International pour la Physique de l&rsquo;Infiniment Petit et de l&rsquo;Infiniment grand\n\t\t\t\tPr\u00e9sentation\n\t\t\t\tManagement\n\t\t\t\tEvenements\n\t\t\t\tR\u00e9unions\n\t\t\t\tDocuments\n\t\t\t\tAutres contrats\n\t\t\t\t\t\t\tPr\u00e9sentation\n<p>Le GDRI <b>P2IM<\/b> (pour Groupement De Recherche International pour la Physique de l&rsquo;Infiniment Petit et de l&rsquo;Infiniment grand) et un r\u00e9seau de collaboration entre les laboratoires Fran\u00e7ais et les laboratoires Marocains dans le domaine des particules, astroparticules, cosmologie. Il a officiellement d\u00e9marr\u00e9 le 1er Janvier 2015 pour une dur\u00e9e de 4 ans. Ce nouveau contrat assurera la continuit\u00e9 d&rsquo;un partenariat de plus de 20 ans entre le CNRS (<b>IN2P3 et INP<\/b>) et les universit\u00e9s fran\u00e7aises et marocaines, fruit de plusieurs PICS, de 2 GDRI et d&rsquo;un LIA (ILCP) qui s&rsquo;est termin\u00e9 en d\u00e9cembre 2013. Un GDRI, outil souple, mettra en r\u00e9seau une communaut\u00e9 qui se connait d\u00e9j\u00e0, qui travaille d&rsquo;ores et d\u00e9j\u00e0 dans le cadre de contrats internationaux (exp\u00e9rience ATLAS au CERN ou exp\u00e9rience STEREO men\u00e9e \u00e0 l&rsquo;ILL). Il permettra, en particulier, de garder des contacts continus et soutenus entre les 2 rives de la M\u00e9diterran\u00e9 afin d&rsquo;assurer la formation des doctorants, de participer aux formations (cours, \u00e9coles) et de renforcer la collaboration d\u00e9j\u00e0 prolifique des chercheurs.<\/p>\n<h4>Composition du groupement:<\/h4>\n<ul>\n<li><b>France<\/b>: LAPTH et LAPP Annecy -Universit\u00e9 de Savoie et UGA; LPSC-Grenoble- Universit\u00e9 Joseph Fourier et UGA; LUPM et L2C, Universit\u00e9 de Montpellier.<\/li>\n<\/ul>\n<ul>\n<li><b>Maroc<\/b>: Phenis, Universit\u00e9 Hassan II, Casablanca; LPNR, Universit\u00e9 Mohammed-V, Rabat; LPHEA, Universit\u00e9 Cadi Ayyad, Marrakech; LMA, Universit\u00e9 AbdelMalek Essaadi, Tanger.<\/li>\n<\/ul>\n<p>\u00a0<\/p>\n<p>\u00a0<b>Le contrat a \u00e9t\u00e9 sign\u00e9 \u00e0 Paris le 9 Janvier 2017 par le CNRST \u00e0 la DERCI\/CNRS <\/b><\/p>\n<h4>Budgets:<\/h4>\n<ul>\n<li><b>2015<\/b>: 12 000 euros (INP: 5000, IN2P3: 7000)<\/li>\n<li><b>2016<\/b>: 11 300 euros (INP: 5000, IN2P3: 6300)<\/li>\n<li><b>2017<\/b>: 12 000 euros (INP: 5000, IN2P3: 7000)<\/li>\n<li><b>2018<\/b>: 12 000 euros (INP: 5000, IN2P3: 7000)<\/li>\n<\/ul>\n<p>\u00a0<\/p>\n<ul>\n<li>Lancement du GDRI:<a href=\"http:\/\/indico.in2p3.fr\/event\/12161\/\" rel=\"nofollow\">Journ\u00e9es scientifiques de Rabat, d\u00e9cembre 2015<\/a><\/li>\n<\/ul>\n\u00a0\n\t\t\t\t\t\t\tManagement\n<ul>\n<li><b>Direction du GDRI P2IM<\/b>:\n<ul>\n<li>France: Fairouz Malek, CNRS-IN2P3, LPSC<\/li>\n<li>Maroc: Abdeslam Hoummada, Universit\u00e9 de Casablanca<\/li>\n<\/ul>\n<\/li>\n<li><b>Directeurs financiers du GDRI P2IM<\/b>:\n<ul>\n<li>France: Fairouz Malek, CNRS-IN2P3, LPSC<\/li>\n<li>Maroc, Driss Benchekroun, directeur du RUPHE, Universit\u00e9 de Casablanca<\/li>\n<\/ul>\n<\/li>\n<li><b>Conseil scientifique du GDRI P2IM<\/b>:\n<ul>\n<li>Maroc: Farida Fassi (Rabat), Driss Benchekroun (Casablanca), Rachid Benbrik (Marrakech), Abdeslam Arhrib (Tanger)<\/li>\n<li>France: Pablo Del Amos Sanchez (LAPP), Genevi\u00e8ve B\u00e9langer (LAPTH), Cyril Hugonie (LUPM), Jan Stark (LPSC)<\/li>\n<\/ul>\n<\/li>\n<\/ul>\n\u00a0\n\t\t\t\t\t\t\tEvenements\n<ul>\n<li>Appel \u00e0 Projets pour l&rsquo;ann\u00e9e 2018<\/li>\n<li>\n<p><a href=\"https:\/\/lpsc.in2p3.fr\/images\/GDRI-P2IM\/Application_GDRI_P2IM_2018.docx\" rel=\"nofollow\">le document (docx) \u00e0 remplir est \u00e0 retourner au plus tard le 1er Mars 2018<\/a><\/p>\n<ul>\n<li>Appel \u00e0 Projets pour l&rsquo;ann\u00e9e 2017\n<ul>\n<li><a href=\"https:\/\/lpsc.in2p3.fr\/images\/GDRI-P2IM\/Application_GDRI_P2IM_2017.pdf\" rel=\"nofollow\">le document (pdf) \u00e0 remplir est \u00e0 retourner au plus tard le 15 F\u00e9vrier 2017<\/a><\/li>\n<\/ul>\n<\/li>\n<\/ul>\n<ul>\n<li>Appel \u00e0 Projets pour l&rsquo;ann\u00e9e 2016\n<ul>\n<li><a href=\"https:\/\/lpsc.in2p3.fr\/images\/GDRI-P2IM\/Application_GDRI_P2IM_2016.pdf\" rel=\"nofollow\">le document \u00e0 remplir est \u00e0 retourner au plus tard le 15 F\u00e9vrier 2016<\/a><\/li>\n<\/ul>\n<\/li>\n<\/ul>\n<\/li>\n<\/ul>\n\u00a0\n\t\t\t\t\t\t\tR\u00e9unions\n<p>17-18 d\u00e9cembre 2015 &#8211; Rabat (Maroc):<a href=\"http:\/\/indico.in2p3.fr\/event\/12161\/\" rel=\"nofollow\">Journ\u00e9es scientifiques<\/a> et <a href=\"https:\/\/lpsc.in2p3.fr\/images\/GDRI-P2IM\/CR_GDRI_P2IM_Rabat_V02.pdf\" rel=\"nofollow\">compte rendu<\/a>.<\/p>\n\u00a0\n\t\t\t\t\t\t\tDocuments\n\t\t\t\t<ul>\n<li><b>Contrats:<\/b>\n<ul>\n<li><a href=\"https:\/\/lpsc.in2p3.fr\/images\/GDRI-P2IM\/GDRI-P2IM-Maroc_signatures.pdf\">Convention de cr\u00e9ation du GDRI P2IM 2015-2019 avec signatures<\/a><\/li>\n<\/ul>\n<\/li>\n<li><b>Rapports d&rsquo;activit\u00e9s<\/b>\n<ul>\n<li><a href=\"https:\/\/lpsc.in2p3.fr\/images\/GDRI-P2IM\/Rapport-activite_P2IM_05012015.pdf\" rel=\"nofollow\">Rapport d&rsquo;activit\u00e9 du GDRI P2IM pour l&rsquo;ann\u00e9e 2015<\/a> et <a href=\"https:\/\/lpsc.in2p3.fr\/images\/GDRI-P2IM\/BilanFinancier_P2IM_2015.pdf\">bilan financier.<\/a><\/li>\n<li><a href=\"https:\/\/lpsc.in2p3.fr\/images\/GDRI-P2IM\/GDRI_P2IM_rapport-activite_2016.pdf\">Rapport d&rsquo;activit\u00e9 du GDRI P2IM pour l&rsquo;ann\u00e9e 2016<\/a> et <a href=\"https:\/\/lpsc.in2p3.fr\/images\/GDRI-P2IM\/GDRI_P2IM_BilanFinancier_2016.pdf\">bilan financier.<\/a><\/li>\n<\/ul>\n<\/li>\n<\/ul>\n\t\t\t\t\t\t\tAutres contrats\n\t\t\t\t<ul>\n<li><b> LIA Maroc-Su\u00e8de<\/b> 2010-2013:\n<ul>\n<li><a href=\"https:\/\/lpsc.in2p3.fr\/images\/GDRI-P2IM\/LIA_ILCP.pdf\" rel=\"nofollow\">ILCP<\/a><\/li>\n<\/ul>\n<\/li>\n<li><b>GDRI Maroc<\/b> 2008-2012\n<ul>\n<li><a href=\"https:\/\/lpsc.in2p3.fr\/images\/GDRI-P2IM\/GDRI_Maroc.pdf\" rel=\"nofollow\">Avenant \u00e0 la convention de cr\u00e9ation du GDRI avec le Maroc: LHC, Super LHC et ILC<\/a><\/li>\n<\/ul>\n<\/li>\n<\/ul>\n\n","protected":false},"excerpt":{"rendered":"<p>GDRI P2IM Groupement De Recherche International pour la Physique de l&rsquo;Infiniment Petit et de l&rsquo;Infiniment grand Pr\u00e9sentation Management Evenements R\u00e9unions Documents Autres contrats Pr\u00e9sentation Le GDRI P2IM (pour Groupement De Recherche International pour la Physique de l&rsquo;Infiniment Petit et de l&rsquo;Infiniment grand) et un r\u00e9seau de collaboration entre les laboratoires Fran\u00e7ais et les laboratoires Marocains&hellip;<\/p>\n","protected":false},"author":2,"featured_media":0,"parent":0,"menu_order":0,"comment_status":"closed","ping_status":"closed","template":"tpl-no-header-footer.php","meta":{"footnotes":""},"class_list":["post-1427","page","type-page","status-publish","hentry"],"yoast_head":"<!-- This site is optimized with the Yoast SEO plugin v27.3 - https:\/\/yoast.com\/product\/yoast-seo-wordpress\/ -->\n<title>GDRI P2IM - LPSC<\/title>\n<meta name=\"robots\" content=\"index, follow, max-snippet:-1, max-image-preview:large, max-video-preview:-1\" \/>\n<link rel=\"canonical\" href=\"https:\/\/lpsc-wordpress.in2p3.fr\/?page_id=1427\" \/>\n<meta property=\"og:locale\" content=\"fr_FR\" \/>\n<meta property=\"og:type\" content=\"article\" \/>\n<meta property=\"og:title\" content=\"GDRI P2IM - LPSC\" \/>\n<meta property=\"og:description\" content=\"GDRI P2IM Groupement De Recherche International pour la Physique de l&rsquo;Infiniment Petit et de l&rsquo;Infiniment grand Pr\u00e9sentation Management Evenements R\u00e9unions Documents Autres contrats Pr\u00e9sentation Le GDRI P2IM (pour Groupement De Recherche International pour la Physique de l&rsquo;Infiniment Petit et de l&rsquo;Infiniment grand) et un r\u00e9seau de collaboration entre les laboratoires Fran\u00e7ais et les laboratoires Marocains&hellip;\" \/>\n<meta property=\"og:url\" content=\"https:\/\/lpsc-wordpress.in2p3.fr\/?page_id=1427\" \/>\n<meta property=\"og:site_name\" content=\"LPSC\" \/>\n<meta property=\"article:modified_time\" content=\"2024-11-27T13:58:49+00:00\" \/>\n<meta name=\"twitter:card\" content=\"summary_large_image\" \/>\n<meta name=\"twitter:label1\" content=\"Dur\u00e9e de lecture estim\u00e9e\" \/>\n\t<meta name=\"twitter:data1\" content=\"2 minutes\" \/>\n<script type=\"application\/ld+json\" class=\"yoast-schema-graph\">{\"@context\":\"https:\\\/\\\/schema.org\",\"@graph\":[{\"@type\":\"WebPage\",\"@id\":\"https:\\\/\\\/lpsc-wordpress.in2p3.fr\\\/?page_id=1427\",\"url\":\"https:\\\/\\\/lpsc-wordpress.in2p3.fr\\\/?page_id=1427\",\"name\":\"GDRI P2IM - LPSC\",\"isPartOf\":{\"@id\":\"https:\\\/\\\/lpsc-wordpress.in2p3.fr\\\/#website\"},\"datePublished\":\"2024-10-21T12:41:03+00:00\",\"dateModified\":\"2024-11-27T13:58:49+00:00\",\"breadcrumb\":{\"@id\":\"https:\\\/\\\/lpsc-wordpress.in2p3.fr\\\/?page_id=1427#breadcrumb\"},\"inLanguage\":\"fr-FR\",\"potentialAction\":[{\"@type\":\"ReadAction\",\"target\":[\"https:\\\/\\\/lpsc-wordpress.in2p3.fr\\\/?page_id=1427\"]}]},{\"@type\":\"BreadcrumbList\",\"@id\":\"https:\\\/\\\/lpsc-wordpress.in2p3.fr\\\/?page_id=1427#breadcrumb\",\"itemListElement\":[{\"@type\":\"ListItem\",\"position\":1,\"name\":\"Accueil\",\"item\":\"https:\\\/\\\/lpsc-wordpress.in2p3.fr\\\/\"},{\"@type\":\"ListItem\",\"position\":2,\"name\":\"GDRI P2IM\"}]},{\"@type\":\"WebSite\",\"@id\":\"https:\\\/\\\/lpsc-wordpress.in2p3.fr\\\/#website\",\"url\":\"https:\\\/\\\/lpsc-wordpress.in2p3.fr\\\/\",\"name\":\"LPSC\",\"description\":\"\",\"potentialAction\":[{\"@type\":\"SearchAction\",\"target\":{\"@type\":\"EntryPoint\",\"urlTemplate\":\"https:\\\/\\\/lpsc-wordpress.in2p3.fr\\\/?s={search_term_string}\"},\"query-input\":{\"@type\":\"PropertyValueSpecification\",\"valueRequired\":true,\"valueName\":\"search_term_string\"}}],\"inLanguage\":\"fr-FR\"}]}<\/script>\n<!-- \/ Yoast SEO plugin. -->","yoast_head_json":{"title":"GDRI P2IM - LPSC","robots":{"index":"index","follow":"follow","max-snippet":"max-snippet:-1","max-image-preview":"max-image-preview:large","max-video-preview":"max-video-preview:-1"},"canonical":"https:\/\/lpsc-wordpress.in2p3.fr\/?page_id=1427","og_locale":"fr_FR","og_type":"article","og_title":"GDRI P2IM - LPSC","og_description":"GDRI P2IM Groupement De Recherche International pour la Physique de l&rsquo;Infiniment Petit et de l&rsquo;Infiniment grand Pr\u00e9sentation Management Evenements R\u00e9unions Documents Autres contrats Pr\u00e9sentation Le GDRI P2IM (pour Groupement De Recherche International pour la Physique de l&rsquo;Infiniment Petit et de l&rsquo;Infiniment grand) et un r\u00e9seau de collaboration entre les laboratoires Fran\u00e7ais et les laboratoires Marocains&hellip;","og_url":"https:\/\/lpsc-wordpress.in2p3.fr\/?page_id=1427","og_site_name":"LPSC","article_modified_time":"2024-11-27T13:58:49+00:00","twitter_card":"summary_large_image","twitter_misc":{"Dur\u00e9e de lecture estim\u00e9e":"2 minutes"},"schema":{"@context":"https:\/\/schema.org","@graph":[{"@type":"WebPage","@id":"https:\/\/lpsc-wordpress.in2p3.fr\/?page_id=1427","url":"https:\/\/lpsc-wordpress.in2p3.fr\/?page_id=1427","name":"GDRI P2IM - LPSC","isPartOf":{"@id":"https:\/\/lpsc-wordpress.in2p3.fr\/#website"},"datePublished":"2024-10-21T12:41:03+00:00","dateModified":"2024-11-27T13:58:49+00:00","breadcrumb":{"@id":"https:\/\/lpsc-wordpress.in2p3.fr\/?page_id=1427#breadcrumb"},"inLanguage":"fr-FR","potentialAction":[{"@type":"ReadAction","target":["https:\/\/lpsc-wordpress.in2p3.fr\/?page_id=1427"]}]},{"@type":"BreadcrumbList","@id":"https:\/\/lpsc-wordpress.in2p3.fr\/?page_id=1427#breadcrumb","itemListElement":[{"@type":"ListItem","position":1,"name":"Accueil","item":"https:\/\/lpsc-wordpress.in2p3.fr\/"},{"@type":"ListItem","position":2,"name":"GDRI P2IM"}]},{"@type":"WebSite","@id":"https:\/\/lpsc-wordpress.in2p3.fr\/#website","url":"https:\/\/lpsc-wordpress.in2p3.fr\/","name":"LPSC","description":"","potentialAction":[{"@type":"SearchAction","target":{"@type":"EntryPoint","urlTemplate":"https:\/\/lpsc-wordpress.in2p3.fr\/?s={search_term_string}"},"query-input":{"@type":"PropertyValueSpecification","valueRequired":true,"valueName":"search_term_string"}}],"inLanguage":"fr-FR"}]}},"_links":{"self":[{"href":"https:\/\/lpsc-wordpress.in2p3.fr\/index.php?rest_route=\/wp\/v2\/pages\/1427","targetHints":{"allow":["GET"]}}],"collection":[{"href":"https:\/\/lpsc-wordpress.in2p3.fr\/index.php?rest_route=\/wp\/v2\/pages"}],"about":[{"href":"https:\/\/lpsc-wordpress.in2p3.fr\/index.php?rest_route=\/wp\/v2\/types\/page"}],"author":[{"embeddable":true,"href":"https:\/\/lpsc-wordpress.in2p3.fr\/index.php?rest_route=\/wp\/v2\/users\/2"}],"replies":[{"embeddable":true,"href":"https:\/\/lpsc-wordpress.in2p3.fr\/index.php?rest_route=%2Fwp%2Fv2%2Fcomments&post=1427"}],"version-history":[{"count":2,"href":"https:\/\/lpsc-wordpress.in2p3.fr\/index.php?rest_route=\/wp\/v2\/pages\/1427\/revisions"}],"predecessor-version":[{"id":1430,"href":"https:\/\/lpsc-wordpress.in2p3.fr\/index.php?rest_route=\/wp\/v2\/pages\/1427\/revisions\/1430"}],"wp:attachment":[{"href":"https:\/\/lpsc-wordpress.in2p3.fr\/index.php?rest_route=%2Fwp%2Fv2%2Fmedia&parent=1427"}],"curies":[{"name":"wp","href":"https:\/\/api.w.org\/{rel}","templated":true}]}}