{"id":1411,"date":"2024-10-21T10:36:41","date_gmt":"2024-10-21T08:36:41","guid":{"rendered":"https:\/\/lpsc-wordpress.in2p3.fr\/?page_id=1411"},"modified":"2025-11-28T10:51:00","modified_gmt":"2025-11-28T09:51:00","slug":"escape-game-copy","status":"publish","type":"page","link":"https:\/\/lpsc-wordpress.in2p3.fr\/?page_id=1411","title":{"rendered":"D\u00e9veloppement durable"},"content":{"rendered":"\n\n\t\t\t\t<img decoding=\"async\" src=\"https:\/\/lpsc-wordpress.in2p3.fr\/wp-content\/uploads\/2024\/10\/a-businesswoman-working-at-a-desk-in-sustainable-u-2024-07-09-04-18-09-utc-300x300.jpg\" alt=\"a-businesswoman-working-at-a-desk-in-sustainable-u-2024-07-09-04-18-09-utc\" itemprop=\"image\" height=\"300\" width=\"300\" title=\"a-businesswoman-working-at-a-desk-in-sustainable-u-2024-07-09-04-18-09-utc\" onerror=\"this.style.display='none'\" loading=\"lazy\" \/>\n<h2>\n\t\t\tD\u00e9veloppement durable\t<\/h2>\n\t<p><em>28 novembre 2025<\/em><\/p>\n\t<h4>Le LPSC a install\u00e9 l&rsquo;\u00e9co-responsabilit\u00e9 au c\u0153ur de ses priorit\u00e9s en 2022 avec la nomination d&rsquo;une r\u00e9f\u00e9rente dite \u00abD\u00e9veloppement Durable\u00bb et la cr\u00e9ation d&rsquo;une cellule d\u00e9di\u00e9e. Ses actions en faveur de la pr\u00e9servation de l&rsquo;environnement et du vivant n&rsquo;ont cependant pas attendu cette date r\u00e9cente.<\/h4>\n\t<p>Partager ce contenu<\/p>\n\t\t\t\t\t\t\t\t\t\t<a class= \"uabb-ss-grid-button-link\" href=\"https:\/\/www.linkedin.com\/shareArticle?url=https%3A%2F%2Flpsc-wordpress.in2p3.fr%2F%3Fpage_id%3D1411%26fl_builder\" target=\"_blank\" onclick=\"window.open(this.href,'social-share','left=20,top=20,width=500,height=500,toolbar=1,resizable=0');return false;\">\n\t\t\t\t\t\t\t\tLinkedin\n\t\t\t\t\t\t\t\t\t\t<\/a>\n\t<p>Le tri des d\u00e9chets, et en particulier du papier, est effectif depuis plus de vingt-cinq ans au LPSC.<\/p>\n<p>Le LPSC participe au Challenge Mobilit\u00e9 (initialement \u00ab\u00a0F\u00eate du v\u00e9lo\u00a0\u00bb) depuis 2007.<\/p>\n<p>Un <a href=\"https:\/\/covoituragecaesug.grenoble.cnrs.fr\/\">site de covoiturage<\/a> pour toute la presqu&rsquo;\u00eele a \u00e9t\u00e9 cr\u00e9\u00e9 en partenariat avec le CAESUG en 2007.<\/p>\n<p>Le refroidissement de la salle des serveurs informatiques est en \u00ab\u00a0free cooling\u00a0\u00bb depuis 2008.<\/p>\n<p>Depuis 2019, le LPSC \u00e9value tous les ans ses BGES \u00e0 l&rsquo;aide de l&rsquo;outil <a href=\"https:\/\/apps.labos1point5.org\/ges-1point5\">GES1point5<\/a>. Il est membre du <a href=\"https:\/\/apps.labos1point5.org\/transition-1point5\">r\u00e9seau des laboratoires en transition<\/a> depuis janvier 2024.<\/p>\n<p>Le LPSC a \u00e9t\u00e9 laur\u00e9at de l&rsquo;<a href=\"https:\/\/www.cnrs.fr\/fr\/actualite\/transition-bas-carbone-des-projets-varies-et-innovants?sstc=u26607nl7879\">appel \u00e0 projets \u00ab\u00a0Bas Carbone\u00a0\u00bb du CNRS en 2023<\/a>, ce qui a permis l&rsquo;installation de robinets thermostatiques dans les bureaux. Il a de nouveau \u00e9t\u00e9 laur\u00e9at de l&rsquo;appel \u00e0 initiatives pour la transition environnementale du CNRS en 2024, ce qui a permis de remplacer l&rsquo;\u00e9clairage ext\u00e9rieur qui allum\u00e9 toute la nuit et tr\u00e8s \u00e9nergivore.<\/p>\n<p>Les actions du LPSC comprennent un important volet \u00ab\u00a0biodiversit\u00e9\u00a0\u00bb, structur\u00e9 par la lab\u00e9lisation du site comme Refuge LPO en 2025.<\/p>\n\n","protected":false},"excerpt":{"rendered":"<p>D\u00e9veloppement durable 28 novembre 2025 Le LPSC a install\u00e9 l&rsquo;\u00e9co-responsabilit\u00e9 au c\u0153ur de ses priorit\u00e9s en 2022 avec la nomination d&rsquo;une r\u00e9f\u00e9rente dite \u00abD\u00e9veloppement Durable\u00bb et la cr\u00e9ation d&rsquo;une cellule d\u00e9di\u00e9e. Ses actions en faveur de la pr\u00e9servation de l&rsquo;environnement et du vivant n&rsquo;ont cependant pas attendu cette date r\u00e9cente. Partager ce contenu Linkedin Le&hellip;<\/p>\n","protected":false},"author":2,"featured_media":0,"parent":0,"menu_order":0,"comment_status":"closed","ping_status":"closed","template":"","meta":{"footnotes":""},"class_list":["post-1411","page","type-page","status-publish","hentry"],"_links":{"self":[{"href":"https:\/\/lpsc-wordpress.in2p3.fr\/index.php?rest_route=\/wp\/v2\/pages\/1411","targetHints":{"allow":["GET"]}}],"collection":[{"href":"https:\/\/lpsc-wordpress.in2p3.fr\/index.php?rest_route=\/wp\/v2\/pages"}],"about":[{"href":"https:\/\/lpsc-wordpress.in2p3.fr\/index.php?rest_route=\/wp\/v2\/types\/page"}],"author":[{"embeddable":true,"href":"https:\/\/lpsc-wordpress.in2p3.fr\/index.php?rest_route=\/wp\/v2\/users\/2"}],"replies":[{"embeddable":true,"href":"https:\/\/lpsc-wordpress.in2p3.fr\/index.php?rest_route=%2Fwp%2Fv2%2Fcomments&post=1411"}],"version-history":[{"count":6,"href":"https:\/\/lpsc-wordpress.in2p3.fr\/index.php?rest_route=\/wp\/v2\/pages\/1411\/revisions"}],"predecessor-version":[{"id":3163,"href":"https:\/\/lpsc-wordpress.in2p3.fr\/index.php?rest_route=\/wp\/v2\/pages\/1411\/revisions\/3163"}],"wp:attachment":[{"href":"https:\/\/lpsc-wordpress.in2p3.fr\/index.php?rest_route=%2Fwp%2Fv2%2Fmedia&parent=1411"}],"curies":[{"name":"wp","href":"https:\/\/api.w.org\/{rel}","templated":true}]}}