{"id":1378,"date":"2024-10-17T14:14:45","date_gmt":"2024-10-17T12:14:45","guid":{"rendered":"https:\/\/lpsc-wordpress.in2p3.fr\/?page_id=1378"},"modified":"2025-10-17T11:20:29","modified_gmt":"2025-10-17T09:20:29","slug":"alice-copy-4","status":"publish","type":"page","link":"https:\/\/lpsc-wordpress.in2p3.fr\/?page_id=1378","title":{"rendered":"GENESIS"},"content":{"rendered":"\n\n\t\t\t\t<img decoding=\"async\" src=\"https:\/\/lpsc-wordpress.in2p3.fr\/wp-content\/uploads\/2024\/10\/GENEPI2-highres.jpg\" alt=\"Cr\u00e9dits S.Maurin 2017\" itemprop=\"image\" height=\"800\" width=\"1280\" title=\"Cr\u00e9dits S.Maurin 2017\" onerror=\"this.style.display='none'\" loading=\"lazy\" \/>\n<h2>\n\t\t\tGENESIS\t<\/h2>\n\t<p>GENESIS (GEnerator of NEutrons for Science and IrradiationS) est la plateforme d&rsquo;irradiation du LPSC labellis\u00e9e par l&rsquo;IN2P3.<\/p>\n\t\t\t\tPr\u00e9sentation\n\t\t\t\tEquipe \n\t\t\t\t\t\t\tPr\u00e9sentation\n\t\t\t\t<h2><strong>Historique<\/strong><\/h2>\n<p>Au d\u00e9but des ann\u00e9es 2000 le groupe Physique des R\u00e9acteurs du LPSC a initi\u00e9 la mise en place de la plateforme d&rsquo;exp\u00e9rimentation\u00a0 <strong>PEREN<\/strong> (Plateforme d&rsquo;Etude et de Recherche sur l&rsquo;Energie Nucl\u00e9aire), afin d&rsquo;y conduire des exp\u00e9riences en lien avec le d\u00e9veloppement de r\u00e9acteurs innovants et les donn\u00e9es nucl\u00e9aires associ\u00e9es. Mise en service en 2003, la plateforme consistait dans un premier temps en le couplage du g\u00e9n\u00e9rateur de neutrons puls\u00e9 <strong>GENEPI-2<\/strong> (r\u00e9alis\u00e9 par le P\u00f4le acc\u00e9l\u00e9rateurs du laboratoire) avec des massifs ralentisseurs tels que le plomb, le graphite ou le T\u00e9flon, comportant des canaux permettant d&rsquo;accueillir des exp\u00e9riences tirant partie de la corr\u00e9lation \u00e9nergie-temps des neutrons (spectrom\u00e8tres \u00e0 temps de ralentissement).<\/p>\n<p>Depuis 2014 la plateforme a subi diff\u00e9rentes am\u00e9liorations lui permettant notamment d&rsquo;accueillir r\u00e9guli\u00e8rement des industriels pour des irradiations neutroniques. La plus marquante a consist\u00e9 \u00e0 l&rsquo;\u00e9quiper d&rsquo;une source continue en 2016, offrant une gamme d&rsquo;intensit\u00e9 de source plus \u00e9lev\u00e9e et une plus grande disponibilit\u00e9.<\/p>\n<p>En 2016 la plateforme a rejoint le programme de caract\u00e9risation de l&rsquo;IRT (Institut de Recherche Technologique) Nano\u00e9lec.<\/p>\n<p>Fin 2017 l&rsquo;installation devient la plateforme <strong>GENESIS<\/strong>, et fait partie des 7 plateformes de recherche labellis\u00e9es de l&rsquo;IN2P3.<\/p>\n<p>GENESIS a int\u00e9gr\u00e9 le proposal <a href=\"https:\/\/radnext-network.web.cern.ch\/\" target=\"_blank\" rel=\"noopener\">RADNEXT<\/a> soumis \u00e0 la Commission Europ\u00e9enne en 2020.<\/p>\n<h2><strong>L&rsquo;installation exp\u00e9rimentale<\/strong><\/h2>\n<p><img loading=\"lazy\" decoding=\"async\" src=\"https:\/\/lpsc-wordpress.in2p3.fr\/wp-content\/uploads\/2024\/10\/schema_GE2.png\" alt=\"\" width=\"705\" height=\"381\" \/><\/p>\n<p>La source de neutrons est fournie par l&rsquo;acc\u00e9l\u00e9rateur \u00e9lectrostatique GENEPI-2 : ce dernier d\u00e9livre des deutons de 220 keV tri\u00e9s magn\u00e9tiquement puis guid\u00e9s sur une cible deut\u00e9r\u00e9e ou triti\u00e9e.\u00a0 Des r\u00e9actions D(d,n)<sup>3<\/sup>He ou T(d,n)<sup>4<\/sup>He produisent alors des neutrons d&rsquo;\u00e9nergie 3,1 \u00a0MeV et 15,2 MeV respectivement (\u00e0 0\u00b0 pour des deutons incidents de 220 keV). La source de deutons est une <b>source continue <\/b>(source RCE compacte), permettant de produire des faisceaux dans une gamme allant de 10 \u03bcA \u00e0 150 \u00b5A.<\/p>\n<p>Quelques caract\u00e9ristiques types de la production de neutrons actuelle sont r\u00e9sum\u00e9es dans le tableau ci-dessous.<\/p>\n<table border=\"1\" width=\"745\" cellspacing=\"0\" cellpadding=\"0\">\n<tbody>\n<tr>\n<td>\n<p><b>Source continue<\/b><\/p>\n<\/td>\n<td>\n<p><b>E<sub>n <\/sub>(0\u00b0)<\/b><\/p>\n<\/td>\n<td valign=\"top\">\n<p><b>Intensit\u00e9 max source de neutrons (4\u03c0)<br \/><\/b><\/p>\n<\/td>\n<td valign=\"top\">\n<p><b>Flux \u00e0 1 cm \u00e0 0\u00b0<br \/><\/b><\/p>\n<\/td>\n<\/tr>\n<tr>\n<td>\n<p><b>Cible triti\u00e9e<\/b><\/p>\n<\/td>\n<td>\n<p>15.19 MeV<\/p>\n<\/td>\n<td>\n<p>~8&#215;10<sup>9<\/sup> n\/s<\/p>\n<\/td>\n<td>5&#215;10<sup>7<\/sup> n.cm<sup>-2<\/sup>.s<sup>-1<\/sup><\/td>\n<\/tr>\n<tr>\n<td>\n<p><b>Cible deut\u00e9r\u00e9e<\/b><\/p>\n<\/td>\n<td>\n<p>3.09 MeV<\/p>\n<\/td>\n<td>\n<p><em>(en cours de caract\u00e9risation)<\/em><\/p>\n<\/td>\n<td>\n<p>qq 10<sup>5<\/sup> n.cm<sup>-2<\/sup>.s<sup>-1<\/sup><\/p>\n<\/td>\n<\/tr>\n<\/tbody>\n<\/table>\n<p><img loading=\"lazy\" decoding=\"async\" src=\"https:\/\/lpsc-wordpress.in2p3.fr\/wp-content\/uploads\/2024\/10\/ddg_GE2-scaled.jpg\" alt=\"\" width=\"527\" height=\"395\" \/><\/p>\n<h2><strong>Acc\u00e8s \u00e0 l&rsquo;installation<\/strong><\/h2>\n<p>L&rsquo;installation exp\u00e9rimentale peut accueillir sur demande des exp\u00e9riences (issues de laboratoires publics ou priv\u00e9s) n\u00e9cessitant des neutrons rapides dont les caract\u00e9ristiques sont d\u00e9crites ci-dessus. La source de neutrons est monitor\u00e9e par la d\u00e9tection des particules charg\u00e9es associ\u00e9es aux r\u00e9actions de production de neutrons. La source peut \u00eatre utilis\u00e9e seule ou munie de massifs ralentisseurs. Pour une utilisation en mode puls\u00e9, nous consulter.<\/p>\n<p>Le planning d&rsquo;utilisation de l&rsquo;installation est r\u00e9alis\u00e9 par tranches de 6 mois glissants, toute demande doit \u00eatre adress\u00e9e via un simple <a href=\"https:\/\/lpsc-wordpress.in2p3.fr\/wp-content\/uploads\/2024\/10\/GENESIS_time_request_form_2021.docx\" target=\"_blank\" rel=\"noopener\">formulaire<\/a> aux <a href=\"mailto:genesis@lpsc.in2p3.fr?subject=Contact%20GENESIS\" target=\"_blank\" rel=\"noopener\">responsables de la plateforme<\/a>.<\/p>\n<p>Le tarif d&rsquo;utilisation, fonction de votre organisme d&rsquo;origine, vous sera communiqu\u00e9 sur demande.<\/p>\n<p><b>Responsable op\u00e9rationnel : <\/b><a href=\"https:\/\/annuaire.in2p3.fr\/1124-1217\/benjamin-cheymol\" target=\"_blank\" rel=\"noopener\">Benjamin Cheymol<\/a>, P\u00f4le Acc\u00e9l\u00e9rateurs et Sources d&rsquo;Ions, 04 56 80 45 05<\/p>\n<p><b>Coordinateur scientifique : <\/b><a href=\"https:\/\/annuaire.in2p3.fr\/550-588\/annick-billebaud\" target=\"_blank\" rel=\"noopener\">Annick Billebaud<\/a>, Groupe Physique des R\u00e9acteurs, 04 76 28 40 57<\/p>\n<p><b>\u00c9quipe technique d&rsquo;accueil :<\/b> <a href=\"https:\/\/annuaire.in2p3.fr\/4641-5037\/solenne-rey\" target=\"_blank\" rel=\"noopener\">Solenne Rey<\/a>, P\u00f4le Acc\u00e9l\u00e9rateurs et Sources d&rsquo;Ions, 04 56 80 45 92<\/p>\n\t\t\t\t\t\t\tEquipe \n\t\t\t\t<h2><strong>Les personnels de la plateforme GENESIS<\/strong><\/h2>\n<ul>\n<li><a href=\"https:\/\/annuaire.in2p3.fr\/379-12754\/maud-baylac\">M. BAYLAC<\/a>, Ing\u00e9nieure de recherche<\/li>\n<li><a href=\"https:\/\/annuaire.in2p3.fr\/550-588\/annick-billebaud\">A. BILLEBAUD<\/a>, Directrice de recherche,<em> <strong>Coordinatrice scientifique de la plateforme<\/strong><\/em><\/li>\n<li><a href=\"https:\/\/annuaire.in2p3.fr\/1124-1217\/benjamin-cheymol\">B. CHEYMOL<\/a>, Ing\u00e9nieur de recherche, <em><strong>Responsable op\u00e9rationnel<\/strong><\/em><\/li>\n<li><a href=\"https:\/\/annuaire.in2p3.fr\/10282-14460\/sibylle-ducroize\">S. DUCROIZE<\/a>, Ing\u00e9nieure d&rsquo;\u00e9tudes (CDD)<\/li>\n<li><a href=\"https:\/\/annuaire.in2p3.fr\/3038-3299\/etienne-labussiere\">E. LABUSSIERE<\/a>, Ing\u00e9nieur d&rsquo;\u00e9tudes<\/li>\n<li><a href=\"https:\/\/annuaire.in2p3.fr\/4641-5037\/solenne-rey\">S. REY<\/a>, Ing\u00e9nieure d&rsquo;\u00e9tudes<\/li>\n<\/ul>\n\n","protected":false},"excerpt":{"rendered":"<p>GENESIS GENESIS (GEnerator of NEutrons for Science and IrradiationS) est la plateforme d&rsquo;irradiation du LPSC labellis\u00e9e par l&rsquo;IN2P3. Pr\u00e9sentation Equipe Pr\u00e9sentation Historique Au d\u00e9but des ann\u00e9es 2000 le groupe Physique des R\u00e9acteurs du LPSC a initi\u00e9 la mise en place de la plateforme d&rsquo;exp\u00e9rimentation\u00a0 PEREN (Plateforme d&rsquo;Etude et de Recherche sur l&rsquo;Energie Nucl\u00e9aire), afin d&rsquo;y&hellip;<\/p>\n","protected":false},"author":2,"featured_media":0,"parent":0,"menu_order":0,"comment_status":"closed","ping_status":"closed","template":"","meta":{"footnotes":""},"class_list":["post-1378","page","type-page","status-publish","hentry"],"_links":{"self":[{"href":"https:\/\/lpsc-wordpress.in2p3.fr\/index.php?rest_route=\/wp\/v2\/pages\/1378","targetHints":{"allow":["GET"]}}],"collection":[{"href":"https:\/\/lpsc-wordpress.in2p3.fr\/index.php?rest_route=\/wp\/v2\/pages"}],"about":[{"href":"https:\/\/lpsc-wordpress.in2p3.fr\/index.php?rest_route=\/wp\/v2\/types\/page"}],"author":[{"embeddable":true,"href":"https:\/\/lpsc-wordpress.in2p3.fr\/index.php?rest_route=\/wp\/v2\/users\/2"}],"replies":[{"embeddable":true,"href":"https:\/\/lpsc-wordpress.in2p3.fr\/index.php?rest_route=%2Fwp%2Fv2%2Fcomments&post=1378"}],"version-history":[{"count":14,"href":"https:\/\/lpsc-wordpress.in2p3.fr\/index.php?rest_route=\/wp\/v2\/pages\/1378\/revisions"}],"predecessor-version":[{"id":3052,"href":"https:\/\/lpsc-wordpress.in2p3.fr\/index.php?rest_route=\/wp\/v2\/pages\/1378\/revisions\/3052"}],"wp:attachment":[{"href":"https:\/\/lpsc-wordpress.in2p3.fr\/index.php?rest_route=%2Fwp%2Fv2%2Fmedia&parent=1378"}],"curies":[{"name":"wp","href":"https:\/\/api.w.org\/{rel}","templated":true}]}}