{"id":1327,"date":"2024-10-16T15:43:26","date_gmt":"2024-10-16T13:43:26","guid":{"rendered":"https:\/\/lpsc-wordpress.in2p3.fr\/?page_id=1327"},"modified":"2025-02-13T09:27:31","modified_gmt":"2025-02-13T08:27:31","slug":"alice-copy-2","status":"publish","type":"page","link":"https:\/\/lpsc-wordpress.in2p3.fr\/?page_id=1327","title":{"rendered":"FEST"},"content":{"rendered":"\n\n\t\t\t\t<img loading=\"lazy\" decoding=\"async\" src=\"https:\/\/lpsc-wordpress.in2p3.fr\/wp-content\/uploads\/2024\/10\/fest.png\" alt=\"fest\" itemprop=\"image\" height=\"800\" width=\"1281\" title=\"fest\" onerror=\"this.style.display='none'\"  \/>\n<h2>\n\t\tPlateforme FEST\n\t<\/h2>\n\t<p>Les \u00e9tudes de syst\u00e8mes complexes impliquant des r\u00e9actions nucl\u00e9aires dans un milieu fluide ou solide avec des transferts d&rsquo;\u00e9nergie et de masse, des changements de phases et des r\u00e9actions chimiques, s&rsquo;appuient sur deux volets :<\/p>\n<p>&#8211; des d\u00e9veloppements num\u00e9riques seuls capables de prendre en compte la totalit\u00e9 des ph\u00e9nom\u00e8nes physiques<\/p>\n<p>&#8211; des d\u00e9veloppements exp\u00e9rimentaux con\u00e7us pour valider certains aspects des mod\u00e8les num\u00e9riques (mod\u00e8les de turbulences, effets radiatifs&#8230;)<\/p>\n\t\t\t\tPr\u00e9sentation\n\t\t\t\t\t\t\tPr\u00e9sentation\n\t\t\t\t<p>Ces activit\u00e9s scientifiques mettent en jeu des connaissances utilisables dans plusieurs types d&rsquo;applications (r\u00e9acteurs nucl\u00e9aires, cibles de production de neutrons ou d&rsquo;isotopes&#8230;) et sont regroup\u00e9es sous l&rsquo;acronyme <strong>M.E.N<\/strong> (Multiphysique Exp\u00e9rimentale et Num\u00e9rique). Elles s&rsquo;appuient sur une plateforme de recherche exp\u00e9rimentale dont l&rsquo;acronyme est <strong>F.E.S.T<\/strong> (Fluids Experiments and Simulations in Temperature) qui regroupe \u00e0 la fois les installations exp\u00e9rimentales en temp\u00e9rature ainsi que les maquettes en eau et les simulations num\u00e9riques n\u00e9cessaires \u00e0 la d\u00e9finition du design des exp\u00e9riences<\/p>\n<p>Diff\u00e9rents composants de cette plateforme sont d\u00e9crits ci-dessous :<\/p>\n<p><strong>Bo\u00eetes \u00e0 Gants\u00a0:<\/strong><\/p>\n<p>La ligne de boite \u00e0 gant se compose d&rsquo;une boite d\u00e9di\u00e9e au m\u00e9lange des sels \u00e0 l&rsquo;\u00e9tat de poudre. D&rsquo;une boite munie d&rsquo;un four en partie basse permettant la fusion des sels. Et enfin d&rsquo;une boite de stockage.<\/p>\n<p>La ligne de boite \u00e0 gant des inert\u00e9 \u00e0 l&rsquo;argon et le fonctionnement est en surpression.<\/p>\n<p><img loading=\"lazy\" decoding=\"async\" src=\"https:\/\/lpsc-wordpress.in2p3.fr\/wp-content\/uploads\/2025\/02\/ligne-BAG-300x192.jpg\" alt=\"\" width=\"633\" height=\"405\" \/><\/p>\n<p><em>Vue de la ligne de boite \u00e0 gant<\/em><\/p>\n<p><strong>Boucle FFFER (Forced Fluoride Flow for Experimental Research)<\/strong><\/p>\n<p>Projet de Boucle \u00e0 sels fondus pour l&rsquo;\u00e9tude du d\u00e9gazage par bullage financ\u00e9 par le projet interdisciplinaire PACEN et Carnot \u00e9nergie. L&rsquo;\u00e9tude de cette boucle a d\u00e9but\u00e9 en 2008 et la boucle a \u00e9t\u00e9 enti\u00e8rement d\u00e9mont\u00e9e en 2022. Cette boucle contenait 160 Kg de Sel fluor\u00e9 de type FLINAK. La conception et la fabrication \u00e0 \u00e9t\u00e9 enti\u00e8rement r\u00e9alis\u00e9 au LPSC.<\/p>\n<p><img loading=\"lazy\" decoding=\"async\" src=\"https:\/\/lpsc-wordpress.in2p3.fr\/wp-content\/uploads\/2025\/02\/FFFER-300x225.jpg\" alt=\"\" width=\"632\" height=\"474\" \/><\/p>\n<p><em>Vue de l&rsquo;exp\u00e9rience FFFER<\/em><\/p>\n<p><em>\u00a0<\/em><\/p>\n<p><em>\u00a0<\/em><\/p>\n<p><strong>Installation SWATH (Salt at WAlls THermal exchanges)<\/strong><\/p>\n<p>Exp\u00e9rience d\u00e9di\u00e9e \u00e0 l&rsquo;\u00e9tude des transferts thermiques dans un sel fluor\u00e9 (FLINAK) : Changement de phase, conduction, convection et rayonnement. Exp\u00e9rience financ\u00e9e par le projet <a href=\"http:\/\/samofar.eu\/\">SAMOFAR<\/a> (08\/2015 =&gt; 08\/2019) puis\u00a0 <a href=\"https:\/\/samosafer.eu\/\">SAMOSAFER<\/a> (09\/2019 =&gt; 12\/2023).<\/p>\n<p><img loading=\"lazy\" decoding=\"async\" src=\"https:\/\/lpsc-wordpress.in2p3.fr\/wp-content\/uploads\/2025\/02\/SWATH-300x220.jpg\" alt=\"\" width=\"625\" height=\"459\" \/><\/p>\n<p><em>Vue de l&rsquo;exp\u00e9rience SWATH<\/em><\/p>\n<p><strong>Boucle FC3 (Forced Convection Chloride Circuit)<\/strong><\/p>\n<p>Boucle avec sel chlorure dans le cadre du projet ISAC (2022 -2026) financ\u00e9 par la BPI.<\/p>\n\n","protected":false},"excerpt":{"rendered":"<p>Plateforme FEST Les \u00e9tudes de syst\u00e8mes complexes impliquant des r\u00e9actions nucl\u00e9aires dans un milieu fluide ou solide avec des transferts d&rsquo;\u00e9nergie et de masse, des changements de phases et des r\u00e9actions chimiques, s&rsquo;appuient sur deux volets : &#8211; des d\u00e9veloppements num\u00e9riques seuls capables de prendre en compte la totalit\u00e9 des ph\u00e9nom\u00e8nes physiques &#8211; des d\u00e9veloppements&hellip;<\/p>\n","protected":false},"author":2,"featured_media":0,"parent":0,"menu_order":0,"comment_status":"closed","ping_status":"closed","template":"","meta":{"footnotes":""},"class_list":["post-1327","page","type-page","status-publish","hentry"],"_links":{"self":[{"href":"https:\/\/lpsc-wordpress.in2p3.fr\/index.php?rest_route=\/wp\/v2\/pages\/1327","targetHints":{"allow":["GET"]}}],"collection":[{"href":"https:\/\/lpsc-wordpress.in2p3.fr\/index.php?rest_route=\/wp\/v2\/pages"}],"about":[{"href":"https:\/\/lpsc-wordpress.in2p3.fr\/index.php?rest_route=\/wp\/v2\/types\/page"}],"author":[{"embeddable":true,"href":"https:\/\/lpsc-wordpress.in2p3.fr\/index.php?rest_route=\/wp\/v2\/users\/2"}],"replies":[{"embeddable":true,"href":"https:\/\/lpsc-wordpress.in2p3.fr\/index.php?rest_route=%2Fwp%2Fv2%2Fcomments&post=1327"}],"version-history":[{"count":7,"href":"https:\/\/lpsc-wordpress.in2p3.fr\/index.php?rest_route=\/wp\/v2\/pages\/1327\/revisions"}],"predecessor-version":[{"id":2476,"href":"https:\/\/lpsc-wordpress.in2p3.fr\/index.php?rest_route=\/wp\/v2\/pages\/1327\/revisions\/2476"}],"wp:attachment":[{"href":"https:\/\/lpsc-wordpress.in2p3.fr\/index.php?rest_route=%2Fwp%2Fv2%2Fmedia&parent=1327"}],"curies":[{"name":"wp","href":"https:\/\/api.w.org\/{rel}","templated":true}]}}